{"id":105768,"date":"2026-02-10T14:14:04","date_gmt":"2026-02-10T07:14:04","guid":{"rendered":"https:\/\/secretofsamui.com\/product\/creme-pour-les-mains\/"},"modified":"2026-02-11T17:31:05","modified_gmt":"2026-02-11T10:31:05","slug":"creme-pour-les-mains","status":"publish","type":"product","link":"https:\/\/secretofsamui.com\/fr\/produit\/creme-pour-les-mains\/","title":{"rendered":"Cr\u00e8me pour les mains"},"content":{"rendered":"<p>Cr\u00e8me intensive pour les mains Texture non grasse \u00e0 absorption rapide. Enrichie en beurre de karit\u00e9, m\u00e9lang\u00e9e \u00e0 de l&rsquo;extrait d&rsquo;aloe vera, de l&rsquo;huile de jojoba, de l&rsquo;huile de graines de tournesol et de la vitamine B5 pour aider \u00e0 nourrir et \u00e0 hydrater la peau. Laisse les mains douces, lisses et d&rsquo;apparence saine.<br \/>\nSans parab\u00e8nes, huile min\u00e9rale ni silicone.  <\/p>\n<p>Mode d&#8217;emploi Appliquez la cr\u00e8me uniform\u00e9ment sur les paumes et le dos des mains.<br aria-hidden=\"true\">Attention Utilis\u00e9 en externe, ne pas consommer.<\/p>\n","protected":false},"excerpt":{"rendered":"<p>Une cr\u00e8me pour les mains l\u00e9g\u00e8re, \u00e0 absorption rapide et au fini non gras. Formul\u00e9e \u00e0 partir d&rsquo;ingr\u00e9dients naturels pour aider \u00e0 nourrir et \u00e0 adoucir les mains tout en les gardant douces et confortables toute la journ\u00e9e. Sans parab\u00e8ne et parfaite pour un usage quotidien.  <\/p>\n","protected":false},"featured_media":105770,"template":"","meta":{"_acf_changed":false,"_et_pb_use_builder":"","_et_pb_old_content":"","_et_gb_content_width":""},"product_brand":[],"product_cat":[423,422],"product_tag":[],"class_list":{"0":"post-105768","1":"product","2":"type-product","3":"status-publish","4":"has-post-thumbnail","6":"product_cat-soin-du-corps","7":"product_cat-soins-de-beaute","9":"first","10":"instock","11":"taxable","12":"shipping-taxable","13":"purchasable","14":"product-type-simple"},"acf":[],"yoast_head":"<!-- This site is optimized with the Yoast SEO plugin v27.3 - https:\/\/yoast.com\/product\/yoast-seo-wordpress\/ -->\n<title>Cr\u00e8me pour les mains - Secret of Samui - Natural and Homemade cosmestic<\/title>\n<meta name=\"description\" content=\"Cr\u00e8me intensive pour les mains Texture non grasse \u00e0 absorption rapide. Enrichie en beurre de karit\u00e9, m\u00e9lang\u00e9e \u00e0 de l&#039;extrait d&#039;aloe vera, de l&#039;huile de jojoba, de l&#039;huile de graines de tournesol et de la vitamine B5 pour aider \u00e0 nourrir et \u00e0 hydrater la peau.\" \/>\n<meta name=\"robots\" content=\"index, follow, max-snippet:-1, max-image-preview:large, max-video-preview:-1\" \/>\n<link rel=\"canonical\" href=\"https:\/\/secretofsamui.com\/fr\/produit\/creme-pour-les-mains\/\" \/>\n<meta property=\"og:locale\" content=\"fr_FR\" \/>\n<meta property=\"og:type\" content=\"article\" \/>\n<meta property=\"og:title\" content=\"Cr\u00e8me pour les mains - Secret of Samui - Natural and Homemade cosmestic\" \/>\n<meta property=\"og:description\" content=\"Cr\u00e8me intensive pour les mains Texture non grasse \u00e0 absorption rapide. Enrichie en beurre de karit\u00e9, m\u00e9lang\u00e9e \u00e0 de l&#039;extrait d&#039;aloe vera, de l&#039;huile de jojoba, de l&#039;huile de graines de tournesol et de la vitamine B5 pour aider \u00e0 nourrir et \u00e0 hydrater la peau.\" \/>\n<meta property=\"og:url\" content=\"https:\/\/secretofsamui.com\/fr\/produit\/creme-pour-les-mains\/\" \/>\n<meta property=\"og:site_name\" content=\"Secret of Samui - Natural and Homemade cosmestic\" \/>\n<meta property=\"article:modified_time\" content=\"2026-02-11T10:31:05+00:00\" \/>\n<meta property=\"og:image\" content=\"https:\/\/secretofsamui.com\/wp-content\/uploads\/2026\/02\/dde79a23-11d1-4752-af17-5f90fe0bef86.jpg\" \/>\n\t<meta property=\"og:image:width\" content=\"1600\" \/>\n\t<meta property=\"og:image:height\" content=\"1600\" \/>\n\t<meta property=\"og:image:type\" content=\"image\/jpeg\" \/>\n<meta name=\"twitter:card\" content=\"summary_large_image\" \/>\n<script type=\"application\/ld+json\" class=\"yoast-schema-graph\">{\"@context\":\"https:\\\/\\\/schema.org\",\"@graph\":[{\"@type\":\"WebPage\",\"@id\":\"https:\\\/\\\/secretofsamui.com\\\/fr\\\/produit\\\/creme-pour-les-mains\\\/\",\"url\":\"https:\\\/\\\/secretofsamui.com\\\/fr\\\/produit\\\/creme-pour-les-mains\\\/\",\"name\":\"Cr\u00e8me pour les mains - Secret of Samui - Natural and Homemade cosmestic\",\"isPartOf\":{\"@id\":\"https:\\\/\\\/secretofsamui.com\\\/fr\\\/#website\"},\"primaryImageOfPage\":{\"@id\":\"https:\\\/\\\/secretofsamui.com\\\/fr\\\/produit\\\/creme-pour-les-mains\\\/#primaryimage\"},\"image\":{\"@id\":\"https:\\\/\\\/secretofsamui.com\\\/fr\\\/produit\\\/creme-pour-les-mains\\\/#primaryimage\"},\"thumbnailUrl\":\"https:\\\/\\\/secretofsamui.com\\\/wp-content\\\/uploads\\\/2026\\\/02\\\/dde79a23-11d1-4752-af17-5f90fe0bef86.jpg\",\"datePublished\":\"2026-02-10T07:14:04+00:00\",\"dateModified\":\"2026-02-11T10:31:05+00:00\",\"description\":\"Cr\u00e8me intensive pour les mains Texture non grasse \u00e0 absorption rapide. Enrichie en beurre de karit\u00e9, m\u00e9lang\u00e9e \u00e0 de l'extrait d'aloe vera, de l'huile de jojoba, de l'huile de graines de tournesol et de la vitamine B5 pour aider \u00e0 nourrir et \u00e0 hydrater la peau.\",\"breadcrumb\":{\"@id\":\"https:\\\/\\\/secretofsamui.com\\\/fr\\\/produit\\\/creme-pour-les-mains\\\/#breadcrumb\"},\"inLanguage\":\"fr-FR\",\"potentialAction\":[{\"@type\":\"ReadAction\",\"target\":[\"https:\\\/\\\/secretofsamui.com\\\/fr\\\/produit\\\/creme-pour-les-mains\\\/\"]}]},{\"@type\":\"ImageObject\",\"inLanguage\":\"fr-FR\",\"@id\":\"https:\\\/\\\/secretofsamui.com\\\/fr\\\/produit\\\/creme-pour-les-mains\\\/#primaryimage\",\"url\":\"https:\\\/\\\/secretofsamui.com\\\/wp-content\\\/uploads\\\/2026\\\/02\\\/dde79a23-11d1-4752-af17-5f90fe0bef86.jpg\",\"contentUrl\":\"https:\\\/\\\/secretofsamui.com\\\/wp-content\\\/uploads\\\/2026\\\/02\\\/dde79a23-11d1-4752-af17-5f90fe0bef86.jpg\",\"width\":1600,\"height\":1600,\"caption\":\"Cr\u00e8me pour les mains\"},{\"@type\":\"BreadcrumbList\",\"@id\":\"https:\\\/\\\/secretofsamui.com\\\/fr\\\/produit\\\/creme-pour-les-mains\\\/#breadcrumb\",\"itemListElement\":[{\"@type\":\"ListItem\",\"position\":1,\"name\":\"Home\",\"item\":\"https:\\\/\\\/secretofsamui.com\\\/fr\\\/accueil\\\/\"},{\"@type\":\"ListItem\",\"position\":2,\"name\":\"Boutique\",\"item\":\"https:\\\/\\\/secretofsamui.com\\\/boutique\\\/\"},{\"@type\":\"ListItem\",\"position\":3,\"name\":\"Cr\u00e8me pour les mains\"}]},{\"@type\":\"WebSite\",\"@id\":\"https:\\\/\\\/secretofsamui.com\\\/fr\\\/#website\",\"url\":\"https:\\\/\\\/secretofsamui.com\\\/fr\\\/\",\"name\":\"Secret of Samui - Natural and Homemade cosmestic\",\"description\":\"\",\"potentialAction\":[{\"@type\":\"SearchAction\",\"target\":{\"@type\":\"EntryPoint\",\"urlTemplate\":\"https:\\\/\\\/secretofsamui.com\\\/fr\\\/?s={search_term_string}\"},\"query-input\":{\"@type\":\"PropertyValueSpecification\",\"valueRequired\":true,\"valueName\":\"search_term_string\"}}],\"inLanguage\":\"fr-FR\"}]}<\/script>\n<!-- \/ Yoast SEO plugin. -->","yoast_head_json":{"title":"Cr\u00e8me pour les mains - Secret of Samui - Natural and Homemade cosmestic","description":"Cr\u00e8me intensive pour les mains Texture non grasse \u00e0 absorption rapide. Enrichie en beurre de karit\u00e9, m\u00e9lang\u00e9e \u00e0 de l'extrait d'aloe vera, de l'huile de jojoba, de l'huile de graines de tournesol et de la vitamine B5 pour aider \u00e0 nourrir et \u00e0 hydrater la peau.","robots":{"index":"index","follow":"follow","max-snippet":"max-snippet:-1","max-image-preview":"max-image-preview:large","max-video-preview":"max-video-preview:-1"},"canonical":"https:\/\/secretofsamui.com\/fr\/produit\/creme-pour-les-mains\/","og_locale":"fr_FR","og_type":"article","og_title":"Cr\u00e8me pour les mains - Secret of Samui - Natural and Homemade cosmestic","og_description":"Cr\u00e8me intensive pour les mains Texture non grasse \u00e0 absorption rapide. Enrichie en beurre de karit\u00e9, m\u00e9lang\u00e9e \u00e0 de l'extrait d'aloe vera, de l'huile de jojoba, de l'huile de graines de tournesol et de la vitamine B5 pour aider \u00e0 nourrir et \u00e0 hydrater la peau.","og_url":"https:\/\/secretofsamui.com\/fr\/produit\/creme-pour-les-mains\/","og_site_name":"Secret of Samui - Natural and Homemade cosmestic","article_modified_time":"2026-02-11T10:31:05+00:00","og_image":[{"width":1600,"height":1600,"url":"https:\/\/secretofsamui.com\/wp-content\/uploads\/2026\/02\/dde79a23-11d1-4752-af17-5f90fe0bef86.jpg","type":"image\/jpeg"}],"twitter_card":"summary_large_image","schema":{"@context":"https:\/\/schema.org","@graph":[{"@type":"WebPage","@id":"https:\/\/secretofsamui.com\/fr\/produit\/creme-pour-les-mains\/","url":"https:\/\/secretofsamui.com\/fr\/produit\/creme-pour-les-mains\/","name":"Cr\u00e8me pour les mains - Secret of Samui - Natural and Homemade cosmestic","isPartOf":{"@id":"https:\/\/secretofsamui.com\/fr\/#website"},"primaryImageOfPage":{"@id":"https:\/\/secretofsamui.com\/fr\/produit\/creme-pour-les-mains\/#primaryimage"},"image":{"@id":"https:\/\/secretofsamui.com\/fr\/produit\/creme-pour-les-mains\/#primaryimage"},"thumbnailUrl":"https:\/\/secretofsamui.com\/wp-content\/uploads\/2026\/02\/dde79a23-11d1-4752-af17-5f90fe0bef86.jpg","datePublished":"2026-02-10T07:14:04+00:00","dateModified":"2026-02-11T10:31:05+00:00","description":"Cr\u00e8me intensive pour les mains Texture non grasse \u00e0 absorption rapide. Enrichie en beurre de karit\u00e9, m\u00e9lang\u00e9e \u00e0 de l'extrait d'aloe vera, de l'huile de jojoba, de l'huile de graines de tournesol et de la vitamine B5 pour aider \u00e0 nourrir et \u00e0 hydrater la peau.","breadcrumb":{"@id":"https:\/\/secretofsamui.com\/fr\/produit\/creme-pour-les-mains\/#breadcrumb"},"inLanguage":"fr-FR","potentialAction":[{"@type":"ReadAction","target":["https:\/\/secretofsamui.com\/fr\/produit\/creme-pour-les-mains\/"]}]},{"@type":"ImageObject","inLanguage":"fr-FR","@id":"https:\/\/secretofsamui.com\/fr\/produit\/creme-pour-les-mains\/#primaryimage","url":"https:\/\/secretofsamui.com\/wp-content\/uploads\/2026\/02\/dde79a23-11d1-4752-af17-5f90fe0bef86.jpg","contentUrl":"https:\/\/secretofsamui.com\/wp-content\/uploads\/2026\/02\/dde79a23-11d1-4752-af17-5f90fe0bef86.jpg","width":1600,"height":1600,"caption":"Cr\u00e8me pour les mains"},{"@type":"BreadcrumbList","@id":"https:\/\/secretofsamui.com\/fr\/produit\/creme-pour-les-mains\/#breadcrumb","itemListElement":[{"@type":"ListItem","position":1,"name":"Home","item":"https:\/\/secretofsamui.com\/fr\/accueil\/"},{"@type":"ListItem","position":2,"name":"Boutique","item":"https:\/\/secretofsamui.com\/boutique\/"},{"@type":"ListItem","position":3,"name":"Cr\u00e8me pour les mains"}]},{"@type":"WebSite","@id":"https:\/\/secretofsamui.com\/fr\/#website","url":"https:\/\/secretofsamui.com\/fr\/","name":"Secret of Samui - Natural and Homemade cosmestic","description":"","potentialAction":[{"@type":"SearchAction","target":{"@type":"EntryPoint","urlTemplate":"https:\/\/secretofsamui.com\/fr\/?s={search_term_string}"},"query-input":{"@type":"PropertyValueSpecification","valueRequired":true,"valueName":"search_term_string"}}],"inLanguage":"fr-FR"}]}},"_links":{"self":[{"href":"https:\/\/secretofsamui.com\/fr\/wp-json\/wp\/v2\/product\/105768","targetHints":{"allow":["GET"]}}],"collection":[{"href":"https:\/\/secretofsamui.com\/fr\/wp-json\/wp\/v2\/product"}],"about":[{"href":"https:\/\/secretofsamui.com\/fr\/wp-json\/wp\/v2\/types\/product"}],"wp:featuredmedia":[{"embeddable":true,"href":"https:\/\/secretofsamui.com\/fr\/wp-json\/wp\/v2\/media\/105770"}],"wp:attachment":[{"href":"https:\/\/secretofsamui.com\/fr\/wp-json\/wp\/v2\/media?parent=105768"}],"wp:term":[{"taxonomy":"product_brand","embeddable":true,"href":"https:\/\/secretofsamui.com\/fr\/wp-json\/wp\/v2\/product_brand?post=105768"},{"taxonomy":"product_cat","embeddable":true,"href":"https:\/\/secretofsamui.com\/fr\/wp-json\/wp\/v2\/product_cat?post=105768"},{"taxonomy":"product_tag","embeddable":true,"href":"https:\/\/secretofsamui.com\/fr\/wp-json\/wp\/v2\/product_tag?post=105768"}],"curies":[{"name":"wp","href":"https:\/\/api.w.org\/{rel}","templated":true}]}}