{"id":104132,"date":"2025-05-06T07:14:56","date_gmt":"2025-05-06T07:14:56","guid":{"rendered":"https:\/\/secretofsamui.com\/product\/mousse-faciale-avec-white-lotus\/"},"modified":"2025-05-06T07:14:56","modified_gmt":"2025-05-06T07:14:56","slug":"mousse-faciale-avec-white-lotus","status":"publish","type":"product","link":"https:\/\/secretofsamui.com\/fr\/produit\/mousse-faciale-avec-white-lotus\/","title":{"rendered":"Mousse faciale avec White Lotus"},"content":{"rendered":"<p>La mousse pour le visage au lotus blanc aide \u00e0 neutraliser les radicaux libres et \u00e0 prot\u00e9ger la peau. Elle \u00e9limine les impuret\u00e9s telles que l&rsquo;exc\u00e8s de s\u00e9bum, la poussi\u00e8re, ne contient pas de SLS et ne dess\u00e8che pas la peau. Avec un m\u00e9lange de vitamine B5, qui agit comme un humectant ou une substance qui retient l&rsquo;humidit\u00e9 pour la peau et la vitamine E aide \u00e0 prot\u00e9ger la peau avec des antioxydants. L&rsquo;huile de jojoba et l&rsquo;huile d&rsquo;abricot aident \u00e0 hydrater et \u00e0 \u00e9liminer les impuret\u00e9s. Sans parab\u00e8nes, sans silicones, sans SLS   <\/p>\n","protected":false},"excerpt":{"rendered":"<p>La mousse pour le visage White Lotus \u00e9limine le s\u00e9bum et la poussi\u00e8re, prot\u00e8ge avec les vitamines B5 et E, hydrate avec les huiles de jojoba et d&rsquo;abricot. Sans SLS, non dess\u00e9chante, sans parab\u00e8nes ni silicones. <\/p>\n","protected":false},"featured_media":103715,"template":"","meta":{"_acf_changed":false,"_et_pb_use_builder":"off","_et_pb_old_content":"La mousse pour le visage au lotus blanc aide \u00e0 neutraliser les radicaux libres et \u00e0 prot\u00e9ger la peau. Elle \u00e9limine les impuret\u00e9s telles que l'exc\u00e8s de s\u00e9bum, la poussi\u00e8re, ne contient pas de SLS et ne dess\u00e8che pas la peau. Avec un m\u00e9lange de vitamine B5, qui agit comme un humectant ou une substance qui retient l'humidit\u00e9 pour la peau et la vitamine E aide \u00e0 prot\u00e9ger la peau avec des antioxydants. L'huile de jojoba et l'huile d'abricot aident \u00e0 hydrater et \u00e0 \u00e9liminer les impuret\u00e9s. Sans parab\u00e8nes, sans silicones, sans SLS   ","_et_gb_content_width":""},"product_brand":[],"product_cat":[680,422],"product_tag":[],"class_list":{"0":"post-104132","1":"product","2":"type-product","3":"status-publish","4":"has-post-thumbnail","6":"product_cat-avec-white-lotus","7":"product_cat-soins-de-beaute","9":"first","10":"instock","11":"taxable","12":"shipping-taxable","13":"purchasable","14":"product-type-simple"},"acf":[],"yoast_head":"<!-- This site is optimized with the Yoast SEO plugin v27.2 - https:\/\/yoast.com\/product\/yoast-seo-wordpress\/ -->\n<title>Mousse faciale avec White Lotus - Secret of Samui - Natural and Homemade cosmestic<\/title>\n<meta name=\"description\" content=\"Nettoyez et prot\u00e9gez votre peau en douceur avec notre mousse pour le visage au lotus blanc, enrichie en vitamine B5, vitamine E, huile de jojoba et huile d&#039;abricot.\" \/>\n<meta name=\"robots\" content=\"index, follow, max-snippet:-1, max-image-preview:large, max-video-preview:-1\" \/>\n<link rel=\"canonical\" href=\"https:\/\/secretofsamui.com\/fr\/produit\/mousse-faciale-avec-white-lotus\/\" \/>\n<meta property=\"og:locale\" content=\"fr_FR\" \/>\n<meta property=\"og:type\" content=\"article\" \/>\n<meta property=\"og:title\" content=\"Mousse faciale avec White Lotus - Secret of Samui - Natural and Homemade cosmestic\" \/>\n<meta property=\"og:description\" content=\"Nettoyez et prot\u00e9gez votre peau en douceur avec notre mousse pour le visage au lotus blanc, enrichie en vitamine B5, vitamine E, huile de jojoba et huile d&#039;abricot.\" \/>\n<meta property=\"og:url\" content=\"https:\/\/secretofsamui.com\/fr\/produit\/mousse-faciale-avec-white-lotus\/\" \/>\n<meta property=\"og:site_name\" content=\"Secret of Samui - Natural and Homemade cosmestic\" \/>\n<meta property=\"og:image\" content=\"https:\/\/secretofsamui.com\/wp-content\/uploads\/2025\/05\/facial-foam.jpg\" \/>\n\t<meta property=\"og:image:width\" content=\"1500\" \/>\n\t<meta property=\"og:image:height\" content=\"1500\" \/>\n\t<meta property=\"og:image:type\" content=\"image\/jpeg\" \/>\n<meta name=\"twitter:card\" content=\"summary_large_image\" \/>\n<script type=\"application\/ld+json\" class=\"yoast-schema-graph\">{\"@context\":\"https:\/\/schema.org\",\"@graph\":[{\"@type\":\"WebPage\",\"@id\":\"https:\/\/secretofsamui.com\/fr\/produit\/mousse-faciale-avec-white-lotus\/\",\"url\":\"https:\/\/secretofsamui.com\/fr\/produit\/mousse-faciale-avec-white-lotus\/\",\"name\":\"Mousse faciale avec White Lotus - Secret of Samui - Natural and Homemade cosmestic\",\"isPartOf\":{\"@id\":\"https:\/\/secretofsamui.com\/fr\/#website\"},\"primaryImageOfPage\":{\"@id\":\"https:\/\/secretofsamui.com\/fr\/produit\/mousse-faciale-avec-white-lotus\/#primaryimage\"},\"image\":{\"@id\":\"https:\/\/secretofsamui.com\/fr\/produit\/mousse-faciale-avec-white-lotus\/#primaryimage\"},\"thumbnailUrl\":\"https:\/\/secretofsamui.com\/wp-content\/uploads\/2025\/05\/facial-foam.jpg\",\"datePublished\":\"2025-05-06T07:14:56+00:00\",\"description\":\"Nettoyez et prot\u00e9gez votre peau en douceur avec notre mousse pour le visage au lotus blanc, enrichie en vitamine B5, vitamine E, huile de jojoba et huile d'abricot.\",\"breadcrumb\":{\"@id\":\"https:\/\/secretofsamui.com\/fr\/produit\/mousse-faciale-avec-white-lotus\/#breadcrumb\"},\"inLanguage\":\"fr-FR\",\"potentialAction\":[{\"@type\":\"ReadAction\",\"target\":[\"https:\/\/secretofsamui.com\/fr\/produit\/mousse-faciale-avec-white-lotus\/\"]}]},{\"@type\":\"ImageObject\",\"inLanguage\":\"fr-FR\",\"@id\":\"https:\/\/secretofsamui.com\/fr\/produit\/mousse-faciale-avec-white-lotus\/#primaryimage\",\"url\":\"https:\/\/secretofsamui.com\/wp-content\/uploads\/2025\/05\/facial-foam.jpg\",\"contentUrl\":\"https:\/\/secretofsamui.com\/wp-content\/uploads\/2025\/05\/facial-foam.jpg\",\"width\":1500,\"height\":1500,\"caption\":\"Facial Foam\"},{\"@type\":\"BreadcrumbList\",\"@id\":\"https:\/\/secretofsamui.com\/fr\/produit\/mousse-faciale-avec-white-lotus\/#breadcrumb\",\"itemListElement\":[{\"@type\":\"ListItem\",\"position\":1,\"name\":\"Home\",\"item\":\"https:\/\/secretofsamui.com\/fr\/accueil\/\"},{\"@type\":\"ListItem\",\"position\":2,\"name\":\"Boutique\",\"item\":\"https:\/\/secretofsamui.com\/boutique\/\"},{\"@type\":\"ListItem\",\"position\":3,\"name\":\"Mousse faciale avec White Lotus\"}]},{\"@type\":\"WebSite\",\"@id\":\"https:\/\/secretofsamui.com\/fr\/#website\",\"url\":\"https:\/\/secretofsamui.com\/fr\/\",\"name\":\"Secret of Samui - Natural and Homemade cosmestic\",\"description\":\"\",\"potentialAction\":[{\"@type\":\"SearchAction\",\"target\":{\"@type\":\"EntryPoint\",\"urlTemplate\":\"https:\/\/secretofsamui.com\/fr\/?s={search_term_string}\"},\"query-input\":{\"@type\":\"PropertyValueSpecification\",\"valueRequired\":true,\"valueName\":\"search_term_string\"}}],\"inLanguage\":\"fr-FR\"}]}<\/script>\n<!-- \/ Yoast SEO plugin. -->","yoast_head_json":{"title":"Mousse faciale avec White Lotus - Secret of Samui - Natural and Homemade cosmestic","description":"Nettoyez et prot\u00e9gez votre peau en douceur avec notre mousse pour le visage au lotus blanc, enrichie en vitamine B5, vitamine E, huile de jojoba et huile d'abricot.","robots":{"index":"index","follow":"follow","max-snippet":"max-snippet:-1","max-image-preview":"max-image-preview:large","max-video-preview":"max-video-preview:-1"},"canonical":"https:\/\/secretofsamui.com\/fr\/produit\/mousse-faciale-avec-white-lotus\/","og_locale":"fr_FR","og_type":"article","og_title":"Mousse faciale avec White Lotus - Secret of Samui - Natural and Homemade cosmestic","og_description":"Nettoyez et prot\u00e9gez votre peau en douceur avec notre mousse pour le visage au lotus blanc, enrichie en vitamine B5, vitamine E, huile de jojoba et huile d'abricot.","og_url":"https:\/\/secretofsamui.com\/fr\/produit\/mousse-faciale-avec-white-lotus\/","og_site_name":"Secret of Samui - Natural and Homemade cosmestic","og_image":[{"width":1500,"height":1500,"url":"https:\/\/secretofsamui.com\/wp-content\/uploads\/2025\/05\/facial-foam.jpg","type":"image\/jpeg"}],"twitter_card":"summary_large_image","schema":{"@context":"https:\/\/schema.org","@graph":[{"@type":"WebPage","@id":"https:\/\/secretofsamui.com\/fr\/produit\/mousse-faciale-avec-white-lotus\/","url":"https:\/\/secretofsamui.com\/fr\/produit\/mousse-faciale-avec-white-lotus\/","name":"Mousse faciale avec White Lotus - Secret of Samui - Natural and Homemade cosmestic","isPartOf":{"@id":"https:\/\/secretofsamui.com\/fr\/#website"},"primaryImageOfPage":{"@id":"https:\/\/secretofsamui.com\/fr\/produit\/mousse-faciale-avec-white-lotus\/#primaryimage"},"image":{"@id":"https:\/\/secretofsamui.com\/fr\/produit\/mousse-faciale-avec-white-lotus\/#primaryimage"},"thumbnailUrl":"https:\/\/secretofsamui.com\/wp-content\/uploads\/2025\/05\/facial-foam.jpg","datePublished":"2025-05-06T07:14:56+00:00","description":"Nettoyez et prot\u00e9gez votre peau en douceur avec notre mousse pour le visage au lotus blanc, enrichie en vitamine B5, vitamine E, huile de jojoba et huile d'abricot.","breadcrumb":{"@id":"https:\/\/secretofsamui.com\/fr\/produit\/mousse-faciale-avec-white-lotus\/#breadcrumb"},"inLanguage":"fr-FR","potentialAction":[{"@type":"ReadAction","target":["https:\/\/secretofsamui.com\/fr\/produit\/mousse-faciale-avec-white-lotus\/"]}]},{"@type":"ImageObject","inLanguage":"fr-FR","@id":"https:\/\/secretofsamui.com\/fr\/produit\/mousse-faciale-avec-white-lotus\/#primaryimage","url":"https:\/\/secretofsamui.com\/wp-content\/uploads\/2025\/05\/facial-foam.jpg","contentUrl":"https:\/\/secretofsamui.com\/wp-content\/uploads\/2025\/05\/facial-foam.jpg","width":1500,"height":1500,"caption":"Facial Foam"},{"@type":"BreadcrumbList","@id":"https:\/\/secretofsamui.com\/fr\/produit\/mousse-faciale-avec-white-lotus\/#breadcrumb","itemListElement":[{"@type":"ListItem","position":1,"name":"Home","item":"https:\/\/secretofsamui.com\/fr\/accueil\/"},{"@type":"ListItem","position":2,"name":"Boutique","item":"https:\/\/secretofsamui.com\/boutique\/"},{"@type":"ListItem","position":3,"name":"Mousse faciale avec White Lotus"}]},{"@type":"WebSite","@id":"https:\/\/secretofsamui.com\/fr\/#website","url":"https:\/\/secretofsamui.com\/fr\/","name":"Secret of Samui - Natural and Homemade cosmestic","description":"","potentialAction":[{"@type":"SearchAction","target":{"@type":"EntryPoint","urlTemplate":"https:\/\/secretofsamui.com\/fr\/?s={search_term_string}"},"query-input":{"@type":"PropertyValueSpecification","valueRequired":true,"valueName":"search_term_string"}}],"inLanguage":"fr-FR"}]}},"_links":{"self":[{"href":"https:\/\/secretofsamui.com\/fr\/wp-json\/wp\/v2\/product\/104132","targetHints":{"allow":["GET"]}}],"collection":[{"href":"https:\/\/secretofsamui.com\/fr\/wp-json\/wp\/v2\/product"}],"about":[{"href":"https:\/\/secretofsamui.com\/fr\/wp-json\/wp\/v2\/types\/product"}],"wp:featuredmedia":[{"embeddable":true,"href":"https:\/\/secretofsamui.com\/fr\/wp-json\/wp\/v2\/media\/103715"}],"wp:attachment":[{"href":"https:\/\/secretofsamui.com\/fr\/wp-json\/wp\/v2\/media?parent=104132"}],"wp:term":[{"taxonomy":"product_brand","embeddable":true,"href":"https:\/\/secretofsamui.com\/fr\/wp-json\/wp\/v2\/product_brand?post=104132"},{"taxonomy":"product_cat","embeddable":true,"href":"https:\/\/secretofsamui.com\/fr\/wp-json\/wp\/v2\/product_cat?post=104132"},{"taxonomy":"product_tag","embeddable":true,"href":"https:\/\/secretofsamui.com\/fr\/wp-json\/wp\/v2\/product_tag?post=104132"}],"curies":[{"name":"wp","href":"https:\/\/api.w.org\/{rel}","templated":true}]}}