{"id":104131,"date":"2025-05-06T08:27:09","date_gmt":"2025-05-06T08:27:09","guid":{"rendered":"https:\/\/secretofsamui.com\/product\/gommage-du-visage-avec-white-lotus\/"},"modified":"2025-08-26T08:34:28","modified_gmt":"2025-08-26T08:34:28","slug":"gommage-du-visage-avec-white-lotus","status":"publish","type":"product","link":"https:\/\/secretofsamui.com\/fr\/produit\/gommage-du-visage-avec-white-lotus\/","title":{"rendered":"Gommage du visage avec White Lotus"},"content":{"rendered":"<p>Exfoliant pour le visage au lotus blanc qui se caract\u00e9rise par des huiles naturelles et des billes de gommage, notamment de l&rsquo;huile de soja, de l&rsquo;huile de jojoba, de l&rsquo;huile d&rsquo;olive, des cerneaux de noix et des billes exfoliantes de lotus. Il aide \u00e0 nettoyer la peau en profondeur et \u00e0 l&rsquo;hydrater pour qu&rsquo;elle soit douce et lisse. Pr\u00eat \u00e0 \u00eatre enti\u00e8rement entretenu, il est riche en vitamine E qui aide \u00e0 prot\u00e9ger la peau avec des antioxydants et \u00e0 r\u00e9duire le vieillissement pr\u00e9matur\u00e9. L&rsquo;extrait de lotus contient des facteurs naturels d&rsquo;hydratation, favorisant l&rsquo;hydratation et maintenant l&rsquo;\u00e9quilibre hydrique de la peau. Sans huiles min\u00e9rales, sans parab\u00e8nes, sans silicones.    <\/p>\n","protected":false},"excerpt":{"rendered":"<p>Ce gommage doux pour le visage au lotus blanc associe des huiles naturelles et des perles exfoliantes, comme les cerneaux de noix et l&rsquo;extrait de lotus, pour nettoyer et hydrater en profondeur. Enrichi en vitamine E et en plantes hydratantes, il prot\u00e8ge contre le vieillissement pr\u00e9matur\u00e9 tout en laissant la peau douce, lisse et \u00e9quilibr\u00e9e. Exempt d&rsquo;huiles min\u00e9rales, de parab\u00e8nes et de silicones.  <\/p>\n","protected":false},"featured_media":103712,"template":"","meta":{"_acf_changed":false,"_et_pb_use_builder":"","_et_pb_old_content":"","_et_gb_content_width":""},"product_brand":[],"product_cat":[680,422],"product_tag":[],"class_list":{"0":"post-104131","1":"product","2":"type-product","3":"status-publish","4":"has-post-thumbnail","6":"product_cat-avec-white-lotus","7":"product_cat-soins-de-beaute","9":"first","10":"instock","11":"taxable","12":"shipping-taxable","13":"purchasable","14":"product-type-simple"},"acf":[],"yoast_head":"<!-- This site is optimized with the Yoast SEO plugin v27.2 - https:\/\/yoast.com\/product\/yoast-seo-wordpress\/ -->\n<title>Gommage du visage avec White Lotus - Secret of Samui - Natural and Homemade cosmestic<\/title>\n<meta name=\"description\" content=\"Nettoyez et nourrissez votre peau en profondeur avec notre gommage facial au lotus blanc. Enrichi en huiles naturelles et en perles exfoliantes, il hydrate, lisse et prot\u00e8ge contre le vieillissement.\" \/>\n<meta name=\"robots\" content=\"index, follow, max-snippet:-1, max-image-preview:large, max-video-preview:-1\" \/>\n<link rel=\"canonical\" href=\"https:\/\/secretofsamui.com\/fr\/produit\/gommage-du-visage-avec-white-lotus\/\" \/>\n<meta property=\"og:locale\" content=\"fr_FR\" \/>\n<meta property=\"og:type\" content=\"article\" \/>\n<meta property=\"og:title\" content=\"Gommage du visage avec White Lotus - Secret of Samui - Natural and Homemade cosmestic\" \/>\n<meta property=\"og:description\" content=\"Nettoyez et nourrissez votre peau en profondeur avec notre gommage facial au lotus blanc. Enrichi en huiles naturelles et en perles exfoliantes, il hydrate, lisse et prot\u00e8ge contre le vieillissement.\" \/>\n<meta property=\"og:url\" content=\"https:\/\/secretofsamui.com\/fr\/produit\/gommage-du-visage-avec-white-lotus\/\" \/>\n<meta property=\"og:site_name\" content=\"Secret of Samui - Natural and Homemade cosmestic\" \/>\n<meta property=\"article:modified_time\" content=\"2025-08-26T08:34:28+00:00\" \/>\n<meta property=\"og:image\" content=\"https:\/\/secretofsamui.com\/wp-content\/uploads\/2025\/05\/facial-scrub.jpg\" \/>\n\t<meta property=\"og:image:width\" content=\"1500\" \/>\n\t<meta property=\"og:image:height\" content=\"1500\" \/>\n\t<meta property=\"og:image:type\" content=\"image\/jpeg\" \/>\n<meta name=\"twitter:card\" content=\"summary_large_image\" \/>\n<meta name=\"twitter:label1\" content=\"Dur\u00e9e de lecture estim\u00e9e\" \/>\n\t<meta name=\"twitter:data1\" content=\"1 minute\" \/>\n<script type=\"application\/ld+json\" class=\"yoast-schema-graph\">{\"@context\":\"https:\/\/schema.org\",\"@graph\":[{\"@type\":\"WebPage\",\"@id\":\"https:\/\/secretofsamui.com\/fr\/produit\/gommage-du-visage-avec-white-lotus\/\",\"url\":\"https:\/\/secretofsamui.com\/fr\/produit\/gommage-du-visage-avec-white-lotus\/\",\"name\":\"Gommage du visage avec White Lotus - Secret of Samui - Natural and Homemade cosmestic\",\"isPartOf\":{\"@id\":\"https:\/\/secretofsamui.com\/fr\/#website\"},\"primaryImageOfPage\":{\"@id\":\"https:\/\/secretofsamui.com\/fr\/produit\/gommage-du-visage-avec-white-lotus\/#primaryimage\"},\"image\":{\"@id\":\"https:\/\/secretofsamui.com\/fr\/produit\/gommage-du-visage-avec-white-lotus\/#primaryimage\"},\"thumbnailUrl\":\"https:\/\/secretofsamui.com\/wp-content\/uploads\/2025\/05\/facial-scrub.jpg\",\"datePublished\":\"2025-05-06T08:27:09+00:00\",\"dateModified\":\"2025-08-26T08:34:28+00:00\",\"description\":\"Nettoyez et nourrissez votre peau en profondeur avec notre gommage facial au lotus blanc. Enrichi en huiles naturelles et en perles exfoliantes, il hydrate, lisse et prot\u00e8ge contre le vieillissement.\",\"breadcrumb\":{\"@id\":\"https:\/\/secretofsamui.com\/fr\/produit\/gommage-du-visage-avec-white-lotus\/#breadcrumb\"},\"inLanguage\":\"fr-FR\",\"potentialAction\":[{\"@type\":\"ReadAction\",\"target\":[\"https:\/\/secretofsamui.com\/fr\/produit\/gommage-du-visage-avec-white-lotus\/\"]}]},{\"@type\":\"ImageObject\",\"inLanguage\":\"fr-FR\",\"@id\":\"https:\/\/secretofsamui.com\/fr\/produit\/gommage-du-visage-avec-white-lotus\/#primaryimage\",\"url\":\"https:\/\/secretofsamui.com\/wp-content\/uploads\/2025\/05\/facial-scrub.jpg\",\"contentUrl\":\"https:\/\/secretofsamui.com\/wp-content\/uploads\/2025\/05\/facial-scrub.jpg\",\"width\":1500,\"height\":1500,\"caption\":\"Facial Scrub\"},{\"@type\":\"BreadcrumbList\",\"@id\":\"https:\/\/secretofsamui.com\/fr\/produit\/gommage-du-visage-avec-white-lotus\/#breadcrumb\",\"itemListElement\":[{\"@type\":\"ListItem\",\"position\":1,\"name\":\"Home\",\"item\":\"https:\/\/secretofsamui.com\/fr\/accueil\/\"},{\"@type\":\"ListItem\",\"position\":2,\"name\":\"Boutique\",\"item\":\"https:\/\/secretofsamui.com\/boutique\/\"},{\"@type\":\"ListItem\",\"position\":3,\"name\":\"Gommage du visage avec White Lotus\"}]},{\"@type\":\"WebSite\",\"@id\":\"https:\/\/secretofsamui.com\/fr\/#website\",\"url\":\"https:\/\/secretofsamui.com\/fr\/\",\"name\":\"Secret of Samui - Natural and Homemade cosmestic\",\"description\":\"\",\"potentialAction\":[{\"@type\":\"SearchAction\",\"target\":{\"@type\":\"EntryPoint\",\"urlTemplate\":\"https:\/\/secretofsamui.com\/fr\/?s={search_term_string}\"},\"query-input\":{\"@type\":\"PropertyValueSpecification\",\"valueRequired\":true,\"valueName\":\"search_term_string\"}}],\"inLanguage\":\"fr-FR\"}]}<\/script>\n<!-- \/ Yoast SEO plugin. -->","yoast_head_json":{"title":"Gommage du visage avec White Lotus - Secret of Samui - Natural and Homemade cosmestic","description":"Nettoyez et nourrissez votre peau en profondeur avec notre gommage facial au lotus blanc. Enrichi en huiles naturelles et en perles exfoliantes, il hydrate, lisse et prot\u00e8ge contre le vieillissement.","robots":{"index":"index","follow":"follow","max-snippet":"max-snippet:-1","max-image-preview":"max-image-preview:large","max-video-preview":"max-video-preview:-1"},"canonical":"https:\/\/secretofsamui.com\/fr\/produit\/gommage-du-visage-avec-white-lotus\/","og_locale":"fr_FR","og_type":"article","og_title":"Gommage du visage avec White Lotus - Secret of Samui - Natural and Homemade cosmestic","og_description":"Nettoyez et nourrissez votre peau en profondeur avec notre gommage facial au lotus blanc. Enrichi en huiles naturelles et en perles exfoliantes, il hydrate, lisse et prot\u00e8ge contre le vieillissement.","og_url":"https:\/\/secretofsamui.com\/fr\/produit\/gommage-du-visage-avec-white-lotus\/","og_site_name":"Secret of Samui - Natural and Homemade cosmestic","article_modified_time":"2025-08-26T08:34:28+00:00","og_image":[{"width":1500,"height":1500,"url":"https:\/\/secretofsamui.com\/wp-content\/uploads\/2025\/05\/facial-scrub.jpg","type":"image\/jpeg"}],"twitter_card":"summary_large_image","twitter_misc":{"Dur\u00e9e de lecture estim\u00e9e":"1 minute"},"schema":{"@context":"https:\/\/schema.org","@graph":[{"@type":"WebPage","@id":"https:\/\/secretofsamui.com\/fr\/produit\/gommage-du-visage-avec-white-lotus\/","url":"https:\/\/secretofsamui.com\/fr\/produit\/gommage-du-visage-avec-white-lotus\/","name":"Gommage du visage avec White Lotus - Secret of Samui - Natural and Homemade cosmestic","isPartOf":{"@id":"https:\/\/secretofsamui.com\/fr\/#website"},"primaryImageOfPage":{"@id":"https:\/\/secretofsamui.com\/fr\/produit\/gommage-du-visage-avec-white-lotus\/#primaryimage"},"image":{"@id":"https:\/\/secretofsamui.com\/fr\/produit\/gommage-du-visage-avec-white-lotus\/#primaryimage"},"thumbnailUrl":"https:\/\/secretofsamui.com\/wp-content\/uploads\/2025\/05\/facial-scrub.jpg","datePublished":"2025-05-06T08:27:09+00:00","dateModified":"2025-08-26T08:34:28+00:00","description":"Nettoyez et nourrissez votre peau en profondeur avec notre gommage facial au lotus blanc. Enrichi en huiles naturelles et en perles exfoliantes, il hydrate, lisse et prot\u00e8ge contre le vieillissement.","breadcrumb":{"@id":"https:\/\/secretofsamui.com\/fr\/produit\/gommage-du-visage-avec-white-lotus\/#breadcrumb"},"inLanguage":"fr-FR","potentialAction":[{"@type":"ReadAction","target":["https:\/\/secretofsamui.com\/fr\/produit\/gommage-du-visage-avec-white-lotus\/"]}]},{"@type":"ImageObject","inLanguage":"fr-FR","@id":"https:\/\/secretofsamui.com\/fr\/produit\/gommage-du-visage-avec-white-lotus\/#primaryimage","url":"https:\/\/secretofsamui.com\/wp-content\/uploads\/2025\/05\/facial-scrub.jpg","contentUrl":"https:\/\/secretofsamui.com\/wp-content\/uploads\/2025\/05\/facial-scrub.jpg","width":1500,"height":1500,"caption":"Facial Scrub"},{"@type":"BreadcrumbList","@id":"https:\/\/secretofsamui.com\/fr\/produit\/gommage-du-visage-avec-white-lotus\/#breadcrumb","itemListElement":[{"@type":"ListItem","position":1,"name":"Home","item":"https:\/\/secretofsamui.com\/fr\/accueil\/"},{"@type":"ListItem","position":2,"name":"Boutique","item":"https:\/\/secretofsamui.com\/boutique\/"},{"@type":"ListItem","position":3,"name":"Gommage du visage avec White Lotus"}]},{"@type":"WebSite","@id":"https:\/\/secretofsamui.com\/fr\/#website","url":"https:\/\/secretofsamui.com\/fr\/","name":"Secret of Samui - Natural and Homemade cosmestic","description":"","potentialAction":[{"@type":"SearchAction","target":{"@type":"EntryPoint","urlTemplate":"https:\/\/secretofsamui.com\/fr\/?s={search_term_string}"},"query-input":{"@type":"PropertyValueSpecification","valueRequired":true,"valueName":"search_term_string"}}],"inLanguage":"fr-FR"}]}},"_links":{"self":[{"href":"https:\/\/secretofsamui.com\/fr\/wp-json\/wp\/v2\/product\/104131","targetHints":{"allow":["GET"]}}],"collection":[{"href":"https:\/\/secretofsamui.com\/fr\/wp-json\/wp\/v2\/product"}],"about":[{"href":"https:\/\/secretofsamui.com\/fr\/wp-json\/wp\/v2\/types\/product"}],"wp:featuredmedia":[{"embeddable":true,"href":"https:\/\/secretofsamui.com\/fr\/wp-json\/wp\/v2\/media\/103712"}],"wp:attachment":[{"href":"https:\/\/secretofsamui.com\/fr\/wp-json\/wp\/v2\/media?parent=104131"}],"wp:term":[{"taxonomy":"product_brand","embeddable":true,"href":"https:\/\/secretofsamui.com\/fr\/wp-json\/wp\/v2\/product_brand?post=104131"},{"taxonomy":"product_cat","embeddable":true,"href":"https:\/\/secretofsamui.com\/fr\/wp-json\/wp\/v2\/product_cat?post=104131"},{"taxonomy":"product_tag","embeddable":true,"href":"https:\/\/secretofsamui.com\/fr\/wp-json\/wp\/v2\/product_tag?post=104131"}],"curies":[{"name":"wp","href":"https:\/\/api.w.org\/{rel}","templated":true}]}}