{"id":104130,"date":"2025-05-06T08:39:39","date_gmt":"2025-05-06T08:39:39","guid":{"rendered":"https:\/\/secretofsamui.com\/product\/hydratation-du-visage-avec-white-lotus\/"},"modified":"2025-05-06T08:39:39","modified_gmt":"2025-05-06T08:39:39","slug":"hydratation-du-visage-avec-white-lotus","status":"publish","type":"product","link":"https:\/\/secretofsamui.com\/fr\/produit\/hydratation-du-visage-avec-white-lotus\/","title":{"rendered":"Hydratation du visage avec White Lotus"},"content":{"rendered":"<p>Hydratant pour le visage au Lotus blanc, soin intensif du visage sans laisser de traces grasses. Convient aux peaux s\u00e8ches, craquel\u00e9es, pel\u00e9es et irrit\u00e9es. Le m\u00e9lange d&rsquo;extrait de lotus et d&rsquo;extrait de consoude aide \u00e0 r\u00e9duire les irritations et les r\u00e9actions allergiques. Le m\u00e9lange d&rsquo;extrait d&rsquo;aloe vera concentr\u00e9 \u00e0 99,5 % aide \u00e0 soulager la chaleur du soleil et \u00e0 r\u00e9duire les rougeurs et les irritations. Les huiles de jojoba et d&rsquo;abricot assurent l&rsquo;hydratation, et la vitamine E prot\u00e8ge la peau gr\u00e2ce \u00e0 ses antioxydants. Sans parab\u00e8nes, sans silicones, sans huiles min\u00e9rales.    <\/p>\n","protected":false},"excerpt":{"rendered":"<p>Cette cr\u00e8me hydratante l\u00e9g\u00e8re pour le visage au lotus blanc offre un soin intensif sans effet gras. Id\u00e9ale pour les peaux s\u00e8ches, craquel\u00e9es ou irrit\u00e9es, elle contient 99,5 % d&rsquo;extraits d&rsquo;aloe vera, de lotus et de consoude pour apaiser, calmer et r\u00e9duire les rougeurs. Enrichi en huiles de jojoba et d&rsquo;abricot pour une hydratation en profondeur et en vitamine E pour une protection antioxydante. Exempt de parab\u00e8nes, de silicones et d&rsquo;huiles min\u00e9rales.   <\/p>\n","protected":false},"featured_media":103719,"template":"","meta":{"_acf_changed":false,"_et_pb_use_builder":"","_et_pb_old_content":"","_et_gb_content_width":""},"product_brand":[],"product_cat":[680,422],"product_tag":[],"class_list":{"0":"post-104130","1":"product","2":"type-product","3":"status-publish","4":"has-post-thumbnail","6":"product_cat-avec-white-lotus","7":"product_cat-soins-de-beaute","9":"first","10":"instock","11":"taxable","12":"shipping-taxable","13":"purchasable","14":"product-type-simple"},"acf":[],"yoast_head":"<!-- This site is optimized with the Yoast SEO plugin v27.2 - https:\/\/yoast.com\/product\/yoast-seo-wordpress\/ -->\n<title>Hydratation du visage avec White Lotus - Secret of Samui - Natural and Homemade cosmestic<\/title>\n<meta name=\"description\" content=\"Nourrissez votre peau avec notre Hydratant Visage au Lotus Blanc, parfait pour les peaux s\u00e8ches, craquel\u00e9es et irrit\u00e9es. Enrichi d&#039;extrait de lotus et de consoude.\" \/>\n<meta name=\"robots\" content=\"index, follow, max-snippet:-1, max-image-preview:large, max-video-preview:-1\" \/>\n<link rel=\"canonical\" href=\"https:\/\/secretofsamui.com\/fr\/produit\/hydratation-du-visage-avec-white-lotus\/\" \/>\n<meta property=\"og:locale\" content=\"fr_FR\" \/>\n<meta property=\"og:type\" content=\"article\" \/>\n<meta property=\"og:title\" content=\"Hydratation du visage avec White Lotus - Secret of Samui - Natural and Homemade cosmestic\" \/>\n<meta property=\"og:description\" content=\"Nourrissez votre peau avec notre Hydratant Visage au Lotus Blanc, parfait pour les peaux s\u00e8ches, craquel\u00e9es et irrit\u00e9es. Enrichi d&#039;extrait de lotus et de consoude.\" \/>\n<meta property=\"og:url\" content=\"https:\/\/secretofsamui.com\/fr\/produit\/hydratation-du-visage-avec-white-lotus\/\" \/>\n<meta property=\"og:site_name\" content=\"Secret of Samui - Natural and Homemade cosmestic\" \/>\n<meta property=\"og:image\" content=\"https:\/\/secretofsamui.com\/wp-content\/uploads\/2025\/05\/facial-moisturizing.jpg\" \/>\n\t<meta property=\"og:image:width\" content=\"1500\" \/>\n\t<meta property=\"og:image:height\" content=\"1500\" \/>\n\t<meta property=\"og:image:type\" content=\"image\/jpeg\" \/>\n<meta name=\"twitter:card\" content=\"summary_large_image\" \/>\n<script type=\"application\/ld+json\" class=\"yoast-schema-graph\">{\"@context\":\"https:\/\/schema.org\",\"@graph\":[{\"@type\":\"WebPage\",\"@id\":\"https:\/\/secretofsamui.com\/fr\/produit\/hydratation-du-visage-avec-white-lotus\/\",\"url\":\"https:\/\/secretofsamui.com\/fr\/produit\/hydratation-du-visage-avec-white-lotus\/\",\"name\":\"Hydratation du visage avec White Lotus - Secret of Samui - Natural and Homemade cosmestic\",\"isPartOf\":{\"@id\":\"https:\/\/secretofsamui.com\/fr\/#website\"},\"primaryImageOfPage\":{\"@id\":\"https:\/\/secretofsamui.com\/fr\/produit\/hydratation-du-visage-avec-white-lotus\/#primaryimage\"},\"image\":{\"@id\":\"https:\/\/secretofsamui.com\/fr\/produit\/hydratation-du-visage-avec-white-lotus\/#primaryimage\"},\"thumbnailUrl\":\"https:\/\/secretofsamui.com\/wp-content\/uploads\/2025\/05\/facial-moisturizing.jpg\",\"datePublished\":\"2025-05-06T08:39:39+00:00\",\"description\":\"Nourrissez votre peau avec notre Hydratant Visage au Lotus Blanc, parfait pour les peaux s\u00e8ches, craquel\u00e9es et irrit\u00e9es. Enrichi d'extrait de lotus et de consoude.\",\"breadcrumb\":{\"@id\":\"https:\/\/secretofsamui.com\/fr\/produit\/hydratation-du-visage-avec-white-lotus\/#breadcrumb\"},\"inLanguage\":\"fr-FR\",\"potentialAction\":[{\"@type\":\"ReadAction\",\"target\":[\"https:\/\/secretofsamui.com\/fr\/produit\/hydratation-du-visage-avec-white-lotus\/\"]}]},{\"@type\":\"ImageObject\",\"inLanguage\":\"fr-FR\",\"@id\":\"https:\/\/secretofsamui.com\/fr\/produit\/hydratation-du-visage-avec-white-lotus\/#primaryimage\",\"url\":\"https:\/\/secretofsamui.com\/wp-content\/uploads\/2025\/05\/facial-moisturizing.jpg\",\"contentUrl\":\"https:\/\/secretofsamui.com\/wp-content\/uploads\/2025\/05\/facial-moisturizing.jpg\",\"width\":1500,\"height\":1500,\"caption\":\"Facial Moisturizing\"},{\"@type\":\"BreadcrumbList\",\"@id\":\"https:\/\/secretofsamui.com\/fr\/produit\/hydratation-du-visage-avec-white-lotus\/#breadcrumb\",\"itemListElement\":[{\"@type\":\"ListItem\",\"position\":1,\"name\":\"Home\",\"item\":\"https:\/\/secretofsamui.com\/fr\/accueil\/\"},{\"@type\":\"ListItem\",\"position\":2,\"name\":\"Boutique\",\"item\":\"https:\/\/secretofsamui.com\/boutique\/\"},{\"@type\":\"ListItem\",\"position\":3,\"name\":\"Hydratation du visage avec White Lotus\"}]},{\"@type\":\"WebSite\",\"@id\":\"https:\/\/secretofsamui.com\/fr\/#website\",\"url\":\"https:\/\/secretofsamui.com\/fr\/\",\"name\":\"Secret of Samui - Natural and Homemade cosmestic\",\"description\":\"\",\"potentialAction\":[{\"@type\":\"SearchAction\",\"target\":{\"@type\":\"EntryPoint\",\"urlTemplate\":\"https:\/\/secretofsamui.com\/fr\/?s={search_term_string}\"},\"query-input\":{\"@type\":\"PropertyValueSpecification\",\"valueRequired\":true,\"valueName\":\"search_term_string\"}}],\"inLanguage\":\"fr-FR\"}]}<\/script>\n<!-- \/ Yoast SEO plugin. -->","yoast_head_json":{"title":"Hydratation du visage avec White Lotus - Secret of Samui - Natural and Homemade cosmestic","description":"Nourrissez votre peau avec notre Hydratant Visage au Lotus Blanc, parfait pour les peaux s\u00e8ches, craquel\u00e9es et irrit\u00e9es. Enrichi d'extrait de lotus et de consoude.","robots":{"index":"index","follow":"follow","max-snippet":"max-snippet:-1","max-image-preview":"max-image-preview:large","max-video-preview":"max-video-preview:-1"},"canonical":"https:\/\/secretofsamui.com\/fr\/produit\/hydratation-du-visage-avec-white-lotus\/","og_locale":"fr_FR","og_type":"article","og_title":"Hydratation du visage avec White Lotus - Secret of Samui - Natural and Homemade cosmestic","og_description":"Nourrissez votre peau avec notre Hydratant Visage au Lotus Blanc, parfait pour les peaux s\u00e8ches, craquel\u00e9es et irrit\u00e9es. Enrichi d'extrait de lotus et de consoude.","og_url":"https:\/\/secretofsamui.com\/fr\/produit\/hydratation-du-visage-avec-white-lotus\/","og_site_name":"Secret of Samui - Natural and Homemade cosmestic","og_image":[{"width":1500,"height":1500,"url":"https:\/\/secretofsamui.com\/wp-content\/uploads\/2025\/05\/facial-moisturizing.jpg","type":"image\/jpeg"}],"twitter_card":"summary_large_image","schema":{"@context":"https:\/\/schema.org","@graph":[{"@type":"WebPage","@id":"https:\/\/secretofsamui.com\/fr\/produit\/hydratation-du-visage-avec-white-lotus\/","url":"https:\/\/secretofsamui.com\/fr\/produit\/hydratation-du-visage-avec-white-lotus\/","name":"Hydratation du visage avec White Lotus - Secret of Samui - Natural and Homemade cosmestic","isPartOf":{"@id":"https:\/\/secretofsamui.com\/fr\/#website"},"primaryImageOfPage":{"@id":"https:\/\/secretofsamui.com\/fr\/produit\/hydratation-du-visage-avec-white-lotus\/#primaryimage"},"image":{"@id":"https:\/\/secretofsamui.com\/fr\/produit\/hydratation-du-visage-avec-white-lotus\/#primaryimage"},"thumbnailUrl":"https:\/\/secretofsamui.com\/wp-content\/uploads\/2025\/05\/facial-moisturizing.jpg","datePublished":"2025-05-06T08:39:39+00:00","description":"Nourrissez votre peau avec notre Hydratant Visage au Lotus Blanc, parfait pour les peaux s\u00e8ches, craquel\u00e9es et irrit\u00e9es. Enrichi d'extrait de lotus et de consoude.","breadcrumb":{"@id":"https:\/\/secretofsamui.com\/fr\/produit\/hydratation-du-visage-avec-white-lotus\/#breadcrumb"},"inLanguage":"fr-FR","potentialAction":[{"@type":"ReadAction","target":["https:\/\/secretofsamui.com\/fr\/produit\/hydratation-du-visage-avec-white-lotus\/"]}]},{"@type":"ImageObject","inLanguage":"fr-FR","@id":"https:\/\/secretofsamui.com\/fr\/produit\/hydratation-du-visage-avec-white-lotus\/#primaryimage","url":"https:\/\/secretofsamui.com\/wp-content\/uploads\/2025\/05\/facial-moisturizing.jpg","contentUrl":"https:\/\/secretofsamui.com\/wp-content\/uploads\/2025\/05\/facial-moisturizing.jpg","width":1500,"height":1500,"caption":"Facial Moisturizing"},{"@type":"BreadcrumbList","@id":"https:\/\/secretofsamui.com\/fr\/produit\/hydratation-du-visage-avec-white-lotus\/#breadcrumb","itemListElement":[{"@type":"ListItem","position":1,"name":"Home","item":"https:\/\/secretofsamui.com\/fr\/accueil\/"},{"@type":"ListItem","position":2,"name":"Boutique","item":"https:\/\/secretofsamui.com\/boutique\/"},{"@type":"ListItem","position":3,"name":"Hydratation du visage avec White Lotus"}]},{"@type":"WebSite","@id":"https:\/\/secretofsamui.com\/fr\/#website","url":"https:\/\/secretofsamui.com\/fr\/","name":"Secret of Samui - Natural and Homemade cosmestic","description":"","potentialAction":[{"@type":"SearchAction","target":{"@type":"EntryPoint","urlTemplate":"https:\/\/secretofsamui.com\/fr\/?s={search_term_string}"},"query-input":{"@type":"PropertyValueSpecification","valueRequired":true,"valueName":"search_term_string"}}],"inLanguage":"fr-FR"}]}},"_links":{"self":[{"href":"https:\/\/secretofsamui.com\/fr\/wp-json\/wp\/v2\/product\/104130","targetHints":{"allow":["GET"]}}],"collection":[{"href":"https:\/\/secretofsamui.com\/fr\/wp-json\/wp\/v2\/product"}],"about":[{"href":"https:\/\/secretofsamui.com\/fr\/wp-json\/wp\/v2\/types\/product"}],"wp:featuredmedia":[{"embeddable":true,"href":"https:\/\/secretofsamui.com\/fr\/wp-json\/wp\/v2\/media\/103719"}],"wp:attachment":[{"href":"https:\/\/secretofsamui.com\/fr\/wp-json\/wp\/v2\/media?parent=104130"}],"wp:term":[{"taxonomy":"product_brand","embeddable":true,"href":"https:\/\/secretofsamui.com\/fr\/wp-json\/wp\/v2\/product_brand?post=104130"},{"taxonomy":"product_cat","embeddable":true,"href":"https:\/\/secretofsamui.com\/fr\/wp-json\/wp\/v2\/product_cat?post=104130"},{"taxonomy":"product_tag","embeddable":true,"href":"https:\/\/secretofsamui.com\/fr\/wp-json\/wp\/v2\/product_tag?post=104130"}],"curies":[{"name":"wp","href":"https:\/\/api.w.org\/{rel}","templated":true}]}}