{"id":104129,"date":"2025-05-15T06:26:08","date_gmt":"2025-05-15T06:26:08","guid":{"rendered":"https:\/\/secretofsamui.com\/product\/spray-brumeux-hydratant-avec-white-lotus\/"},"modified":"2025-05-15T06:26:08","modified_gmt":"2025-05-15T06:26:08","slug":"spray-brumeux-hydratant-avec-white-lotus","status":"publish","type":"product","link":"https:\/\/secretofsamui.com\/fr\/produit\/spray-brumeux-hydratant-avec-white-lotus\/","title":{"rendered":"Spray brumeux hydratant avec White Lotus"},"content":{"rendered":"<p>L&rsquo;eau min\u00e9rale en spray m\u00e9lang\u00e9e \u00e0 de l&rsquo;extrait de lotus aide \u00e0 hydrater et \u00e0 apaiser la peau. Il contient \u00e9galement de l&rsquo;aloe vera et de la vitamine B5 pour r\u00e9duire les irritations, rafra\u00eechir la peau et la nourrir pour qu&rsquo;elle soit radieuse, hydrat\u00e9e et naturellement lumineuse. Sans parab\u00e8ne, sans alcool  <\/p>\n","protected":false},"excerpt":{"rendered":"<p>Un spray d&rsquo;eau min\u00e9rale rafra\u00eechissant enrichi d&rsquo;extrait de lotus, d&rsquo;aloe vera et de vitamine B5. Hydrate instantan\u00e9ment, apaise les irritations et redonne \u00e0 votre peau son \u00e9clat naturel. Parfait pour un usage quotidien. Sans alcool ni parab\u00e8ne.   <\/p>\n","protected":false},"featured_media":103762,"template":"","meta":{"_acf_changed":false,"_et_pb_use_builder":"","_et_pb_old_content":"","_et_gb_content_width":""},"product_brand":[],"product_cat":[680],"product_tag":[],"class_list":{"0":"post-104129","1":"product","2":"type-product","3":"status-publish","4":"has-post-thumbnail","6":"product_cat-avec-white-lotus","8":"first","9":"instock","10":"taxable","11":"shipping-taxable","12":"purchasable","13":"product-type-simple"},"acf":[],"yoast_head":"<!-- This site is optimized with the Yoast SEO plugin v27.2 - https:\/\/yoast.com\/product\/yoast-seo-wordpress\/ -->\n<title>Spray brumeux hydratant avec White Lotus - Secret of Samui - Natural and Homemade cosmestic<\/title>\n<meta name=\"description\" content=\"Spray d&#039;eau min\u00e9rale hydratante \u00e0 l&#039;extrait de lotus, \u00e0 l&#039;aloe vera et \u00e0 la vitamine B5. Apaise, rafra\u00eechit et \u00e9claircit la peau naturellement. Sans alcool ni parab\u00e8ne.\" \/>\n<meta name=\"robots\" content=\"index, follow, max-snippet:-1, max-image-preview:large, max-video-preview:-1\" \/>\n<link rel=\"canonical\" href=\"https:\/\/secretofsamui.com\/fr\/produit\/spray-brumeux-hydratant-avec-white-lotus\/\" \/>\n<meta property=\"og:locale\" content=\"fr_FR\" \/>\n<meta property=\"og:type\" content=\"article\" \/>\n<meta property=\"og:title\" content=\"Spray brumeux hydratant avec White Lotus - Secret of Samui - Natural and Homemade cosmestic\" \/>\n<meta property=\"og:description\" content=\"Spray d&#039;eau min\u00e9rale hydratante \u00e0 l&#039;extrait de lotus, \u00e0 l&#039;aloe vera et \u00e0 la vitamine B5. Apaise, rafra\u00eechit et \u00e9claircit la peau naturellement. Sans alcool ni parab\u00e8ne.\" \/>\n<meta property=\"og:url\" content=\"https:\/\/secretofsamui.com\/fr\/produit\/spray-brumeux-hydratant-avec-white-lotus\/\" \/>\n<meta property=\"og:site_name\" content=\"Secret of Samui - Natural and Homemade cosmestic\" \/>\n<meta property=\"og:image\" content=\"https:\/\/secretofsamui.com\/wp-content\/uploads\/2025\/05\/THE-WHITE-LOTUS-COLLECTION-_2000-x-2000-px_-mist-spray-1024x1024.png\" \/>\n\t<meta property=\"og:image:width\" content=\"1024\" \/>\n\t<meta property=\"og:image:height\" content=\"1024\" \/>\n\t<meta property=\"og:image:type\" content=\"image\/png\" \/>\n<meta name=\"twitter:card\" content=\"summary_large_image\" \/>\n<script type=\"application\/ld+json\" class=\"yoast-schema-graph\">{\"@context\":\"https:\/\/schema.org\",\"@graph\":[{\"@type\":\"WebPage\",\"@id\":\"https:\/\/secretofsamui.com\/fr\/produit\/spray-brumeux-hydratant-avec-white-lotus\/\",\"url\":\"https:\/\/secretofsamui.com\/fr\/produit\/spray-brumeux-hydratant-avec-white-lotus\/\",\"name\":\"Spray brumeux hydratant avec White Lotus - Secret of Samui - Natural and Homemade cosmestic\",\"isPartOf\":{\"@id\":\"https:\/\/secretofsamui.com\/fr\/#website\"},\"primaryImageOfPage\":{\"@id\":\"https:\/\/secretofsamui.com\/fr\/produit\/spray-brumeux-hydratant-avec-white-lotus\/#primaryimage\"},\"image\":{\"@id\":\"https:\/\/secretofsamui.com\/fr\/produit\/spray-brumeux-hydratant-avec-white-lotus\/#primaryimage\"},\"thumbnailUrl\":\"https:\/\/secretofsamui.com\/wp-content\/uploads\/2025\/05\/THE-WHITE-LOTUS-COLLECTION-_2000-x-2000-px_-mist-spray-scaled.png\",\"datePublished\":\"2025-05-15T06:26:08+00:00\",\"description\":\"Spray d'eau min\u00e9rale hydratante \u00e0 l'extrait de lotus, \u00e0 l'aloe vera et \u00e0 la vitamine B5. Apaise, rafra\u00eechit et \u00e9claircit la peau naturellement. Sans alcool ni parab\u00e8ne.\",\"breadcrumb\":{\"@id\":\"https:\/\/secretofsamui.com\/fr\/produit\/spray-brumeux-hydratant-avec-white-lotus\/#breadcrumb\"},\"inLanguage\":\"fr-FR\",\"potentialAction\":[{\"@type\":\"ReadAction\",\"target\":[\"https:\/\/secretofsamui.com\/fr\/produit\/spray-brumeux-hydratant-avec-white-lotus\/\"]}]},{\"@type\":\"ImageObject\",\"inLanguage\":\"fr-FR\",\"@id\":\"https:\/\/secretofsamui.com\/fr\/produit\/spray-brumeux-hydratant-avec-white-lotus\/#primaryimage\",\"url\":\"https:\/\/secretofsamui.com\/wp-content\/uploads\/2025\/05\/THE-WHITE-LOTUS-COLLECTION-_2000-x-2000-px_-mist-spray-scaled.png\",\"contentUrl\":\"https:\/\/secretofsamui.com\/wp-content\/uploads\/2025\/05\/THE-WHITE-LOTUS-COLLECTION-_2000-x-2000-px_-mist-spray-scaled.png\",\"width\":2880,\"height\":2880},{\"@type\":\"BreadcrumbList\",\"@id\":\"https:\/\/secretofsamui.com\/fr\/produit\/spray-brumeux-hydratant-avec-white-lotus\/#breadcrumb\",\"itemListElement\":[{\"@type\":\"ListItem\",\"position\":1,\"name\":\"Home\",\"item\":\"https:\/\/secretofsamui.com\/fr\/accueil\/\"},{\"@type\":\"ListItem\",\"position\":2,\"name\":\"Boutique\",\"item\":\"https:\/\/secretofsamui.com\/boutique\/\"},{\"@type\":\"ListItem\",\"position\":3,\"name\":\"Spray brumeux hydratant avec White Lotus\"}]},{\"@type\":\"WebSite\",\"@id\":\"https:\/\/secretofsamui.com\/fr\/#website\",\"url\":\"https:\/\/secretofsamui.com\/fr\/\",\"name\":\"Secret of Samui - Natural and Homemade cosmestic\",\"description\":\"\",\"potentialAction\":[{\"@type\":\"SearchAction\",\"target\":{\"@type\":\"EntryPoint\",\"urlTemplate\":\"https:\/\/secretofsamui.com\/fr\/?s={search_term_string}\"},\"query-input\":{\"@type\":\"PropertyValueSpecification\",\"valueRequired\":true,\"valueName\":\"search_term_string\"}}],\"inLanguage\":\"fr-FR\"}]}<\/script>\n<!-- \/ Yoast SEO plugin. -->","yoast_head_json":{"title":"Spray brumeux hydratant avec White Lotus - Secret of Samui - Natural and Homemade cosmestic","description":"Spray d'eau min\u00e9rale hydratante \u00e0 l'extrait de lotus, \u00e0 l'aloe vera et \u00e0 la vitamine B5. Apaise, rafra\u00eechit et \u00e9claircit la peau naturellement. Sans alcool ni parab\u00e8ne.","robots":{"index":"index","follow":"follow","max-snippet":"max-snippet:-1","max-image-preview":"max-image-preview:large","max-video-preview":"max-video-preview:-1"},"canonical":"https:\/\/secretofsamui.com\/fr\/produit\/spray-brumeux-hydratant-avec-white-lotus\/","og_locale":"fr_FR","og_type":"article","og_title":"Spray brumeux hydratant avec White Lotus - Secret of Samui - Natural and Homemade cosmestic","og_description":"Spray d'eau min\u00e9rale hydratante \u00e0 l'extrait de lotus, \u00e0 l'aloe vera et \u00e0 la vitamine B5. Apaise, rafra\u00eechit et \u00e9claircit la peau naturellement. Sans alcool ni parab\u00e8ne.","og_url":"https:\/\/secretofsamui.com\/fr\/produit\/spray-brumeux-hydratant-avec-white-lotus\/","og_site_name":"Secret of Samui - Natural and Homemade cosmestic","og_image":[{"width":1024,"height":1024,"url":"https:\/\/secretofsamui.com\/wp-content\/uploads\/2025\/05\/THE-WHITE-LOTUS-COLLECTION-_2000-x-2000-px_-mist-spray-1024x1024.png","type":"image\/png"}],"twitter_card":"summary_large_image","schema":{"@context":"https:\/\/schema.org","@graph":[{"@type":"WebPage","@id":"https:\/\/secretofsamui.com\/fr\/produit\/spray-brumeux-hydratant-avec-white-lotus\/","url":"https:\/\/secretofsamui.com\/fr\/produit\/spray-brumeux-hydratant-avec-white-lotus\/","name":"Spray brumeux hydratant avec White Lotus - Secret of Samui - Natural and Homemade cosmestic","isPartOf":{"@id":"https:\/\/secretofsamui.com\/fr\/#website"},"primaryImageOfPage":{"@id":"https:\/\/secretofsamui.com\/fr\/produit\/spray-brumeux-hydratant-avec-white-lotus\/#primaryimage"},"image":{"@id":"https:\/\/secretofsamui.com\/fr\/produit\/spray-brumeux-hydratant-avec-white-lotus\/#primaryimage"},"thumbnailUrl":"https:\/\/secretofsamui.com\/wp-content\/uploads\/2025\/05\/THE-WHITE-LOTUS-COLLECTION-_2000-x-2000-px_-mist-spray-scaled.png","datePublished":"2025-05-15T06:26:08+00:00","description":"Spray d'eau min\u00e9rale hydratante \u00e0 l'extrait de lotus, \u00e0 l'aloe vera et \u00e0 la vitamine B5. Apaise, rafra\u00eechit et \u00e9claircit la peau naturellement. Sans alcool ni parab\u00e8ne.","breadcrumb":{"@id":"https:\/\/secretofsamui.com\/fr\/produit\/spray-brumeux-hydratant-avec-white-lotus\/#breadcrumb"},"inLanguage":"fr-FR","potentialAction":[{"@type":"ReadAction","target":["https:\/\/secretofsamui.com\/fr\/produit\/spray-brumeux-hydratant-avec-white-lotus\/"]}]},{"@type":"ImageObject","inLanguage":"fr-FR","@id":"https:\/\/secretofsamui.com\/fr\/produit\/spray-brumeux-hydratant-avec-white-lotus\/#primaryimage","url":"https:\/\/secretofsamui.com\/wp-content\/uploads\/2025\/05\/THE-WHITE-LOTUS-COLLECTION-_2000-x-2000-px_-mist-spray-scaled.png","contentUrl":"https:\/\/secretofsamui.com\/wp-content\/uploads\/2025\/05\/THE-WHITE-LOTUS-COLLECTION-_2000-x-2000-px_-mist-spray-scaled.png","width":2880,"height":2880},{"@type":"BreadcrumbList","@id":"https:\/\/secretofsamui.com\/fr\/produit\/spray-brumeux-hydratant-avec-white-lotus\/#breadcrumb","itemListElement":[{"@type":"ListItem","position":1,"name":"Home","item":"https:\/\/secretofsamui.com\/fr\/accueil\/"},{"@type":"ListItem","position":2,"name":"Boutique","item":"https:\/\/secretofsamui.com\/boutique\/"},{"@type":"ListItem","position":3,"name":"Spray brumeux hydratant avec White Lotus"}]},{"@type":"WebSite","@id":"https:\/\/secretofsamui.com\/fr\/#website","url":"https:\/\/secretofsamui.com\/fr\/","name":"Secret of Samui - Natural and Homemade cosmestic","description":"","potentialAction":[{"@type":"SearchAction","target":{"@type":"EntryPoint","urlTemplate":"https:\/\/secretofsamui.com\/fr\/?s={search_term_string}"},"query-input":{"@type":"PropertyValueSpecification","valueRequired":true,"valueName":"search_term_string"}}],"inLanguage":"fr-FR"}]}},"_links":{"self":[{"href":"https:\/\/secretofsamui.com\/fr\/wp-json\/wp\/v2\/product\/104129","targetHints":{"allow":["GET"]}}],"collection":[{"href":"https:\/\/secretofsamui.com\/fr\/wp-json\/wp\/v2\/product"}],"about":[{"href":"https:\/\/secretofsamui.com\/fr\/wp-json\/wp\/v2\/types\/product"}],"wp:featuredmedia":[{"embeddable":true,"href":"https:\/\/secretofsamui.com\/fr\/wp-json\/wp\/v2\/media\/103762"}],"wp:attachment":[{"href":"https:\/\/secretofsamui.com\/fr\/wp-json\/wp\/v2\/media?parent=104129"}],"wp:term":[{"taxonomy":"product_brand","embeddable":true,"href":"https:\/\/secretofsamui.com\/fr\/wp-json\/wp\/v2\/product_brand?post=104129"},{"taxonomy":"product_cat","embeddable":true,"href":"https:\/\/secretofsamui.com\/fr\/wp-json\/wp\/v2\/product_cat?post=104129"},{"taxonomy":"product_tag","embeddable":true,"href":"https:\/\/secretofsamui.com\/fr\/wp-json\/wp\/v2\/product_tag?post=104129"}],"curies":[{"name":"wp","href":"https:\/\/api.w.org\/{rel}","templated":true}]}}