{"id":104127,"date":"2025-06-17T05:32:04","date_gmt":"2025-06-17T05:32:04","guid":{"rendered":"https:\/\/secretofsamui.com\/product\/matelas-a-ressorts-ensaches-gamme-premium\/"},"modified":"2025-06-17T05:32:04","modified_gmt":"2025-06-17T05:32:04","slug":"matelas-a-ressorts-ensaches-gamme-premium","status":"publish","type":"product","link":"https:\/\/secretofsamui.com\/fr\/produit\/matelas-a-ressorts-ensaches-gamme-premium\/","title":{"rendered":"Matelas \u00e0 ressorts ensach\u00e9s &#8211; Gamme PREMIUM"},"content":{"rendered":"<p>Faites l&rsquo;exp\u00e9rience d&rsquo;un confort de sommeil sup\u00e9rieur avec <strong>notre matelas \u00e0 ressorts ensach\u00e9s Premium<\/strong>, con\u00e7u pour un soutien maximal et un repos paisible.<\/p>\n<p>Ce mod\u00e8le haut de gamme est dot\u00e9 de ressorts ensach\u00e9s individuellement qui r\u00e9agissent ind\u00e9pendamment aux mouvements, r\u00e9duisant ainsi consid\u00e9rablement le transfert de mouvements sur la surface, ce qui est id\u00e9al pour les couples. Gr\u00e2ce au soutien int\u00e9gral des bords, vous et votre partenaire pouvez profiter de l&rsquo;ensemble du <strong>matelas<\/strong>, d&rsquo;un c\u00f4t\u00e9 \u00e0 l&rsquo;autre, sans compromettre la stabilit\u00e9. <\/p>\n<p><strong>Technologie Pocket Coil<\/strong><\/p>\n<ul>\n<li>Ressorts emball\u00e9s individuellement<\/li>\n<li>Transfert de mouvement minimis\u00e9<\/li>\n<li>Confort de couchage sur toute la surface<\/li>\n<li>Soutien et structure durables<\/li>\n<\/ul>\n<p><strong>Norme d&rsquo;inflammabilit\u00e9<\/strong><\/p>\n<ul>\n<li>Fabriqu\u00e9 avec une protection ignifuge conforme \u00e0 la norme britannique BS 7175 :<\/li>\n<li>R\u00e9sistant \u00e0 l&rsquo;inflammation d&rsquo;une cigarette fumante<\/li>\n<li>R\u00e9sistant \u00e0 l&rsquo;inflammation par une flamme d&rsquo;allumette \u00e9quivalente<\/li>\n<li>Test de performance bas\u00e9 sur le tissu uniquement<\/li>\n<\/ul>\n<p>Id\u00e9al pour les h\u00f4tels, les villas, les r\u00e9sidences de luxe et les centres de vill\u00e9giature.<\/p>\n<p>Non disponible en ligne. Pour des devis, des commandes en gros ou des d\u00e9tails techniques, veuillez <a href=\"https:\/\/secretofsamui.com\/contact-us\/\">nous contacter<\/a> directement par e-mail. <\/p>\n","protected":false},"excerpt":{"rendered":"<p>Matelas \u00e0 ressorts ensach\u00e9s de premi\u00e8re qualit\u00e9 avec un soutien int\u00e9gral des bords et un transfert de mouvement minimal. Ignifug\u00e9. 3 tailles :  <\/p>\n<ul>\n<li>107 x 198 cm (42&Prime; x 78&Prime;) ou 3,5 Ft<\/li>\n<li>152 x 198 cm (60&Prime; x 78&Prime;) ou 5 Ft<\/li>\n<li>183 x 198 cm (72&Prime; x 78&Prime;) ou 6 Ft<\/li>\n<\/ul>\n<p>Hauteur : 25 cm (10&Prime;).<\/p>\n<p>Ce produit n&rsquo;est pas vendu en ligne. Veuillez <a href=\"https:\/\/secretofsamui.com\/contact-us\/\">nous contacter<\/a>. <\/p>\n","protected":false},"featured_media":103857,"template":"","meta":{"_acf_changed":false,"_et_pb_use_builder":"","_et_pb_old_content":"","_et_gb_content_width":""},"product_brand":[],"product_cat":[672,437],"product_tag":[464],"class_list":{"0":"post-104127","1":"product","2":"type-product","3":"status-publish","4":"has-post-thumbnail","6":"product_cat-matelas","7":"product_cat-soin-de-la-maison","8":"product_tag-pas-de-fda","10":"first","11":"instock","12":"taxable","13":"shipping-taxable","14":"product-type-simple"},"acf":[],"yoast_head":"<!-- This site is optimized with the Yoast SEO plugin v27.2 - https:\/\/yoast.com\/product\/yoast-seo-wordpress\/ -->\n<title>Matelas \u00e0 ressorts ensach\u00e9s - Gamme PREMIUM - Secret of Samui - Natural and Homemade cosmestic<\/title>\n<meta name=\"description\" content=\"Profitez d&#039;un confort de bord \u00e0 bord et d&#039;un transfert de mouvement minimal gr\u00e2ce \u00e0 notre matelas \u00e0 ressorts ensach\u00e9s ignifug\u00e9s, fabriqu\u00e9 conform\u00e9ment aux normes d&#039;inflammabilit\u00e9 britanniques.\" \/>\n<meta name=\"robots\" content=\"index, follow, max-snippet:-1, max-image-preview:large, max-video-preview:-1\" \/>\n<link rel=\"canonical\" href=\"https:\/\/secretofsamui.com\/fr\/produit\/matelas-a-ressorts-ensaches-gamme-premium\/\" \/>\n<meta property=\"og:locale\" content=\"fr_FR\" \/>\n<meta property=\"og:type\" content=\"article\" \/>\n<meta property=\"og:title\" content=\"Matelas \u00e0 ressorts ensach\u00e9s - Gamme PREMIUM - Secret of Samui - Natural and Homemade cosmestic\" \/>\n<meta property=\"og:description\" content=\"Profitez d&#039;un confort de bord \u00e0 bord et d&#039;un transfert de mouvement minimal gr\u00e2ce \u00e0 notre matelas \u00e0 ressorts ensach\u00e9s ignifug\u00e9s, fabriqu\u00e9 conform\u00e9ment aux normes d&#039;inflammabilit\u00e9 britanniques.\" \/>\n<meta property=\"og:url\" content=\"https:\/\/secretofsamui.com\/fr\/produit\/matelas-a-ressorts-ensaches-gamme-premium\/\" \/>\n<meta property=\"og:site_name\" content=\"Secret of Samui - Natural and Homemade cosmestic\" \/>\n<meta property=\"og:image\" content=\"https:\/\/secretofsamui.com\/wp-content\/uploads\/2025\/06\/matress-premium-2.png\" \/>\n\t<meta property=\"og:image:width\" content=\"1024\" \/>\n\t<meta property=\"og:image:height\" content=\"1024\" \/>\n\t<meta property=\"og:image:type\" content=\"image\/png\" \/>\n<meta name=\"twitter:card\" content=\"summary_large_image\" \/>\n<meta name=\"twitter:label1\" content=\"Dur\u00e9e de lecture estim\u00e9e\" \/>\n\t<meta name=\"twitter:data1\" content=\"1 minute\" \/>\n<script type=\"application\/ld+json\" class=\"yoast-schema-graph\">{\"@context\":\"https:\/\/schema.org\",\"@graph\":[{\"@type\":\"WebPage\",\"@id\":\"https:\/\/secretofsamui.com\/fr\/produit\/matelas-a-ressorts-ensaches-gamme-premium\/\",\"url\":\"https:\/\/secretofsamui.com\/fr\/produit\/matelas-a-ressorts-ensaches-gamme-premium\/\",\"name\":\"Matelas \u00e0 ressorts ensach\u00e9s - Gamme PREMIUM - Secret of Samui - Natural and Homemade cosmestic\",\"isPartOf\":{\"@id\":\"https:\/\/secretofsamui.com\/fr\/#website\"},\"primaryImageOfPage\":{\"@id\":\"https:\/\/secretofsamui.com\/fr\/produit\/matelas-a-ressorts-ensaches-gamme-premium\/#primaryimage\"},\"image\":{\"@id\":\"https:\/\/secretofsamui.com\/fr\/produit\/matelas-a-ressorts-ensaches-gamme-premium\/#primaryimage\"},\"thumbnailUrl\":\"https:\/\/secretofsamui.com\/wp-content\/uploads\/2025\/06\/matress-premium-2.png\",\"datePublished\":\"2025-06-17T05:32:04+00:00\",\"description\":\"Profitez d'un confort de bord \u00e0 bord et d'un transfert de mouvement minimal gr\u00e2ce \u00e0 notre matelas \u00e0 ressorts ensach\u00e9s ignifug\u00e9s, fabriqu\u00e9 conform\u00e9ment aux normes d'inflammabilit\u00e9 britanniques.\",\"breadcrumb\":{\"@id\":\"https:\/\/secretofsamui.com\/fr\/produit\/matelas-a-ressorts-ensaches-gamme-premium\/#breadcrumb\"},\"inLanguage\":\"fr-FR\",\"potentialAction\":[{\"@type\":\"ReadAction\",\"target\":[\"https:\/\/secretofsamui.com\/fr\/produit\/matelas-a-ressorts-ensaches-gamme-premium\/\"]}]},{\"@type\":\"ImageObject\",\"inLanguage\":\"fr-FR\",\"@id\":\"https:\/\/secretofsamui.com\/fr\/produit\/matelas-a-ressorts-ensaches-gamme-premium\/#primaryimage\",\"url\":\"https:\/\/secretofsamui.com\/wp-content\/uploads\/2025\/06\/matress-premium-2.png\",\"contentUrl\":\"https:\/\/secretofsamui.com\/wp-content\/uploads\/2025\/06\/matress-premium-2.png\",\"width\":1024,\"height\":1024,\"caption\":\"Pocket Spring Mattress \u2013 PREMIUM Range\"},{\"@type\":\"BreadcrumbList\",\"@id\":\"https:\/\/secretofsamui.com\/fr\/produit\/matelas-a-ressorts-ensaches-gamme-premium\/#breadcrumb\",\"itemListElement\":[{\"@type\":\"ListItem\",\"position\":1,\"name\":\"Home\",\"item\":\"https:\/\/secretofsamui.com\/fr\/accueil\/\"},{\"@type\":\"ListItem\",\"position\":2,\"name\":\"Boutique\",\"item\":\"https:\/\/secretofsamui.com\/boutique\/\"},{\"@type\":\"ListItem\",\"position\":3,\"name\":\"Matelas \u00e0 ressorts ensach\u00e9s &#8211; Gamme PREMIUM\"}]},{\"@type\":\"WebSite\",\"@id\":\"https:\/\/secretofsamui.com\/fr\/#website\",\"url\":\"https:\/\/secretofsamui.com\/fr\/\",\"name\":\"Secret of Samui - Natural and Homemade cosmestic\",\"description\":\"\",\"potentialAction\":[{\"@type\":\"SearchAction\",\"target\":{\"@type\":\"EntryPoint\",\"urlTemplate\":\"https:\/\/secretofsamui.com\/fr\/?s={search_term_string}\"},\"query-input\":{\"@type\":\"PropertyValueSpecification\",\"valueRequired\":true,\"valueName\":\"search_term_string\"}}],\"inLanguage\":\"fr-FR\"}]}<\/script>\n<!-- \/ Yoast SEO plugin. -->","yoast_head_json":{"title":"Matelas \u00e0 ressorts ensach\u00e9s - Gamme PREMIUM - Secret of Samui - Natural and Homemade cosmestic","description":"Profitez d'un confort de bord \u00e0 bord et d'un transfert de mouvement minimal gr\u00e2ce \u00e0 notre matelas \u00e0 ressorts ensach\u00e9s ignifug\u00e9s, fabriqu\u00e9 conform\u00e9ment aux normes d'inflammabilit\u00e9 britanniques.","robots":{"index":"index","follow":"follow","max-snippet":"max-snippet:-1","max-image-preview":"max-image-preview:large","max-video-preview":"max-video-preview:-1"},"canonical":"https:\/\/secretofsamui.com\/fr\/produit\/matelas-a-ressorts-ensaches-gamme-premium\/","og_locale":"fr_FR","og_type":"article","og_title":"Matelas \u00e0 ressorts ensach\u00e9s - Gamme PREMIUM - Secret of Samui - Natural and Homemade cosmestic","og_description":"Profitez d'un confort de bord \u00e0 bord et d'un transfert de mouvement minimal gr\u00e2ce \u00e0 notre matelas \u00e0 ressorts ensach\u00e9s ignifug\u00e9s, fabriqu\u00e9 conform\u00e9ment aux normes d'inflammabilit\u00e9 britanniques.","og_url":"https:\/\/secretofsamui.com\/fr\/produit\/matelas-a-ressorts-ensaches-gamme-premium\/","og_site_name":"Secret of Samui - Natural and Homemade cosmestic","og_image":[{"width":1024,"height":1024,"url":"https:\/\/secretofsamui.com\/wp-content\/uploads\/2025\/06\/matress-premium-2.png","type":"image\/png"}],"twitter_card":"summary_large_image","twitter_misc":{"Dur\u00e9e de lecture estim\u00e9e":"1 minute"},"schema":{"@context":"https:\/\/schema.org","@graph":[{"@type":"WebPage","@id":"https:\/\/secretofsamui.com\/fr\/produit\/matelas-a-ressorts-ensaches-gamme-premium\/","url":"https:\/\/secretofsamui.com\/fr\/produit\/matelas-a-ressorts-ensaches-gamme-premium\/","name":"Matelas \u00e0 ressorts ensach\u00e9s - Gamme PREMIUM - Secret of Samui - Natural and Homemade cosmestic","isPartOf":{"@id":"https:\/\/secretofsamui.com\/fr\/#website"},"primaryImageOfPage":{"@id":"https:\/\/secretofsamui.com\/fr\/produit\/matelas-a-ressorts-ensaches-gamme-premium\/#primaryimage"},"image":{"@id":"https:\/\/secretofsamui.com\/fr\/produit\/matelas-a-ressorts-ensaches-gamme-premium\/#primaryimage"},"thumbnailUrl":"https:\/\/secretofsamui.com\/wp-content\/uploads\/2025\/06\/matress-premium-2.png","datePublished":"2025-06-17T05:32:04+00:00","description":"Profitez d'un confort de bord \u00e0 bord et d'un transfert de mouvement minimal gr\u00e2ce \u00e0 notre matelas \u00e0 ressorts ensach\u00e9s ignifug\u00e9s, fabriqu\u00e9 conform\u00e9ment aux normes d'inflammabilit\u00e9 britanniques.","breadcrumb":{"@id":"https:\/\/secretofsamui.com\/fr\/produit\/matelas-a-ressorts-ensaches-gamme-premium\/#breadcrumb"},"inLanguage":"fr-FR","potentialAction":[{"@type":"ReadAction","target":["https:\/\/secretofsamui.com\/fr\/produit\/matelas-a-ressorts-ensaches-gamme-premium\/"]}]},{"@type":"ImageObject","inLanguage":"fr-FR","@id":"https:\/\/secretofsamui.com\/fr\/produit\/matelas-a-ressorts-ensaches-gamme-premium\/#primaryimage","url":"https:\/\/secretofsamui.com\/wp-content\/uploads\/2025\/06\/matress-premium-2.png","contentUrl":"https:\/\/secretofsamui.com\/wp-content\/uploads\/2025\/06\/matress-premium-2.png","width":1024,"height":1024,"caption":"Pocket Spring Mattress \u2013 PREMIUM Range"},{"@type":"BreadcrumbList","@id":"https:\/\/secretofsamui.com\/fr\/produit\/matelas-a-ressorts-ensaches-gamme-premium\/#breadcrumb","itemListElement":[{"@type":"ListItem","position":1,"name":"Home","item":"https:\/\/secretofsamui.com\/fr\/accueil\/"},{"@type":"ListItem","position":2,"name":"Boutique","item":"https:\/\/secretofsamui.com\/boutique\/"},{"@type":"ListItem","position":3,"name":"Matelas \u00e0 ressorts ensach\u00e9s &#8211; Gamme PREMIUM"}]},{"@type":"WebSite","@id":"https:\/\/secretofsamui.com\/fr\/#website","url":"https:\/\/secretofsamui.com\/fr\/","name":"Secret of Samui - Natural and Homemade cosmestic","description":"","potentialAction":[{"@type":"SearchAction","target":{"@type":"EntryPoint","urlTemplate":"https:\/\/secretofsamui.com\/fr\/?s={search_term_string}"},"query-input":{"@type":"PropertyValueSpecification","valueRequired":true,"valueName":"search_term_string"}}],"inLanguage":"fr-FR"}]}},"_links":{"self":[{"href":"https:\/\/secretofsamui.com\/fr\/wp-json\/wp\/v2\/product\/104127","targetHints":{"allow":["GET"]}}],"collection":[{"href":"https:\/\/secretofsamui.com\/fr\/wp-json\/wp\/v2\/product"}],"about":[{"href":"https:\/\/secretofsamui.com\/fr\/wp-json\/wp\/v2\/types\/product"}],"wp:featuredmedia":[{"embeddable":true,"href":"https:\/\/secretofsamui.com\/fr\/wp-json\/wp\/v2\/media\/103857"}],"wp:attachment":[{"href":"https:\/\/secretofsamui.com\/fr\/wp-json\/wp\/v2\/media?parent=104127"}],"wp:term":[{"taxonomy":"product_brand","embeddable":true,"href":"https:\/\/secretofsamui.com\/fr\/wp-json\/wp\/v2\/product_brand?post=104127"},{"taxonomy":"product_cat","embeddable":true,"href":"https:\/\/secretofsamui.com\/fr\/wp-json\/wp\/v2\/product_cat?post=104127"},{"taxonomy":"product_tag","embeddable":true,"href":"https:\/\/secretofsamui.com\/fr\/wp-json\/wp\/v2\/product_tag?post=104127"}],"curies":[{"name":"wp","href":"https:\/\/api.w.org\/{rel}","templated":true}]}}