{"id":104098,"date":"2025-05-23T04:56:59","date_gmt":"2025-05-23T04:56:59","guid":{"rendered":"https:\/\/secretofsamui.com\/product\/coffret-cadeau-de-la-fete-des-meres\/"},"modified":"2025-05-23T04:56:59","modified_gmt":"2025-05-23T04:56:59","slug":"coffret-cadeau-de-la-fete-des-meres","status":"publish","type":"product","link":"https:\/\/secretofsamui.com\/fr\/produit\/coffret-cadeau-de-la-fete-des-meres\/","title":{"rendered":"Coffret cadeau de la f\u00eate des m\u00e8res"},"content":{"rendered":"<p>Offrez un cadeau d&rsquo;\u00e9l\u00e9gance et de d\u00e9tente avec notre coffret de bougies et d&rsquo;huiles perl\u00e9es en \u00e9dition limit\u00e9e.<br \/>\nLuxueuse surprise con\u00e7ue pour ravir les sens et honorer le c\u0153ur de chaque maman.<\/p>\n<p>Chaque coffret comprend<\/p>\n<ul>\n<li>1 x 120g Bougie perl\u00e9e \u00e0 base de cire naturelle, non toxique, r\u00e9utilisable, longue dur\u00e9e avec une coupe en verre magnifiquement taill\u00e9e.<\/li>\n<li>1 x flacon de 10ml de votre choix :\n<ul>\n<li>Huile de parfum pour un parfum riche et durable<\/li>\n<li>Huile essentielle pour une aromath\u00e9rapie naturelle.<\/li>\n<\/ul>\n<\/li>\n<\/ul>\n<p><strong>Options de coffrets cadeaux :<\/strong><br \/>\n1. Coffret cadeau bougie perl\u00e9e et huile de parfum<br \/>\nUn r\u00e9gal sensoriel pour les amateurs de senteurs. Comprend une huile de parfum luxueuse et durable. <\/p>\n<p>2. Coffret de bougies et d&rsquo;huiles essentielles<br \/>\nId\u00e9al pour le bien-\u00eatre et la vie naturelle. Comprend une huile essentielle de qualit\u00e9 th\u00e9rapeutique. <\/p>\n<p><strong>Couleur de la bo\u00eete disponible : rouge et rose<\/strong><\/p>\n<p><img loading=\"lazy\" decoding=\"async\" class=\"alignnone size-medium wp-image-103845\" src=\"https:\/\/secretofsamui.com\/wp-content\/uploads\/2025\/05\/BOX_SET-209x300.png\" alt=\"\" width=\"209\" height=\"300\"><\/p>\n<p><strong>Avantages :<\/strong><\/p>\n<ul>\n<li>Fabriqu\u00e9 \u00e0 partir de cire naturelle<\/li>\n<li>Non toxique et \u00e0 combustion propre<\/li>\n<li>Verre d\u00e9coratif r\u00e9utilisable<\/li>\n<li>Parfaites pour offrir, se faire dorloter ou cr\u00e9er son propre sanctuaire.<\/li>\n<\/ul>\n","protected":false},"excerpt":{"rendered":"<p>Offrez un cadeau d&rsquo;\u00e9l\u00e9gance et de d\u00e9tente avec notre coffret de bougies et d&rsquo;huiles perl\u00e9es en \u00e9dition limit\u00e9e.<\/p>\n<p>Luxueuse surprise con\u00e7ue pour ravir les sens et honorer le c\u0153ur de chaque maman.<\/p>\n","protected":false},"featured_media":103792,"template":"","meta":{"_acf_changed":false,"_et_pb_use_builder":"","_et_pb_old_content":"","_et_gb_content_width":""},"product_brand":[],"product_cat":[436],"product_tag":[464],"class_list":{"0":"post-104098","1":"product","2":"type-product","3":"status-publish","4":"has-post-thumbnail","6":"product_cat-coffret-cadeau","7":"product_tag-pas-de-fda","9":"first","10":"instock","11":"taxable","12":"shipping-taxable","13":"purchasable","14":"product-type-variable","15":"has-default-attributes"},"acf":[],"yoast_head":"<!-- This site is optimized with the Yoast SEO plugin v27.2 - https:\/\/yoast.com\/product\/yoast-seo-wordpress\/ -->\n<title>Coffret cadeau de la f\u00eate des m\u00e8res - Secret of Samui - Natural and Homemade cosmestic<\/title>\n<meta name=\"description\" content=\"C\u00e9l\u00e9brez chaque maman avec notre coffret de bougies et d&#039;huiles perl\u00e9es - un m\u00e9lange exclusif d&#039;\u00e9l\u00e9gance, de parfum et de d\u00e9tente sinc\u00e8re qu&#039;elle m\u00e9rite vraiment.\" \/>\n<meta name=\"robots\" content=\"index, follow, max-snippet:-1, max-image-preview:large, max-video-preview:-1\" \/>\n<link rel=\"canonical\" href=\"https:\/\/secretofsamui.com\/fr\/produit\/coffret-cadeau-de-la-fete-des-meres\/\" \/>\n<meta property=\"og:locale\" content=\"fr_FR\" \/>\n<meta property=\"og:type\" content=\"article\" \/>\n<meta property=\"og:title\" content=\"Coffret cadeau de la f\u00eate des m\u00e8res - Secret of Samui - Natural and Homemade cosmestic\" \/>\n<meta property=\"og:description\" content=\"C\u00e9l\u00e9brez chaque maman avec notre coffret de bougies et d&#039;huiles perl\u00e9es - un m\u00e9lange exclusif d&#039;\u00e9l\u00e9gance, de parfum et de d\u00e9tente sinc\u00e8re qu&#039;elle m\u00e9rite vraiment.\" \/>\n<meta property=\"og:url\" content=\"https:\/\/secretofsamui.com\/fr\/produit\/coffret-cadeau-de-la-fete-des-meres\/\" \/>\n<meta property=\"og:site_name\" content=\"Secret of Samui - Natural and Homemade cosmestic\" \/>\n<meta property=\"og:image\" content=\"https:\/\/secretofsamui.com\/wp-content\/uploads\/2025\/05\/GIFT_SET_MOTHER_DAY.jpg\" \/>\n\t<meta property=\"og:image:width\" content=\"2000\" \/>\n\t<meta property=\"og:image:height\" content=\"2000\" \/>\n\t<meta property=\"og:image:type\" content=\"image\/jpeg\" \/>\n<meta name=\"twitter:card\" content=\"summary_large_image\" \/>\n<meta name=\"twitter:label1\" content=\"Dur\u00e9e de lecture estim\u00e9e\" \/>\n\t<meta name=\"twitter:data1\" content=\"1 minute\" \/>\n<script type=\"application\/ld+json\" class=\"yoast-schema-graph\">{\"@context\":\"https:\/\/schema.org\",\"@graph\":[{\"@type\":\"WebPage\",\"@id\":\"https:\/\/secretofsamui.com\/fr\/produit\/coffret-cadeau-de-la-fete-des-meres\/\",\"url\":\"https:\/\/secretofsamui.com\/fr\/produit\/coffret-cadeau-de-la-fete-des-meres\/\",\"name\":\"Coffret cadeau de la f\u00eate des m\u00e8res - Secret of Samui - Natural and Homemade cosmestic\",\"isPartOf\":{\"@id\":\"https:\/\/secretofsamui.com\/fr\/#website\"},\"primaryImageOfPage\":{\"@id\":\"https:\/\/secretofsamui.com\/fr\/produit\/coffret-cadeau-de-la-fete-des-meres\/#primaryimage\"},\"image\":{\"@id\":\"https:\/\/secretofsamui.com\/fr\/produit\/coffret-cadeau-de-la-fete-des-meres\/#primaryimage\"},\"thumbnailUrl\":\"https:\/\/secretofsamui.com\/wp-content\/uploads\/2025\/05\/GIFT_SET_MOTHER_DAY.jpg\",\"datePublished\":\"2025-05-23T04:56:59+00:00\",\"description\":\"C\u00e9l\u00e9brez chaque maman avec notre coffret de bougies et d'huiles perl\u00e9es - un m\u00e9lange exclusif d'\u00e9l\u00e9gance, de parfum et de d\u00e9tente sinc\u00e8re qu'elle m\u00e9rite vraiment.\",\"breadcrumb\":{\"@id\":\"https:\/\/secretofsamui.com\/fr\/produit\/coffret-cadeau-de-la-fete-des-meres\/#breadcrumb\"},\"inLanguage\":\"fr-FR\",\"potentialAction\":[{\"@type\":\"ReadAction\",\"target\":[\"https:\/\/secretofsamui.com\/fr\/produit\/coffret-cadeau-de-la-fete-des-meres\/\"]}]},{\"@type\":\"ImageObject\",\"inLanguage\":\"fr-FR\",\"@id\":\"https:\/\/secretofsamui.com\/fr\/produit\/coffret-cadeau-de-la-fete-des-meres\/#primaryimage\",\"url\":\"https:\/\/secretofsamui.com\/wp-content\/uploads\/2025\/05\/GIFT_SET_MOTHER_DAY.jpg\",\"contentUrl\":\"https:\/\/secretofsamui.com\/wp-content\/uploads\/2025\/05\/GIFT_SET_MOTHER_DAY.jpg\",\"width\":2000,\"height\":2000},{\"@type\":\"BreadcrumbList\",\"@id\":\"https:\/\/secretofsamui.com\/fr\/produit\/coffret-cadeau-de-la-fete-des-meres\/#breadcrumb\",\"itemListElement\":[{\"@type\":\"ListItem\",\"position\":1,\"name\":\"Home\",\"item\":\"https:\/\/secretofsamui.com\/fr\/accueil\/\"},{\"@type\":\"ListItem\",\"position\":2,\"name\":\"Boutique\",\"item\":\"https:\/\/secretofsamui.com\/boutique\/\"},{\"@type\":\"ListItem\",\"position\":3,\"name\":\"Coffret cadeau de la f\u00eate des m\u00e8res\"}]},{\"@type\":\"WebSite\",\"@id\":\"https:\/\/secretofsamui.com\/fr\/#website\",\"url\":\"https:\/\/secretofsamui.com\/fr\/\",\"name\":\"Secret of Samui - Natural and Homemade cosmestic\",\"description\":\"\",\"potentialAction\":[{\"@type\":\"SearchAction\",\"target\":{\"@type\":\"EntryPoint\",\"urlTemplate\":\"https:\/\/secretofsamui.com\/fr\/?s={search_term_string}\"},\"query-input\":{\"@type\":\"PropertyValueSpecification\",\"valueRequired\":true,\"valueName\":\"search_term_string\"}}],\"inLanguage\":\"fr-FR\"}]}<\/script>\n<!-- \/ Yoast SEO plugin. -->","yoast_head_json":{"title":"Coffret cadeau de la f\u00eate des m\u00e8res - Secret of Samui - Natural and Homemade cosmestic","description":"C\u00e9l\u00e9brez chaque maman avec notre coffret de bougies et d'huiles perl\u00e9es - un m\u00e9lange exclusif d'\u00e9l\u00e9gance, de parfum et de d\u00e9tente sinc\u00e8re qu'elle m\u00e9rite vraiment.","robots":{"index":"index","follow":"follow","max-snippet":"max-snippet:-1","max-image-preview":"max-image-preview:large","max-video-preview":"max-video-preview:-1"},"canonical":"https:\/\/secretofsamui.com\/fr\/produit\/coffret-cadeau-de-la-fete-des-meres\/","og_locale":"fr_FR","og_type":"article","og_title":"Coffret cadeau de la f\u00eate des m\u00e8res - Secret of Samui - Natural and Homemade cosmestic","og_description":"C\u00e9l\u00e9brez chaque maman avec notre coffret de bougies et d'huiles perl\u00e9es - un m\u00e9lange exclusif d'\u00e9l\u00e9gance, de parfum et de d\u00e9tente sinc\u00e8re qu'elle m\u00e9rite vraiment.","og_url":"https:\/\/secretofsamui.com\/fr\/produit\/coffret-cadeau-de-la-fete-des-meres\/","og_site_name":"Secret of Samui - Natural and Homemade cosmestic","og_image":[{"width":2000,"height":2000,"url":"https:\/\/secretofsamui.com\/wp-content\/uploads\/2025\/05\/GIFT_SET_MOTHER_DAY.jpg","type":"image\/jpeg"}],"twitter_card":"summary_large_image","twitter_misc":{"Dur\u00e9e de lecture estim\u00e9e":"1 minute"},"schema":{"@context":"https:\/\/schema.org","@graph":[{"@type":"WebPage","@id":"https:\/\/secretofsamui.com\/fr\/produit\/coffret-cadeau-de-la-fete-des-meres\/","url":"https:\/\/secretofsamui.com\/fr\/produit\/coffret-cadeau-de-la-fete-des-meres\/","name":"Coffret cadeau de la f\u00eate des m\u00e8res - Secret of Samui - Natural and Homemade cosmestic","isPartOf":{"@id":"https:\/\/secretofsamui.com\/fr\/#website"},"primaryImageOfPage":{"@id":"https:\/\/secretofsamui.com\/fr\/produit\/coffret-cadeau-de-la-fete-des-meres\/#primaryimage"},"image":{"@id":"https:\/\/secretofsamui.com\/fr\/produit\/coffret-cadeau-de-la-fete-des-meres\/#primaryimage"},"thumbnailUrl":"https:\/\/secretofsamui.com\/wp-content\/uploads\/2025\/05\/GIFT_SET_MOTHER_DAY.jpg","datePublished":"2025-05-23T04:56:59+00:00","description":"C\u00e9l\u00e9brez chaque maman avec notre coffret de bougies et d'huiles perl\u00e9es - un m\u00e9lange exclusif d'\u00e9l\u00e9gance, de parfum et de d\u00e9tente sinc\u00e8re qu'elle m\u00e9rite vraiment.","breadcrumb":{"@id":"https:\/\/secretofsamui.com\/fr\/produit\/coffret-cadeau-de-la-fete-des-meres\/#breadcrumb"},"inLanguage":"fr-FR","potentialAction":[{"@type":"ReadAction","target":["https:\/\/secretofsamui.com\/fr\/produit\/coffret-cadeau-de-la-fete-des-meres\/"]}]},{"@type":"ImageObject","inLanguage":"fr-FR","@id":"https:\/\/secretofsamui.com\/fr\/produit\/coffret-cadeau-de-la-fete-des-meres\/#primaryimage","url":"https:\/\/secretofsamui.com\/wp-content\/uploads\/2025\/05\/GIFT_SET_MOTHER_DAY.jpg","contentUrl":"https:\/\/secretofsamui.com\/wp-content\/uploads\/2025\/05\/GIFT_SET_MOTHER_DAY.jpg","width":2000,"height":2000},{"@type":"BreadcrumbList","@id":"https:\/\/secretofsamui.com\/fr\/produit\/coffret-cadeau-de-la-fete-des-meres\/#breadcrumb","itemListElement":[{"@type":"ListItem","position":1,"name":"Home","item":"https:\/\/secretofsamui.com\/fr\/accueil\/"},{"@type":"ListItem","position":2,"name":"Boutique","item":"https:\/\/secretofsamui.com\/boutique\/"},{"@type":"ListItem","position":3,"name":"Coffret cadeau de la f\u00eate des m\u00e8res"}]},{"@type":"WebSite","@id":"https:\/\/secretofsamui.com\/fr\/#website","url":"https:\/\/secretofsamui.com\/fr\/","name":"Secret of Samui - Natural and Homemade cosmestic","description":"","potentialAction":[{"@type":"SearchAction","target":{"@type":"EntryPoint","urlTemplate":"https:\/\/secretofsamui.com\/fr\/?s={search_term_string}"},"query-input":{"@type":"PropertyValueSpecification","valueRequired":true,"valueName":"search_term_string"}}],"inLanguage":"fr-FR"}]}},"_links":{"self":[{"href":"https:\/\/secretofsamui.com\/fr\/wp-json\/wp\/v2\/product\/104098","targetHints":{"allow":["GET"]}}],"collection":[{"href":"https:\/\/secretofsamui.com\/fr\/wp-json\/wp\/v2\/product"}],"about":[{"href":"https:\/\/secretofsamui.com\/fr\/wp-json\/wp\/v2\/types\/product"}],"wp:featuredmedia":[{"embeddable":true,"href":"https:\/\/secretofsamui.com\/fr\/wp-json\/wp\/v2\/media\/103792"}],"wp:attachment":[{"href":"https:\/\/secretofsamui.com\/fr\/wp-json\/wp\/v2\/media?parent=104098"}],"wp:term":[{"taxonomy":"product_brand","embeddable":true,"href":"https:\/\/secretofsamui.com\/fr\/wp-json\/wp\/v2\/product_brand?post=104098"},{"taxonomy":"product_cat","embeddable":true,"href":"https:\/\/secretofsamui.com\/fr\/wp-json\/wp\/v2\/product_cat?post=104098"},{"taxonomy":"product_tag","embeddable":true,"href":"https:\/\/secretofsamui.com\/fr\/wp-json\/wp\/v2\/product_tag?post=104098"}],"curies":[{"name":"wp","href":"https:\/\/api.w.org\/{rel}","templated":true}]}}