{"id":104097,"date":"2025-06-17T06:42:31","date_gmt":"2025-06-17T06:42:31","guid":{"rendered":"https:\/\/secretofsamui.com\/product\/sur-matelas-super-doux\/"},"modified":"2025-06-17T06:42:31","modified_gmt":"2025-06-17T06:42:31","slug":"sur-matelas-super-doux","status":"publish","type":"product","link":"https:\/\/secretofsamui.com\/fr\/produit\/sur-matelas-super-doux\/","title":{"rendered":"Sur-matelas super doux"},"content":{"rendered":"<p>Am\u00e9liorez votre exp\u00e9rience de sommeil avec notre <strong>surmatelas super doux<\/strong>, qui a fait ses preuves dans les h\u00f4tels de luxe et qui est d\u00e9sormais disponible pour votre domicile. Con\u00e7u pour apporter une couche suppl\u00e9mentaire de confort moelleux, ce sur-matelas de 7 cm d&rsquo;\u00e9paisseur transforme m\u00eame les matelas les plus fermes en une surface semblable \u00e0 un nuage, sans sacrifier le soutien. <\/p>\n<p>Fabriqu\u00e9 en coton 165 g\/m\u00b2 imperm\u00e9able et rempli de microfibres ultra-douces, il soulage les points de pression, favorise une meilleure circulation sanguine et assure une excellente circulation de l&rsquo;air pour un sommeil frais et r\u00e9parateur.<\/p>\n<p>Ce produit n&rsquo;est pas vendu en ligne. <a href=\"https:\/\/secretofsamui.com\/contact-us\/\">Contactez-nous<\/a> par email pour demander un devis personnalis\u00e9 pour des commandes priv\u00e9es ou des projets (h\u00f4tels, villas, spas&#8230;).<\/p>\n<p><strong>Avantages pour la sant\u00e9<\/strong><\/p>\n<ul>\n<li>Hypoallerg\u00e9nique et respectueux de la peau<\/li>\n<li>Soulage les points de pression<\/li>\n<li>Favorise une bonne circulation sanguine<\/li>\n<li>Favorise une relaxation plus profonde<\/li>\n<li>Respirant avec une meilleure circulation de l&rsquo;air<\/li>\n<\/ul>\n<p><strong>Caract\u00e9ristiques principales<\/strong><\/p>\n<ul>\n<li>7 cm d&rsquo;\u00e9paisseur pour un confort maximal<\/li>\n<li>Couverture en coton imperm\u00e9able de 165 g\/m\u00b2.<\/li>\n<li>Rembourrage en microfibre ultra-douce<\/li>\n<li>Inodore et sans substances nocives<\/li>\n<li>Lavable en machine (ne pas javelliser)<\/li>\n<li>Sans plumes<\/li>\n<li>Durable et p\u00e9renne<\/li>\n<\/ul>\n","protected":false},"excerpt":{"rendered":"<p>Am\u00e9liorez votre sommeil avec notre sur-matelas super doux, con\u00e7u pour apporter le confort d&rsquo;un h\u00f4tel dans votre maison. Surmatelas en microfibre ultra-douce de 7 cm d&rsquo;\u00e9paisseur pour un confort digne d&rsquo;un h\u00f4tel. Hypoallerg\u00e9nique, respirant et lavable en machine.  <\/p>\n<p>Ce produit n&rsquo;est pas vendu en ligne. Veuillez <a href=\"https:\/\/secretofsamui.com\/contact-us\/\">nous contacter<\/a>. <\/p>\n","protected":false},"featured_media":103940,"template":"","meta":{"_acf_changed":false,"_et_pb_use_builder":"","_et_pb_old_content":"","_et_gb_content_width":""},"product_brand":[],"product_cat":[672,437],"product_tag":[464],"class_list":{"0":"post-104097","1":"product","2":"type-product","3":"status-publish","4":"has-post-thumbnail","6":"product_cat-matelas","7":"product_cat-soin-de-la-maison","8":"product_tag-pas-de-fda","10":"first","11":"instock","12":"taxable","13":"shipping-taxable","14":"product-type-simple"},"acf":[],"yoast_head":"<!-- This site is optimized with the Yoast SEO plugin v27.2 - https:\/\/yoast.com\/product\/yoast-seo-wordpress\/ -->\n<title>Sur-matelas super doux - Secret of Samui - Natural and Homemade cosmestic<\/title>\n<meta name=\"description\" content=\"Am\u00e9liorez votre sommeil avec ce sur-matelas hypoallerg\u00e9nique de 7 cm - doux, respirant, et reconnu par les h\u00f4tels de luxe pour son confort ultime.\" \/>\n<meta name=\"robots\" content=\"index, follow, max-snippet:-1, max-image-preview:large, max-video-preview:-1\" \/>\n<link rel=\"canonical\" href=\"https:\/\/secretofsamui.com\/fr\/produit\/sur-matelas-super-doux\/\" \/>\n<meta property=\"og:locale\" content=\"fr_FR\" \/>\n<meta property=\"og:type\" content=\"article\" \/>\n<meta property=\"og:title\" content=\"Sur-matelas super doux - Secret of Samui - Natural and Homemade cosmestic\" \/>\n<meta property=\"og:description\" content=\"Am\u00e9liorez votre sommeil avec ce sur-matelas hypoallerg\u00e9nique de 7 cm - doux, respirant, et reconnu par les h\u00f4tels de luxe pour son confort ultime.\" \/>\n<meta property=\"og:url\" content=\"https:\/\/secretofsamui.com\/fr\/produit\/sur-matelas-super-doux\/\" \/>\n<meta property=\"og:site_name\" content=\"Secret of Samui - Natural and Homemade cosmestic\" \/>\n<meta property=\"og:image\" content=\"https:\/\/secretofsamui.com\/wp-content\/uploads\/2025\/06\/mattress-topper.png\" \/>\n\t<meta property=\"og:image:width\" content=\"1024\" \/>\n\t<meta property=\"og:image:height\" content=\"1024\" \/>\n\t<meta property=\"og:image:type\" content=\"image\/png\" \/>\n<meta name=\"twitter:card\" content=\"summary_large_image\" \/>\n<meta name=\"twitter:label1\" content=\"Dur\u00e9e de lecture estim\u00e9e\" \/>\n\t<meta name=\"twitter:data1\" content=\"1 minute\" \/>\n<script type=\"application\/ld+json\" class=\"yoast-schema-graph\">{\"@context\":\"https:\/\/schema.org\",\"@graph\":[{\"@type\":\"WebPage\",\"@id\":\"https:\/\/secretofsamui.com\/fr\/produit\/sur-matelas-super-doux\/\",\"url\":\"https:\/\/secretofsamui.com\/fr\/produit\/sur-matelas-super-doux\/\",\"name\":\"Sur-matelas super doux - Secret of Samui - Natural and Homemade cosmestic\",\"isPartOf\":{\"@id\":\"https:\/\/secretofsamui.com\/fr\/#website\"},\"primaryImageOfPage\":{\"@id\":\"https:\/\/secretofsamui.com\/fr\/produit\/sur-matelas-super-doux\/#primaryimage\"},\"image\":{\"@id\":\"https:\/\/secretofsamui.com\/fr\/produit\/sur-matelas-super-doux\/#primaryimage\"},\"thumbnailUrl\":\"https:\/\/secretofsamui.com\/wp-content\/uploads\/2025\/06\/mattress-topper.png\",\"datePublished\":\"2025-06-17T06:42:31+00:00\",\"description\":\"Am\u00e9liorez votre sommeil avec ce sur-matelas hypoallerg\u00e9nique de 7 cm - doux, respirant, et reconnu par les h\u00f4tels de luxe pour son confort ultime.\",\"breadcrumb\":{\"@id\":\"https:\/\/secretofsamui.com\/fr\/produit\/sur-matelas-super-doux\/#breadcrumb\"},\"inLanguage\":\"fr-FR\",\"potentialAction\":[{\"@type\":\"ReadAction\",\"target\":[\"https:\/\/secretofsamui.com\/fr\/produit\/sur-matelas-super-doux\/\"]}]},{\"@type\":\"ImageObject\",\"inLanguage\":\"fr-FR\",\"@id\":\"https:\/\/secretofsamui.com\/fr\/produit\/sur-matelas-super-doux\/#primaryimage\",\"url\":\"https:\/\/secretofsamui.com\/wp-content\/uploads\/2025\/06\/mattress-topper.png\",\"contentUrl\":\"https:\/\/secretofsamui.com\/wp-content\/uploads\/2025\/06\/mattress-topper.png\",\"width\":1024,\"height\":1024,\"caption\":\"Mattress Topper\"},{\"@type\":\"BreadcrumbList\",\"@id\":\"https:\/\/secretofsamui.com\/fr\/produit\/sur-matelas-super-doux\/#breadcrumb\",\"itemListElement\":[{\"@type\":\"ListItem\",\"position\":1,\"name\":\"Home\",\"item\":\"https:\/\/secretofsamui.com\/fr\/accueil\/\"},{\"@type\":\"ListItem\",\"position\":2,\"name\":\"Boutique\",\"item\":\"https:\/\/secretofsamui.com\/boutique\/\"},{\"@type\":\"ListItem\",\"position\":3,\"name\":\"Sur-matelas super doux\"}]},{\"@type\":\"WebSite\",\"@id\":\"https:\/\/secretofsamui.com\/fr\/#website\",\"url\":\"https:\/\/secretofsamui.com\/fr\/\",\"name\":\"Secret of Samui - Natural and Homemade cosmestic\",\"description\":\"\",\"potentialAction\":[{\"@type\":\"SearchAction\",\"target\":{\"@type\":\"EntryPoint\",\"urlTemplate\":\"https:\/\/secretofsamui.com\/fr\/?s={search_term_string}\"},\"query-input\":{\"@type\":\"PropertyValueSpecification\",\"valueRequired\":true,\"valueName\":\"search_term_string\"}}],\"inLanguage\":\"fr-FR\"}]}<\/script>\n<!-- \/ Yoast SEO plugin. -->","yoast_head_json":{"title":"Sur-matelas super doux - Secret of Samui - Natural and Homemade cosmestic","description":"Am\u00e9liorez votre sommeil avec ce sur-matelas hypoallerg\u00e9nique de 7 cm - doux, respirant, et reconnu par les h\u00f4tels de luxe pour son confort ultime.","robots":{"index":"index","follow":"follow","max-snippet":"max-snippet:-1","max-image-preview":"max-image-preview:large","max-video-preview":"max-video-preview:-1"},"canonical":"https:\/\/secretofsamui.com\/fr\/produit\/sur-matelas-super-doux\/","og_locale":"fr_FR","og_type":"article","og_title":"Sur-matelas super doux - Secret of Samui - Natural and Homemade cosmestic","og_description":"Am\u00e9liorez votre sommeil avec ce sur-matelas hypoallerg\u00e9nique de 7 cm - doux, respirant, et reconnu par les h\u00f4tels de luxe pour son confort ultime.","og_url":"https:\/\/secretofsamui.com\/fr\/produit\/sur-matelas-super-doux\/","og_site_name":"Secret of Samui - Natural and Homemade cosmestic","og_image":[{"width":1024,"height":1024,"url":"https:\/\/secretofsamui.com\/wp-content\/uploads\/2025\/06\/mattress-topper.png","type":"image\/png"}],"twitter_card":"summary_large_image","twitter_misc":{"Dur\u00e9e de lecture estim\u00e9e":"1 minute"},"schema":{"@context":"https:\/\/schema.org","@graph":[{"@type":"WebPage","@id":"https:\/\/secretofsamui.com\/fr\/produit\/sur-matelas-super-doux\/","url":"https:\/\/secretofsamui.com\/fr\/produit\/sur-matelas-super-doux\/","name":"Sur-matelas super doux - Secret of Samui - Natural and Homemade cosmestic","isPartOf":{"@id":"https:\/\/secretofsamui.com\/fr\/#website"},"primaryImageOfPage":{"@id":"https:\/\/secretofsamui.com\/fr\/produit\/sur-matelas-super-doux\/#primaryimage"},"image":{"@id":"https:\/\/secretofsamui.com\/fr\/produit\/sur-matelas-super-doux\/#primaryimage"},"thumbnailUrl":"https:\/\/secretofsamui.com\/wp-content\/uploads\/2025\/06\/mattress-topper.png","datePublished":"2025-06-17T06:42:31+00:00","description":"Am\u00e9liorez votre sommeil avec ce sur-matelas hypoallerg\u00e9nique de 7 cm - doux, respirant, et reconnu par les h\u00f4tels de luxe pour son confort ultime.","breadcrumb":{"@id":"https:\/\/secretofsamui.com\/fr\/produit\/sur-matelas-super-doux\/#breadcrumb"},"inLanguage":"fr-FR","potentialAction":[{"@type":"ReadAction","target":["https:\/\/secretofsamui.com\/fr\/produit\/sur-matelas-super-doux\/"]}]},{"@type":"ImageObject","inLanguage":"fr-FR","@id":"https:\/\/secretofsamui.com\/fr\/produit\/sur-matelas-super-doux\/#primaryimage","url":"https:\/\/secretofsamui.com\/wp-content\/uploads\/2025\/06\/mattress-topper.png","contentUrl":"https:\/\/secretofsamui.com\/wp-content\/uploads\/2025\/06\/mattress-topper.png","width":1024,"height":1024,"caption":"Mattress Topper"},{"@type":"BreadcrumbList","@id":"https:\/\/secretofsamui.com\/fr\/produit\/sur-matelas-super-doux\/#breadcrumb","itemListElement":[{"@type":"ListItem","position":1,"name":"Home","item":"https:\/\/secretofsamui.com\/fr\/accueil\/"},{"@type":"ListItem","position":2,"name":"Boutique","item":"https:\/\/secretofsamui.com\/boutique\/"},{"@type":"ListItem","position":3,"name":"Sur-matelas super doux"}]},{"@type":"WebSite","@id":"https:\/\/secretofsamui.com\/fr\/#website","url":"https:\/\/secretofsamui.com\/fr\/","name":"Secret of Samui - Natural and Homemade cosmestic","description":"","potentialAction":[{"@type":"SearchAction","target":{"@type":"EntryPoint","urlTemplate":"https:\/\/secretofsamui.com\/fr\/?s={search_term_string}"},"query-input":{"@type":"PropertyValueSpecification","valueRequired":true,"valueName":"search_term_string"}}],"inLanguage":"fr-FR"}]}},"_links":{"self":[{"href":"https:\/\/secretofsamui.com\/fr\/wp-json\/wp\/v2\/product\/104097","targetHints":{"allow":["GET"]}}],"collection":[{"href":"https:\/\/secretofsamui.com\/fr\/wp-json\/wp\/v2\/product"}],"about":[{"href":"https:\/\/secretofsamui.com\/fr\/wp-json\/wp\/v2\/types\/product"}],"wp:featuredmedia":[{"embeddable":true,"href":"https:\/\/secretofsamui.com\/fr\/wp-json\/wp\/v2\/media\/103940"}],"wp:attachment":[{"href":"https:\/\/secretofsamui.com\/fr\/wp-json\/wp\/v2\/media?parent=104097"}],"wp:term":[{"taxonomy":"product_brand","embeddable":true,"href":"https:\/\/secretofsamui.com\/fr\/wp-json\/wp\/v2\/product_brand?post=104097"},{"taxonomy":"product_cat","embeddable":true,"href":"https:\/\/secretofsamui.com\/fr\/wp-json\/wp\/v2\/product_cat?post=104097"},{"taxonomy":"product_tag","embeddable":true,"href":"https:\/\/secretofsamui.com\/fr\/wp-json\/wp\/v2\/product_tag?post=104097"}],"curies":[{"name":"wp","href":"https:\/\/api.w.org\/{rel}","templated":true}]}}