{"id":104096,"date":"2025-06-17T06:59:13","date_gmt":"2025-06-17T06:59:13","guid":{"rendered":"https:\/\/secretofsamui.com\/product\/matelas-a-ressorts-ensaches-gamme-excellence\/"},"modified":"2025-06-17T06:59:13","modified_gmt":"2025-06-17T06:59:13","slug":"matelas-a-ressorts-ensaches-gamme-excellence","status":"publish","type":"product","link":"https:\/\/secretofsamui.com\/fr\/produit\/matelas-a-ressorts-ensaches-gamme-excellence\/","title":{"rendered":"Matelas \u00e0 ressorts ensach\u00e9s &#8211; Gamme EXCELLENCE"},"content":{"rendered":"<p>Am\u00e9liorez votre sommeil avec le <strong>matelas \u00e0 ressorts ensach\u00e9s de la gamme EXCELLENCE<\/strong>, con\u00e7u pour un repos ininterrompu et un soutien durable.<\/p>\n<p>Gr\u00e2ce \u00e0 la technologie avanc\u00e9e des ressorts ensach\u00e9s, chaque ressort bouge ind\u00e9pendamment, r\u00e9duisant ainsi le transfert de mouvement \u00e0 travers le matelas. Cela signifie que vous et votre partenaire profitez d&rsquo;une nuit de sommeil paisible, sans perturbations, m\u00eame si l&rsquo;un d&rsquo;entre vous bouge. <\/p>\n<p>Gr\u00e2ce \u00e0 sa conception bord \u00e0 bord, ce matelas offre une utilisation compl\u00e8te de la surface de couchage et un meilleur soutien sous tous les angles.<\/p>\n<p><strong>Technologie Pocket Coil<\/strong><\/p>\n<ul>\n<li>Ressorts ensach\u00e9s individuellement<\/li>\n<li>Isolation renforc\u00e9e des mouvements<\/li>\n<li>Confort et soutien d&rsquo;un bord \u00e0 l&rsquo;autre<\/li>\n<li>Id\u00e9al pour les couples<\/li>\n<\/ul>\n<p><strong>Normes d&rsquo;inflammabilit\u00e9 &#8211; BS 7175<\/strong><\/p>\n<ul>\n<li>Test\u00e9 sur le tissu uniquement et certifi\u00e9 ignifuge :<\/li>\n<li>R\u00e9sistant \u00e0 l&rsquo;inflammation des cigarettes fumantes<\/li>\n<li>R\u00e9sistant \u00e0 l&rsquo;allumage d&rsquo;une flamme \u00e9quivalente \u00e0 celle d&rsquo;une allumette<\/li>\n<\/ul>\n<p>Id\u00e9al pour les h\u00f4tels, les villas de luxe, les maisons d&rsquo;h\u00f4tes et les r\u00e9sidences de luxe.<\/p>\n<p>Non disponible en ligne. Pour des devis, des commandes en gros ou des d\u00e9tails techniques, veuillez <a href=\"https:\/\/secretofsamui.com\/contact-us\/\">nous contacter<\/a> directement par e-mail. <\/p>\n","protected":false},"excerpt":{"rendered":"<p>Matelas \u00e0 ressorts ensach\u00e9s haut de gamme de la gamme EXCELLENCE. Confort maximal, soutien d&rsquo;un bord \u00e0 l&rsquo;autre et tissu ignifug\u00e9 certifi\u00e9. 3 tailles :  <\/p>\n<ul>\n<li>107 x 198 cm (42&Prime; x 78&Prime;) ou 3,5 Ft<\/li>\n<li>152 x 198 cm (60&Prime; x 78&Prime;) ou 5 Ft<\/li>\n<li>183 x 198 cm (72&Prime; x 78&Prime;) ou 6 Ft<\/li>\n<\/ul>\n<p>Hauteur : 28 cm (11&Prime;).<\/p>\n<p>Ce produit n&rsquo;est pas vendu en ligne. Veuillez <a href=\"https:\/\/secretofsamui.com\/contact-us\/\">nous contacter<\/a>. <\/p>\n","protected":false},"featured_media":103960,"template":"","meta":{"_acf_changed":false,"_et_pb_use_builder":"","_et_pb_old_content":"","_et_gb_content_width":""},"product_brand":[],"product_cat":[672,437],"product_tag":[464],"class_list":{"0":"post-104096","1":"product","2":"type-product","3":"status-publish","4":"has-post-thumbnail","6":"product_cat-matelas","7":"product_cat-soin-de-la-maison","8":"product_tag-pas-de-fda","10":"first","11":"instock","12":"taxable","13":"shipping-taxable","14":"product-type-simple"},"acf":[],"yoast_head":"<!-- This site is optimized with the Yoast SEO plugin v27.2 - https:\/\/yoast.com\/product\/yoast-seo-wordpress\/ -->\n<title>Matelas \u00e0 ressorts ensach\u00e9s - Gamme EXCELLENCE - Secret of Samui - Natural and Homemade cosmestic<\/title>\n<meta name=\"description\" content=\"Dormez sans \u00eatre d\u00e9rang\u00e9 avec ce matelas \u00e0 ressorts ensach\u00e9s - confort d&#039;un bord \u00e0 l&#039;autre, faible transfert de mouvement et tissu ignifug\u00e9 r\u00e9pondant aux normes BS 7175.\" \/>\n<meta name=\"robots\" content=\"index, follow, max-snippet:-1, max-image-preview:large, max-video-preview:-1\" \/>\n<link rel=\"canonical\" href=\"https:\/\/secretofsamui.com\/fr\/produit\/matelas-a-ressorts-ensaches-gamme-excellence\/\" \/>\n<meta property=\"og:locale\" content=\"fr_FR\" \/>\n<meta property=\"og:type\" content=\"article\" \/>\n<meta property=\"og:title\" content=\"Matelas \u00e0 ressorts ensach\u00e9s - Gamme EXCELLENCE - Secret of Samui - Natural and Homemade cosmestic\" \/>\n<meta property=\"og:description\" content=\"Dormez sans \u00eatre d\u00e9rang\u00e9 avec ce matelas \u00e0 ressorts ensach\u00e9s - confort d&#039;un bord \u00e0 l&#039;autre, faible transfert de mouvement et tissu ignifug\u00e9 r\u00e9pondant aux normes BS 7175.\" \/>\n<meta property=\"og:url\" content=\"https:\/\/secretofsamui.com\/fr\/produit\/matelas-a-ressorts-ensaches-gamme-excellence\/\" \/>\n<meta property=\"og:site_name\" content=\"Secret of Samui - Natural and Homemade cosmestic\" \/>\n<meta property=\"og:image\" content=\"https:\/\/secretofsamui.com\/wp-content\/uploads\/2025\/06\/mattress-excellence.jpg\" \/>\n\t<meta property=\"og:image:width\" content=\"1024\" \/>\n\t<meta property=\"og:image:height\" content=\"1024\" \/>\n\t<meta property=\"og:image:type\" content=\"image\/jpeg\" \/>\n<meta name=\"twitter:card\" content=\"summary_large_image\" \/>\n<meta name=\"twitter:label1\" content=\"Dur\u00e9e de lecture estim\u00e9e\" \/>\n\t<meta name=\"twitter:data1\" content=\"1 minute\" \/>\n<script type=\"application\/ld+json\" class=\"yoast-schema-graph\">{\"@context\":\"https:\/\/schema.org\",\"@graph\":[{\"@type\":\"WebPage\",\"@id\":\"https:\/\/secretofsamui.com\/fr\/produit\/matelas-a-ressorts-ensaches-gamme-excellence\/\",\"url\":\"https:\/\/secretofsamui.com\/fr\/produit\/matelas-a-ressorts-ensaches-gamme-excellence\/\",\"name\":\"Matelas \u00e0 ressorts ensach\u00e9s - Gamme EXCELLENCE - Secret of Samui - Natural and Homemade cosmestic\",\"isPartOf\":{\"@id\":\"https:\/\/secretofsamui.com\/fr\/#website\"},\"primaryImageOfPage\":{\"@id\":\"https:\/\/secretofsamui.com\/fr\/produit\/matelas-a-ressorts-ensaches-gamme-excellence\/#primaryimage\"},\"image\":{\"@id\":\"https:\/\/secretofsamui.com\/fr\/produit\/matelas-a-ressorts-ensaches-gamme-excellence\/#primaryimage\"},\"thumbnailUrl\":\"https:\/\/secretofsamui.com\/wp-content\/uploads\/2025\/06\/mattress-excellence.jpg\",\"datePublished\":\"2025-06-17T06:59:13+00:00\",\"description\":\"Dormez sans \u00eatre d\u00e9rang\u00e9 avec ce matelas \u00e0 ressorts ensach\u00e9s - confort d'un bord \u00e0 l'autre, faible transfert de mouvement et tissu ignifug\u00e9 r\u00e9pondant aux normes BS 7175.\",\"breadcrumb\":{\"@id\":\"https:\/\/secretofsamui.com\/fr\/produit\/matelas-a-ressorts-ensaches-gamme-excellence\/#breadcrumb\"},\"inLanguage\":\"fr-FR\",\"potentialAction\":[{\"@type\":\"ReadAction\",\"target\":[\"https:\/\/secretofsamui.com\/fr\/produit\/matelas-a-ressorts-ensaches-gamme-excellence\/\"]}]},{\"@type\":\"ImageObject\",\"inLanguage\":\"fr-FR\",\"@id\":\"https:\/\/secretofsamui.com\/fr\/produit\/matelas-a-ressorts-ensaches-gamme-excellence\/#primaryimage\",\"url\":\"https:\/\/secretofsamui.com\/wp-content\/uploads\/2025\/06\/mattress-excellence.jpg\",\"contentUrl\":\"https:\/\/secretofsamui.com\/wp-content\/uploads\/2025\/06\/mattress-excellence.jpg\",\"width\":1024,\"height\":1024,\"caption\":\"Mattress Excellence\"},{\"@type\":\"BreadcrumbList\",\"@id\":\"https:\/\/secretofsamui.com\/fr\/produit\/matelas-a-ressorts-ensaches-gamme-excellence\/#breadcrumb\",\"itemListElement\":[{\"@type\":\"ListItem\",\"position\":1,\"name\":\"Home\",\"item\":\"https:\/\/secretofsamui.com\/fr\/accueil\/\"},{\"@type\":\"ListItem\",\"position\":2,\"name\":\"Boutique\",\"item\":\"https:\/\/secretofsamui.com\/boutique\/\"},{\"@type\":\"ListItem\",\"position\":3,\"name\":\"Matelas \u00e0 ressorts ensach\u00e9s &#8211; Gamme EXCELLENCE\"}]},{\"@type\":\"WebSite\",\"@id\":\"https:\/\/secretofsamui.com\/fr\/#website\",\"url\":\"https:\/\/secretofsamui.com\/fr\/\",\"name\":\"Secret of Samui - Natural and Homemade cosmestic\",\"description\":\"\",\"potentialAction\":[{\"@type\":\"SearchAction\",\"target\":{\"@type\":\"EntryPoint\",\"urlTemplate\":\"https:\/\/secretofsamui.com\/fr\/?s={search_term_string}\"},\"query-input\":{\"@type\":\"PropertyValueSpecification\",\"valueRequired\":true,\"valueName\":\"search_term_string\"}}],\"inLanguage\":\"fr-FR\"}]}<\/script>\n<!-- \/ Yoast SEO plugin. -->","yoast_head_json":{"title":"Matelas \u00e0 ressorts ensach\u00e9s - Gamme EXCELLENCE - Secret of Samui - Natural and Homemade cosmestic","description":"Dormez sans \u00eatre d\u00e9rang\u00e9 avec ce matelas \u00e0 ressorts ensach\u00e9s - confort d'un bord \u00e0 l'autre, faible transfert de mouvement et tissu ignifug\u00e9 r\u00e9pondant aux normes BS 7175.","robots":{"index":"index","follow":"follow","max-snippet":"max-snippet:-1","max-image-preview":"max-image-preview:large","max-video-preview":"max-video-preview:-1"},"canonical":"https:\/\/secretofsamui.com\/fr\/produit\/matelas-a-ressorts-ensaches-gamme-excellence\/","og_locale":"fr_FR","og_type":"article","og_title":"Matelas \u00e0 ressorts ensach\u00e9s - Gamme EXCELLENCE - Secret of Samui - Natural and Homemade cosmestic","og_description":"Dormez sans \u00eatre d\u00e9rang\u00e9 avec ce matelas \u00e0 ressorts ensach\u00e9s - confort d'un bord \u00e0 l'autre, faible transfert de mouvement et tissu ignifug\u00e9 r\u00e9pondant aux normes BS 7175.","og_url":"https:\/\/secretofsamui.com\/fr\/produit\/matelas-a-ressorts-ensaches-gamme-excellence\/","og_site_name":"Secret of Samui - Natural and Homemade cosmestic","og_image":[{"width":1024,"height":1024,"url":"https:\/\/secretofsamui.com\/wp-content\/uploads\/2025\/06\/mattress-excellence.jpg","type":"image\/jpeg"}],"twitter_card":"summary_large_image","twitter_misc":{"Dur\u00e9e de lecture estim\u00e9e":"1 minute"},"schema":{"@context":"https:\/\/schema.org","@graph":[{"@type":"WebPage","@id":"https:\/\/secretofsamui.com\/fr\/produit\/matelas-a-ressorts-ensaches-gamme-excellence\/","url":"https:\/\/secretofsamui.com\/fr\/produit\/matelas-a-ressorts-ensaches-gamme-excellence\/","name":"Matelas \u00e0 ressorts ensach\u00e9s - Gamme EXCELLENCE - Secret of Samui - Natural and Homemade cosmestic","isPartOf":{"@id":"https:\/\/secretofsamui.com\/fr\/#website"},"primaryImageOfPage":{"@id":"https:\/\/secretofsamui.com\/fr\/produit\/matelas-a-ressorts-ensaches-gamme-excellence\/#primaryimage"},"image":{"@id":"https:\/\/secretofsamui.com\/fr\/produit\/matelas-a-ressorts-ensaches-gamme-excellence\/#primaryimage"},"thumbnailUrl":"https:\/\/secretofsamui.com\/wp-content\/uploads\/2025\/06\/mattress-excellence.jpg","datePublished":"2025-06-17T06:59:13+00:00","description":"Dormez sans \u00eatre d\u00e9rang\u00e9 avec ce matelas \u00e0 ressorts ensach\u00e9s - confort d'un bord \u00e0 l'autre, faible transfert de mouvement et tissu ignifug\u00e9 r\u00e9pondant aux normes BS 7175.","breadcrumb":{"@id":"https:\/\/secretofsamui.com\/fr\/produit\/matelas-a-ressorts-ensaches-gamme-excellence\/#breadcrumb"},"inLanguage":"fr-FR","potentialAction":[{"@type":"ReadAction","target":["https:\/\/secretofsamui.com\/fr\/produit\/matelas-a-ressorts-ensaches-gamme-excellence\/"]}]},{"@type":"ImageObject","inLanguage":"fr-FR","@id":"https:\/\/secretofsamui.com\/fr\/produit\/matelas-a-ressorts-ensaches-gamme-excellence\/#primaryimage","url":"https:\/\/secretofsamui.com\/wp-content\/uploads\/2025\/06\/mattress-excellence.jpg","contentUrl":"https:\/\/secretofsamui.com\/wp-content\/uploads\/2025\/06\/mattress-excellence.jpg","width":1024,"height":1024,"caption":"Mattress Excellence"},{"@type":"BreadcrumbList","@id":"https:\/\/secretofsamui.com\/fr\/produit\/matelas-a-ressorts-ensaches-gamme-excellence\/#breadcrumb","itemListElement":[{"@type":"ListItem","position":1,"name":"Home","item":"https:\/\/secretofsamui.com\/fr\/accueil\/"},{"@type":"ListItem","position":2,"name":"Boutique","item":"https:\/\/secretofsamui.com\/boutique\/"},{"@type":"ListItem","position":3,"name":"Matelas \u00e0 ressorts ensach\u00e9s &#8211; Gamme EXCELLENCE"}]},{"@type":"WebSite","@id":"https:\/\/secretofsamui.com\/fr\/#website","url":"https:\/\/secretofsamui.com\/fr\/","name":"Secret of Samui - Natural and Homemade cosmestic","description":"","potentialAction":[{"@type":"SearchAction","target":{"@type":"EntryPoint","urlTemplate":"https:\/\/secretofsamui.com\/fr\/?s={search_term_string}"},"query-input":{"@type":"PropertyValueSpecification","valueRequired":true,"valueName":"search_term_string"}}],"inLanguage":"fr-FR"}]}},"_links":{"self":[{"href":"https:\/\/secretofsamui.com\/fr\/wp-json\/wp\/v2\/product\/104096","targetHints":{"allow":["GET"]}}],"collection":[{"href":"https:\/\/secretofsamui.com\/fr\/wp-json\/wp\/v2\/product"}],"about":[{"href":"https:\/\/secretofsamui.com\/fr\/wp-json\/wp\/v2\/types\/product"}],"wp:featuredmedia":[{"embeddable":true,"href":"https:\/\/secretofsamui.com\/fr\/wp-json\/wp\/v2\/media\/103960"}],"wp:attachment":[{"href":"https:\/\/secretofsamui.com\/fr\/wp-json\/wp\/v2\/media?parent=104096"}],"wp:term":[{"taxonomy":"product_brand","embeddable":true,"href":"https:\/\/secretofsamui.com\/fr\/wp-json\/wp\/v2\/product_brand?post=104096"},{"taxonomy":"product_cat","embeddable":true,"href":"https:\/\/secretofsamui.com\/fr\/wp-json\/wp\/v2\/product_cat?post=104096"},{"taxonomy":"product_tag","embeddable":true,"href":"https:\/\/secretofsamui.com\/fr\/wp-json\/wp\/v2\/product_tag?post=104096"}],"curies":[{"name":"wp","href":"https:\/\/api.w.org\/{rel}","templated":true}]}}