{"id":104088,"date":"2025-06-17T07:08:55","date_gmt":"2025-06-17T07:08:55","guid":{"rendered":"https:\/\/secretofsamui.com\/product\/chemin-de-lit\/"},"modified":"2025-06-17T07:08:55","modified_gmt":"2025-06-17T07:08:55","slug":"chemin-de-lit","status":"publish","type":"product","link":"https:\/\/secretofsamui.com\/fr\/produit\/chemin-de-lit\/","title":{"rendered":"Chemin de lit"},"content":{"rendered":"<p>Rehaussez le style de votre chambre \u00e0 coucher avec notre<strong> luxueux chemin de lit<\/strong>, la touche finale parfaite pour cr\u00e9er une ambiance d&rsquo;h\u00f4tel-boutique. Que vous souhaitiez rafra\u00eechir votre d\u00e9coration int\u00e9rieure ou cr\u00e9er une chambre d&rsquo;amis accueillante, ce chemin de lit apporte chaleur, texture et personnalit\u00e9 \u00e0 tout d\u00e9cor. <\/p>\n<p>Fabriqu\u00e9 dans un tissu de haute qualit\u00e9, il se drape magnifiquement au pied du lit et conf\u00e8re \u00e0 votre espace un aspect raffin\u00e9 et personnalis\u00e9.<\/p>\n<ul>\n<li>Finition douce, durable et \u00e9l\u00e9gante<\/li>\n<li>Convient aux lits King, Queen et Twin<\/li>\n<li>Id\u00e9al pour les h\u00f4tels, les villas et les int\u00e9rieurs \u00e9l\u00e9gants<\/li>\n<li>  Couleurs personnalis\u00e9es disponibles sur demande<\/li>\n<\/ul>\n<p><a href=\"https:\/\/secretofsamui.com\/contact-us\/\">Contactez-nous<\/a> par email pour un devis personnalis\u00e9 ou pour discuter de votre demande.<\/p>\n","protected":false},"excerpt":{"rendered":"<p>Ajoutez une touche d&rsquo;\u00e9l\u00e9gance et de chaleur avec notre chemin de lit de qualit\u00e9 sup\u00e9rieure, parfait pour les h\u00f4tels, les villas ou les int\u00e9rieurs de maison. Options personnalis\u00e9es disponibles. <\/p>\n","protected":false},"featured_media":103925,"template":"","meta":{"_acf_changed":false,"_et_pb_use_builder":"","_et_pb_old_content":"","_et_gb_content_width":""},"product_brand":[],"product_cat":[439,437],"product_tag":[464],"class_list":{"0":"post-104088","1":"product","2":"type-product","3":"status-publish","4":"has-post-thumbnail","6":"product_cat-linge","7":"product_cat-soin-de-la-maison","8":"product_tag-pas-de-fda","10":"first","11":"instock","12":"taxable","13":"shipping-taxable","14":"purchasable","15":"product-type-variable","16":"has-default-attributes"},"acf":[],"yoast_head":"<!-- This site is optimized with the Yoast SEO plugin v27.2 - https:\/\/yoast.com\/product\/yoast-seo-wordpress\/ -->\n<title>Chemin de lit - Secret of Samui - Natural and Homemade cosmestic<\/title>\n<meta name=\"description\" content=\"Ajoutez une touche d&#039;h\u00f4tel-boutique \u00e0 votre chambre \u00e0 coucher avec notre luxueux chemin de lit, \u00e9l\u00e9gant, confortable et personnalisable pour les maisons, les villas et les h\u00f4tels.\" \/>\n<meta name=\"robots\" content=\"index, follow, max-snippet:-1, max-image-preview:large, max-video-preview:-1\" \/>\n<link rel=\"canonical\" href=\"https:\/\/secretofsamui.com\/fr\/produit\/chemin-de-lit\/\" \/>\n<meta property=\"og:locale\" content=\"fr_FR\" \/>\n<meta property=\"og:type\" content=\"article\" \/>\n<meta property=\"og:title\" content=\"Chemin de lit - Secret of Samui - Natural and Homemade cosmestic\" \/>\n<meta property=\"og:description\" content=\"Ajoutez une touche d&#039;h\u00f4tel-boutique \u00e0 votre chambre \u00e0 coucher avec notre luxueux chemin de lit, \u00e9l\u00e9gant, confortable et personnalisable pour les maisons, les villas et les h\u00f4tels.\" \/>\n<meta property=\"og:url\" content=\"https:\/\/secretofsamui.com\/fr\/produit\/chemin-de-lit\/\" \/>\n<meta property=\"og:site_name\" content=\"Secret of Samui - Natural and Homemade cosmestic\" \/>\n<meta property=\"og:image\" content=\"https:\/\/secretofsamui.com\/wp-content\/uploads\/2025\/06\/bed-runner.png\" \/>\n\t<meta property=\"og:image:width\" content=\"1024\" \/>\n\t<meta property=\"og:image:height\" content=\"1024\" \/>\n\t<meta property=\"og:image:type\" content=\"image\/png\" \/>\n<meta name=\"twitter:card\" content=\"summary_large_image\" \/>\n<meta name=\"twitter:label1\" content=\"Dur\u00e9e de lecture estim\u00e9e\" \/>\n\t<meta name=\"twitter:data1\" content=\"1 minute\" \/>\n<script type=\"application\/ld+json\" class=\"yoast-schema-graph\">{\"@context\":\"https:\/\/schema.org\",\"@graph\":[{\"@type\":\"WebPage\",\"@id\":\"https:\/\/secretofsamui.com\/fr\/produit\/chemin-de-lit\/\",\"url\":\"https:\/\/secretofsamui.com\/fr\/produit\/chemin-de-lit\/\",\"name\":\"Chemin de lit - Secret of Samui - Natural and Homemade cosmestic\",\"isPartOf\":{\"@id\":\"https:\/\/secretofsamui.com\/fr\/#website\"},\"primaryImageOfPage\":{\"@id\":\"https:\/\/secretofsamui.com\/fr\/produit\/chemin-de-lit\/#primaryimage\"},\"image\":{\"@id\":\"https:\/\/secretofsamui.com\/fr\/produit\/chemin-de-lit\/#primaryimage\"},\"thumbnailUrl\":\"https:\/\/secretofsamui.com\/wp-content\/uploads\/2025\/06\/bed-runner.png\",\"datePublished\":\"2025-06-17T07:08:55+00:00\",\"description\":\"Ajoutez une touche d'h\u00f4tel-boutique \u00e0 votre chambre \u00e0 coucher avec notre luxueux chemin de lit, \u00e9l\u00e9gant, confortable et personnalisable pour les maisons, les villas et les h\u00f4tels.\",\"breadcrumb\":{\"@id\":\"https:\/\/secretofsamui.com\/fr\/produit\/chemin-de-lit\/#breadcrumb\"},\"inLanguage\":\"fr-FR\",\"potentialAction\":[{\"@type\":\"ReadAction\",\"target\":[\"https:\/\/secretofsamui.com\/fr\/produit\/chemin-de-lit\/\"]}]},{\"@type\":\"ImageObject\",\"inLanguage\":\"fr-FR\",\"@id\":\"https:\/\/secretofsamui.com\/fr\/produit\/chemin-de-lit\/#primaryimage\",\"url\":\"https:\/\/secretofsamui.com\/wp-content\/uploads\/2025\/06\/bed-runner.png\",\"contentUrl\":\"https:\/\/secretofsamui.com\/wp-content\/uploads\/2025\/06\/bed-runner.png\",\"width\":1024,\"height\":1024,\"caption\":\"Bed Runner Copper\"},{\"@type\":\"BreadcrumbList\",\"@id\":\"https:\/\/secretofsamui.com\/fr\/produit\/chemin-de-lit\/#breadcrumb\",\"itemListElement\":[{\"@type\":\"ListItem\",\"position\":1,\"name\":\"Home\",\"item\":\"https:\/\/secretofsamui.com\/fr\/accueil\/\"},{\"@type\":\"ListItem\",\"position\":2,\"name\":\"Boutique\",\"item\":\"https:\/\/secretofsamui.com\/boutique\/\"},{\"@type\":\"ListItem\",\"position\":3,\"name\":\"Chemin de lit\"}]},{\"@type\":\"WebSite\",\"@id\":\"https:\/\/secretofsamui.com\/fr\/#website\",\"url\":\"https:\/\/secretofsamui.com\/fr\/\",\"name\":\"Secret of Samui - Natural and Homemade cosmestic\",\"description\":\"\",\"potentialAction\":[{\"@type\":\"SearchAction\",\"target\":{\"@type\":\"EntryPoint\",\"urlTemplate\":\"https:\/\/secretofsamui.com\/fr\/?s={search_term_string}\"},\"query-input\":{\"@type\":\"PropertyValueSpecification\",\"valueRequired\":true,\"valueName\":\"search_term_string\"}}],\"inLanguage\":\"fr-FR\"}]}<\/script>\n<!-- \/ Yoast SEO plugin. -->","yoast_head_json":{"title":"Chemin de lit - Secret of Samui - Natural and Homemade cosmestic","description":"Ajoutez une touche d'h\u00f4tel-boutique \u00e0 votre chambre \u00e0 coucher avec notre luxueux chemin de lit, \u00e9l\u00e9gant, confortable et personnalisable pour les maisons, les villas et les h\u00f4tels.","robots":{"index":"index","follow":"follow","max-snippet":"max-snippet:-1","max-image-preview":"max-image-preview:large","max-video-preview":"max-video-preview:-1"},"canonical":"https:\/\/secretofsamui.com\/fr\/produit\/chemin-de-lit\/","og_locale":"fr_FR","og_type":"article","og_title":"Chemin de lit - Secret of Samui - Natural and Homemade cosmestic","og_description":"Ajoutez une touche d'h\u00f4tel-boutique \u00e0 votre chambre \u00e0 coucher avec notre luxueux chemin de lit, \u00e9l\u00e9gant, confortable et personnalisable pour les maisons, les villas et les h\u00f4tels.","og_url":"https:\/\/secretofsamui.com\/fr\/produit\/chemin-de-lit\/","og_site_name":"Secret of Samui - Natural and Homemade cosmestic","og_image":[{"width":1024,"height":1024,"url":"https:\/\/secretofsamui.com\/wp-content\/uploads\/2025\/06\/bed-runner.png","type":"image\/png"}],"twitter_card":"summary_large_image","twitter_misc":{"Dur\u00e9e de lecture estim\u00e9e":"1 minute"},"schema":{"@context":"https:\/\/schema.org","@graph":[{"@type":"WebPage","@id":"https:\/\/secretofsamui.com\/fr\/produit\/chemin-de-lit\/","url":"https:\/\/secretofsamui.com\/fr\/produit\/chemin-de-lit\/","name":"Chemin de lit - Secret of Samui - Natural and Homemade cosmestic","isPartOf":{"@id":"https:\/\/secretofsamui.com\/fr\/#website"},"primaryImageOfPage":{"@id":"https:\/\/secretofsamui.com\/fr\/produit\/chemin-de-lit\/#primaryimage"},"image":{"@id":"https:\/\/secretofsamui.com\/fr\/produit\/chemin-de-lit\/#primaryimage"},"thumbnailUrl":"https:\/\/secretofsamui.com\/wp-content\/uploads\/2025\/06\/bed-runner.png","datePublished":"2025-06-17T07:08:55+00:00","description":"Ajoutez une touche d'h\u00f4tel-boutique \u00e0 votre chambre \u00e0 coucher avec notre luxueux chemin de lit, \u00e9l\u00e9gant, confortable et personnalisable pour les maisons, les villas et les h\u00f4tels.","breadcrumb":{"@id":"https:\/\/secretofsamui.com\/fr\/produit\/chemin-de-lit\/#breadcrumb"},"inLanguage":"fr-FR","potentialAction":[{"@type":"ReadAction","target":["https:\/\/secretofsamui.com\/fr\/produit\/chemin-de-lit\/"]}]},{"@type":"ImageObject","inLanguage":"fr-FR","@id":"https:\/\/secretofsamui.com\/fr\/produit\/chemin-de-lit\/#primaryimage","url":"https:\/\/secretofsamui.com\/wp-content\/uploads\/2025\/06\/bed-runner.png","contentUrl":"https:\/\/secretofsamui.com\/wp-content\/uploads\/2025\/06\/bed-runner.png","width":1024,"height":1024,"caption":"Bed Runner Copper"},{"@type":"BreadcrumbList","@id":"https:\/\/secretofsamui.com\/fr\/produit\/chemin-de-lit\/#breadcrumb","itemListElement":[{"@type":"ListItem","position":1,"name":"Home","item":"https:\/\/secretofsamui.com\/fr\/accueil\/"},{"@type":"ListItem","position":2,"name":"Boutique","item":"https:\/\/secretofsamui.com\/boutique\/"},{"@type":"ListItem","position":3,"name":"Chemin de lit"}]},{"@type":"WebSite","@id":"https:\/\/secretofsamui.com\/fr\/#website","url":"https:\/\/secretofsamui.com\/fr\/","name":"Secret of Samui - Natural and Homemade cosmestic","description":"","potentialAction":[{"@type":"SearchAction","target":{"@type":"EntryPoint","urlTemplate":"https:\/\/secretofsamui.com\/fr\/?s={search_term_string}"},"query-input":{"@type":"PropertyValueSpecification","valueRequired":true,"valueName":"search_term_string"}}],"inLanguage":"fr-FR"}]}},"_links":{"self":[{"href":"https:\/\/secretofsamui.com\/fr\/wp-json\/wp\/v2\/product\/104088","targetHints":{"allow":["GET"]}}],"collection":[{"href":"https:\/\/secretofsamui.com\/fr\/wp-json\/wp\/v2\/product"}],"about":[{"href":"https:\/\/secretofsamui.com\/fr\/wp-json\/wp\/v2\/types\/product"}],"wp:featuredmedia":[{"embeddable":true,"href":"https:\/\/secretofsamui.com\/fr\/wp-json\/wp\/v2\/media\/103925"}],"wp:attachment":[{"href":"https:\/\/secretofsamui.com\/fr\/wp-json\/wp\/v2\/media?parent=104088"}],"wp:term":[{"taxonomy":"product_brand","embeddable":true,"href":"https:\/\/secretofsamui.com\/fr\/wp-json\/wp\/v2\/product_brand?post=104088"},{"taxonomy":"product_cat","embeddable":true,"href":"https:\/\/secretofsamui.com\/fr\/wp-json\/wp\/v2\/product_cat?post=104088"},{"taxonomy":"product_tag","embeddable":true,"href":"https:\/\/secretofsamui.com\/fr\/wp-json\/wp\/v2\/product_tag?post=104088"}],"curies":[{"name":"wp","href":"https:\/\/api.w.org\/{rel}","templated":true}]}}