{"id":103203,"date":"2024-07-17T02:27:44","date_gmt":"2024-07-17T02:27:44","guid":{"rendered":"https:\/\/secretofsamui.com\/product\/gel-douche\/"},"modified":"2024-11-12T10:44:41","modified_gmt":"2024-11-12T10:44:41","slug":"gel-douche","status":"publish","type":"product","link":"https:\/\/secretofsamui.com\/fr\/produit\/gel-douche\/","title":{"rendered":"Gel douche"},"content":{"rendered":"<p>Gel douche aux ingr\u00e9dients naturels, formul\u00e9 avec 99,5 % d\u2019extrait d\u2019aloe vera pour apaiser la peau expos\u00e9e au soleil et r\u00e9duire rougeurs et irritations. Enrichi en vitamine B5 pour retenir l&rsquo;hydratation et en vitamine E aux propri\u00e9t\u00e9s antioxydantes, il prot\u00e8ge la peau tout en la nourrissant en profondeur.   <\/p>\n","protected":false},"excerpt":{"rendered":"<p>Gel douche aux ingr\u00e9dients naturels, concentr\u00e9 d&rsquo;extrait d&rsquo;aloe vera \u00e0 99,5%, aidant \u00e0 soulager la chaleur du soleil et \u00e0 r\u00e9duire les rougeurs et les irritations de la peau.<\/p>\n<p>D\u00e9posez une petite quantit\u00e9 de gel douche dans la paume de votre main, appliquez sur le corps, puis rincez \u00e0 l&rsquo;eau.<\/p>\n","protected":false},"featured_media":102488,"template":"","meta":{"_acf_changed":false,"_et_pb_use_builder":"","_et_pb_old_content":"","_et_gb_content_width":""},"product_brand":[],"product_cat":[435,423],"product_tag":[],"class_list":{"0":"post-103203","1":"product","2":"type-product","3":"status-publish","4":"has-post-thumbnail","6":"product_cat-collection-coco","7":"product_cat-soin-du-corps","9":"first","10":"instock","11":"taxable","12":"shipping-taxable","13":"purchasable","14":"product-type-variable","15":"has-default-attributes"},"acf":[],"yoast_head":"<!-- This site is optimized with the Yoast SEO plugin v27.4 - https:\/\/yoast.com\/product\/yoast-seo-wordpress\/ -->\n<title>Gel douche - Secret of Samui - Natural and Homemade cosmestic<\/title>\n<meta name=\"description\" content=\"Gel douche aux ingr\u00e9dients naturels, concentr\u00e9 d&#039;extrait d&#039;aloe vera \u00e0 99,5%, aidant \u00e0 soulager la chaleur du soleil et \u00e0 r\u00e9duire les rougeurs.\" \/>\n<meta name=\"robots\" content=\"index, follow, max-snippet:-1, max-image-preview:large, max-video-preview:-1\" \/>\n<link rel=\"canonical\" href=\"https:\/\/secretofsamui.com\/fr\/produit\/gel-douche\/\" \/>\n<meta property=\"og:locale\" content=\"fr_FR\" \/>\n<meta property=\"og:type\" content=\"article\" \/>\n<meta property=\"og:title\" content=\"Gel douche - Secret of Samui - Natural and Homemade cosmestic\" \/>\n<meta property=\"og:description\" content=\"Gel douche aux ingr\u00e9dients naturels, concentr\u00e9 d&#039;extrait d&#039;aloe vera \u00e0 99,5%, aidant \u00e0 soulager la chaleur du soleil et \u00e0 r\u00e9duire les rougeurs.\" \/>\n<meta property=\"og:url\" content=\"https:\/\/secretofsamui.com\/fr\/produit\/gel-douche\/\" \/>\n<meta property=\"og:site_name\" content=\"Secret of Samui - Natural and Homemade cosmestic\" \/>\n<meta property=\"article:modified_time\" content=\"2024-11-12T10:44:41+00:00\" \/>\n<meta property=\"og:image\" content=\"https:\/\/secretofsamui.com\/wp-content\/uploads\/2024\/07\/4e9218_82ce795526b44b11a346e9fca24317afmv2.jpg\" \/>\n\t<meta property=\"og:image:width\" content=\"751\" \/>\n\t<meta property=\"og:image:height\" content=\"751\" \/>\n\t<meta property=\"og:image:type\" content=\"image\/jpeg\" \/>\n<meta name=\"twitter:card\" content=\"summary_large_image\" \/>\n<script type=\"application\/ld+json\" class=\"yoast-schema-graph\">{\"@context\":\"https:\\\/\\\/schema.org\",\"@graph\":[{\"@type\":\"WebPage\",\"@id\":\"https:\\\/\\\/secretofsamui.com\\\/fr\\\/produit\\\/gel-douche\\\/\",\"url\":\"https:\\\/\\\/secretofsamui.com\\\/fr\\\/produit\\\/gel-douche\\\/\",\"name\":\"Gel douche - Secret of Samui - Natural and Homemade cosmestic\",\"isPartOf\":{\"@id\":\"https:\\\/\\\/secretofsamui.com\\\/fr\\\/#website\"},\"primaryImageOfPage\":{\"@id\":\"https:\\\/\\\/secretofsamui.com\\\/fr\\\/produit\\\/gel-douche\\\/#primaryimage\"},\"image\":{\"@id\":\"https:\\\/\\\/secretofsamui.com\\\/fr\\\/produit\\\/gel-douche\\\/#primaryimage\"},\"thumbnailUrl\":\"https:\\\/\\\/secretofsamui.com\\\/wp-content\\\/uploads\\\/2024\\\/07\\\/4e9218_82ce795526b44b11a346e9fca24317afmv2.jpg\",\"datePublished\":\"2024-07-17T02:27:44+00:00\",\"dateModified\":\"2024-11-12T10:44:41+00:00\",\"description\":\"Gel douche aux ingr\u00e9dients naturels, concentr\u00e9 d'extrait d'aloe vera \u00e0 99,5%, aidant \u00e0 soulager la chaleur du soleil et \u00e0 r\u00e9duire les rougeurs.\",\"breadcrumb\":{\"@id\":\"https:\\\/\\\/secretofsamui.com\\\/fr\\\/produit\\\/gel-douche\\\/#breadcrumb\"},\"inLanguage\":\"fr-FR\",\"potentialAction\":[{\"@type\":\"ReadAction\",\"target\":[\"https:\\\/\\\/secretofsamui.com\\\/fr\\\/produit\\\/gel-douche\\\/\"]}]},{\"@type\":\"ImageObject\",\"inLanguage\":\"fr-FR\",\"@id\":\"https:\\\/\\\/secretofsamui.com\\\/fr\\\/produit\\\/gel-douche\\\/#primaryimage\",\"url\":\"https:\\\/\\\/secretofsamui.com\\\/wp-content\\\/uploads\\\/2024\\\/07\\\/4e9218_82ce795526b44b11a346e9fca24317afmv2.jpg\",\"contentUrl\":\"https:\\\/\\\/secretofsamui.com\\\/wp-content\\\/uploads\\\/2024\\\/07\\\/4e9218_82ce795526b44b11a346e9fca24317afmv2.jpg\",\"width\":751,\"height\":751,\"caption\":\"Shower Gel 250ml - Coconut\"},{\"@type\":\"BreadcrumbList\",\"@id\":\"https:\\\/\\\/secretofsamui.com\\\/fr\\\/produit\\\/gel-douche\\\/#breadcrumb\",\"itemListElement\":[{\"@type\":\"ListItem\",\"position\":1,\"name\":\"Home\",\"item\":\"https:\\\/\\\/secretofsamui.com\\\/fr\\\/accueil\\\/\"},{\"@type\":\"ListItem\",\"position\":2,\"name\":\"Boutique\",\"item\":\"https:\\\/\\\/secretofsamui.com\\\/boutique\\\/\"},{\"@type\":\"ListItem\",\"position\":3,\"name\":\"Gel douche\"}]},{\"@type\":\"WebSite\",\"@id\":\"https:\\\/\\\/secretofsamui.com\\\/fr\\\/#website\",\"url\":\"https:\\\/\\\/secretofsamui.com\\\/fr\\\/\",\"name\":\"Secret of Samui - Natural and Homemade cosmestic\",\"description\":\"\",\"potentialAction\":[{\"@type\":\"SearchAction\",\"target\":{\"@type\":\"EntryPoint\",\"urlTemplate\":\"https:\\\/\\\/secretofsamui.com\\\/fr\\\/?s={search_term_string}\"},\"query-input\":{\"@type\":\"PropertyValueSpecification\",\"valueRequired\":true,\"valueName\":\"search_term_string\"}}],\"inLanguage\":\"fr-FR\"}]}<\/script>\n<!-- \/ Yoast SEO plugin. -->","yoast_head_json":{"title":"Gel douche - Secret of Samui - Natural and Homemade cosmestic","description":"Gel douche aux ingr\u00e9dients naturels, concentr\u00e9 d'extrait d'aloe vera \u00e0 99,5%, aidant \u00e0 soulager la chaleur du soleil et \u00e0 r\u00e9duire les rougeurs.","robots":{"index":"index","follow":"follow","max-snippet":"max-snippet:-1","max-image-preview":"max-image-preview:large","max-video-preview":"max-video-preview:-1"},"canonical":"https:\/\/secretofsamui.com\/fr\/produit\/gel-douche\/","og_locale":"fr_FR","og_type":"article","og_title":"Gel douche - Secret of Samui - Natural and Homemade cosmestic","og_description":"Gel douche aux ingr\u00e9dients naturels, concentr\u00e9 d'extrait d'aloe vera \u00e0 99,5%, aidant \u00e0 soulager la chaleur du soleil et \u00e0 r\u00e9duire les rougeurs.","og_url":"https:\/\/secretofsamui.com\/fr\/produit\/gel-douche\/","og_site_name":"Secret of Samui - Natural and Homemade cosmestic","article_modified_time":"2024-11-12T10:44:41+00:00","og_image":[{"width":751,"height":751,"url":"https:\/\/secretofsamui.com\/wp-content\/uploads\/2024\/07\/4e9218_82ce795526b44b11a346e9fca24317afmv2.jpg","type":"image\/jpeg"}],"twitter_card":"summary_large_image","schema":{"@context":"https:\/\/schema.org","@graph":[{"@type":"WebPage","@id":"https:\/\/secretofsamui.com\/fr\/produit\/gel-douche\/","url":"https:\/\/secretofsamui.com\/fr\/produit\/gel-douche\/","name":"Gel douche - Secret of Samui - Natural and Homemade cosmestic","isPartOf":{"@id":"https:\/\/secretofsamui.com\/fr\/#website"},"primaryImageOfPage":{"@id":"https:\/\/secretofsamui.com\/fr\/produit\/gel-douche\/#primaryimage"},"image":{"@id":"https:\/\/secretofsamui.com\/fr\/produit\/gel-douche\/#primaryimage"},"thumbnailUrl":"https:\/\/secretofsamui.com\/wp-content\/uploads\/2024\/07\/4e9218_82ce795526b44b11a346e9fca24317afmv2.jpg","datePublished":"2024-07-17T02:27:44+00:00","dateModified":"2024-11-12T10:44:41+00:00","description":"Gel douche aux ingr\u00e9dients naturels, concentr\u00e9 d'extrait d'aloe vera \u00e0 99,5%, aidant \u00e0 soulager la chaleur du soleil et \u00e0 r\u00e9duire les rougeurs.","breadcrumb":{"@id":"https:\/\/secretofsamui.com\/fr\/produit\/gel-douche\/#breadcrumb"},"inLanguage":"fr-FR","potentialAction":[{"@type":"ReadAction","target":["https:\/\/secretofsamui.com\/fr\/produit\/gel-douche\/"]}]},{"@type":"ImageObject","inLanguage":"fr-FR","@id":"https:\/\/secretofsamui.com\/fr\/produit\/gel-douche\/#primaryimage","url":"https:\/\/secretofsamui.com\/wp-content\/uploads\/2024\/07\/4e9218_82ce795526b44b11a346e9fca24317afmv2.jpg","contentUrl":"https:\/\/secretofsamui.com\/wp-content\/uploads\/2024\/07\/4e9218_82ce795526b44b11a346e9fca24317afmv2.jpg","width":751,"height":751,"caption":"Shower Gel 250ml - Coconut"},{"@type":"BreadcrumbList","@id":"https:\/\/secretofsamui.com\/fr\/produit\/gel-douche\/#breadcrumb","itemListElement":[{"@type":"ListItem","position":1,"name":"Home","item":"https:\/\/secretofsamui.com\/fr\/accueil\/"},{"@type":"ListItem","position":2,"name":"Boutique","item":"https:\/\/secretofsamui.com\/boutique\/"},{"@type":"ListItem","position":3,"name":"Gel douche"}]},{"@type":"WebSite","@id":"https:\/\/secretofsamui.com\/fr\/#website","url":"https:\/\/secretofsamui.com\/fr\/","name":"Secret of Samui - Natural and Homemade cosmestic","description":"","potentialAction":[{"@type":"SearchAction","target":{"@type":"EntryPoint","urlTemplate":"https:\/\/secretofsamui.com\/fr\/?s={search_term_string}"},"query-input":{"@type":"PropertyValueSpecification","valueRequired":true,"valueName":"search_term_string"}}],"inLanguage":"fr-FR"}]}},"_links":{"self":[{"href":"https:\/\/secretofsamui.com\/fr\/wp-json\/wp\/v2\/product\/103203","targetHints":{"allow":["GET"]}}],"collection":[{"href":"https:\/\/secretofsamui.com\/fr\/wp-json\/wp\/v2\/product"}],"about":[{"href":"https:\/\/secretofsamui.com\/fr\/wp-json\/wp\/v2\/types\/product"}],"wp:featuredmedia":[{"embeddable":true,"href":"https:\/\/secretofsamui.com\/fr\/wp-json\/wp\/v2\/media\/102488"}],"wp:attachment":[{"href":"https:\/\/secretofsamui.com\/fr\/wp-json\/wp\/v2\/media?parent=103203"}],"wp:term":[{"taxonomy":"product_brand","embeddable":true,"href":"https:\/\/secretofsamui.com\/fr\/wp-json\/wp\/v2\/product_brand?post=103203"},{"taxonomy":"product_cat","embeddable":true,"href":"https:\/\/secretofsamui.com\/fr\/wp-json\/wp\/v2\/product_cat?post=103203"},{"taxonomy":"product_tag","embeddable":true,"href":"https:\/\/secretofsamui.com\/fr\/wp-json\/wp\/v2\/product_tag?post=103203"}],"curies":[{"name":"wp","href":"https:\/\/api.w.org\/{rel}","templated":true}]}}