{"id":103189,"date":"2024-07-17T02:27:44","date_gmt":"2024-07-17T02:27:44","guid":{"rendered":"https:\/\/secretofsamui.com\/product\/lait-corporel\/"},"modified":"2024-11-13T04:51:51","modified_gmt":"2024-11-13T04:51:51","slug":"lait-corporel","status":"publish","type":"product","link":"https:\/\/secretofsamui.com\/fr\/produit\/lait-corporel\/","title":{"rendered":"Lait corporel"},"content":{"rendered":"<p>Cette lotion pour le corps, \u00e0 la formule concentr\u00e9e, p\u00e9n\u00e8tre rapidement sans laisser de film collant, id\u00e9ale pour les peaux s\u00e8ches. Enrichie en extrait d&rsquo;aloe vera concentr\u00e9 (200x), elle apporte une nutrition compl\u00e8te. Elle apaise la chaleur due \u00e0 l&rsquo;exposition solaire, r\u00e9duisant rougeurs et irritations. Son pouvoir hydratant est renforc\u00e9 par l&rsquo;huile de graines de tournesol et l&rsquo;huile de soja. De plus, la vitamine E et la vitamine B5 offrent une protection antioxydante pour pr\u00e9server la peau.    <\/p>\n","protected":false},"excerpt":{"rendered":"<p>Cette lotion corporelle \u00e0 la formule concentr\u00e9e s\u2019absorbe rapidement sans laisser de r\u00e9sidu collant, parfaite pour les peaux s\u00e8ches. Appliquez g\u00e9n\u00e9reusement sur tout le corps, matin et soir, pour une hydratation continue tout au long de la journ\u00e9e.  <\/p>\n","protected":false},"featured_media":102494,"template":"","meta":{"_acf_changed":false,"_et_pb_use_builder":"","_et_pb_old_content":"","_et_gb_content_width":""},"product_brand":[],"product_cat":[435,423],"product_tag":[],"class_list":{"0":"post-103189","1":"product","2":"type-product","3":"status-publish","4":"has-post-thumbnail","6":"product_cat-collection-coco","7":"product_cat-soin-du-corps","9":"first","10":"instock","11":"taxable","12":"shipping-taxable","13":"purchasable","14":"product-type-variable","15":"has-default-attributes"},"acf":[],"yoast_head":"<!-- This site is optimized with the Yoast SEO plugin v27.2 - https:\/\/yoast.com\/product\/yoast-seo-wordpress\/ -->\n<title>Lait corporel - Secret of Samui - Natural and Homemade cosmestic<\/title>\n<meta name=\"description\" content=\"Ce lait corporel \u00e0 la formule concentr\u00e9e s\u2019absorbe rapidement sans effet collant, id\u00e9al pour les peaux s\u00e8ches.\" \/>\n<meta name=\"robots\" content=\"index, follow, max-snippet:-1, max-image-preview:large, max-video-preview:-1\" \/>\n<link rel=\"canonical\" href=\"https:\/\/secretofsamui.com\/fr\/produit\/lait-corporel\/\" \/>\n<meta property=\"og:locale\" content=\"fr_FR\" \/>\n<meta property=\"og:type\" content=\"article\" \/>\n<meta property=\"og:title\" content=\"Lait corporel - Secret of Samui - Natural and Homemade cosmestic\" \/>\n<meta property=\"og:description\" content=\"Ce lait corporel \u00e0 la formule concentr\u00e9e s\u2019absorbe rapidement sans effet collant, id\u00e9al pour les peaux s\u00e8ches.\" \/>\n<meta property=\"og:url\" content=\"https:\/\/secretofsamui.com\/fr\/produit\/lait-corporel\/\" \/>\n<meta property=\"og:site_name\" content=\"Secret of Samui - Natural and Homemade cosmestic\" \/>\n<meta property=\"article:modified_time\" content=\"2024-11-13T04:51:51+00:00\" \/>\n<meta property=\"og:image\" content=\"https:\/\/secretofsamui.com\/wp-content\/uploads\/2024\/07\/4e9218_1ad3d24760f845788e907b52665bfa4fmv2.jpg\" \/>\n\t<meta property=\"og:image:width\" content=\"751\" \/>\n\t<meta property=\"og:image:height\" content=\"751\" \/>\n\t<meta property=\"og:image:type\" content=\"image\/jpeg\" \/>\n<meta name=\"twitter:card\" content=\"summary_large_image\" \/>\n<script type=\"application\/ld+json\" class=\"yoast-schema-graph\">{\"@context\":\"https:\/\/schema.org\",\"@graph\":[{\"@type\":\"WebPage\",\"@id\":\"https:\/\/secretofsamui.com\/fr\/produit\/lait-corporel\/\",\"url\":\"https:\/\/secretofsamui.com\/fr\/produit\/lait-corporel\/\",\"name\":\"Lait corporel - Secret of Samui - Natural and Homemade cosmestic\",\"isPartOf\":{\"@id\":\"https:\/\/secretofsamui.com\/fr\/#website\"},\"primaryImageOfPage\":{\"@id\":\"https:\/\/secretofsamui.com\/fr\/produit\/lait-corporel\/#primaryimage\"},\"image\":{\"@id\":\"https:\/\/secretofsamui.com\/fr\/produit\/lait-corporel\/#primaryimage\"},\"thumbnailUrl\":\"https:\/\/secretofsamui.com\/wp-content\/uploads\/2024\/07\/4e9218_1ad3d24760f845788e907b52665bfa4fmv2.jpg\",\"datePublished\":\"2024-07-17T02:27:44+00:00\",\"dateModified\":\"2024-11-13T04:51:51+00:00\",\"description\":\"Ce lait corporel \u00e0 la formule concentr\u00e9e s\u2019absorbe rapidement sans effet collant, id\u00e9al pour les peaux s\u00e8ches.\",\"breadcrumb\":{\"@id\":\"https:\/\/secretofsamui.com\/fr\/produit\/lait-corporel\/#breadcrumb\"},\"inLanguage\":\"fr-FR\",\"potentialAction\":[{\"@type\":\"ReadAction\",\"target\":[\"https:\/\/secretofsamui.com\/fr\/produit\/lait-corporel\/\"]}]},{\"@type\":\"ImageObject\",\"inLanguage\":\"fr-FR\",\"@id\":\"https:\/\/secretofsamui.com\/fr\/produit\/lait-corporel\/#primaryimage\",\"url\":\"https:\/\/secretofsamui.com\/wp-content\/uploads\/2024\/07\/4e9218_1ad3d24760f845788e907b52665bfa4fmv2.jpg\",\"contentUrl\":\"https:\/\/secretofsamui.com\/wp-content\/uploads\/2024\/07\/4e9218_1ad3d24760f845788e907b52665bfa4fmv2.jpg\",\"width\":751,\"height\":751,\"caption\":\"Body Lotion - Jasmine\"},{\"@type\":\"BreadcrumbList\",\"@id\":\"https:\/\/secretofsamui.com\/fr\/produit\/lait-corporel\/#breadcrumb\",\"itemListElement\":[{\"@type\":\"ListItem\",\"position\":1,\"name\":\"Home\",\"item\":\"https:\/\/secretofsamui.com\/fr\/accueil\/\"},{\"@type\":\"ListItem\",\"position\":2,\"name\":\"Boutique\",\"item\":\"https:\/\/secretofsamui.com\/boutique\/\"},{\"@type\":\"ListItem\",\"position\":3,\"name\":\"Lait corporel\"}]},{\"@type\":\"WebSite\",\"@id\":\"https:\/\/secretofsamui.com\/fr\/#website\",\"url\":\"https:\/\/secretofsamui.com\/fr\/\",\"name\":\"Secret of Samui - Natural and Homemade cosmestic\",\"description\":\"\",\"potentialAction\":[{\"@type\":\"SearchAction\",\"target\":{\"@type\":\"EntryPoint\",\"urlTemplate\":\"https:\/\/secretofsamui.com\/fr\/?s={search_term_string}\"},\"query-input\":{\"@type\":\"PropertyValueSpecification\",\"valueRequired\":true,\"valueName\":\"search_term_string\"}}],\"inLanguage\":\"fr-FR\"}]}<\/script>\n<!-- \/ Yoast SEO plugin. -->","yoast_head_json":{"title":"Lait corporel - Secret of Samui - Natural and Homemade cosmestic","description":"Ce lait corporel \u00e0 la formule concentr\u00e9e s\u2019absorbe rapidement sans effet collant, id\u00e9al pour les peaux s\u00e8ches.","robots":{"index":"index","follow":"follow","max-snippet":"max-snippet:-1","max-image-preview":"max-image-preview:large","max-video-preview":"max-video-preview:-1"},"canonical":"https:\/\/secretofsamui.com\/fr\/produit\/lait-corporel\/","og_locale":"fr_FR","og_type":"article","og_title":"Lait corporel - Secret of Samui - Natural and Homemade cosmestic","og_description":"Ce lait corporel \u00e0 la formule concentr\u00e9e s\u2019absorbe rapidement sans effet collant, id\u00e9al pour les peaux s\u00e8ches.","og_url":"https:\/\/secretofsamui.com\/fr\/produit\/lait-corporel\/","og_site_name":"Secret of Samui - Natural and Homemade cosmestic","article_modified_time":"2024-11-13T04:51:51+00:00","og_image":[{"width":751,"height":751,"url":"https:\/\/secretofsamui.com\/wp-content\/uploads\/2024\/07\/4e9218_1ad3d24760f845788e907b52665bfa4fmv2.jpg","type":"image\/jpeg"}],"twitter_card":"summary_large_image","schema":{"@context":"https:\/\/schema.org","@graph":[{"@type":"WebPage","@id":"https:\/\/secretofsamui.com\/fr\/produit\/lait-corporel\/","url":"https:\/\/secretofsamui.com\/fr\/produit\/lait-corporel\/","name":"Lait corporel - Secret of Samui - Natural and Homemade cosmestic","isPartOf":{"@id":"https:\/\/secretofsamui.com\/fr\/#website"},"primaryImageOfPage":{"@id":"https:\/\/secretofsamui.com\/fr\/produit\/lait-corporel\/#primaryimage"},"image":{"@id":"https:\/\/secretofsamui.com\/fr\/produit\/lait-corporel\/#primaryimage"},"thumbnailUrl":"https:\/\/secretofsamui.com\/wp-content\/uploads\/2024\/07\/4e9218_1ad3d24760f845788e907b52665bfa4fmv2.jpg","datePublished":"2024-07-17T02:27:44+00:00","dateModified":"2024-11-13T04:51:51+00:00","description":"Ce lait corporel \u00e0 la formule concentr\u00e9e s\u2019absorbe rapidement sans effet collant, id\u00e9al pour les peaux s\u00e8ches.","breadcrumb":{"@id":"https:\/\/secretofsamui.com\/fr\/produit\/lait-corporel\/#breadcrumb"},"inLanguage":"fr-FR","potentialAction":[{"@type":"ReadAction","target":["https:\/\/secretofsamui.com\/fr\/produit\/lait-corporel\/"]}]},{"@type":"ImageObject","inLanguage":"fr-FR","@id":"https:\/\/secretofsamui.com\/fr\/produit\/lait-corporel\/#primaryimage","url":"https:\/\/secretofsamui.com\/wp-content\/uploads\/2024\/07\/4e9218_1ad3d24760f845788e907b52665bfa4fmv2.jpg","contentUrl":"https:\/\/secretofsamui.com\/wp-content\/uploads\/2024\/07\/4e9218_1ad3d24760f845788e907b52665bfa4fmv2.jpg","width":751,"height":751,"caption":"Body Lotion - Jasmine"},{"@type":"BreadcrumbList","@id":"https:\/\/secretofsamui.com\/fr\/produit\/lait-corporel\/#breadcrumb","itemListElement":[{"@type":"ListItem","position":1,"name":"Home","item":"https:\/\/secretofsamui.com\/fr\/accueil\/"},{"@type":"ListItem","position":2,"name":"Boutique","item":"https:\/\/secretofsamui.com\/boutique\/"},{"@type":"ListItem","position":3,"name":"Lait corporel"}]},{"@type":"WebSite","@id":"https:\/\/secretofsamui.com\/fr\/#website","url":"https:\/\/secretofsamui.com\/fr\/","name":"Secret of Samui - Natural and Homemade cosmestic","description":"","potentialAction":[{"@type":"SearchAction","target":{"@type":"EntryPoint","urlTemplate":"https:\/\/secretofsamui.com\/fr\/?s={search_term_string}"},"query-input":{"@type":"PropertyValueSpecification","valueRequired":true,"valueName":"search_term_string"}}],"inLanguage":"fr-FR"}]}},"_links":{"self":[{"href":"https:\/\/secretofsamui.com\/fr\/wp-json\/wp\/v2\/product\/103189","targetHints":{"allow":["GET"]}}],"collection":[{"href":"https:\/\/secretofsamui.com\/fr\/wp-json\/wp\/v2\/product"}],"about":[{"href":"https:\/\/secretofsamui.com\/fr\/wp-json\/wp\/v2\/types\/product"}],"wp:featuredmedia":[{"embeddable":true,"href":"https:\/\/secretofsamui.com\/fr\/wp-json\/wp\/v2\/media\/102494"}],"wp:attachment":[{"href":"https:\/\/secretofsamui.com\/fr\/wp-json\/wp\/v2\/media?parent=103189"}],"wp:term":[{"taxonomy":"product_brand","embeddable":true,"href":"https:\/\/secretofsamui.com\/fr\/wp-json\/wp\/v2\/product_brand?post=103189"},{"taxonomy":"product_cat","embeddable":true,"href":"https:\/\/secretofsamui.com\/fr\/wp-json\/wp\/v2\/product_cat?post=103189"},{"taxonomy":"product_tag","embeddable":true,"href":"https:\/\/secretofsamui.com\/fr\/wp-json\/wp\/v2\/product_tag?post=103189"}],"curies":[{"name":"wp","href":"https:\/\/api.w.org\/{rel}","templated":true}]}}