{"id":103178,"date":"2024-07-17T02:27:44","date_gmt":"2024-07-17T02:27:44","guid":{"rendered":"https:\/\/secretofsamui.com\/product\/huile-de-massage\/"},"modified":"2025-09-25T08:10:54","modified_gmt":"2025-09-25T08:10:54","slug":"huile-de-massage","status":"publish","type":"product","link":"https:\/\/secretofsamui.com\/fr\/produit\/huile-de-massage\/","title":{"rendered":"Huile de massage"},"content":{"rendered":"<p>Huile de massage, nourrissante pour la peau, riche en huile de soja, huile de graines de tournesol, huile d&rsquo;olive, huile de jojoba, huile essentielle, et vitamine E aide \u00e0 nourrir et hydrater la peau. et contribue \u00e0 neutraliser les radicaux libres.<\/p>\n","protected":false},"excerpt":{"rendered":"<p>Huile de massage, nourrissante pour la peau, riche en huile de soja, huile de graines de tournesol, huile d&rsquo;olive, huile de jojoba, huile essentielle de citronnelle, et vitamine E aide \u00e0 nourrir et hydrater la peau. et contribue \u00e0 neutraliser les radicaux libres.<\/p>\n<p>Verser dans la paume de la main et frotter sur la zone \u00e0 masser apr\u00e8s la douche. Lorsque la peau est humide, frottez-la soigneusement pour qu&rsquo;elle s&rsquo;impr\u00e8gne lentement.<\/p>\n","protected":false},"featured_media":104078,"template":"","meta":{"_acf_changed":false,"_et_pb_use_builder":"","_et_pb_old_content":"","_et_gb_content_width":""},"product_brand":[],"product_cat":[426,423],"product_tag":[],"class_list":{"0":"post-103178","1":"product","2":"type-product","3":"status-publish","4":"has-post-thumbnail","6":"product_cat-massage-fr","7":"product_cat-soin-du-corps","9":"first","10":"instock","11":"taxable","12":"shipping-taxable","13":"purchasable","14":"product-type-variable","15":"has-default-attributes"},"acf":[],"yoast_head":"<!-- This site is optimized with the Yoast SEO plugin v27.2 - https:\/\/yoast.com\/product\/yoast-seo-wordpress\/ -->\n<title>Huile de massage - Secret of Samui - Natural and Homemade cosmestic<\/title>\n<meta name=\"description\" content=\"Huile de massage, nourrissante pour la peau, riche en huile de soja, huile de tournesol, huile d&#039;olive, huile de jojoba, huile essentielle de citronnelle et vitamine E.\" \/>\n<meta name=\"robots\" content=\"index, follow, max-snippet:-1, max-image-preview:large, max-video-preview:-1\" \/>\n<link rel=\"canonical\" href=\"https:\/\/secretofsamui.com\/fr\/produit\/huile-de-massage\/\" \/>\n<meta property=\"og:locale\" content=\"fr_FR\" \/>\n<meta property=\"og:type\" content=\"article\" \/>\n<meta property=\"og:title\" content=\"Huile de massage - Secret of Samui - Natural and Homemade cosmestic\" \/>\n<meta property=\"og:description\" content=\"Huile de massage, nourrissante pour la peau, riche en huile de soja, huile de tournesol, huile d&#039;olive, huile de jojoba, huile essentielle de citronnelle et vitamine E.\" \/>\n<meta property=\"og:url\" content=\"https:\/\/secretofsamui.com\/fr\/produit\/huile-de-massage\/\" \/>\n<meta property=\"og:site_name\" content=\"Secret of Samui - Natural and Homemade cosmestic\" \/>\n<meta property=\"article:modified_time\" content=\"2025-09-25T08:10:54+00:00\" \/>\n<meta property=\"og:image\" content=\"https:\/\/secretofsamui.com\/wp-content\/uploads\/2024\/07\/massage-oil-destress.jpg\" \/>\n\t<meta property=\"og:image:width\" content=\"1080\" \/>\n\t<meta property=\"og:image:height\" content=\"1080\" \/>\n\t<meta property=\"og:image:type\" content=\"image\/jpeg\" \/>\n<meta name=\"twitter:card\" content=\"summary_large_image\" \/>\n<script type=\"application\/ld+json\" class=\"yoast-schema-graph\">{\"@context\":\"https:\/\/schema.org\",\"@graph\":[{\"@type\":\"WebPage\",\"@id\":\"https:\/\/secretofsamui.com\/fr\/produit\/huile-de-massage\/\",\"url\":\"https:\/\/secretofsamui.com\/fr\/produit\/huile-de-massage\/\",\"name\":\"Huile de massage - Secret of Samui - Natural and Homemade cosmestic\",\"isPartOf\":{\"@id\":\"https:\/\/secretofsamui.com\/fr\/#website\"},\"primaryImageOfPage\":{\"@id\":\"https:\/\/secretofsamui.com\/fr\/produit\/huile-de-massage\/#primaryimage\"},\"image\":{\"@id\":\"https:\/\/secretofsamui.com\/fr\/produit\/huile-de-massage\/#primaryimage\"},\"thumbnailUrl\":\"https:\/\/secretofsamui.com\/wp-content\/uploads\/2024\/07\/massage-oil-destress.jpg\",\"datePublished\":\"2024-07-17T02:27:44+00:00\",\"dateModified\":\"2025-09-25T08:10:54+00:00\",\"description\":\"Huile de massage, nourrissante pour la peau, riche en huile de soja, huile de tournesol, huile d'olive, huile de jojoba, huile essentielle de citronnelle et vitamine E.\",\"breadcrumb\":{\"@id\":\"https:\/\/secretofsamui.com\/fr\/produit\/huile-de-massage\/#breadcrumb\"},\"inLanguage\":\"fr-FR\",\"potentialAction\":[{\"@type\":\"ReadAction\",\"target\":[\"https:\/\/secretofsamui.com\/fr\/produit\/huile-de-massage\/\"]}]},{\"@type\":\"ImageObject\",\"inLanguage\":\"fr-FR\",\"@id\":\"https:\/\/secretofsamui.com\/fr\/produit\/huile-de-massage\/#primaryimage\",\"url\":\"https:\/\/secretofsamui.com\/wp-content\/uploads\/2024\/07\/massage-oil-destress.jpg\",\"contentUrl\":\"https:\/\/secretofsamui.com\/wp-content\/uploads\/2024\/07\/massage-oil-destress.jpg\",\"width\":1080,\"height\":1080},{\"@type\":\"BreadcrumbList\",\"@id\":\"https:\/\/secretofsamui.com\/fr\/produit\/huile-de-massage\/#breadcrumb\",\"itemListElement\":[{\"@type\":\"ListItem\",\"position\":1,\"name\":\"Home\",\"item\":\"https:\/\/secretofsamui.com\/fr\/accueil\/\"},{\"@type\":\"ListItem\",\"position\":2,\"name\":\"Boutique\",\"item\":\"https:\/\/secretofsamui.com\/boutique\/\"},{\"@type\":\"ListItem\",\"position\":3,\"name\":\"Huile de massage\"}]},{\"@type\":\"WebSite\",\"@id\":\"https:\/\/secretofsamui.com\/fr\/#website\",\"url\":\"https:\/\/secretofsamui.com\/fr\/\",\"name\":\"Secret of Samui - Natural and Homemade cosmestic\",\"description\":\"\",\"potentialAction\":[{\"@type\":\"SearchAction\",\"target\":{\"@type\":\"EntryPoint\",\"urlTemplate\":\"https:\/\/secretofsamui.com\/fr\/?s={search_term_string}\"},\"query-input\":{\"@type\":\"PropertyValueSpecification\",\"valueRequired\":true,\"valueName\":\"search_term_string\"}}],\"inLanguage\":\"fr-FR\"}]}<\/script>\n<!-- \/ Yoast SEO plugin. -->","yoast_head_json":{"title":"Huile de massage - Secret of Samui - Natural and Homemade cosmestic","description":"Huile de massage, nourrissante pour la peau, riche en huile de soja, huile de tournesol, huile d'olive, huile de jojoba, huile essentielle de citronnelle et vitamine E.","robots":{"index":"index","follow":"follow","max-snippet":"max-snippet:-1","max-image-preview":"max-image-preview:large","max-video-preview":"max-video-preview:-1"},"canonical":"https:\/\/secretofsamui.com\/fr\/produit\/huile-de-massage\/","og_locale":"fr_FR","og_type":"article","og_title":"Huile de massage - Secret of Samui - Natural and Homemade cosmestic","og_description":"Huile de massage, nourrissante pour la peau, riche en huile de soja, huile de tournesol, huile d'olive, huile de jojoba, huile essentielle de citronnelle et vitamine E.","og_url":"https:\/\/secretofsamui.com\/fr\/produit\/huile-de-massage\/","og_site_name":"Secret of Samui - Natural and Homemade cosmestic","article_modified_time":"2025-09-25T08:10:54+00:00","og_image":[{"width":1080,"height":1080,"url":"https:\/\/secretofsamui.com\/wp-content\/uploads\/2024\/07\/massage-oil-destress.jpg","type":"image\/jpeg"}],"twitter_card":"summary_large_image","schema":{"@context":"https:\/\/schema.org","@graph":[{"@type":"WebPage","@id":"https:\/\/secretofsamui.com\/fr\/produit\/huile-de-massage\/","url":"https:\/\/secretofsamui.com\/fr\/produit\/huile-de-massage\/","name":"Huile de massage - Secret of Samui - Natural and Homemade cosmestic","isPartOf":{"@id":"https:\/\/secretofsamui.com\/fr\/#website"},"primaryImageOfPage":{"@id":"https:\/\/secretofsamui.com\/fr\/produit\/huile-de-massage\/#primaryimage"},"image":{"@id":"https:\/\/secretofsamui.com\/fr\/produit\/huile-de-massage\/#primaryimage"},"thumbnailUrl":"https:\/\/secretofsamui.com\/wp-content\/uploads\/2024\/07\/massage-oil-destress.jpg","datePublished":"2024-07-17T02:27:44+00:00","dateModified":"2025-09-25T08:10:54+00:00","description":"Huile de massage, nourrissante pour la peau, riche en huile de soja, huile de tournesol, huile d'olive, huile de jojoba, huile essentielle de citronnelle et vitamine E.","breadcrumb":{"@id":"https:\/\/secretofsamui.com\/fr\/produit\/huile-de-massage\/#breadcrumb"},"inLanguage":"fr-FR","potentialAction":[{"@type":"ReadAction","target":["https:\/\/secretofsamui.com\/fr\/produit\/huile-de-massage\/"]}]},{"@type":"ImageObject","inLanguage":"fr-FR","@id":"https:\/\/secretofsamui.com\/fr\/produit\/huile-de-massage\/#primaryimage","url":"https:\/\/secretofsamui.com\/wp-content\/uploads\/2024\/07\/massage-oil-destress.jpg","contentUrl":"https:\/\/secretofsamui.com\/wp-content\/uploads\/2024\/07\/massage-oil-destress.jpg","width":1080,"height":1080},{"@type":"BreadcrumbList","@id":"https:\/\/secretofsamui.com\/fr\/produit\/huile-de-massage\/#breadcrumb","itemListElement":[{"@type":"ListItem","position":1,"name":"Home","item":"https:\/\/secretofsamui.com\/fr\/accueil\/"},{"@type":"ListItem","position":2,"name":"Boutique","item":"https:\/\/secretofsamui.com\/boutique\/"},{"@type":"ListItem","position":3,"name":"Huile de massage"}]},{"@type":"WebSite","@id":"https:\/\/secretofsamui.com\/fr\/#website","url":"https:\/\/secretofsamui.com\/fr\/","name":"Secret of Samui - Natural and Homemade cosmestic","description":"","potentialAction":[{"@type":"SearchAction","target":{"@type":"EntryPoint","urlTemplate":"https:\/\/secretofsamui.com\/fr\/?s={search_term_string}"},"query-input":{"@type":"PropertyValueSpecification","valueRequired":true,"valueName":"search_term_string"}}],"inLanguage":"fr-FR"}]}},"_links":{"self":[{"href":"https:\/\/secretofsamui.com\/fr\/wp-json\/wp\/v2\/product\/103178","targetHints":{"allow":["GET"]}}],"collection":[{"href":"https:\/\/secretofsamui.com\/fr\/wp-json\/wp\/v2\/product"}],"about":[{"href":"https:\/\/secretofsamui.com\/fr\/wp-json\/wp\/v2\/types\/product"}],"wp:featuredmedia":[{"embeddable":true,"href":"https:\/\/secretofsamui.com\/fr\/wp-json\/wp\/v2\/media\/104078"}],"wp:attachment":[{"href":"https:\/\/secretofsamui.com\/fr\/wp-json\/wp\/v2\/media?parent=103178"}],"wp:term":[{"taxonomy":"product_brand","embeddable":true,"href":"https:\/\/secretofsamui.com\/fr\/wp-json\/wp\/v2\/product_brand?post=103178"},{"taxonomy":"product_cat","embeddable":true,"href":"https:\/\/secretofsamui.com\/fr\/wp-json\/wp\/v2\/product_cat?post=103178"},{"taxonomy":"product_tag","embeddable":true,"href":"https:\/\/secretofsamui.com\/fr\/wp-json\/wp\/v2\/product_tag?post=103178"}],"curies":[{"name":"wp","href":"https:\/\/api.w.org\/{rel}","templated":true}]}}