{"id":103177,"date":"2024-07-17T02:27:44","date_gmt":"2024-07-17T02:27:44","guid":{"rendered":"https:\/\/secretofsamui.com\/product\/hya-gel\/"},"modified":"2025-05-07T06:31:56","modified_gmt":"2025-05-07T06:31:56","slug":"hya-gel","status":"publish","type":"product","link":"https:\/\/secretofsamui.com\/fr\/produit\/hya-gel\/","title":{"rendered":"Hya Gel"},"content":{"rendered":"<p>Le gel Hya, formule \u00e0 haute concentration, aide \u00e0 retenir et \u00e0 r\u00e9approvisionner en eau les cellules de la peau pendant une longue p\u00e9riode. Elle r\u00e9pare \u00e9galement les peaux rel\u00e2ch\u00e9es pour les rendre plus fermes et plus lisses, et acc\u00e9l\u00e8re le processus de r\u00e9g\u00e9n\u00e9ration des cellules cutan\u00e9es. L&rsquo;acide hyaluronique am\u00e9liore la souplesse et l&rsquo;\u00e9lasticit\u00e9 de la peau, tandis que la vitamine B3 et l&rsquo;extrait d&rsquo;aloe vera aident \u00e0 maintenir l&rsquo;hydratation de la peau. Pr\u00eat \u00e0 donner de l&rsquo;\u00e9clat \u00e0 la peau. Gel doux qui ne provoque pas d&rsquo;allergies ou d&rsquo;irritations de la peau. Sans parab\u00e8ne.     <\/p>\n<p>&nbsp;<\/p>\n","protected":false},"excerpt":{"rendered":"<p>Le gel Hya, formule \u00e0 haute concentration, aide \u00e0 retenir et \u00e0 r\u00e9approvisionner en eau les cellules de la peau pendant une longue p\u00e9riode. Elle r\u00e9pare \u00e9galement les peaux rel\u00e2ch\u00e9es pour les rendre plus fermes et plus lisses, et acc\u00e9l\u00e8re le processus de r\u00e9g\u00e9n\u00e9ration des cellules cutan\u00e9es. Appliquez sur le visage pour un nettoyage en profondeur.  <\/p>\n","protected":false},"featured_media":102754,"template":"","meta":{"_acf_changed":false,"_et_pb_use_builder":"","_et_pb_old_content":"","_et_gb_content_width":""},"product_brand":[],"product_cat":[424],"product_tag":[],"class_list":{"0":"post-103177","1":"product","2":"type-product","3":"status-publish","4":"has-post-thumbnail","6":"product_cat-soin-du-visage","8":"first","9":"instock","10":"taxable","11":"shipping-taxable","12":"purchasable","13":"product-type-simple"},"acf":[],"yoast_head":"<!-- This site is optimized with the Yoast SEO plugin v27.3 - https:\/\/yoast.com\/product\/yoast-seo-wordpress\/ -->\n<title>Hya Gel - Secret of Samui - Natural and Homemade cosmestic<\/title>\n<meta name=\"description\" content=\"Le gel Hya, formule \u00e0 haute concentration, aide \u00e0 retenir et \u00e0 r\u00e9approvisionner en eau les cellules de la peau pendant une longue p\u00e9riode.\" \/>\n<meta name=\"robots\" content=\"index, follow, max-snippet:-1, max-image-preview:large, max-video-preview:-1\" \/>\n<link rel=\"canonical\" href=\"https:\/\/secretofsamui.com\/fr\/produit\/hya-gel\/\" \/>\n<meta property=\"og:locale\" content=\"fr_FR\" \/>\n<meta property=\"og:type\" content=\"article\" \/>\n<meta property=\"og:title\" content=\"Hya Gel - Secret of Samui - Natural and Homemade cosmestic\" \/>\n<meta property=\"og:description\" content=\"Le gel Hya, formule \u00e0 haute concentration, aide \u00e0 retenir et \u00e0 r\u00e9approvisionner en eau les cellules de la peau pendant une longue p\u00e9riode.\" \/>\n<meta property=\"og:url\" content=\"https:\/\/secretofsamui.com\/fr\/produit\/hya-gel\/\" \/>\n<meta property=\"og:site_name\" content=\"Secret of Samui - Natural and Homemade cosmestic\" \/>\n<meta property=\"article:modified_time\" content=\"2025-05-07T06:31:56+00:00\" \/>\n<meta property=\"og:image\" content=\"https:\/\/secretofsamui.com\/wp-content\/uploads\/2024\/07\/Hya-Gel.png\" \/>\n\t<meta property=\"og:image:width\" content=\"1000\" \/>\n\t<meta property=\"og:image:height\" content=\"1000\" \/>\n\t<meta property=\"og:image:type\" content=\"image\/png\" \/>\n<meta name=\"twitter:card\" content=\"summary_large_image\" \/>\n<meta name=\"twitter:label1\" content=\"Dur\u00e9e de lecture estim\u00e9e\" \/>\n\t<meta name=\"twitter:data1\" content=\"1 minute\" \/>\n<script type=\"application\/ld+json\" class=\"yoast-schema-graph\">{\"@context\":\"https:\\\/\\\/schema.org\",\"@graph\":[{\"@type\":\"WebPage\",\"@id\":\"https:\\\/\\\/secretofsamui.com\\\/fr\\\/produit\\\/hya-gel\\\/\",\"url\":\"https:\\\/\\\/secretofsamui.com\\\/fr\\\/produit\\\/hya-gel\\\/\",\"name\":\"Hya Gel - Secret of Samui - Natural and Homemade cosmestic\",\"isPartOf\":{\"@id\":\"https:\\\/\\\/secretofsamui.com\\\/fr\\\/#website\"},\"primaryImageOfPage\":{\"@id\":\"https:\\\/\\\/secretofsamui.com\\\/fr\\\/produit\\\/hya-gel\\\/#primaryimage\"},\"image\":{\"@id\":\"https:\\\/\\\/secretofsamui.com\\\/fr\\\/produit\\\/hya-gel\\\/#primaryimage\"},\"thumbnailUrl\":\"https:\\\/\\\/secretofsamui.com\\\/wp-content\\\/uploads\\\/2024\\\/07\\\/Hya-Gel.png\",\"datePublished\":\"2024-07-17T02:27:44+00:00\",\"dateModified\":\"2025-05-07T06:31:56+00:00\",\"description\":\"Le gel Hya, formule \u00e0 haute concentration, aide \u00e0 retenir et \u00e0 r\u00e9approvisionner en eau les cellules de la peau pendant une longue p\u00e9riode.\",\"breadcrumb\":{\"@id\":\"https:\\\/\\\/secretofsamui.com\\\/fr\\\/produit\\\/hya-gel\\\/#breadcrumb\"},\"inLanguage\":\"fr-FR\",\"potentialAction\":[{\"@type\":\"ReadAction\",\"target\":[\"https:\\\/\\\/secretofsamui.com\\\/fr\\\/produit\\\/hya-gel\\\/\"]}]},{\"@type\":\"ImageObject\",\"inLanguage\":\"fr-FR\",\"@id\":\"https:\\\/\\\/secretofsamui.com\\\/fr\\\/produit\\\/hya-gel\\\/#primaryimage\",\"url\":\"https:\\\/\\\/secretofsamui.com\\\/wp-content\\\/uploads\\\/2024\\\/07\\\/Hya-Gel.png\",\"contentUrl\":\"https:\\\/\\\/secretofsamui.com\\\/wp-content\\\/uploads\\\/2024\\\/07\\\/Hya-Gel.png\",\"width\":1000,\"height\":1000,\"caption\":\"Hya Gel\"},{\"@type\":\"BreadcrumbList\",\"@id\":\"https:\\\/\\\/secretofsamui.com\\\/fr\\\/produit\\\/hya-gel\\\/#breadcrumb\",\"itemListElement\":[{\"@type\":\"ListItem\",\"position\":1,\"name\":\"Home\",\"item\":\"https:\\\/\\\/secretofsamui.com\\\/fr\\\/accueil\\\/\"},{\"@type\":\"ListItem\",\"position\":2,\"name\":\"Boutique\",\"item\":\"https:\\\/\\\/secretofsamui.com\\\/boutique\\\/\"},{\"@type\":\"ListItem\",\"position\":3,\"name\":\"Hya Gel\"}]},{\"@type\":\"WebSite\",\"@id\":\"https:\\\/\\\/secretofsamui.com\\\/fr\\\/#website\",\"url\":\"https:\\\/\\\/secretofsamui.com\\\/fr\\\/\",\"name\":\"Secret of Samui - Natural and Homemade cosmestic\",\"description\":\"\",\"potentialAction\":[{\"@type\":\"SearchAction\",\"target\":{\"@type\":\"EntryPoint\",\"urlTemplate\":\"https:\\\/\\\/secretofsamui.com\\\/fr\\\/?s={search_term_string}\"},\"query-input\":{\"@type\":\"PropertyValueSpecification\",\"valueRequired\":true,\"valueName\":\"search_term_string\"}}],\"inLanguage\":\"fr-FR\"}]}<\/script>\n<!-- \/ Yoast SEO plugin. -->","yoast_head_json":{"title":"Hya Gel - Secret of Samui - Natural and Homemade cosmestic","description":"Le gel Hya, formule \u00e0 haute concentration, aide \u00e0 retenir et \u00e0 r\u00e9approvisionner en eau les cellules de la peau pendant une longue p\u00e9riode.","robots":{"index":"index","follow":"follow","max-snippet":"max-snippet:-1","max-image-preview":"max-image-preview:large","max-video-preview":"max-video-preview:-1"},"canonical":"https:\/\/secretofsamui.com\/fr\/produit\/hya-gel\/","og_locale":"fr_FR","og_type":"article","og_title":"Hya Gel - Secret of Samui - Natural and Homemade cosmestic","og_description":"Le gel Hya, formule \u00e0 haute concentration, aide \u00e0 retenir et \u00e0 r\u00e9approvisionner en eau les cellules de la peau pendant une longue p\u00e9riode.","og_url":"https:\/\/secretofsamui.com\/fr\/produit\/hya-gel\/","og_site_name":"Secret of Samui - Natural and Homemade cosmestic","article_modified_time":"2025-05-07T06:31:56+00:00","og_image":[{"width":1000,"height":1000,"url":"https:\/\/secretofsamui.com\/wp-content\/uploads\/2024\/07\/Hya-Gel.png","type":"image\/png"}],"twitter_card":"summary_large_image","twitter_misc":{"Dur\u00e9e de lecture estim\u00e9e":"1 minute"},"schema":{"@context":"https:\/\/schema.org","@graph":[{"@type":"WebPage","@id":"https:\/\/secretofsamui.com\/fr\/produit\/hya-gel\/","url":"https:\/\/secretofsamui.com\/fr\/produit\/hya-gel\/","name":"Hya Gel - Secret of Samui - Natural and Homemade cosmestic","isPartOf":{"@id":"https:\/\/secretofsamui.com\/fr\/#website"},"primaryImageOfPage":{"@id":"https:\/\/secretofsamui.com\/fr\/produit\/hya-gel\/#primaryimage"},"image":{"@id":"https:\/\/secretofsamui.com\/fr\/produit\/hya-gel\/#primaryimage"},"thumbnailUrl":"https:\/\/secretofsamui.com\/wp-content\/uploads\/2024\/07\/Hya-Gel.png","datePublished":"2024-07-17T02:27:44+00:00","dateModified":"2025-05-07T06:31:56+00:00","description":"Le gel Hya, formule \u00e0 haute concentration, aide \u00e0 retenir et \u00e0 r\u00e9approvisionner en eau les cellules de la peau pendant une longue p\u00e9riode.","breadcrumb":{"@id":"https:\/\/secretofsamui.com\/fr\/produit\/hya-gel\/#breadcrumb"},"inLanguage":"fr-FR","potentialAction":[{"@type":"ReadAction","target":["https:\/\/secretofsamui.com\/fr\/produit\/hya-gel\/"]}]},{"@type":"ImageObject","inLanguage":"fr-FR","@id":"https:\/\/secretofsamui.com\/fr\/produit\/hya-gel\/#primaryimage","url":"https:\/\/secretofsamui.com\/wp-content\/uploads\/2024\/07\/Hya-Gel.png","contentUrl":"https:\/\/secretofsamui.com\/wp-content\/uploads\/2024\/07\/Hya-Gel.png","width":1000,"height":1000,"caption":"Hya Gel"},{"@type":"BreadcrumbList","@id":"https:\/\/secretofsamui.com\/fr\/produit\/hya-gel\/#breadcrumb","itemListElement":[{"@type":"ListItem","position":1,"name":"Home","item":"https:\/\/secretofsamui.com\/fr\/accueil\/"},{"@type":"ListItem","position":2,"name":"Boutique","item":"https:\/\/secretofsamui.com\/boutique\/"},{"@type":"ListItem","position":3,"name":"Hya Gel"}]},{"@type":"WebSite","@id":"https:\/\/secretofsamui.com\/fr\/#website","url":"https:\/\/secretofsamui.com\/fr\/","name":"Secret of Samui - Natural and Homemade cosmestic","description":"","potentialAction":[{"@type":"SearchAction","target":{"@type":"EntryPoint","urlTemplate":"https:\/\/secretofsamui.com\/fr\/?s={search_term_string}"},"query-input":{"@type":"PropertyValueSpecification","valueRequired":true,"valueName":"search_term_string"}}],"inLanguage":"fr-FR"}]}},"_links":{"self":[{"href":"https:\/\/secretofsamui.com\/fr\/wp-json\/wp\/v2\/product\/103177","targetHints":{"allow":["GET"]}}],"collection":[{"href":"https:\/\/secretofsamui.com\/fr\/wp-json\/wp\/v2\/product"}],"about":[{"href":"https:\/\/secretofsamui.com\/fr\/wp-json\/wp\/v2\/types\/product"}],"wp:featuredmedia":[{"embeddable":true,"href":"https:\/\/secretofsamui.com\/fr\/wp-json\/wp\/v2\/media\/102754"}],"wp:attachment":[{"href":"https:\/\/secretofsamui.com\/fr\/wp-json\/wp\/v2\/media?parent=103177"}],"wp:term":[{"taxonomy":"product_brand","embeddable":true,"href":"https:\/\/secretofsamui.com\/fr\/wp-json\/wp\/v2\/product_brand?post=103177"},{"taxonomy":"product_cat","embeddable":true,"href":"https:\/\/secretofsamui.com\/fr\/wp-json\/wp\/v2\/product_cat?post=103177"},{"taxonomy":"product_tag","embeddable":true,"href":"https:\/\/secretofsamui.com\/fr\/wp-json\/wp\/v2\/product_tag?post=103177"}],"curies":[{"name":"wp","href":"https:\/\/api.w.org\/{rel}","templated":true}]}}