{"id":103174,"date":"2024-07-17T02:27:44","date_gmt":"2024-07-17T02:27:44","guid":{"rendered":"https:\/\/secretofsamui.com\/product\/creme-hydratante-pour-le-visage\/"},"modified":"2024-11-13T04:54:35","modified_gmt":"2024-11-13T04:54:35","slug":"creme-hydratante-pour-le-visage","status":"publish","type":"product","link":"https:\/\/secretofsamui.com\/fr\/produit\/creme-hydratante-pour-le-visage\/","title":{"rendered":"Cr\u00e8me hydratante pour le visage"},"content":{"rendered":"<p>Cette cr\u00e8me hydratante pour le visage est un soin intensif qui ne laisse pas de traces grasses. Convient aux peaux s\u00e8ches, craquel\u00e9es, pel\u00e9es et irrit\u00e9es. Gr\u00e2ce \u00e0 un m\u00e9lange d&rsquo;extrait de consoude qui aide \u00e0 r\u00e9duire les irritations et les r\u00e9actions allergiques et \u00e0 un m\u00e9lange d&rsquo;extrait d&rsquo;aloe vera concentr\u00e9 \u00e0 99,5 %, cette cr\u00e8me aide \u00e0 soulager la chaleur du soleil et \u00e0 r\u00e9duire les rougeurs et les irritations de la peau \u00e9chauff\u00e9e. Les huiles de jojoba et d&rsquo;abricot assurent l&rsquo;hydratation, et la vitamine E prot\u00e8ge la peau gr\u00e2ce \u00e0 ses antioxydants. Sans parab\u00e8nes, sans silicones, sans huiles min\u00e9rales.   <\/p>\n<p>&nbsp;<\/p>\n","protected":false},"excerpt":{"rendered":"<p>Hydratant facial intensif con\u00e7u pour nourrir la peau en profondeur sans laisser de r\u00e9sidu gras. Id\u00e9al pour les peaux s\u00e8ches, craquel\u00e9es, desquam\u00e9es et irrit\u00e9es. Appliquez quotidiennement, matin et soir, sur le visage, le cou, ou sur la zone souhait\u00e9e. <\/p>\n","protected":false},"featured_media":102540,"template":"","meta":{"_acf_changed":false,"_et_pb_use_builder":"off","_et_pb_old_content":"Cette cr\u00e8me visage procure une hydratation intensive sans r\u00e9sidu gras, pour une peau fra\u00eeche et parfaitement nourrie. Convient aux peaux s\u00e8ches, craquel\u00e9es, pel\u00e9es et irrit\u00e9es. La pr\u00e9sence d'un m\u00e9lange d'extrait de consoude aide \u00e0 r\u00e9duire les irritations et les r\u00e9actions allergiques. Un m\u00e9lange d'extrait d'aloe vera concentr\u00e9 \u00e0 99,5 % aide \u00e0 soulager la chaleur du soleil et \u00e0 r\u00e9duire les rougeurs et les irritations de la peau \u00e9chauff\u00e9e. Les huiles de jojoba et d'abricot assurent l'hydratation, et la vitamine E prot\u00e8ge la peau gr\u00e2ce \u00e0 ses antioxydants. Sans parab\u00e8nes, sans silicones, sans huiles min\u00e9rales En cas d'allergies et d'irritations, cessez d'utiliser le produit et consultez imm\u00e9diatement un m\u00e9decin. Utilis\u00e9 en externe, ne pas manger.   \n\n\n\n ","_et_gb_content_width":""},"product_brand":[],"product_cat":[424],"product_tag":[],"class_list":{"0":"post-103174","1":"product","2":"type-product","3":"status-publish","4":"has-post-thumbnail","6":"product_cat-soin-du-visage","8":"first","9":"instock","10":"taxable","11":"shipping-taxable","12":"purchasable","13":"product-type-variable","14":"has-default-attributes"},"acf":[],"yoast_head":"<!-- This site is optimized with the Yoast SEO plugin v27.4 - https:\/\/yoast.com\/product\/yoast-seo-wordpress\/ -->\n<title>Cr\u00e8me hydratante pour le visage - Secret of Samui - Natural and Homemade cosmestic<\/title>\n<meta name=\"description\" content=\"Cette cr\u00e8me pour le visage offre une hydratation intensive sans laisser de film gras, pour une peau douce et parfaitement nourrie.\" \/>\n<meta name=\"robots\" content=\"index, follow, max-snippet:-1, max-image-preview:large, max-video-preview:-1\" \/>\n<link rel=\"canonical\" href=\"https:\/\/secretofsamui.com\/fr\/produit\/creme-hydratante-pour-le-visage\/\" \/>\n<meta property=\"og:locale\" content=\"fr_FR\" \/>\n<meta property=\"og:type\" content=\"article\" \/>\n<meta property=\"og:title\" content=\"Cr\u00e8me hydratante pour le visage - Secret of Samui - Natural and Homemade cosmestic\" \/>\n<meta property=\"og:description\" content=\"Cette cr\u00e8me pour le visage offre une hydratation intensive sans laisser de film gras, pour une peau douce et parfaitement nourrie.\" \/>\n<meta property=\"og:url\" content=\"https:\/\/secretofsamui.com\/fr\/produit\/creme-hydratante-pour-le-visage\/\" \/>\n<meta property=\"og:site_name\" content=\"Secret of Samui - Natural and Homemade cosmestic\" \/>\n<meta property=\"article:modified_time\" content=\"2024-11-13T04:54:35+00:00\" \/>\n<meta property=\"og:image\" content=\"https:\/\/secretofsamui.com\/wp-content\/uploads\/2024\/07\/4e9218_3566074731e14a43bc69d5a578788694mv2.jpg\" \/>\n\t<meta property=\"og:image:width\" content=\"751\" \/>\n\t<meta property=\"og:image:height\" content=\"751\" \/>\n\t<meta property=\"og:image:type\" content=\"image\/jpeg\" \/>\n<meta name=\"twitter:card\" content=\"summary_large_image\" \/>\n<meta name=\"twitter:label1\" content=\"Dur\u00e9e de lecture estim\u00e9e\" \/>\n\t<meta name=\"twitter:data1\" content=\"1 minute\" \/>\n<script type=\"application\/ld+json\" class=\"yoast-schema-graph\">{\"@context\":\"https:\\\/\\\/schema.org\",\"@graph\":[{\"@type\":\"WebPage\",\"@id\":\"https:\\\/\\\/secretofsamui.com\\\/fr\\\/produit\\\/creme-hydratante-pour-le-visage\\\/\",\"url\":\"https:\\\/\\\/secretofsamui.com\\\/fr\\\/produit\\\/creme-hydratante-pour-le-visage\\\/\",\"name\":\"Cr\u00e8me hydratante pour le visage - Secret of Samui - Natural and Homemade cosmestic\",\"isPartOf\":{\"@id\":\"https:\\\/\\\/secretofsamui.com\\\/fr\\\/#website\"},\"primaryImageOfPage\":{\"@id\":\"https:\\\/\\\/secretofsamui.com\\\/fr\\\/produit\\\/creme-hydratante-pour-le-visage\\\/#primaryimage\"},\"image\":{\"@id\":\"https:\\\/\\\/secretofsamui.com\\\/fr\\\/produit\\\/creme-hydratante-pour-le-visage\\\/#primaryimage\"},\"thumbnailUrl\":\"https:\\\/\\\/secretofsamui.com\\\/wp-content\\\/uploads\\\/2024\\\/07\\\/4e9218_3566074731e14a43bc69d5a578788694mv2.jpg\",\"datePublished\":\"2024-07-17T02:27:44+00:00\",\"dateModified\":\"2024-11-13T04:54:35+00:00\",\"description\":\"Cette cr\u00e8me pour le visage offre une hydratation intensive sans laisser de film gras, pour une peau douce et parfaitement nourrie.\",\"breadcrumb\":{\"@id\":\"https:\\\/\\\/secretofsamui.com\\\/fr\\\/produit\\\/creme-hydratante-pour-le-visage\\\/#breadcrumb\"},\"inLanguage\":\"fr-FR\",\"potentialAction\":[{\"@type\":\"ReadAction\",\"target\":[\"https:\\\/\\\/secretofsamui.com\\\/fr\\\/produit\\\/creme-hydratante-pour-le-visage\\\/\"]}]},{\"@type\":\"ImageObject\",\"inLanguage\":\"fr-FR\",\"@id\":\"https:\\\/\\\/secretofsamui.com\\\/fr\\\/produit\\\/creme-hydratante-pour-le-visage\\\/#primaryimage\",\"url\":\"https:\\\/\\\/secretofsamui.com\\\/wp-content\\\/uploads\\\/2024\\\/07\\\/4e9218_3566074731e14a43bc69d5a578788694mv2.jpg\",\"contentUrl\":\"https:\\\/\\\/secretofsamui.com\\\/wp-content\\\/uploads\\\/2024\\\/07\\\/4e9218_3566074731e14a43bc69d5a578788694mv2.jpg\",\"width\":751,\"height\":751,\"caption\":\"Facial Moisturizer - Thai Flowers\"},{\"@type\":\"BreadcrumbList\",\"@id\":\"https:\\\/\\\/secretofsamui.com\\\/fr\\\/produit\\\/creme-hydratante-pour-le-visage\\\/#breadcrumb\",\"itemListElement\":[{\"@type\":\"ListItem\",\"position\":1,\"name\":\"Home\",\"item\":\"https:\\\/\\\/secretofsamui.com\\\/fr\\\/accueil\\\/\"},{\"@type\":\"ListItem\",\"position\":2,\"name\":\"Boutique\",\"item\":\"https:\\\/\\\/secretofsamui.com\\\/boutique\\\/\"},{\"@type\":\"ListItem\",\"position\":3,\"name\":\"Cr\u00e8me hydratante pour le visage\"}]},{\"@type\":\"WebSite\",\"@id\":\"https:\\\/\\\/secretofsamui.com\\\/fr\\\/#website\",\"url\":\"https:\\\/\\\/secretofsamui.com\\\/fr\\\/\",\"name\":\"Secret of Samui - Natural and Homemade cosmestic\",\"description\":\"\",\"potentialAction\":[{\"@type\":\"SearchAction\",\"target\":{\"@type\":\"EntryPoint\",\"urlTemplate\":\"https:\\\/\\\/secretofsamui.com\\\/fr\\\/?s={search_term_string}\"},\"query-input\":{\"@type\":\"PropertyValueSpecification\",\"valueRequired\":true,\"valueName\":\"search_term_string\"}}],\"inLanguage\":\"fr-FR\"}]}<\/script>\n<!-- \/ Yoast SEO plugin. -->","yoast_head_json":{"title":"Cr\u00e8me hydratante pour le visage - Secret of Samui - Natural and Homemade cosmestic","description":"Cette cr\u00e8me pour le visage offre une hydratation intensive sans laisser de film gras, pour une peau douce et parfaitement nourrie.","robots":{"index":"index","follow":"follow","max-snippet":"max-snippet:-1","max-image-preview":"max-image-preview:large","max-video-preview":"max-video-preview:-1"},"canonical":"https:\/\/secretofsamui.com\/fr\/produit\/creme-hydratante-pour-le-visage\/","og_locale":"fr_FR","og_type":"article","og_title":"Cr\u00e8me hydratante pour le visage - Secret of Samui - Natural and Homemade cosmestic","og_description":"Cette cr\u00e8me pour le visage offre une hydratation intensive sans laisser de film gras, pour une peau douce et parfaitement nourrie.","og_url":"https:\/\/secretofsamui.com\/fr\/produit\/creme-hydratante-pour-le-visage\/","og_site_name":"Secret of Samui - Natural and Homemade cosmestic","article_modified_time":"2024-11-13T04:54:35+00:00","og_image":[{"width":751,"height":751,"url":"https:\/\/secretofsamui.com\/wp-content\/uploads\/2024\/07\/4e9218_3566074731e14a43bc69d5a578788694mv2.jpg","type":"image\/jpeg"}],"twitter_card":"summary_large_image","twitter_misc":{"Dur\u00e9e de lecture estim\u00e9e":"1 minute"},"schema":{"@context":"https:\/\/schema.org","@graph":[{"@type":"WebPage","@id":"https:\/\/secretofsamui.com\/fr\/produit\/creme-hydratante-pour-le-visage\/","url":"https:\/\/secretofsamui.com\/fr\/produit\/creme-hydratante-pour-le-visage\/","name":"Cr\u00e8me hydratante pour le visage - Secret of Samui - Natural and Homemade cosmestic","isPartOf":{"@id":"https:\/\/secretofsamui.com\/fr\/#website"},"primaryImageOfPage":{"@id":"https:\/\/secretofsamui.com\/fr\/produit\/creme-hydratante-pour-le-visage\/#primaryimage"},"image":{"@id":"https:\/\/secretofsamui.com\/fr\/produit\/creme-hydratante-pour-le-visage\/#primaryimage"},"thumbnailUrl":"https:\/\/secretofsamui.com\/wp-content\/uploads\/2024\/07\/4e9218_3566074731e14a43bc69d5a578788694mv2.jpg","datePublished":"2024-07-17T02:27:44+00:00","dateModified":"2024-11-13T04:54:35+00:00","description":"Cette cr\u00e8me pour le visage offre une hydratation intensive sans laisser de film gras, pour une peau douce et parfaitement nourrie.","breadcrumb":{"@id":"https:\/\/secretofsamui.com\/fr\/produit\/creme-hydratante-pour-le-visage\/#breadcrumb"},"inLanguage":"fr-FR","potentialAction":[{"@type":"ReadAction","target":["https:\/\/secretofsamui.com\/fr\/produit\/creme-hydratante-pour-le-visage\/"]}]},{"@type":"ImageObject","inLanguage":"fr-FR","@id":"https:\/\/secretofsamui.com\/fr\/produit\/creme-hydratante-pour-le-visage\/#primaryimage","url":"https:\/\/secretofsamui.com\/wp-content\/uploads\/2024\/07\/4e9218_3566074731e14a43bc69d5a578788694mv2.jpg","contentUrl":"https:\/\/secretofsamui.com\/wp-content\/uploads\/2024\/07\/4e9218_3566074731e14a43bc69d5a578788694mv2.jpg","width":751,"height":751,"caption":"Facial Moisturizer - Thai Flowers"},{"@type":"BreadcrumbList","@id":"https:\/\/secretofsamui.com\/fr\/produit\/creme-hydratante-pour-le-visage\/#breadcrumb","itemListElement":[{"@type":"ListItem","position":1,"name":"Home","item":"https:\/\/secretofsamui.com\/fr\/accueil\/"},{"@type":"ListItem","position":2,"name":"Boutique","item":"https:\/\/secretofsamui.com\/boutique\/"},{"@type":"ListItem","position":3,"name":"Cr\u00e8me hydratante pour le visage"}]},{"@type":"WebSite","@id":"https:\/\/secretofsamui.com\/fr\/#website","url":"https:\/\/secretofsamui.com\/fr\/","name":"Secret of Samui - Natural and Homemade cosmestic","description":"","potentialAction":[{"@type":"SearchAction","target":{"@type":"EntryPoint","urlTemplate":"https:\/\/secretofsamui.com\/fr\/?s={search_term_string}"},"query-input":{"@type":"PropertyValueSpecification","valueRequired":true,"valueName":"search_term_string"}}],"inLanguage":"fr-FR"}]}},"_links":{"self":[{"href":"https:\/\/secretofsamui.com\/fr\/wp-json\/wp\/v2\/product\/103174","targetHints":{"allow":["GET"]}}],"collection":[{"href":"https:\/\/secretofsamui.com\/fr\/wp-json\/wp\/v2\/product"}],"about":[{"href":"https:\/\/secretofsamui.com\/fr\/wp-json\/wp\/v2\/types\/product"}],"wp:featuredmedia":[{"embeddable":true,"href":"https:\/\/secretofsamui.com\/fr\/wp-json\/wp\/v2\/media\/102540"}],"wp:attachment":[{"href":"https:\/\/secretofsamui.com\/fr\/wp-json\/wp\/v2\/media?parent=103174"}],"wp:term":[{"taxonomy":"product_brand","embeddable":true,"href":"https:\/\/secretofsamui.com\/fr\/wp-json\/wp\/v2\/product_brand?post=103174"},{"taxonomy":"product_cat","embeddable":true,"href":"https:\/\/secretofsamui.com\/fr\/wp-json\/wp\/v2\/product_cat?post=103174"},{"taxonomy":"product_tag","embeddable":true,"href":"https:\/\/secretofsamui.com\/fr\/wp-json\/wp\/v2\/product_tag?post=103174"}],"curies":[{"name":"wp","href":"https:\/\/api.w.org\/{rel}","templated":true}]}}