{"id":103172,"date":"2024-07-17T02:27:44","date_gmt":"2024-07-17T02:27:44","guid":{"rendered":"https:\/\/secretofsamui.com\/product\/huile-pour-le-visage\/"},"modified":"2024-11-13T12:28:09","modified_gmt":"2024-11-13T12:28:09","slug":"huile-pour-le-visage","status":"publish","type":"product","link":"https:\/\/secretofsamui.com\/fr\/produit\/huile-pour-le-visage\/","title":{"rendered":"Huile pour le visage"},"content":{"rendered":"<p>L&rsquo;huile visage \u00e9limine efficacement maquillage, exc\u00e8s de s\u00e9bum et impuret\u00e9s, tout en pr\u00e9servant l&rsquo;hydratation de la peau gr\u00e2ce \u00e0 son huile d&rsquo;abricot naturelle. Enrichie en vitamine E aux propri\u00e9t\u00e9s antioxydantes, elle aide \u00e0 prot\u00e9ger la peau. Parfum\u00e9e naturellement aux huiles essentielles de fleurs de Palmarosa, elle diffuse une douce note de rose tout en aidant \u00e0 apaiser les inflammations li\u00e9es \u00e0 l\u2019acn\u00e9 et \u00e0 purifier la peau. Sans huiles min\u00e9rales ni parfum.   <\/p>\n<p>&nbsp;<\/p>\n","protected":false},"excerpt":{"rendered":"<p>Cette huile pour le visage \u00e9limine en douceur maquillage, exc\u00e8s de s\u00e9bum et impuret\u00e9s, sans ass\u00e9cher la peau, gr\u00e2ce \u00e0 l&rsquo;huile naturelle d&rsquo;abricot. Appliquez sur le visage pour un nettoyage complet, puis rincez \u00e0 l&rsquo;eau. <\/p>\n","protected":false},"featured_media":102545,"template":"","meta":{"_acf_changed":false,"_et_pb_use_builder":"","_et_pb_old_content":"L'huile visage \u00e9limine efficacement maquillage, exc\u00e8s de s\u00e9bum et impuret\u00e9s, tout en pr\u00e9servant l'hydratation de la peau gr\u00e2ce \u00e0 son huile d'abricot naturelle. Enrichie en vitamine E aux propri\u00e9t\u00e9s antioxydantes, elle aide \u00e0 prot\u00e9ger la peau. Parfum\u00e9e naturellement aux huiles essentielles de fleurs de Palmarosa, elle diffuse une douce note de rose tout en aidant \u00e0 apaiser les inflammations li\u00e9es \u00e0 l\u2019acn\u00e9 et \u00e0 purifier la peau. Sans huiles min\u00e9rales ni parfum.   \n\n&nbsp;","_et_gb_content_width":""},"product_brand":[],"product_cat":[424],"product_tag":[],"class_list":{"0":"post-103172","1":"product","2":"type-product","3":"status-publish","4":"has-post-thumbnail","6":"product_cat-soin-du-visage","8":"first","9":"instock","10":"taxable","11":"shipping-taxable","12":"purchasable","13":"product-type-simple"},"acf":[],"yoast_head":"<!-- This site is optimized with the Yoast SEO plugin v27.2 - https:\/\/yoast.com\/product\/yoast-seo-wordpress\/ -->\n<title>Huile pour le visage - Secret of Samui - Natural and Homemade cosmestic<\/title>\n<meta name=\"description\" content=\"L\u2019huile visage retire en douceur maquillage, exc\u00e8s de s\u00e9bum et impuret\u00e9s, comme la poussi\u00e8re, tout en pr\u00e9servant l\u2019hydratation de la peau gr\u00e2ce \u00e0 l\u2019huile d\u2019abricot naturelle.\" \/>\n<meta name=\"robots\" content=\"index, follow, max-snippet:-1, max-image-preview:large, max-video-preview:-1\" \/>\n<link rel=\"canonical\" href=\"https:\/\/secretofsamui.com\/fr\/produit\/huile-pour-le-visage\/\" \/>\n<meta property=\"og:locale\" content=\"fr_FR\" \/>\n<meta property=\"og:type\" content=\"article\" \/>\n<meta property=\"og:title\" content=\"Huile pour le visage - Secret of Samui - Natural and Homemade cosmestic\" \/>\n<meta property=\"og:description\" content=\"L\u2019huile visage retire en douceur maquillage, exc\u00e8s de s\u00e9bum et impuret\u00e9s, comme la poussi\u00e8re, tout en pr\u00e9servant l\u2019hydratation de la peau gr\u00e2ce \u00e0 l\u2019huile d\u2019abricot naturelle.\" \/>\n<meta property=\"og:url\" content=\"https:\/\/secretofsamui.com\/fr\/produit\/huile-pour-le-visage\/\" \/>\n<meta property=\"og:site_name\" content=\"Secret of Samui - Natural and Homemade cosmestic\" \/>\n<meta property=\"article:modified_time\" content=\"2024-11-13T12:28:09+00:00\" \/>\n<meta property=\"og:image\" content=\"https:\/\/secretofsamui.com\/wp-content\/uploads\/2024\/07\/4e9218_92bafd9b434f477aa822681841d690cdmv2.jpg\" \/>\n\t<meta property=\"og:image:width\" content=\"751\" \/>\n\t<meta property=\"og:image:height\" content=\"751\" \/>\n\t<meta property=\"og:image:type\" content=\"image\/jpeg\" \/>\n<meta name=\"twitter:card\" content=\"summary_large_image\" \/>\n<script type=\"application\/ld+json\" class=\"yoast-schema-graph\">{\"@context\":\"https:\/\/schema.org\",\"@graph\":[{\"@type\":\"WebPage\",\"@id\":\"https:\/\/secretofsamui.com\/fr\/produit\/huile-pour-le-visage\/\",\"url\":\"https:\/\/secretofsamui.com\/fr\/produit\/huile-pour-le-visage\/\",\"name\":\"Huile pour le visage - Secret of Samui - Natural and Homemade cosmestic\",\"isPartOf\":{\"@id\":\"https:\/\/secretofsamui.com\/fr\/#website\"},\"primaryImageOfPage\":{\"@id\":\"https:\/\/secretofsamui.com\/fr\/produit\/huile-pour-le-visage\/#primaryimage\"},\"image\":{\"@id\":\"https:\/\/secretofsamui.com\/fr\/produit\/huile-pour-le-visage\/#primaryimage\"},\"thumbnailUrl\":\"https:\/\/secretofsamui.com\/wp-content\/uploads\/2024\/07\/4e9218_92bafd9b434f477aa822681841d690cdmv2.jpg\",\"datePublished\":\"2024-07-17T02:27:44+00:00\",\"dateModified\":\"2024-11-13T12:28:09+00:00\",\"description\":\"L\u2019huile visage retire en douceur maquillage, exc\u00e8s de s\u00e9bum et impuret\u00e9s, comme la poussi\u00e8re, tout en pr\u00e9servant l\u2019hydratation de la peau gr\u00e2ce \u00e0 l\u2019huile d\u2019abricot naturelle.\",\"breadcrumb\":{\"@id\":\"https:\/\/secretofsamui.com\/fr\/produit\/huile-pour-le-visage\/#breadcrumb\"},\"inLanguage\":\"fr-FR\",\"potentialAction\":[{\"@type\":\"ReadAction\",\"target\":[\"https:\/\/secretofsamui.com\/fr\/produit\/huile-pour-le-visage\/\"]}]},{\"@type\":\"ImageObject\",\"inLanguage\":\"fr-FR\",\"@id\":\"https:\/\/secretofsamui.com\/fr\/produit\/huile-pour-le-visage\/#primaryimage\",\"url\":\"https:\/\/secretofsamui.com\/wp-content\/uploads\/2024\/07\/4e9218_92bafd9b434f477aa822681841d690cdmv2.jpg\",\"contentUrl\":\"https:\/\/secretofsamui.com\/wp-content\/uploads\/2024\/07\/4e9218_92bafd9b434f477aa822681841d690cdmv2.jpg\",\"width\":751,\"height\":751,\"caption\":\"Facial Oil Palmarosa\"},{\"@type\":\"BreadcrumbList\",\"@id\":\"https:\/\/secretofsamui.com\/fr\/produit\/huile-pour-le-visage\/#breadcrumb\",\"itemListElement\":[{\"@type\":\"ListItem\",\"position\":1,\"name\":\"Home\",\"item\":\"https:\/\/secretofsamui.com\/fr\/accueil\/\"},{\"@type\":\"ListItem\",\"position\":2,\"name\":\"Boutique\",\"item\":\"https:\/\/secretofsamui.com\/boutique\/\"},{\"@type\":\"ListItem\",\"position\":3,\"name\":\"Huile pour le visage\"}]},{\"@type\":\"WebSite\",\"@id\":\"https:\/\/secretofsamui.com\/fr\/#website\",\"url\":\"https:\/\/secretofsamui.com\/fr\/\",\"name\":\"Secret of Samui - Natural and Homemade cosmestic\",\"description\":\"\",\"potentialAction\":[{\"@type\":\"SearchAction\",\"target\":{\"@type\":\"EntryPoint\",\"urlTemplate\":\"https:\/\/secretofsamui.com\/fr\/?s={search_term_string}\"},\"query-input\":{\"@type\":\"PropertyValueSpecification\",\"valueRequired\":true,\"valueName\":\"search_term_string\"}}],\"inLanguage\":\"fr-FR\"}]}<\/script>\n<!-- \/ Yoast SEO plugin. -->","yoast_head_json":{"title":"Huile pour le visage - Secret of Samui - Natural and Homemade cosmestic","description":"L\u2019huile visage retire en douceur maquillage, exc\u00e8s de s\u00e9bum et impuret\u00e9s, comme la poussi\u00e8re, tout en pr\u00e9servant l\u2019hydratation de la peau gr\u00e2ce \u00e0 l\u2019huile d\u2019abricot naturelle.","robots":{"index":"index","follow":"follow","max-snippet":"max-snippet:-1","max-image-preview":"max-image-preview:large","max-video-preview":"max-video-preview:-1"},"canonical":"https:\/\/secretofsamui.com\/fr\/produit\/huile-pour-le-visage\/","og_locale":"fr_FR","og_type":"article","og_title":"Huile pour le visage - Secret of Samui - Natural and Homemade cosmestic","og_description":"L\u2019huile visage retire en douceur maquillage, exc\u00e8s de s\u00e9bum et impuret\u00e9s, comme la poussi\u00e8re, tout en pr\u00e9servant l\u2019hydratation de la peau gr\u00e2ce \u00e0 l\u2019huile d\u2019abricot naturelle.","og_url":"https:\/\/secretofsamui.com\/fr\/produit\/huile-pour-le-visage\/","og_site_name":"Secret of Samui - Natural and Homemade cosmestic","article_modified_time":"2024-11-13T12:28:09+00:00","og_image":[{"width":751,"height":751,"url":"https:\/\/secretofsamui.com\/wp-content\/uploads\/2024\/07\/4e9218_92bafd9b434f477aa822681841d690cdmv2.jpg","type":"image\/jpeg"}],"twitter_card":"summary_large_image","schema":{"@context":"https:\/\/schema.org","@graph":[{"@type":"WebPage","@id":"https:\/\/secretofsamui.com\/fr\/produit\/huile-pour-le-visage\/","url":"https:\/\/secretofsamui.com\/fr\/produit\/huile-pour-le-visage\/","name":"Huile pour le visage - Secret of Samui - Natural and Homemade cosmestic","isPartOf":{"@id":"https:\/\/secretofsamui.com\/fr\/#website"},"primaryImageOfPage":{"@id":"https:\/\/secretofsamui.com\/fr\/produit\/huile-pour-le-visage\/#primaryimage"},"image":{"@id":"https:\/\/secretofsamui.com\/fr\/produit\/huile-pour-le-visage\/#primaryimage"},"thumbnailUrl":"https:\/\/secretofsamui.com\/wp-content\/uploads\/2024\/07\/4e9218_92bafd9b434f477aa822681841d690cdmv2.jpg","datePublished":"2024-07-17T02:27:44+00:00","dateModified":"2024-11-13T12:28:09+00:00","description":"L\u2019huile visage retire en douceur maquillage, exc\u00e8s de s\u00e9bum et impuret\u00e9s, comme la poussi\u00e8re, tout en pr\u00e9servant l\u2019hydratation de la peau gr\u00e2ce \u00e0 l\u2019huile d\u2019abricot naturelle.","breadcrumb":{"@id":"https:\/\/secretofsamui.com\/fr\/produit\/huile-pour-le-visage\/#breadcrumb"},"inLanguage":"fr-FR","potentialAction":[{"@type":"ReadAction","target":["https:\/\/secretofsamui.com\/fr\/produit\/huile-pour-le-visage\/"]}]},{"@type":"ImageObject","inLanguage":"fr-FR","@id":"https:\/\/secretofsamui.com\/fr\/produit\/huile-pour-le-visage\/#primaryimage","url":"https:\/\/secretofsamui.com\/wp-content\/uploads\/2024\/07\/4e9218_92bafd9b434f477aa822681841d690cdmv2.jpg","contentUrl":"https:\/\/secretofsamui.com\/wp-content\/uploads\/2024\/07\/4e9218_92bafd9b434f477aa822681841d690cdmv2.jpg","width":751,"height":751,"caption":"Facial Oil Palmarosa"},{"@type":"BreadcrumbList","@id":"https:\/\/secretofsamui.com\/fr\/produit\/huile-pour-le-visage\/#breadcrumb","itemListElement":[{"@type":"ListItem","position":1,"name":"Home","item":"https:\/\/secretofsamui.com\/fr\/accueil\/"},{"@type":"ListItem","position":2,"name":"Boutique","item":"https:\/\/secretofsamui.com\/boutique\/"},{"@type":"ListItem","position":3,"name":"Huile pour le visage"}]},{"@type":"WebSite","@id":"https:\/\/secretofsamui.com\/fr\/#website","url":"https:\/\/secretofsamui.com\/fr\/","name":"Secret of Samui - Natural and Homemade cosmestic","description":"","potentialAction":[{"@type":"SearchAction","target":{"@type":"EntryPoint","urlTemplate":"https:\/\/secretofsamui.com\/fr\/?s={search_term_string}"},"query-input":{"@type":"PropertyValueSpecification","valueRequired":true,"valueName":"search_term_string"}}],"inLanguage":"fr-FR"}]}},"_links":{"self":[{"href":"https:\/\/secretofsamui.com\/fr\/wp-json\/wp\/v2\/product\/103172","targetHints":{"allow":["GET"]}}],"collection":[{"href":"https:\/\/secretofsamui.com\/fr\/wp-json\/wp\/v2\/product"}],"about":[{"href":"https:\/\/secretofsamui.com\/fr\/wp-json\/wp\/v2\/types\/product"}],"wp:featuredmedia":[{"embeddable":true,"href":"https:\/\/secretofsamui.com\/fr\/wp-json\/wp\/v2\/media\/102545"}],"wp:attachment":[{"href":"https:\/\/secretofsamui.com\/fr\/wp-json\/wp\/v2\/media?parent=103172"}],"wp:term":[{"taxonomy":"product_brand","embeddable":true,"href":"https:\/\/secretofsamui.com\/fr\/wp-json\/wp\/v2\/product_brand?post=103172"},{"taxonomy":"product_cat","embeddable":true,"href":"https:\/\/secretofsamui.com\/fr\/wp-json\/wp\/v2\/product_cat?post=103172"},{"taxonomy":"product_tag","embeddable":true,"href":"https:\/\/secretofsamui.com\/fr\/wp-json\/wp\/v2\/product_tag?post=103172"}],"curies":[{"name":"wp","href":"https:\/\/api.w.org\/{rel}","templated":true}]}}