{"id":103167,"date":"2024-07-17T02:27:44","date_gmt":"2024-07-17T02:27:44","guid":{"rendered":"https:\/\/secretofsamui.com\/product\/repulsif-pour-moustiques\/"},"modified":"2025-10-06T11:00:37","modified_gmt":"2025-10-06T11:00:37","slug":"repulsif-pour-moustiques","status":"publish","type":"product","link":"https:\/\/secretofsamui.com\/fr\/produit\/repulsif-pour-moustiques\/","title":{"rendered":"R\u00e9pulsif pour moustiques"},"content":{"rendered":"<p>R\u00e9pulsif naturel contre les moustiques et les insectes, compos\u00e9 d&rsquo;un m\u00e9lange d&rsquo;huiles essentielles s\u00e9lectionn\u00e9es, dont la citronnelle et l&rsquo;eucalyptus, ainsi que de vitamine E et de vitamine B5 qui aident \u00e0 r\u00e9duire l&rsquo;irritation de la peau.<\/p>\n<p>Appliqu\u00e9 directement sur le corps, il \u00e9loigne efficacement et naturellement les moustiques tout en parfumant agr\u00e9ablement.<\/p>\n<p>Ce spray enti\u00e8rement naturel remplacera efficacement tout spray chimique habituellement utilis\u00e9 et ne contient pas de DEET, qui est extr\u00eamement nocif.<\/p>\n<ul>\n<li>Aide \u00e0 prot\u00e9ger votre peau contre les moustiques pendant 45 minutes.<\/li>\n<li>Pas collant<\/li>\n<li>Sans danger pour l&rsquo;homme et l&rsquo;environnement (pas de DEET)<\/li>\n<li>Parfum\u00e9e et douce pour la peau<\/li>\n<\/ul>\n","protected":false},"excerpt":{"rendered":"<p>R\u00e9pulsif naturel contre les moustiques et les insectes, compos\u00e9 d&rsquo;un m\u00e9lange d&rsquo;huiles essentielles s\u00e9lectionn\u00e9es, dont la citronnelle et l&rsquo;eucalyptus, ainsi que de vitamine E et de vitamine B5 qui aident \u00e0 r\u00e9duire l&rsquo;irritation de la peau.<\/p>\n","protected":false},"featured_media":102592,"template":"","meta":{"_acf_changed":false,"_et_pb_use_builder":"off","_et_pb_old_content":"R\u00e9pulsif naturel contre les moustiques et les insectes compos\u00e9 d'un m\u00e9lange d'huiles essentielles s\u00e9lectionn\u00e9es, dont la citronnelle et l'eucalyptus, ainsi que de vitamine E et de vitamine B5 qui aident \u00e0 r\u00e9duire l'irritation de la peau.\n\nAppliqu\u00e9 directement sur le corps, il repousse efficacement et naturellement les moustiques tout en parfumant agr\u00e9ablement.\n\nCe spray enti\u00e8rement naturel remplacera efficacement tout spray chimique habituellement utilis\u00e9 et il est d\u00e9pourvu de DEET, qui est extr\u00eamement nocif.\n- Prot\u00e8ge votre peau des moustiques jusqu'\u00e0 7 heures\n- Ne colle pas\n- Sans danger pour l'homme et l'environnement (pas de DEET)\n- Parfum\u00e9 et doux pour la peau","_et_gb_content_width":""},"product_brand":[],"product_cat":[423],"product_tag":[464],"class_list":{"0":"post-103167","1":"product","2":"type-product","3":"status-publish","4":"has-post-thumbnail","6":"product_cat-soin-du-corps","7":"product_tag-pas-de-fda","9":"first","10":"instock","11":"taxable","12":"shipping-taxable","13":"purchasable","14":"product-type-variable","15":"has-default-attributes"},"acf":[],"yoast_head":"<!-- This site is optimized with the Yoast SEO plugin v27.4 - https:\/\/yoast.com\/product\/yoast-seo-wordpress\/ -->\n<title>R\u00e9pulsif pour moustiques - Secret of Samui - Natural and Homemade cosmestic<\/title>\n<meta name=\"description\" content=\"R\u00e9pulsif naturel contre les moustiques et les insectes compos\u00e9 d&#039;un m\u00e9lange d&#039;huiles essentielles s\u00e9lectionn\u00e9es dont la citronnelle et l&#039;eucalyptus.\" \/>\n<meta name=\"robots\" content=\"index, follow, max-snippet:-1, max-image-preview:large, max-video-preview:-1\" \/>\n<link rel=\"canonical\" href=\"https:\/\/secretofsamui.com\/fr\/produit\/repulsif-pour-moustiques\/\" \/>\n<meta property=\"og:locale\" content=\"fr_FR\" \/>\n<meta property=\"og:type\" content=\"article\" \/>\n<meta property=\"og:title\" content=\"R\u00e9pulsif pour moustiques - Secret of Samui - Natural and Homemade cosmestic\" \/>\n<meta property=\"og:description\" content=\"R\u00e9pulsif naturel contre les moustiques et les insectes compos\u00e9 d&#039;un m\u00e9lange d&#039;huiles essentielles s\u00e9lectionn\u00e9es dont la citronnelle et l&#039;eucalyptus.\" \/>\n<meta property=\"og:url\" content=\"https:\/\/secretofsamui.com\/fr\/produit\/repulsif-pour-moustiques\/\" \/>\n<meta property=\"og:site_name\" content=\"Secret of Samui - Natural and Homemade cosmestic\" \/>\n<meta property=\"article:modified_time\" content=\"2025-10-06T11:00:37+00:00\" \/>\n<meta property=\"og:image\" content=\"https:\/\/secretofsamui.com\/wp-content\/uploads\/2024\/07\/4e9218_6bab1ea6c8ea47ffac483fecbed22363mv2.jpg\" \/>\n\t<meta property=\"og:image:width\" content=\"751\" \/>\n\t<meta property=\"og:image:height\" content=\"751\" \/>\n\t<meta property=\"og:image:type\" content=\"image\/jpeg\" \/>\n<meta name=\"twitter:card\" content=\"summary_large_image\" \/>\n<meta name=\"twitter:label1\" content=\"Dur\u00e9e de lecture estim\u00e9e\" \/>\n\t<meta name=\"twitter:data1\" content=\"1 minute\" \/>\n<script type=\"application\/ld+json\" class=\"yoast-schema-graph\">{\"@context\":\"https:\\\/\\\/schema.org\",\"@graph\":[{\"@type\":\"WebPage\",\"@id\":\"https:\\\/\\\/secretofsamui.com\\\/fr\\\/produit\\\/repulsif-pour-moustiques\\\/\",\"url\":\"https:\\\/\\\/secretofsamui.com\\\/fr\\\/produit\\\/repulsif-pour-moustiques\\\/\",\"name\":\"R\u00e9pulsif pour moustiques - Secret of Samui - Natural and Homemade cosmestic\",\"isPartOf\":{\"@id\":\"https:\\\/\\\/secretofsamui.com\\\/fr\\\/#website\"},\"primaryImageOfPage\":{\"@id\":\"https:\\\/\\\/secretofsamui.com\\\/fr\\\/produit\\\/repulsif-pour-moustiques\\\/#primaryimage\"},\"image\":{\"@id\":\"https:\\\/\\\/secretofsamui.com\\\/fr\\\/produit\\\/repulsif-pour-moustiques\\\/#primaryimage\"},\"thumbnailUrl\":\"https:\\\/\\\/secretofsamui.com\\\/wp-content\\\/uploads\\\/2024\\\/07\\\/4e9218_6bab1ea6c8ea47ffac483fecbed22363mv2.jpg\",\"datePublished\":\"2024-07-17T02:27:44+00:00\",\"dateModified\":\"2025-10-06T11:00:37+00:00\",\"description\":\"R\u00e9pulsif naturel contre les moustiques et les insectes compos\u00e9 d'un m\u00e9lange d'huiles essentielles s\u00e9lectionn\u00e9es dont la citronnelle et l'eucalyptus.\",\"breadcrumb\":{\"@id\":\"https:\\\/\\\/secretofsamui.com\\\/fr\\\/produit\\\/repulsif-pour-moustiques\\\/#breadcrumb\"},\"inLanguage\":\"fr-FR\",\"potentialAction\":[{\"@type\":\"ReadAction\",\"target\":[\"https:\\\/\\\/secretofsamui.com\\\/fr\\\/produit\\\/repulsif-pour-moustiques\\\/\"]}]},{\"@type\":\"ImageObject\",\"inLanguage\":\"fr-FR\",\"@id\":\"https:\\\/\\\/secretofsamui.com\\\/fr\\\/produit\\\/repulsif-pour-moustiques\\\/#primaryimage\",\"url\":\"https:\\\/\\\/secretofsamui.com\\\/wp-content\\\/uploads\\\/2024\\\/07\\\/4e9218_6bab1ea6c8ea47ffac483fecbed22363mv2.jpg\",\"contentUrl\":\"https:\\\/\\\/secretofsamui.com\\\/wp-content\\\/uploads\\\/2024\\\/07\\\/4e9218_6bab1ea6c8ea47ffac483fecbed22363mv2.jpg\",\"width\":751,\"height\":751,\"caption\":\"Mosquito Repellent\"},{\"@type\":\"BreadcrumbList\",\"@id\":\"https:\\\/\\\/secretofsamui.com\\\/fr\\\/produit\\\/repulsif-pour-moustiques\\\/#breadcrumb\",\"itemListElement\":[{\"@type\":\"ListItem\",\"position\":1,\"name\":\"Home\",\"item\":\"https:\\\/\\\/secretofsamui.com\\\/fr\\\/accueil\\\/\"},{\"@type\":\"ListItem\",\"position\":2,\"name\":\"Boutique\",\"item\":\"https:\\\/\\\/secretofsamui.com\\\/boutique\\\/\"},{\"@type\":\"ListItem\",\"position\":3,\"name\":\"R\u00e9pulsif pour moustiques\"}]},{\"@type\":\"WebSite\",\"@id\":\"https:\\\/\\\/secretofsamui.com\\\/fr\\\/#website\",\"url\":\"https:\\\/\\\/secretofsamui.com\\\/fr\\\/\",\"name\":\"Secret of Samui - Natural and Homemade cosmestic\",\"description\":\"\",\"potentialAction\":[{\"@type\":\"SearchAction\",\"target\":{\"@type\":\"EntryPoint\",\"urlTemplate\":\"https:\\\/\\\/secretofsamui.com\\\/fr\\\/?s={search_term_string}\"},\"query-input\":{\"@type\":\"PropertyValueSpecification\",\"valueRequired\":true,\"valueName\":\"search_term_string\"}}],\"inLanguage\":\"fr-FR\"}]}<\/script>\n<!-- \/ Yoast SEO plugin. -->","yoast_head_json":{"title":"R\u00e9pulsif pour moustiques - Secret of Samui - Natural and Homemade cosmestic","description":"R\u00e9pulsif naturel contre les moustiques et les insectes compos\u00e9 d'un m\u00e9lange d'huiles essentielles s\u00e9lectionn\u00e9es dont la citronnelle et l'eucalyptus.","robots":{"index":"index","follow":"follow","max-snippet":"max-snippet:-1","max-image-preview":"max-image-preview:large","max-video-preview":"max-video-preview:-1"},"canonical":"https:\/\/secretofsamui.com\/fr\/produit\/repulsif-pour-moustiques\/","og_locale":"fr_FR","og_type":"article","og_title":"R\u00e9pulsif pour moustiques - Secret of Samui - Natural and Homemade cosmestic","og_description":"R\u00e9pulsif naturel contre les moustiques et les insectes compos\u00e9 d'un m\u00e9lange d'huiles essentielles s\u00e9lectionn\u00e9es dont la citronnelle et l'eucalyptus.","og_url":"https:\/\/secretofsamui.com\/fr\/produit\/repulsif-pour-moustiques\/","og_site_name":"Secret of Samui - Natural and Homemade cosmestic","article_modified_time":"2025-10-06T11:00:37+00:00","og_image":[{"width":751,"height":751,"url":"https:\/\/secretofsamui.com\/wp-content\/uploads\/2024\/07\/4e9218_6bab1ea6c8ea47ffac483fecbed22363mv2.jpg","type":"image\/jpeg"}],"twitter_card":"summary_large_image","twitter_misc":{"Dur\u00e9e de lecture estim\u00e9e":"1 minute"},"schema":{"@context":"https:\/\/schema.org","@graph":[{"@type":"WebPage","@id":"https:\/\/secretofsamui.com\/fr\/produit\/repulsif-pour-moustiques\/","url":"https:\/\/secretofsamui.com\/fr\/produit\/repulsif-pour-moustiques\/","name":"R\u00e9pulsif pour moustiques - Secret of Samui - Natural and Homemade cosmestic","isPartOf":{"@id":"https:\/\/secretofsamui.com\/fr\/#website"},"primaryImageOfPage":{"@id":"https:\/\/secretofsamui.com\/fr\/produit\/repulsif-pour-moustiques\/#primaryimage"},"image":{"@id":"https:\/\/secretofsamui.com\/fr\/produit\/repulsif-pour-moustiques\/#primaryimage"},"thumbnailUrl":"https:\/\/secretofsamui.com\/wp-content\/uploads\/2024\/07\/4e9218_6bab1ea6c8ea47ffac483fecbed22363mv2.jpg","datePublished":"2024-07-17T02:27:44+00:00","dateModified":"2025-10-06T11:00:37+00:00","description":"R\u00e9pulsif naturel contre les moustiques et les insectes compos\u00e9 d'un m\u00e9lange d'huiles essentielles s\u00e9lectionn\u00e9es dont la citronnelle et l'eucalyptus.","breadcrumb":{"@id":"https:\/\/secretofsamui.com\/fr\/produit\/repulsif-pour-moustiques\/#breadcrumb"},"inLanguage":"fr-FR","potentialAction":[{"@type":"ReadAction","target":["https:\/\/secretofsamui.com\/fr\/produit\/repulsif-pour-moustiques\/"]}]},{"@type":"ImageObject","inLanguage":"fr-FR","@id":"https:\/\/secretofsamui.com\/fr\/produit\/repulsif-pour-moustiques\/#primaryimage","url":"https:\/\/secretofsamui.com\/wp-content\/uploads\/2024\/07\/4e9218_6bab1ea6c8ea47ffac483fecbed22363mv2.jpg","contentUrl":"https:\/\/secretofsamui.com\/wp-content\/uploads\/2024\/07\/4e9218_6bab1ea6c8ea47ffac483fecbed22363mv2.jpg","width":751,"height":751,"caption":"Mosquito Repellent"},{"@type":"BreadcrumbList","@id":"https:\/\/secretofsamui.com\/fr\/produit\/repulsif-pour-moustiques\/#breadcrumb","itemListElement":[{"@type":"ListItem","position":1,"name":"Home","item":"https:\/\/secretofsamui.com\/fr\/accueil\/"},{"@type":"ListItem","position":2,"name":"Boutique","item":"https:\/\/secretofsamui.com\/boutique\/"},{"@type":"ListItem","position":3,"name":"R\u00e9pulsif pour moustiques"}]},{"@type":"WebSite","@id":"https:\/\/secretofsamui.com\/fr\/#website","url":"https:\/\/secretofsamui.com\/fr\/","name":"Secret of Samui - Natural and Homemade cosmestic","description":"","potentialAction":[{"@type":"SearchAction","target":{"@type":"EntryPoint","urlTemplate":"https:\/\/secretofsamui.com\/fr\/?s={search_term_string}"},"query-input":{"@type":"PropertyValueSpecification","valueRequired":true,"valueName":"search_term_string"}}],"inLanguage":"fr-FR"}]}},"_links":{"self":[{"href":"https:\/\/secretofsamui.com\/fr\/wp-json\/wp\/v2\/product\/103167","targetHints":{"allow":["GET"]}}],"collection":[{"href":"https:\/\/secretofsamui.com\/fr\/wp-json\/wp\/v2\/product"}],"about":[{"href":"https:\/\/secretofsamui.com\/fr\/wp-json\/wp\/v2\/types\/product"}],"wp:featuredmedia":[{"embeddable":true,"href":"https:\/\/secretofsamui.com\/fr\/wp-json\/wp\/v2\/media\/102592"}],"wp:attachment":[{"href":"https:\/\/secretofsamui.com\/fr\/wp-json\/wp\/v2\/media?parent=103167"}],"wp:term":[{"taxonomy":"product_brand","embeddable":true,"href":"https:\/\/secretofsamui.com\/fr\/wp-json\/wp\/v2\/product_brand?post=103167"},{"taxonomy":"product_cat","embeddable":true,"href":"https:\/\/secretofsamui.com\/fr\/wp-json\/wp\/v2\/product_cat?post=103167"},{"taxonomy":"product_tag","embeddable":true,"href":"https:\/\/secretofsamui.com\/fr\/wp-json\/wp\/v2\/product_tag?post=103167"}],"curies":[{"name":"wp","href":"https:\/\/api.w.org\/{rel}","templated":true}]}}