{"id":103166,"date":"2024-07-17T02:27:44","date_gmt":"2024-07-17T02:27:44","guid":{"rendered":"https:\/\/secretofsamui.com\/product\/nettoyant-pour-le-visage\/"},"modified":"2024-11-13T04:54:31","modified_gmt":"2024-11-13T04:54:31","slug":"nettoyant-pour-le-visage","status":"publish","type":"product","link":"https:\/\/secretofsamui.com\/fr\/produit\/nettoyant-pour-le-visage\/","title":{"rendered":"Nettoyant pour le visage"},"content":{"rendered":"<p>Le nettoyant pour le visage \u00e9limine les impuret\u00e9s telles que l&rsquo;exc\u00e8s de s\u00e9bum, la poussi\u00e8re, ne contient pas de SLS et ne dess\u00e8che pas la peau. Avec un m\u00e9lange de vitamine B5, qui agit comme un humectant ou une substance qui retient l&rsquo;humidit\u00e9 pour la peau et la vitamine E aide \u00e0 prot\u00e9ger la peau avec des antioxydants. L&rsquo;huile de jojoba et l&rsquo;huile d&rsquo;abricot aident \u00e0 hydrater et \u00e0 \u00e9liminer les impuret\u00e9s. Sans parab\u00e8nes, sans silicones, sans SLS  <\/p>\n<p>&nbsp;<\/p>\n","protected":false},"excerpt":{"rendered":"<p>Le nettoyant pour le visage \u00e9limine les impuret\u00e9s telles que l&rsquo;exc\u00e8s de s\u00e9bum, la poussi\u00e8re, ne contient pas de SLS et ne dess\u00e8che pas la peau. Avec un m\u00e9lange de vitamine B5, qui agit comme un humectant ou une substance qui retient l&rsquo;humidit\u00e9 pour la peau et la vitamine E aide \u00e0 prot\u00e9ger la peau avec des antioxydants. S&rsquo;utilise pour le lavage du visage matin-soir. <\/p>\n","protected":false},"featured_media":102782,"template":"","meta":{"_acf_changed":false,"_et_pb_use_builder":"","_et_pb_old_content":"","_et_gb_content_width":""},"product_brand":[],"product_cat":[424],"product_tag":[],"class_list":{"0":"post-103166","1":"product","2":"type-product","3":"status-publish","4":"has-post-thumbnail","6":"product_cat-soin-du-visage","8":"first","9":"instock","10":"taxable","11":"shipping-taxable","12":"purchasable","13":"product-type-variable","14":"has-default-attributes"},"acf":[],"yoast_head":"<!-- This site is optimized with the Yoast SEO plugin v27.4 - https:\/\/yoast.com\/product\/yoast-seo-wordpress\/ -->\n<title>Nettoyant pour le visage - Secret of Samui - Natural and Homemade cosmestic<\/title>\n<meta name=\"description\" content=\"Le nettoyant pour le visage \u00e9limine les impuret\u00e9s telles que l&#039;exc\u00e8s de poussi\u00e8re d&#039;huile, ne contient pas de SLS et ne dess\u00e8che pas la peau. Avec un m\u00e9lange de vitamine B5\" \/>\n<meta name=\"robots\" content=\"index, follow, max-snippet:-1, max-image-preview:large, max-video-preview:-1\" \/>\n<link rel=\"canonical\" href=\"https:\/\/secretofsamui.com\/fr\/produit\/nettoyant-pour-le-visage\/\" \/>\n<meta property=\"og:locale\" content=\"fr_FR\" \/>\n<meta property=\"og:type\" content=\"article\" \/>\n<meta property=\"og:title\" content=\"Nettoyant pour le visage - Secret of Samui - Natural and Homemade cosmestic\" \/>\n<meta property=\"og:description\" content=\"Le nettoyant pour le visage \u00e9limine les impuret\u00e9s telles que l&#039;exc\u00e8s de poussi\u00e8re d&#039;huile, ne contient pas de SLS et ne dess\u00e8che pas la peau. Avec un m\u00e9lange de vitamine B5\" \/>\n<meta property=\"og:url\" content=\"https:\/\/secretofsamui.com\/fr\/produit\/nettoyant-pour-le-visage\/\" \/>\n<meta property=\"og:site_name\" content=\"Secret of Samui - Natural and Homemade cosmestic\" \/>\n<meta property=\"article:modified_time\" content=\"2024-11-13T04:54:31+00:00\" \/>\n<meta property=\"og:image\" content=\"https:\/\/secretofsamui.com\/wp-content\/uploads\/2024\/07\/FacialCleanserThaiFlowersBanner.jpg\" \/>\n\t<meta property=\"og:image:width\" content=\"2048\" \/>\n\t<meta property=\"og:image:height\" content=\"2048\" \/>\n\t<meta property=\"og:image:type\" content=\"image\/jpeg\" \/>\n<meta name=\"twitter:card\" content=\"summary_large_image\" \/>\n<script type=\"application\/ld+json\" class=\"yoast-schema-graph\">{\"@context\":\"https:\\\/\\\/schema.org\",\"@graph\":[{\"@type\":\"WebPage\",\"@id\":\"https:\\\/\\\/secretofsamui.com\\\/fr\\\/produit\\\/nettoyant-pour-le-visage\\\/\",\"url\":\"https:\\\/\\\/secretofsamui.com\\\/fr\\\/produit\\\/nettoyant-pour-le-visage\\\/\",\"name\":\"Nettoyant pour le visage - Secret of Samui - Natural and Homemade cosmestic\",\"isPartOf\":{\"@id\":\"https:\\\/\\\/secretofsamui.com\\\/fr\\\/#website\"},\"primaryImageOfPage\":{\"@id\":\"https:\\\/\\\/secretofsamui.com\\\/fr\\\/produit\\\/nettoyant-pour-le-visage\\\/#primaryimage\"},\"image\":{\"@id\":\"https:\\\/\\\/secretofsamui.com\\\/fr\\\/produit\\\/nettoyant-pour-le-visage\\\/#primaryimage\"},\"thumbnailUrl\":\"https:\\\/\\\/secretofsamui.com\\\/wp-content\\\/uploads\\\/2024\\\/07\\\/FacialCleanserThaiFlowersBanner.jpg\",\"datePublished\":\"2024-07-17T02:27:44+00:00\",\"dateModified\":\"2024-11-13T04:54:31+00:00\",\"description\":\"Le nettoyant pour le visage \u00e9limine les impuret\u00e9s telles que l'exc\u00e8s de poussi\u00e8re d'huile, ne contient pas de SLS et ne dess\u00e8che pas la peau. Avec un m\u00e9lange de vitamine B5\",\"breadcrumb\":{\"@id\":\"https:\\\/\\\/secretofsamui.com\\\/fr\\\/produit\\\/nettoyant-pour-le-visage\\\/#breadcrumb\"},\"inLanguage\":\"fr-FR\",\"potentialAction\":[{\"@type\":\"ReadAction\",\"target\":[\"https:\\\/\\\/secretofsamui.com\\\/fr\\\/produit\\\/nettoyant-pour-le-visage\\\/\"]}]},{\"@type\":\"ImageObject\",\"inLanguage\":\"fr-FR\",\"@id\":\"https:\\\/\\\/secretofsamui.com\\\/fr\\\/produit\\\/nettoyant-pour-le-visage\\\/#primaryimage\",\"url\":\"https:\\\/\\\/secretofsamui.com\\\/wp-content\\\/uploads\\\/2024\\\/07\\\/FacialCleanserThaiFlowersBanner.jpg\",\"contentUrl\":\"https:\\\/\\\/secretofsamui.com\\\/wp-content\\\/uploads\\\/2024\\\/07\\\/FacialCleanserThaiFlowersBanner.jpg\",\"width\":2048,\"height\":2048,\"caption\":\"Facial Cleanser Thai Flowers\"},{\"@type\":\"BreadcrumbList\",\"@id\":\"https:\\\/\\\/secretofsamui.com\\\/fr\\\/produit\\\/nettoyant-pour-le-visage\\\/#breadcrumb\",\"itemListElement\":[{\"@type\":\"ListItem\",\"position\":1,\"name\":\"Home\",\"item\":\"https:\\\/\\\/secretofsamui.com\\\/fr\\\/accueil\\\/\"},{\"@type\":\"ListItem\",\"position\":2,\"name\":\"Boutique\",\"item\":\"https:\\\/\\\/secretofsamui.com\\\/boutique\\\/\"},{\"@type\":\"ListItem\",\"position\":3,\"name\":\"Nettoyant pour le visage\"}]},{\"@type\":\"WebSite\",\"@id\":\"https:\\\/\\\/secretofsamui.com\\\/fr\\\/#website\",\"url\":\"https:\\\/\\\/secretofsamui.com\\\/fr\\\/\",\"name\":\"Secret of Samui - Natural and Homemade cosmestic\",\"description\":\"\",\"potentialAction\":[{\"@type\":\"SearchAction\",\"target\":{\"@type\":\"EntryPoint\",\"urlTemplate\":\"https:\\\/\\\/secretofsamui.com\\\/fr\\\/?s={search_term_string}\"},\"query-input\":{\"@type\":\"PropertyValueSpecification\",\"valueRequired\":true,\"valueName\":\"search_term_string\"}}],\"inLanguage\":\"fr-FR\"}]}<\/script>\n<!-- \/ Yoast SEO plugin. -->","yoast_head_json":{"title":"Nettoyant pour le visage - Secret of Samui - Natural and Homemade cosmestic","description":"Le nettoyant pour le visage \u00e9limine les impuret\u00e9s telles que l'exc\u00e8s de poussi\u00e8re d'huile, ne contient pas de SLS et ne dess\u00e8che pas la peau. Avec un m\u00e9lange de vitamine B5","robots":{"index":"index","follow":"follow","max-snippet":"max-snippet:-1","max-image-preview":"max-image-preview:large","max-video-preview":"max-video-preview:-1"},"canonical":"https:\/\/secretofsamui.com\/fr\/produit\/nettoyant-pour-le-visage\/","og_locale":"fr_FR","og_type":"article","og_title":"Nettoyant pour le visage - Secret of Samui - Natural and Homemade cosmestic","og_description":"Le nettoyant pour le visage \u00e9limine les impuret\u00e9s telles que l'exc\u00e8s de poussi\u00e8re d'huile, ne contient pas de SLS et ne dess\u00e8che pas la peau. Avec un m\u00e9lange de vitamine B5","og_url":"https:\/\/secretofsamui.com\/fr\/produit\/nettoyant-pour-le-visage\/","og_site_name":"Secret of Samui - Natural and Homemade cosmestic","article_modified_time":"2024-11-13T04:54:31+00:00","og_image":[{"width":2048,"height":2048,"url":"https:\/\/secretofsamui.com\/wp-content\/uploads\/2024\/07\/FacialCleanserThaiFlowersBanner.jpg","type":"image\/jpeg"}],"twitter_card":"summary_large_image","schema":{"@context":"https:\/\/schema.org","@graph":[{"@type":"WebPage","@id":"https:\/\/secretofsamui.com\/fr\/produit\/nettoyant-pour-le-visage\/","url":"https:\/\/secretofsamui.com\/fr\/produit\/nettoyant-pour-le-visage\/","name":"Nettoyant pour le visage - Secret of Samui - Natural and Homemade cosmestic","isPartOf":{"@id":"https:\/\/secretofsamui.com\/fr\/#website"},"primaryImageOfPage":{"@id":"https:\/\/secretofsamui.com\/fr\/produit\/nettoyant-pour-le-visage\/#primaryimage"},"image":{"@id":"https:\/\/secretofsamui.com\/fr\/produit\/nettoyant-pour-le-visage\/#primaryimage"},"thumbnailUrl":"https:\/\/secretofsamui.com\/wp-content\/uploads\/2024\/07\/FacialCleanserThaiFlowersBanner.jpg","datePublished":"2024-07-17T02:27:44+00:00","dateModified":"2024-11-13T04:54:31+00:00","description":"Le nettoyant pour le visage \u00e9limine les impuret\u00e9s telles que l'exc\u00e8s de poussi\u00e8re d'huile, ne contient pas de SLS et ne dess\u00e8che pas la peau. Avec un m\u00e9lange de vitamine B5","breadcrumb":{"@id":"https:\/\/secretofsamui.com\/fr\/produit\/nettoyant-pour-le-visage\/#breadcrumb"},"inLanguage":"fr-FR","potentialAction":[{"@type":"ReadAction","target":["https:\/\/secretofsamui.com\/fr\/produit\/nettoyant-pour-le-visage\/"]}]},{"@type":"ImageObject","inLanguage":"fr-FR","@id":"https:\/\/secretofsamui.com\/fr\/produit\/nettoyant-pour-le-visage\/#primaryimage","url":"https:\/\/secretofsamui.com\/wp-content\/uploads\/2024\/07\/FacialCleanserThaiFlowersBanner.jpg","contentUrl":"https:\/\/secretofsamui.com\/wp-content\/uploads\/2024\/07\/FacialCleanserThaiFlowersBanner.jpg","width":2048,"height":2048,"caption":"Facial Cleanser Thai Flowers"},{"@type":"BreadcrumbList","@id":"https:\/\/secretofsamui.com\/fr\/produit\/nettoyant-pour-le-visage\/#breadcrumb","itemListElement":[{"@type":"ListItem","position":1,"name":"Home","item":"https:\/\/secretofsamui.com\/fr\/accueil\/"},{"@type":"ListItem","position":2,"name":"Boutique","item":"https:\/\/secretofsamui.com\/boutique\/"},{"@type":"ListItem","position":3,"name":"Nettoyant pour le visage"}]},{"@type":"WebSite","@id":"https:\/\/secretofsamui.com\/fr\/#website","url":"https:\/\/secretofsamui.com\/fr\/","name":"Secret of Samui - Natural and Homemade cosmestic","description":"","potentialAction":[{"@type":"SearchAction","target":{"@type":"EntryPoint","urlTemplate":"https:\/\/secretofsamui.com\/fr\/?s={search_term_string}"},"query-input":{"@type":"PropertyValueSpecification","valueRequired":true,"valueName":"search_term_string"}}],"inLanguage":"fr-FR"}]}},"_links":{"self":[{"href":"https:\/\/secretofsamui.com\/fr\/wp-json\/wp\/v2\/product\/103166","targetHints":{"allow":["GET"]}}],"collection":[{"href":"https:\/\/secretofsamui.com\/fr\/wp-json\/wp\/v2\/product"}],"about":[{"href":"https:\/\/secretofsamui.com\/fr\/wp-json\/wp\/v2\/types\/product"}],"wp:featuredmedia":[{"embeddable":true,"href":"https:\/\/secretofsamui.com\/fr\/wp-json\/wp\/v2\/media\/102782"}],"wp:attachment":[{"href":"https:\/\/secretofsamui.com\/fr\/wp-json\/wp\/v2\/media?parent=103166"}],"wp:term":[{"taxonomy":"product_brand","embeddable":true,"href":"https:\/\/secretofsamui.com\/fr\/wp-json\/wp\/v2\/product_brand?post=103166"},{"taxonomy":"product_cat","embeddable":true,"href":"https:\/\/secretofsamui.com\/fr\/wp-json\/wp\/v2\/product_cat?post=103166"},{"taxonomy":"product_tag","embeddable":true,"href":"https:\/\/secretofsamui.com\/fr\/wp-json\/wp\/v2\/product_tag?post=103166"}],"curies":[{"name":"wp","href":"https:\/\/api.w.org\/{rel}","templated":true}]}}