{"id":103163,"date":"2024-07-17T02:27:44","date_gmt":"2024-07-17T02:27:44","guid":{"rendered":"https:\/\/secretofsamui.com\/product\/tonique-pour-le-visage\/"},"modified":"2024-11-13T12:28:11","modified_gmt":"2024-11-13T12:28:11","slug":"tonique-pour-le-visage","status":"publish","type":"product","link":"https:\/\/secretofsamui.com\/fr\/produit\/tonique-pour-le-visage\/","title":{"rendered":"Tonique pour le visage"},"content":{"rendered":"<p>Le tonique \u00e9limine les impuret\u00e9s, comme l&rsquo;exc\u00e8s de s\u00e9bum, la poussi\u00e8re et les r\u00e9sidus de maquillage que le nettoyage seul ne retire pas compl\u00e8tement. Enrichi en extraits de consoude, il aide \u00e0 apaiser la peau et \u00e0 r\u00e9duire irritations et r\u00e9actions allergiques. La vitamine B5 agit comme un humectant pour maintenir l&rsquo;hydratation, tandis que la vitamine E, aux propri\u00e9t\u00e9s antioxydantes, prot\u00e8ge la peau. Sans parab\u00e8nes, sans silicones. <\/p>\n<p>&nbsp;<\/p>\n","protected":false},"excerpt":{"rendered":"<p>Ce tonique \u00e9limine les derni\u00e8res impuret\u00e9s, comme l&rsquo;exc\u00e8s de s\u00e9bum, la poussi\u00e8re et les r\u00e9sidus de maquillage que le nettoyage seul ne peut \u00e9liminer enti\u00e8rement. Formul\u00e9 avec des extraits de consoude, il apaise la peau et r\u00e9duit les irritations et sensibilit\u00e9s. Apr\u00e8s avoir lav\u00e9 votre visage matin et soir, appliquez le tonique \u00e0 l\u2019aide d\u2019un coton imbib\u00e9, en passant d\u00e9licatement sur le visage et le cou, en \u00e9vitant le contour des yeux.   <\/p>\n","protected":false},"featured_media":102552,"template":"","meta":{"_acf_changed":false,"_et_pb_use_builder":"","_et_pb_old_content":"","_et_gb_content_width":""},"product_brand":[],"product_cat":[424],"product_tag":[],"class_list":{"0":"post-103163","1":"product","2":"type-product","3":"status-publish","4":"has-post-thumbnail","6":"product_cat-soin-du-visage","8":"first","9":"instock","10":"taxable","11":"shipping-taxable","12":"purchasable","13":"product-type-variable","14":"has-default-attributes"},"acf":[],"yoast_head":"<!-- This site is optimized with the Yoast SEO plugin v27.3 - https:\/\/yoast.com\/product\/yoast-seo-wordpress\/ -->\n<title>Tonique pour le visage - Secret of Samui - Natural and Homemade cosmestic<\/title>\n<meta name=\"description\" content=\"Le tonique \u00e9limine les impuret\u00e9s telles que l&#039;exc\u00e8s de s\u00e9bum, la poussi\u00e8re ou les r\u00e9sidus de maquillage que la mousse ne peut \u00e9liminer compl\u00e8tement, gr\u00e2ce \u00e0 des extraits de consoude.\" \/>\n<meta name=\"robots\" content=\"index, follow, max-snippet:-1, max-image-preview:large, max-video-preview:-1\" \/>\n<link rel=\"canonical\" href=\"https:\/\/secretofsamui.com\/fr\/produit\/tonique-pour-le-visage\/\" \/>\n<meta property=\"og:locale\" content=\"fr_FR\" \/>\n<meta property=\"og:type\" content=\"article\" \/>\n<meta property=\"og:title\" content=\"Tonique pour le visage - Secret of Samui - Natural and Homemade cosmestic\" \/>\n<meta property=\"og:description\" content=\"Le tonique \u00e9limine les impuret\u00e9s telles que l&#039;exc\u00e8s de s\u00e9bum, la poussi\u00e8re ou les r\u00e9sidus de maquillage que la mousse ne peut \u00e9liminer compl\u00e8tement, gr\u00e2ce \u00e0 des extraits de consoude.\" \/>\n<meta property=\"og:url\" content=\"https:\/\/secretofsamui.com\/fr\/produit\/tonique-pour-le-visage\/\" \/>\n<meta property=\"og:site_name\" content=\"Secret of Samui - Natural and Homemade cosmestic\" \/>\n<meta property=\"article:modified_time\" content=\"2024-11-13T12:28:11+00:00\" \/>\n<meta property=\"og:image\" content=\"https:\/\/secretofsamui.com\/wp-content\/uploads\/2024\/07\/4e9218_8aed850825454fee96b7f6292650f850mv2.jpg\" \/>\n\t<meta property=\"og:image:width\" content=\"751\" \/>\n\t<meta property=\"og:image:height\" content=\"751\" \/>\n\t<meta property=\"og:image:type\" content=\"image\/jpeg\" \/>\n<meta name=\"twitter:card\" content=\"summary_large_image\" \/>\n<script type=\"application\/ld+json\" class=\"yoast-schema-graph\">{\"@context\":\"https:\\\/\\\/schema.org\",\"@graph\":[{\"@type\":\"WebPage\",\"@id\":\"https:\\\/\\\/secretofsamui.com\\\/fr\\\/produit\\\/tonique-pour-le-visage\\\/\",\"url\":\"https:\\\/\\\/secretofsamui.com\\\/fr\\\/produit\\\/tonique-pour-le-visage\\\/\",\"name\":\"Tonique pour le visage - Secret of Samui - Natural and Homemade cosmestic\",\"isPartOf\":{\"@id\":\"https:\\\/\\\/secretofsamui.com\\\/fr\\\/#website\"},\"primaryImageOfPage\":{\"@id\":\"https:\\\/\\\/secretofsamui.com\\\/fr\\\/produit\\\/tonique-pour-le-visage\\\/#primaryimage\"},\"image\":{\"@id\":\"https:\\\/\\\/secretofsamui.com\\\/fr\\\/produit\\\/tonique-pour-le-visage\\\/#primaryimage\"},\"thumbnailUrl\":\"https:\\\/\\\/secretofsamui.com\\\/wp-content\\\/uploads\\\/2024\\\/07\\\/4e9218_8aed850825454fee96b7f6292650f850mv2.jpg\",\"datePublished\":\"2024-07-17T02:27:44+00:00\",\"dateModified\":\"2024-11-13T12:28:11+00:00\",\"description\":\"Le tonique \u00e9limine les impuret\u00e9s telles que l'exc\u00e8s de s\u00e9bum, la poussi\u00e8re ou les r\u00e9sidus de maquillage que la mousse ne peut \u00e9liminer compl\u00e8tement, gr\u00e2ce \u00e0 des extraits de consoude.\",\"breadcrumb\":{\"@id\":\"https:\\\/\\\/secretofsamui.com\\\/fr\\\/produit\\\/tonique-pour-le-visage\\\/#breadcrumb\"},\"inLanguage\":\"fr-FR\",\"potentialAction\":[{\"@type\":\"ReadAction\",\"target\":[\"https:\\\/\\\/secretofsamui.com\\\/fr\\\/produit\\\/tonique-pour-le-visage\\\/\"]}]},{\"@type\":\"ImageObject\",\"inLanguage\":\"fr-FR\",\"@id\":\"https:\\\/\\\/secretofsamui.com\\\/fr\\\/produit\\\/tonique-pour-le-visage\\\/#primaryimage\",\"url\":\"https:\\\/\\\/secretofsamui.com\\\/wp-content\\\/uploads\\\/2024\\\/07\\\/4e9218_8aed850825454fee96b7f6292650f850mv2.jpg\",\"contentUrl\":\"https:\\\/\\\/secretofsamui.com\\\/wp-content\\\/uploads\\\/2024\\\/07\\\/4e9218_8aed850825454fee96b7f6292650f850mv2.jpg\",\"width\":751,\"height\":751,\"caption\":\"Facial Toner - White Orchid\"},{\"@type\":\"BreadcrumbList\",\"@id\":\"https:\\\/\\\/secretofsamui.com\\\/fr\\\/produit\\\/tonique-pour-le-visage\\\/#breadcrumb\",\"itemListElement\":[{\"@type\":\"ListItem\",\"position\":1,\"name\":\"Home\",\"item\":\"https:\\\/\\\/secretofsamui.com\\\/fr\\\/accueil\\\/\"},{\"@type\":\"ListItem\",\"position\":2,\"name\":\"Boutique\",\"item\":\"https:\\\/\\\/secretofsamui.com\\\/boutique\\\/\"},{\"@type\":\"ListItem\",\"position\":3,\"name\":\"Tonique pour le visage\"}]},{\"@type\":\"WebSite\",\"@id\":\"https:\\\/\\\/secretofsamui.com\\\/fr\\\/#website\",\"url\":\"https:\\\/\\\/secretofsamui.com\\\/fr\\\/\",\"name\":\"Secret of Samui - Natural and Homemade cosmestic\",\"description\":\"\",\"potentialAction\":[{\"@type\":\"SearchAction\",\"target\":{\"@type\":\"EntryPoint\",\"urlTemplate\":\"https:\\\/\\\/secretofsamui.com\\\/fr\\\/?s={search_term_string}\"},\"query-input\":{\"@type\":\"PropertyValueSpecification\",\"valueRequired\":true,\"valueName\":\"search_term_string\"}}],\"inLanguage\":\"fr-FR\"}]}<\/script>\n<!-- \/ Yoast SEO plugin. -->","yoast_head_json":{"title":"Tonique pour le visage - Secret of Samui - Natural and Homemade cosmestic","description":"Le tonique \u00e9limine les impuret\u00e9s telles que l'exc\u00e8s de s\u00e9bum, la poussi\u00e8re ou les r\u00e9sidus de maquillage que la mousse ne peut \u00e9liminer compl\u00e8tement, gr\u00e2ce \u00e0 des extraits de consoude.","robots":{"index":"index","follow":"follow","max-snippet":"max-snippet:-1","max-image-preview":"max-image-preview:large","max-video-preview":"max-video-preview:-1"},"canonical":"https:\/\/secretofsamui.com\/fr\/produit\/tonique-pour-le-visage\/","og_locale":"fr_FR","og_type":"article","og_title":"Tonique pour le visage - Secret of Samui - Natural and Homemade cosmestic","og_description":"Le tonique \u00e9limine les impuret\u00e9s telles que l'exc\u00e8s de s\u00e9bum, la poussi\u00e8re ou les r\u00e9sidus de maquillage que la mousse ne peut \u00e9liminer compl\u00e8tement, gr\u00e2ce \u00e0 des extraits de consoude.","og_url":"https:\/\/secretofsamui.com\/fr\/produit\/tonique-pour-le-visage\/","og_site_name":"Secret of Samui - Natural and Homemade cosmestic","article_modified_time":"2024-11-13T12:28:11+00:00","og_image":[{"width":751,"height":751,"url":"https:\/\/secretofsamui.com\/wp-content\/uploads\/2024\/07\/4e9218_8aed850825454fee96b7f6292650f850mv2.jpg","type":"image\/jpeg"}],"twitter_card":"summary_large_image","schema":{"@context":"https:\/\/schema.org","@graph":[{"@type":"WebPage","@id":"https:\/\/secretofsamui.com\/fr\/produit\/tonique-pour-le-visage\/","url":"https:\/\/secretofsamui.com\/fr\/produit\/tonique-pour-le-visage\/","name":"Tonique pour le visage - Secret of Samui - Natural and Homemade cosmestic","isPartOf":{"@id":"https:\/\/secretofsamui.com\/fr\/#website"},"primaryImageOfPage":{"@id":"https:\/\/secretofsamui.com\/fr\/produit\/tonique-pour-le-visage\/#primaryimage"},"image":{"@id":"https:\/\/secretofsamui.com\/fr\/produit\/tonique-pour-le-visage\/#primaryimage"},"thumbnailUrl":"https:\/\/secretofsamui.com\/wp-content\/uploads\/2024\/07\/4e9218_8aed850825454fee96b7f6292650f850mv2.jpg","datePublished":"2024-07-17T02:27:44+00:00","dateModified":"2024-11-13T12:28:11+00:00","description":"Le tonique \u00e9limine les impuret\u00e9s telles que l'exc\u00e8s de s\u00e9bum, la poussi\u00e8re ou les r\u00e9sidus de maquillage que la mousse ne peut \u00e9liminer compl\u00e8tement, gr\u00e2ce \u00e0 des extraits de consoude.","breadcrumb":{"@id":"https:\/\/secretofsamui.com\/fr\/produit\/tonique-pour-le-visage\/#breadcrumb"},"inLanguage":"fr-FR","potentialAction":[{"@type":"ReadAction","target":["https:\/\/secretofsamui.com\/fr\/produit\/tonique-pour-le-visage\/"]}]},{"@type":"ImageObject","inLanguage":"fr-FR","@id":"https:\/\/secretofsamui.com\/fr\/produit\/tonique-pour-le-visage\/#primaryimage","url":"https:\/\/secretofsamui.com\/wp-content\/uploads\/2024\/07\/4e9218_8aed850825454fee96b7f6292650f850mv2.jpg","contentUrl":"https:\/\/secretofsamui.com\/wp-content\/uploads\/2024\/07\/4e9218_8aed850825454fee96b7f6292650f850mv2.jpg","width":751,"height":751,"caption":"Facial Toner - White Orchid"},{"@type":"BreadcrumbList","@id":"https:\/\/secretofsamui.com\/fr\/produit\/tonique-pour-le-visage\/#breadcrumb","itemListElement":[{"@type":"ListItem","position":1,"name":"Home","item":"https:\/\/secretofsamui.com\/fr\/accueil\/"},{"@type":"ListItem","position":2,"name":"Boutique","item":"https:\/\/secretofsamui.com\/boutique\/"},{"@type":"ListItem","position":3,"name":"Tonique pour le visage"}]},{"@type":"WebSite","@id":"https:\/\/secretofsamui.com\/fr\/#website","url":"https:\/\/secretofsamui.com\/fr\/","name":"Secret of Samui - Natural and Homemade cosmestic","description":"","potentialAction":[{"@type":"SearchAction","target":{"@type":"EntryPoint","urlTemplate":"https:\/\/secretofsamui.com\/fr\/?s={search_term_string}"},"query-input":{"@type":"PropertyValueSpecification","valueRequired":true,"valueName":"search_term_string"}}],"inLanguage":"fr-FR"}]}},"_links":{"self":[{"href":"https:\/\/secretofsamui.com\/fr\/wp-json\/wp\/v2\/product\/103163","targetHints":{"allow":["GET"]}}],"collection":[{"href":"https:\/\/secretofsamui.com\/fr\/wp-json\/wp\/v2\/product"}],"about":[{"href":"https:\/\/secretofsamui.com\/fr\/wp-json\/wp\/v2\/types\/product"}],"wp:featuredmedia":[{"embeddable":true,"href":"https:\/\/secretofsamui.com\/fr\/wp-json\/wp\/v2\/media\/102552"}],"wp:attachment":[{"href":"https:\/\/secretofsamui.com\/fr\/wp-json\/wp\/v2\/media?parent=103163"}],"wp:term":[{"taxonomy":"product_brand","embeddable":true,"href":"https:\/\/secretofsamui.com\/fr\/wp-json\/wp\/v2\/product_brand?post=103163"},{"taxonomy":"product_cat","embeddable":true,"href":"https:\/\/secretofsamui.com\/fr\/wp-json\/wp\/v2\/product_cat?post=103163"},{"taxonomy":"product_tag","embeddable":true,"href":"https:\/\/secretofsamui.com\/fr\/wp-json\/wp\/v2\/product_tag?post=103163"}],"curies":[{"name":"wp","href":"https:\/\/api.w.org\/{rel}","templated":true}]}}