{"id":103162,"date":"2024-07-17T02:27:44","date_gmt":"2024-07-17T02:27:44","guid":{"rendered":"https:\/\/secretofsamui.com\/product\/creme-de-nuit-de-calia\/"},"modified":"2024-11-13T04:56:20","modified_gmt":"2024-11-13T04:56:20","slug":"creme-de-nuit-de-calia","status":"publish","type":"product","link":"https:\/\/secretofsamui.com\/fr\/produit\/creme-de-nuit-de-calia\/","title":{"rendered":"Cr\u00e8me de nuit de Calia"},"content":{"rendered":"<p>Cr\u00e8me de nuit bio d\u00e9riv\u00e9e de substances v\u00e9g\u00e9tales et certifi\u00e9e Ecocert et Cosmos. Elle contient des huiles et des graisses naturelles telles que l&rsquo;huile de jojoba, l&rsquo;huile d&rsquo;avocat et le beurre de karit\u00e9, qui contribuent \u00e0 maintenir l&rsquo;hydratation de la peau plus longtemps. M\u00e9lang\u00e9e \u00e0 des extraits de Centella Asiatica, de Ginseng et d&rsquo;Aloe Vera, notre cr\u00e8me de nuit aide \u00e0 reconstituer l&rsquo;hydratation et \u00e0 r\u00e9duire les rides pr\u00e9matur\u00e9es, tout en aidant \u00e0 lutter contre les radicaux libres. Notre cr\u00e8me est agr\u00e9ablement parfum\u00e9e \u00e0 l&rsquo;huile essentielle pure de Rose Damascena. Ecocert, Cosmos, bio, sans parab\u00e8nes, sans silicones, sans huiles min\u00e9rales.   <\/p>\n","protected":false},"excerpt":{"rendered":"<p>Cr\u00e8me de nuit biologique d\u00e9riv\u00e9e de substances v\u00e9g\u00e9tales et certifi\u00e9e par Ecocert et Cosmos. Elle contient des huiles et des graisses naturelles telles que l&rsquo;huile de jojoba, l&rsquo;huile d&rsquo;avocat et le beurre de karit\u00e9, qui contribuent \u00e0 maintenir l&rsquo;hydratation de la peau plus longtemps. Appliquez la cr\u00e8me sur le visage et le cou, ou sur la zone de peau souhait\u00e9e, tous les soirs.  <\/p>\n<p>30ml<\/p>\n<p>&nbsp;<\/p>\n","protected":false},"featured_media":102751,"template":"","meta":{"_acf_changed":false,"_et_pb_use_builder":"off","_et_pb_old_content":"Cr\u00e8me de nuit biologique d\u00e9riv\u00e9e de substances v\u00e9g\u00e9tales et certifi\u00e9e par Ecocert et Cosmos. Elle contient des huiles et des graisses naturelles telles que l'huile de jojoba, l'huile d'avocat et le beurre de karit\u00e9, qui contribuent \u00e0 maintenir l'hydratation de la peau plus longtemps. M\u00e9lang\u00e9e \u00e0 des extraits de Centella Asiatica, de Ginseng et d'Aloe Vera, notre cr\u00e8me de nuit aide \u00e0 reconstituer l'hydratation et \u00e0 r\u00e9duire les rides pr\u00e9matur\u00e9es, tout en aidant \u00e0 lutter contre les radicaux libres. Notre cr\u00e8me est agr\u00e9ablement parfum\u00e9e avec de l'huile essentielle pure de Rose Damascena.\nEcocert, Cosmos, Bio-Based, No Parabens, No Silicones, No Mineral Oils.  \n\n\n\n ","_et_gb_content_width":""},"product_brand":[],"product_cat":[432,427,424],"product_tag":[],"class_list":{"0":"post-103162","1":"product","2":"type-product","3":"status-publish","4":"has-post-thumbnail","6":"product_cat-calia-fr","7":"product_cat-creme-de-nuit","8":"product_cat-soin-du-visage","10":"first","11":"instock","12":"taxable","13":"shipping-taxable","14":"purchasable","15":"product-type-simple"},"acf":[],"yoast_head":"<!-- This site is optimized with the Yoast SEO plugin v27.2 - https:\/\/yoast.com\/product\/yoast-seo-wordpress\/ -->\n<title>Cr\u00e8me de nuit de Calia - Secret of Samui - Natural and Homemade cosmestic<\/title>\n<meta name=\"description\" content=\"Cr\u00e8me de nuit bio d\u00e9riv\u00e9e de substances v\u00e9g\u00e9tales et certifi\u00e9e Ecocert et Cosmos.\" \/>\n<meta name=\"robots\" content=\"index, follow, max-snippet:-1, max-image-preview:large, max-video-preview:-1\" \/>\n<link rel=\"canonical\" href=\"https:\/\/secretofsamui.com\/fr\/produit\/creme-de-nuit-de-calia\/\" \/>\n<meta property=\"og:locale\" content=\"fr_FR\" \/>\n<meta property=\"og:type\" content=\"article\" \/>\n<meta property=\"og:title\" content=\"Cr\u00e8me de nuit de Calia - Secret of Samui - Natural and Homemade cosmestic\" \/>\n<meta property=\"og:description\" content=\"Cr\u00e8me de nuit bio d\u00e9riv\u00e9e de substances v\u00e9g\u00e9tales et certifi\u00e9e Ecocert et Cosmos.\" \/>\n<meta property=\"og:url\" content=\"https:\/\/secretofsamui.com\/fr\/produit\/creme-de-nuit-de-calia\/\" \/>\n<meta property=\"og:site_name\" content=\"Secret of Samui - Natural and Homemade cosmestic\" \/>\n<meta property=\"article:modified_time\" content=\"2024-11-13T04:56:20+00:00\" \/>\n<meta property=\"og:image\" content=\"https:\/\/secretofsamui.com\/wp-content\/uploads\/2024\/07\/Night-Cream.png\" \/>\n\t<meta property=\"og:image:width\" content=\"1000\" \/>\n\t<meta property=\"og:image:height\" content=\"1000\" \/>\n\t<meta property=\"og:image:type\" content=\"image\/png\" \/>\n<meta name=\"twitter:card\" content=\"summary_large_image\" \/>\n<meta name=\"twitter:label1\" content=\"Dur\u00e9e de lecture estim\u00e9e\" \/>\n\t<meta name=\"twitter:data1\" content=\"1 minute\" \/>\n<script type=\"application\/ld+json\" class=\"yoast-schema-graph\">{\"@context\":\"https:\/\/schema.org\",\"@graph\":[{\"@type\":\"WebPage\",\"@id\":\"https:\/\/secretofsamui.com\/fr\/produit\/creme-de-nuit-de-calia\/\",\"url\":\"https:\/\/secretofsamui.com\/fr\/produit\/creme-de-nuit-de-calia\/\",\"name\":\"Cr\u00e8me de nuit de Calia - Secret of Samui - Natural and Homemade cosmestic\",\"isPartOf\":{\"@id\":\"https:\/\/secretofsamui.com\/fr\/#website\"},\"primaryImageOfPage\":{\"@id\":\"https:\/\/secretofsamui.com\/fr\/produit\/creme-de-nuit-de-calia\/#primaryimage\"},\"image\":{\"@id\":\"https:\/\/secretofsamui.com\/fr\/produit\/creme-de-nuit-de-calia\/#primaryimage\"},\"thumbnailUrl\":\"https:\/\/secretofsamui.com\/wp-content\/uploads\/2024\/07\/Night-Cream.png\",\"datePublished\":\"2024-07-17T02:27:44+00:00\",\"dateModified\":\"2024-11-13T04:56:20+00:00\",\"description\":\"Cr\u00e8me de nuit bio d\u00e9riv\u00e9e de substances v\u00e9g\u00e9tales et certifi\u00e9e Ecocert et Cosmos.\",\"breadcrumb\":{\"@id\":\"https:\/\/secretofsamui.com\/fr\/produit\/creme-de-nuit-de-calia\/#breadcrumb\"},\"inLanguage\":\"fr-FR\",\"potentialAction\":[{\"@type\":\"ReadAction\",\"target\":[\"https:\/\/secretofsamui.com\/fr\/produit\/creme-de-nuit-de-calia\/\"]}]},{\"@type\":\"ImageObject\",\"inLanguage\":\"fr-FR\",\"@id\":\"https:\/\/secretofsamui.com\/fr\/produit\/creme-de-nuit-de-calia\/#primaryimage\",\"url\":\"https:\/\/secretofsamui.com\/wp-content\/uploads\/2024\/07\/Night-Cream.png\",\"contentUrl\":\"https:\/\/secretofsamui.com\/wp-content\/uploads\/2024\/07\/Night-Cream.png\",\"width\":1000,\"height\":1000,\"caption\":\"Night Cream by Calia\"},{\"@type\":\"BreadcrumbList\",\"@id\":\"https:\/\/secretofsamui.com\/fr\/produit\/creme-de-nuit-de-calia\/#breadcrumb\",\"itemListElement\":[{\"@type\":\"ListItem\",\"position\":1,\"name\":\"Home\",\"item\":\"https:\/\/secretofsamui.com\/fr\/accueil\/\"},{\"@type\":\"ListItem\",\"position\":2,\"name\":\"Boutique\",\"item\":\"https:\/\/secretofsamui.com\/boutique\/\"},{\"@type\":\"ListItem\",\"position\":3,\"name\":\"Cr\u00e8me de nuit de Calia\"}]},{\"@type\":\"WebSite\",\"@id\":\"https:\/\/secretofsamui.com\/fr\/#website\",\"url\":\"https:\/\/secretofsamui.com\/fr\/\",\"name\":\"Secret of Samui - Natural and Homemade cosmestic\",\"description\":\"\",\"potentialAction\":[{\"@type\":\"SearchAction\",\"target\":{\"@type\":\"EntryPoint\",\"urlTemplate\":\"https:\/\/secretofsamui.com\/fr\/?s={search_term_string}\"},\"query-input\":{\"@type\":\"PropertyValueSpecification\",\"valueRequired\":true,\"valueName\":\"search_term_string\"}}],\"inLanguage\":\"fr-FR\"}]}<\/script>\n<!-- \/ Yoast SEO plugin. -->","yoast_head_json":{"title":"Cr\u00e8me de nuit de Calia - Secret of Samui - Natural and Homemade cosmestic","description":"Cr\u00e8me de nuit bio d\u00e9riv\u00e9e de substances v\u00e9g\u00e9tales et certifi\u00e9e Ecocert et Cosmos.","robots":{"index":"index","follow":"follow","max-snippet":"max-snippet:-1","max-image-preview":"max-image-preview:large","max-video-preview":"max-video-preview:-1"},"canonical":"https:\/\/secretofsamui.com\/fr\/produit\/creme-de-nuit-de-calia\/","og_locale":"fr_FR","og_type":"article","og_title":"Cr\u00e8me de nuit de Calia - Secret of Samui - Natural and Homemade cosmestic","og_description":"Cr\u00e8me de nuit bio d\u00e9riv\u00e9e de substances v\u00e9g\u00e9tales et certifi\u00e9e Ecocert et Cosmos.","og_url":"https:\/\/secretofsamui.com\/fr\/produit\/creme-de-nuit-de-calia\/","og_site_name":"Secret of Samui - Natural and Homemade cosmestic","article_modified_time":"2024-11-13T04:56:20+00:00","og_image":[{"width":1000,"height":1000,"url":"https:\/\/secretofsamui.com\/wp-content\/uploads\/2024\/07\/Night-Cream.png","type":"image\/png"}],"twitter_card":"summary_large_image","twitter_misc":{"Dur\u00e9e de lecture estim\u00e9e":"1 minute"},"schema":{"@context":"https:\/\/schema.org","@graph":[{"@type":"WebPage","@id":"https:\/\/secretofsamui.com\/fr\/produit\/creme-de-nuit-de-calia\/","url":"https:\/\/secretofsamui.com\/fr\/produit\/creme-de-nuit-de-calia\/","name":"Cr\u00e8me de nuit de Calia - Secret of Samui - Natural and Homemade cosmestic","isPartOf":{"@id":"https:\/\/secretofsamui.com\/fr\/#website"},"primaryImageOfPage":{"@id":"https:\/\/secretofsamui.com\/fr\/produit\/creme-de-nuit-de-calia\/#primaryimage"},"image":{"@id":"https:\/\/secretofsamui.com\/fr\/produit\/creme-de-nuit-de-calia\/#primaryimage"},"thumbnailUrl":"https:\/\/secretofsamui.com\/wp-content\/uploads\/2024\/07\/Night-Cream.png","datePublished":"2024-07-17T02:27:44+00:00","dateModified":"2024-11-13T04:56:20+00:00","description":"Cr\u00e8me de nuit bio d\u00e9riv\u00e9e de substances v\u00e9g\u00e9tales et certifi\u00e9e Ecocert et Cosmos.","breadcrumb":{"@id":"https:\/\/secretofsamui.com\/fr\/produit\/creme-de-nuit-de-calia\/#breadcrumb"},"inLanguage":"fr-FR","potentialAction":[{"@type":"ReadAction","target":["https:\/\/secretofsamui.com\/fr\/produit\/creme-de-nuit-de-calia\/"]}]},{"@type":"ImageObject","inLanguage":"fr-FR","@id":"https:\/\/secretofsamui.com\/fr\/produit\/creme-de-nuit-de-calia\/#primaryimage","url":"https:\/\/secretofsamui.com\/wp-content\/uploads\/2024\/07\/Night-Cream.png","contentUrl":"https:\/\/secretofsamui.com\/wp-content\/uploads\/2024\/07\/Night-Cream.png","width":1000,"height":1000,"caption":"Night Cream by Calia"},{"@type":"BreadcrumbList","@id":"https:\/\/secretofsamui.com\/fr\/produit\/creme-de-nuit-de-calia\/#breadcrumb","itemListElement":[{"@type":"ListItem","position":1,"name":"Home","item":"https:\/\/secretofsamui.com\/fr\/accueil\/"},{"@type":"ListItem","position":2,"name":"Boutique","item":"https:\/\/secretofsamui.com\/boutique\/"},{"@type":"ListItem","position":3,"name":"Cr\u00e8me de nuit de Calia"}]},{"@type":"WebSite","@id":"https:\/\/secretofsamui.com\/fr\/#website","url":"https:\/\/secretofsamui.com\/fr\/","name":"Secret of Samui - Natural and Homemade cosmestic","description":"","potentialAction":[{"@type":"SearchAction","target":{"@type":"EntryPoint","urlTemplate":"https:\/\/secretofsamui.com\/fr\/?s={search_term_string}"},"query-input":{"@type":"PropertyValueSpecification","valueRequired":true,"valueName":"search_term_string"}}],"inLanguage":"fr-FR"}]}},"_links":{"self":[{"href":"https:\/\/secretofsamui.com\/fr\/wp-json\/wp\/v2\/product\/103162","targetHints":{"allow":["GET"]}}],"collection":[{"href":"https:\/\/secretofsamui.com\/fr\/wp-json\/wp\/v2\/product"}],"about":[{"href":"https:\/\/secretofsamui.com\/fr\/wp-json\/wp\/v2\/types\/product"}],"wp:featuredmedia":[{"embeddable":true,"href":"https:\/\/secretofsamui.com\/fr\/wp-json\/wp\/v2\/media\/102751"}],"wp:attachment":[{"href":"https:\/\/secretofsamui.com\/fr\/wp-json\/wp\/v2\/media?parent=103162"}],"wp:term":[{"taxonomy":"product_brand","embeddable":true,"href":"https:\/\/secretofsamui.com\/fr\/wp-json\/wp\/v2\/product_brand?post=103162"},{"taxonomy":"product_cat","embeddable":true,"href":"https:\/\/secretofsamui.com\/fr\/wp-json\/wp\/v2\/product_cat?post=103162"},{"taxonomy":"product_tag","embeddable":true,"href":"https:\/\/secretofsamui.com\/fr\/wp-json\/wp\/v2\/product_tag?post=103162"}],"curies":[{"name":"wp","href":"https:\/\/api.w.org\/{rel}","templated":true}]}}