{"id":103158,"date":"2024-07-17T02:27:45","date_gmt":"2024-07-17T02:27:45","guid":{"rendered":"https:\/\/secretofsamui.com\/product\/gommage-du-visage\/"},"modified":"2024-11-13T04:54:29","modified_gmt":"2024-11-13T04:54:29","slug":"gommage-du-visage","status":"publish","type":"product","link":"https:\/\/secretofsamui.com\/fr\/produit\/gommage-du-visage\/","title":{"rendered":"Gommage du visage"},"content":{"rendered":"<p>Exfoliant pour le visage caract\u00e9ris\u00e9 par des huiles naturelles et des billes de gommage, notamment de l&rsquo;huile de soja, de l&rsquo;huile de jojoba, de l&rsquo;huile d&rsquo;olive et des cerneaux de noix. Il aide \u00e0 nettoyer en profondeur et \u00e0 hydrater la peau pour qu&rsquo;elle soit douce et lisse. Pr\u00eat \u00e0 \u00eatre enti\u00e8rement entretenu, il est riche en vitamine E qui aide \u00e0 prot\u00e9ger la peau gr\u00e2ce \u00e0 des antioxydants et \u00e0 r\u00e9duire le vieillissement pr\u00e9matur\u00e9. Sans huiles min\u00e9rales, sans parab\u00e8nes, sans silicones.  <\/p>\n<p>&nbsp;<\/p>\n","protected":false},"excerpt":{"rendered":"<p>Exfoliant visage aux huiles naturelles et grains exfoliants, dont l&rsquo;huile de soja, l&rsquo;huile de jojoba, l&rsquo;huile d&rsquo;olive et des \u00e9clats de noix. Il nettoie en profondeur et hydrate la peau, la rendant douce et lisse. Appliquez sur visage humide en effectuant des mouvements circulaires, puis rincez \u00e0 l&rsquo;eau.   <\/p>\n","protected":false},"featured_media":102547,"template":"","meta":{"_acf_changed":false,"_et_pb_use_builder":"","_et_pb_old_content":"","_et_gb_content_width":""},"product_brand":[],"product_cat":[435,424],"product_tag":[],"class_list":{"0":"post-103158","1":"product","2":"type-product","3":"status-publish","4":"has-post-thumbnail","6":"product_cat-collection-coco","7":"product_cat-soin-du-visage","9":"first","10":"instock","11":"taxable","12":"shipping-taxable","13":"purchasable","14":"product-type-variable","15":"has-default-attributes"},"acf":[],"yoast_head":"<!-- This site is optimized with the Yoast SEO plugin v27.2 - https:\/\/yoast.com\/product\/yoast-seo-wordpress\/ -->\n<title>Gommage du visage - Secret of Samui - Natural and Homemade cosmestic<\/title>\n<meta name=\"description\" content=\"Exfoliant visage \u00e0 base d&#039;huiles naturelles et de micro-billes exfoliantes.\" \/>\n<meta name=\"robots\" content=\"index, follow, max-snippet:-1, max-image-preview:large, max-video-preview:-1\" \/>\n<link rel=\"canonical\" href=\"https:\/\/secretofsamui.com\/fr\/produit\/gommage-du-visage\/\" \/>\n<meta property=\"og:locale\" content=\"fr_FR\" \/>\n<meta property=\"og:type\" content=\"article\" \/>\n<meta property=\"og:title\" content=\"Gommage du visage - Secret of Samui - Natural and Homemade cosmestic\" \/>\n<meta property=\"og:description\" content=\"Exfoliant visage \u00e0 base d&#039;huiles naturelles et de micro-billes exfoliantes.\" \/>\n<meta property=\"og:url\" content=\"https:\/\/secretofsamui.com\/fr\/produit\/gommage-du-visage\/\" \/>\n<meta property=\"og:site_name\" content=\"Secret of Samui - Natural and Homemade cosmestic\" \/>\n<meta property=\"article:modified_time\" content=\"2024-11-13T04:54:29+00:00\" \/>\n<meta property=\"og:image\" content=\"https:\/\/secretofsamui.com\/wp-content\/uploads\/2024\/07\/4e9218_3a9feaea6f6a457ba541bf397bd02758mv2.jpg\" \/>\n\t<meta property=\"og:image:width\" content=\"751\" \/>\n\t<meta property=\"og:image:height\" content=\"751\" \/>\n\t<meta property=\"og:image:type\" content=\"image\/jpeg\" \/>\n<meta name=\"twitter:card\" content=\"summary_large_image\" \/>\n<script type=\"application\/ld+json\" class=\"yoast-schema-graph\">{\"@context\":\"https:\/\/schema.org\",\"@graph\":[{\"@type\":\"WebPage\",\"@id\":\"https:\/\/secretofsamui.com\/fr\/produit\/gommage-du-visage\/\",\"url\":\"https:\/\/secretofsamui.com\/fr\/produit\/gommage-du-visage\/\",\"name\":\"Gommage du visage - Secret of Samui - Natural and Homemade cosmestic\",\"isPartOf\":{\"@id\":\"https:\/\/secretofsamui.com\/fr\/#website\"},\"primaryImageOfPage\":{\"@id\":\"https:\/\/secretofsamui.com\/fr\/produit\/gommage-du-visage\/#primaryimage\"},\"image\":{\"@id\":\"https:\/\/secretofsamui.com\/fr\/produit\/gommage-du-visage\/#primaryimage\"},\"thumbnailUrl\":\"https:\/\/secretofsamui.com\/wp-content\/uploads\/2024\/07\/4e9218_3a9feaea6f6a457ba541bf397bd02758mv2.jpg\",\"datePublished\":\"2024-07-17T02:27:45+00:00\",\"dateModified\":\"2024-11-13T04:54:29+00:00\",\"description\":\"Exfoliant visage \u00e0 base d'huiles naturelles et de micro-billes exfoliantes.\",\"breadcrumb\":{\"@id\":\"https:\/\/secretofsamui.com\/fr\/produit\/gommage-du-visage\/#breadcrumb\"},\"inLanguage\":\"fr-FR\",\"potentialAction\":[{\"@type\":\"ReadAction\",\"target\":[\"https:\/\/secretofsamui.com\/fr\/produit\/gommage-du-visage\/\"]}]},{\"@type\":\"ImageObject\",\"inLanguage\":\"fr-FR\",\"@id\":\"https:\/\/secretofsamui.com\/fr\/produit\/gommage-du-visage\/#primaryimage\",\"url\":\"https:\/\/secretofsamui.com\/wp-content\/uploads\/2024\/07\/4e9218_3a9feaea6f6a457ba541bf397bd02758mv2.jpg\",\"contentUrl\":\"https:\/\/secretofsamui.com\/wp-content\/uploads\/2024\/07\/4e9218_3a9feaea6f6a457ba541bf397bd02758mv2.jpg\",\"width\":751,\"height\":751,\"caption\":\"Facial Scrub Coconut\"},{\"@type\":\"BreadcrumbList\",\"@id\":\"https:\/\/secretofsamui.com\/fr\/produit\/gommage-du-visage\/#breadcrumb\",\"itemListElement\":[{\"@type\":\"ListItem\",\"position\":1,\"name\":\"Home\",\"item\":\"https:\/\/secretofsamui.com\/fr\/accueil\/\"},{\"@type\":\"ListItem\",\"position\":2,\"name\":\"Boutique\",\"item\":\"https:\/\/secretofsamui.com\/boutique\/\"},{\"@type\":\"ListItem\",\"position\":3,\"name\":\"Gommage du visage\"}]},{\"@type\":\"WebSite\",\"@id\":\"https:\/\/secretofsamui.com\/fr\/#website\",\"url\":\"https:\/\/secretofsamui.com\/fr\/\",\"name\":\"Secret of Samui - Natural and Homemade cosmestic\",\"description\":\"\",\"potentialAction\":[{\"@type\":\"SearchAction\",\"target\":{\"@type\":\"EntryPoint\",\"urlTemplate\":\"https:\/\/secretofsamui.com\/fr\/?s={search_term_string}\"},\"query-input\":{\"@type\":\"PropertyValueSpecification\",\"valueRequired\":true,\"valueName\":\"search_term_string\"}}],\"inLanguage\":\"fr-FR\"}]}<\/script>\n<!-- \/ Yoast SEO plugin. -->","yoast_head_json":{"title":"Gommage du visage - Secret of Samui - Natural and Homemade cosmestic","description":"Exfoliant visage \u00e0 base d'huiles naturelles et de micro-billes exfoliantes.","robots":{"index":"index","follow":"follow","max-snippet":"max-snippet:-1","max-image-preview":"max-image-preview:large","max-video-preview":"max-video-preview:-1"},"canonical":"https:\/\/secretofsamui.com\/fr\/produit\/gommage-du-visage\/","og_locale":"fr_FR","og_type":"article","og_title":"Gommage du visage - Secret of Samui - Natural and Homemade cosmestic","og_description":"Exfoliant visage \u00e0 base d'huiles naturelles et de micro-billes exfoliantes.","og_url":"https:\/\/secretofsamui.com\/fr\/produit\/gommage-du-visage\/","og_site_name":"Secret of Samui - Natural and Homemade cosmestic","article_modified_time":"2024-11-13T04:54:29+00:00","og_image":[{"width":751,"height":751,"url":"https:\/\/secretofsamui.com\/wp-content\/uploads\/2024\/07\/4e9218_3a9feaea6f6a457ba541bf397bd02758mv2.jpg","type":"image\/jpeg"}],"twitter_card":"summary_large_image","schema":{"@context":"https:\/\/schema.org","@graph":[{"@type":"WebPage","@id":"https:\/\/secretofsamui.com\/fr\/produit\/gommage-du-visage\/","url":"https:\/\/secretofsamui.com\/fr\/produit\/gommage-du-visage\/","name":"Gommage du visage - Secret of Samui - Natural and Homemade cosmestic","isPartOf":{"@id":"https:\/\/secretofsamui.com\/fr\/#website"},"primaryImageOfPage":{"@id":"https:\/\/secretofsamui.com\/fr\/produit\/gommage-du-visage\/#primaryimage"},"image":{"@id":"https:\/\/secretofsamui.com\/fr\/produit\/gommage-du-visage\/#primaryimage"},"thumbnailUrl":"https:\/\/secretofsamui.com\/wp-content\/uploads\/2024\/07\/4e9218_3a9feaea6f6a457ba541bf397bd02758mv2.jpg","datePublished":"2024-07-17T02:27:45+00:00","dateModified":"2024-11-13T04:54:29+00:00","description":"Exfoliant visage \u00e0 base d'huiles naturelles et de micro-billes exfoliantes.","breadcrumb":{"@id":"https:\/\/secretofsamui.com\/fr\/produit\/gommage-du-visage\/#breadcrumb"},"inLanguage":"fr-FR","potentialAction":[{"@type":"ReadAction","target":["https:\/\/secretofsamui.com\/fr\/produit\/gommage-du-visage\/"]}]},{"@type":"ImageObject","inLanguage":"fr-FR","@id":"https:\/\/secretofsamui.com\/fr\/produit\/gommage-du-visage\/#primaryimage","url":"https:\/\/secretofsamui.com\/wp-content\/uploads\/2024\/07\/4e9218_3a9feaea6f6a457ba541bf397bd02758mv2.jpg","contentUrl":"https:\/\/secretofsamui.com\/wp-content\/uploads\/2024\/07\/4e9218_3a9feaea6f6a457ba541bf397bd02758mv2.jpg","width":751,"height":751,"caption":"Facial Scrub Coconut"},{"@type":"BreadcrumbList","@id":"https:\/\/secretofsamui.com\/fr\/produit\/gommage-du-visage\/#breadcrumb","itemListElement":[{"@type":"ListItem","position":1,"name":"Home","item":"https:\/\/secretofsamui.com\/fr\/accueil\/"},{"@type":"ListItem","position":2,"name":"Boutique","item":"https:\/\/secretofsamui.com\/boutique\/"},{"@type":"ListItem","position":3,"name":"Gommage du visage"}]},{"@type":"WebSite","@id":"https:\/\/secretofsamui.com\/fr\/#website","url":"https:\/\/secretofsamui.com\/fr\/","name":"Secret of Samui - Natural and Homemade cosmestic","description":"","potentialAction":[{"@type":"SearchAction","target":{"@type":"EntryPoint","urlTemplate":"https:\/\/secretofsamui.com\/fr\/?s={search_term_string}"},"query-input":{"@type":"PropertyValueSpecification","valueRequired":true,"valueName":"search_term_string"}}],"inLanguage":"fr-FR"}]}},"_links":{"self":[{"href":"https:\/\/secretofsamui.com\/fr\/wp-json\/wp\/v2\/product\/103158","targetHints":{"allow":["GET"]}}],"collection":[{"href":"https:\/\/secretofsamui.com\/fr\/wp-json\/wp\/v2\/product"}],"about":[{"href":"https:\/\/secretofsamui.com\/fr\/wp-json\/wp\/v2\/types\/product"}],"wp:featuredmedia":[{"embeddable":true,"href":"https:\/\/secretofsamui.com\/fr\/wp-json\/wp\/v2\/media\/102547"}],"wp:attachment":[{"href":"https:\/\/secretofsamui.com\/fr\/wp-json\/wp\/v2\/media?parent=103158"}],"wp:term":[{"taxonomy":"product_brand","embeddable":true,"href":"https:\/\/secretofsamui.com\/fr\/wp-json\/wp\/v2\/product_brand?post=103158"},{"taxonomy":"product_cat","embeddable":true,"href":"https:\/\/secretofsamui.com\/fr\/wp-json\/wp\/v2\/product_cat?post=103158"},{"taxonomy":"product_tag","embeddable":true,"href":"https:\/\/secretofsamui.com\/fr\/wp-json\/wp\/v2\/product_tag?post=103158"}],"curies":[{"name":"wp","href":"https:\/\/api.w.org\/{rel}","templated":true}]}}