{"id":103152,"date":"2024-07-17T02:27:46","date_gmt":"2024-07-17T02:27:46","guid":{"rendered":"https:\/\/secretofsamui.com\/product\/compresses-dherbes-thailandaises\/"},"modified":"2024-07-17T02:27:46","modified_gmt":"2024-07-17T02:27:46","slug":"compresses-dherbes-thailandaises","status":"publish","type":"product","link":"https:\/\/secretofsamui.com\/fr\/produit\/compresses-dherbes-thailandaises\/","title":{"rendered":"Compresses d&rsquo;herbes tha\u00eflandaises"},"content":{"rendered":"<p>La compresse tha\u00eflandaise aux herbes est un traitement th\u00e9rapeutique traditionnel utilis\u00e9 depuis des si\u00e8cles en Tha\u00eflande. Nos compresses sont compos\u00e9es d&rsquo;une vari\u00e9t\u00e9 d&rsquo;herbes aromatiques comme la citronnelle, le galanga, les feuilles de lime kaffir, le pandanus, le curcuma,&#8230; Appliquez les compresses chauff\u00e9es sur le corps pour soulager la douleur, r\u00e9duire l&rsquo;inflammation et favoriser la relaxation. <\/p>\n","protected":false},"excerpt":{"rendered":"<p>La compresse tha\u00eflandaise aux herbes est un traitement th\u00e9rapeutique traditionnel utilis\u00e9 depuis des si\u00e8cles en Tha\u00eflande.<br \/>\nNos compresses sont compos\u00e9es d&rsquo;une vari\u00e9t\u00e9 d&rsquo;herbes aromatiques comme la citronnelle, le galanga, les feuilles de lime kaffir, le pandanus, le curcuma,&#8230;<\/p>\n","protected":false},"featured_media":102661,"template":"","meta":{"_acf_changed":false,"_et_pb_use_builder":"","_et_pb_old_content":"","_et_gb_content_width":""},"product_brand":[],"product_cat":[426],"product_tag":[464],"class_list":{"0":"post-103152","1":"product","2":"type-product","3":"status-publish","4":"has-post-thumbnail","6":"product_cat-massage-fr","7":"product_tag-pas-de-fda","9":"first","10":"instock","11":"taxable","12":"shipping-taxable","13":"purchasable","14":"product-type-variable","15":"has-default-attributes"},"acf":[],"yoast_head":"<!-- This site is optimized with the Yoast SEO plugin v27.2 - https:\/\/yoast.com\/product\/yoast-seo-wordpress\/ -->\n<title>Compresses d&#039;herbes tha\u00eflandaises - Secret of Samui - Natural and Homemade cosmestic<\/title>\n<meta name=\"description\" content=\"La compresse tha\u00eflandaise aux herbes est un traitement th\u00e9rapeutique traditionnel utilis\u00e9 depuis des si\u00e8cles en Tha\u00eflande. Nos compresses sont compos\u00e9es d&#039;une vari\u00e9t\u00e9 de plantes aromatiques.\" \/>\n<meta name=\"robots\" content=\"index, follow, max-snippet:-1, max-image-preview:large, max-video-preview:-1\" \/>\n<link rel=\"canonical\" href=\"https:\/\/secretofsamui.com\/fr\/produit\/compresses-dherbes-thailandaises\/\" \/>\n<meta property=\"og:locale\" content=\"fr_FR\" \/>\n<meta property=\"og:type\" content=\"article\" \/>\n<meta property=\"og:title\" content=\"Compresses d&#039;herbes tha\u00eflandaises - Secret of Samui - Natural and Homemade cosmestic\" \/>\n<meta property=\"og:description\" content=\"La compresse tha\u00eflandaise aux herbes est un traitement th\u00e9rapeutique traditionnel utilis\u00e9 depuis des si\u00e8cles en Tha\u00eflande. Nos compresses sont compos\u00e9es d&#039;une vari\u00e9t\u00e9 de plantes aromatiques.\" \/>\n<meta property=\"og:url\" content=\"https:\/\/secretofsamui.com\/fr\/produit\/compresses-dherbes-thailandaises\/\" \/>\n<meta property=\"og:site_name\" content=\"Secret of Samui - Natural and Homemade cosmestic\" \/>\n<meta property=\"og:image\" content=\"https:\/\/secretofsamui.com\/wp-content\/uploads\/2024\/07\/4e9218_d3596a5d59f9435da098ede0ccb20cf9mv2-2.jpg\" \/>\n\t<meta property=\"og:image:width\" content=\"751\" \/>\n\t<meta property=\"og:image:height\" content=\"751\" \/>\n\t<meta property=\"og:image:type\" content=\"image\/jpeg\" \/>\n<meta name=\"twitter:card\" content=\"summary_large_image\" \/>\n<script type=\"application\/ld+json\" class=\"yoast-schema-graph\">{\"@context\":\"https:\/\/schema.org\",\"@graph\":[{\"@type\":\"WebPage\",\"@id\":\"https:\/\/secretofsamui.com\/fr\/produit\/compresses-dherbes-thailandaises\/\",\"url\":\"https:\/\/secretofsamui.com\/fr\/produit\/compresses-dherbes-thailandaises\/\",\"name\":\"Compresses d'herbes tha\u00eflandaises - Secret of Samui - Natural and Homemade cosmestic\",\"isPartOf\":{\"@id\":\"https:\/\/secretofsamui.com\/fr\/#website\"},\"primaryImageOfPage\":{\"@id\":\"https:\/\/secretofsamui.com\/fr\/produit\/compresses-dherbes-thailandaises\/#primaryimage\"},\"image\":{\"@id\":\"https:\/\/secretofsamui.com\/fr\/produit\/compresses-dherbes-thailandaises\/#primaryimage\"},\"thumbnailUrl\":\"https:\/\/secretofsamui.com\/wp-content\/uploads\/2024\/07\/4e9218_d3596a5d59f9435da098ede0ccb20cf9mv2-2.jpg\",\"datePublished\":\"2024-07-17T02:27:46+00:00\",\"description\":\"La compresse tha\u00eflandaise aux herbes est un traitement th\u00e9rapeutique traditionnel utilis\u00e9 depuis des si\u00e8cles en Tha\u00eflande. Nos compresses sont compos\u00e9es d'une vari\u00e9t\u00e9 de plantes aromatiques.\",\"breadcrumb\":{\"@id\":\"https:\/\/secretofsamui.com\/fr\/produit\/compresses-dherbes-thailandaises\/#breadcrumb\"},\"inLanguage\":\"fr-FR\",\"potentialAction\":[{\"@type\":\"ReadAction\",\"target\":[\"https:\/\/secretofsamui.com\/fr\/produit\/compresses-dherbes-thailandaises\/\"]}]},{\"@type\":\"ImageObject\",\"inLanguage\":\"fr-FR\",\"@id\":\"https:\/\/secretofsamui.com\/fr\/produit\/compresses-dherbes-thailandaises\/#primaryimage\",\"url\":\"https:\/\/secretofsamui.com\/wp-content\/uploads\/2024\/07\/4e9218_d3596a5d59f9435da098ede0ccb20cf9mv2-2.jpg\",\"contentUrl\":\"https:\/\/secretofsamui.com\/wp-content\/uploads\/2024\/07\/4e9218_d3596a5d59f9435da098ede0ccb20cf9mv2-2.jpg\",\"width\":751,\"height\":751,\"caption\":\"Thai Herbal Compress Black\"},{\"@type\":\"BreadcrumbList\",\"@id\":\"https:\/\/secretofsamui.com\/fr\/produit\/compresses-dherbes-thailandaises\/#breadcrumb\",\"itemListElement\":[{\"@type\":\"ListItem\",\"position\":1,\"name\":\"Home\",\"item\":\"https:\/\/secretofsamui.com\/fr\/accueil\/\"},{\"@type\":\"ListItem\",\"position\":2,\"name\":\"Boutique\",\"item\":\"https:\/\/secretofsamui.com\/boutique\/\"},{\"@type\":\"ListItem\",\"position\":3,\"name\":\"Compresses d&#8217;herbes tha\u00eflandaises\"}]},{\"@type\":\"WebSite\",\"@id\":\"https:\/\/secretofsamui.com\/fr\/#website\",\"url\":\"https:\/\/secretofsamui.com\/fr\/\",\"name\":\"Secret of Samui - Natural and Homemade cosmestic\",\"description\":\"\",\"potentialAction\":[{\"@type\":\"SearchAction\",\"target\":{\"@type\":\"EntryPoint\",\"urlTemplate\":\"https:\/\/secretofsamui.com\/fr\/?s={search_term_string}\"},\"query-input\":{\"@type\":\"PropertyValueSpecification\",\"valueRequired\":true,\"valueName\":\"search_term_string\"}}],\"inLanguage\":\"fr-FR\"}]}<\/script>\n<!-- \/ Yoast SEO plugin. -->","yoast_head_json":{"title":"Compresses d'herbes tha\u00eflandaises - Secret of Samui - Natural and Homemade cosmestic","description":"La compresse tha\u00eflandaise aux herbes est un traitement th\u00e9rapeutique traditionnel utilis\u00e9 depuis des si\u00e8cles en Tha\u00eflande. Nos compresses sont compos\u00e9es d'une vari\u00e9t\u00e9 de plantes aromatiques.","robots":{"index":"index","follow":"follow","max-snippet":"max-snippet:-1","max-image-preview":"max-image-preview:large","max-video-preview":"max-video-preview:-1"},"canonical":"https:\/\/secretofsamui.com\/fr\/produit\/compresses-dherbes-thailandaises\/","og_locale":"fr_FR","og_type":"article","og_title":"Compresses d'herbes tha\u00eflandaises - Secret of Samui - Natural and Homemade cosmestic","og_description":"La compresse tha\u00eflandaise aux herbes est un traitement th\u00e9rapeutique traditionnel utilis\u00e9 depuis des si\u00e8cles en Tha\u00eflande. Nos compresses sont compos\u00e9es d'une vari\u00e9t\u00e9 de plantes aromatiques.","og_url":"https:\/\/secretofsamui.com\/fr\/produit\/compresses-dherbes-thailandaises\/","og_site_name":"Secret of Samui - Natural and Homemade cosmestic","og_image":[{"width":751,"height":751,"url":"https:\/\/secretofsamui.com\/wp-content\/uploads\/2024\/07\/4e9218_d3596a5d59f9435da098ede0ccb20cf9mv2-2.jpg","type":"image\/jpeg"}],"twitter_card":"summary_large_image","schema":{"@context":"https:\/\/schema.org","@graph":[{"@type":"WebPage","@id":"https:\/\/secretofsamui.com\/fr\/produit\/compresses-dherbes-thailandaises\/","url":"https:\/\/secretofsamui.com\/fr\/produit\/compresses-dherbes-thailandaises\/","name":"Compresses d'herbes tha\u00eflandaises - Secret of Samui - Natural and Homemade cosmestic","isPartOf":{"@id":"https:\/\/secretofsamui.com\/fr\/#website"},"primaryImageOfPage":{"@id":"https:\/\/secretofsamui.com\/fr\/produit\/compresses-dherbes-thailandaises\/#primaryimage"},"image":{"@id":"https:\/\/secretofsamui.com\/fr\/produit\/compresses-dherbes-thailandaises\/#primaryimage"},"thumbnailUrl":"https:\/\/secretofsamui.com\/wp-content\/uploads\/2024\/07\/4e9218_d3596a5d59f9435da098ede0ccb20cf9mv2-2.jpg","datePublished":"2024-07-17T02:27:46+00:00","description":"La compresse tha\u00eflandaise aux herbes est un traitement th\u00e9rapeutique traditionnel utilis\u00e9 depuis des si\u00e8cles en Tha\u00eflande. Nos compresses sont compos\u00e9es d'une vari\u00e9t\u00e9 de plantes aromatiques.","breadcrumb":{"@id":"https:\/\/secretofsamui.com\/fr\/produit\/compresses-dherbes-thailandaises\/#breadcrumb"},"inLanguage":"fr-FR","potentialAction":[{"@type":"ReadAction","target":["https:\/\/secretofsamui.com\/fr\/produit\/compresses-dherbes-thailandaises\/"]}]},{"@type":"ImageObject","inLanguage":"fr-FR","@id":"https:\/\/secretofsamui.com\/fr\/produit\/compresses-dherbes-thailandaises\/#primaryimage","url":"https:\/\/secretofsamui.com\/wp-content\/uploads\/2024\/07\/4e9218_d3596a5d59f9435da098ede0ccb20cf9mv2-2.jpg","contentUrl":"https:\/\/secretofsamui.com\/wp-content\/uploads\/2024\/07\/4e9218_d3596a5d59f9435da098ede0ccb20cf9mv2-2.jpg","width":751,"height":751,"caption":"Thai Herbal Compress Black"},{"@type":"BreadcrumbList","@id":"https:\/\/secretofsamui.com\/fr\/produit\/compresses-dherbes-thailandaises\/#breadcrumb","itemListElement":[{"@type":"ListItem","position":1,"name":"Home","item":"https:\/\/secretofsamui.com\/fr\/accueil\/"},{"@type":"ListItem","position":2,"name":"Boutique","item":"https:\/\/secretofsamui.com\/boutique\/"},{"@type":"ListItem","position":3,"name":"Compresses d&#8217;herbes tha\u00eflandaises"}]},{"@type":"WebSite","@id":"https:\/\/secretofsamui.com\/fr\/#website","url":"https:\/\/secretofsamui.com\/fr\/","name":"Secret of Samui - Natural and Homemade cosmestic","description":"","potentialAction":[{"@type":"SearchAction","target":{"@type":"EntryPoint","urlTemplate":"https:\/\/secretofsamui.com\/fr\/?s={search_term_string}"},"query-input":{"@type":"PropertyValueSpecification","valueRequired":true,"valueName":"search_term_string"}}],"inLanguage":"fr-FR"}]}},"_links":{"self":[{"href":"https:\/\/secretofsamui.com\/fr\/wp-json\/wp\/v2\/product\/103152","targetHints":{"allow":["GET"]}}],"collection":[{"href":"https:\/\/secretofsamui.com\/fr\/wp-json\/wp\/v2\/product"}],"about":[{"href":"https:\/\/secretofsamui.com\/fr\/wp-json\/wp\/v2\/types\/product"}],"wp:featuredmedia":[{"embeddable":true,"href":"https:\/\/secretofsamui.com\/fr\/wp-json\/wp\/v2\/media\/102661"}],"wp:attachment":[{"href":"https:\/\/secretofsamui.com\/fr\/wp-json\/wp\/v2\/media?parent=103152"}],"wp:term":[{"taxonomy":"product_brand","embeddable":true,"href":"https:\/\/secretofsamui.com\/fr\/wp-json\/wp\/v2\/product_brand?post=103152"},{"taxonomy":"product_cat","embeddable":true,"href":"https:\/\/secretofsamui.com\/fr\/wp-json\/wp\/v2\/product_cat?post=103152"},{"taxonomy":"product_tag","embeddable":true,"href":"https:\/\/secretofsamui.com\/fr\/wp-json\/wp\/v2\/product_tag?post=103152"}],"curies":[{"name":"wp","href":"https:\/\/api.w.org\/{rel}","templated":true}]}}