{"id":103148,"date":"2024-07-17T02:27:45","date_gmt":"2024-07-17T02:27:45","guid":{"rendered":"https:\/\/secretofsamui.com\/product\/masque-facial\/"},"modified":"2025-09-25T08:09:52","modified_gmt":"2025-09-25T08:09:52","slug":"masque-facial","status":"publish","type":"product","link":"https:\/\/secretofsamui.com\/fr\/produit\/masque-facial\/","title":{"rendered":"Masque pour le visage et le corps"},"content":{"rendered":"<p>Le masque facial polyvalent \u00e0 l&rsquo;argile grise peut \u00eatre utilis\u00e9 de diff\u00e9rentes mani\u00e8res, que ce soit pour le visage ou la peau du corps, pour absorber la salet\u00e9 et le s\u00e9bum ou pour nettoyer la peau en profondeur. Il aide \u00e0 r\u00e9duire la taille des pores et \u00e0 contr\u00f4ler l&rsquo;exc\u00e8s de s\u00e9bum sur le visage sans provoquer de s\u00e9cheresse ou de tiraillement. Cette solution de soin intensif du visage ne laisse pas de r\u00e9sidu gras et convient aux peaux s\u00e8ches, craquel\u00e9es, pel\u00e9es et irrit\u00e9es. Le masque contient une combinaison de Kaolin et d&rsquo;oxyde de zinc, ainsi qu&rsquo;un extrait d&rsquo;aloe vera concentr\u00e9 \u00e0 99,5 %. Ce m\u00e9lange permet d&rsquo;att\u00e9nuer la chaleur induite par le soleil, de r\u00e9duire les rougeurs et d&rsquo;apaiser la peau irrit\u00e9e.    <\/p>\n<p>En outre, l&rsquo;inclusion d&rsquo;huile de jojoba, d&rsquo;huile de graines de tournesol et d&rsquo;huile de noix de coco apporte des bienfaits \u00e0 la peau et favorise l&rsquo;hydratation. La pr\u00e9sence de vitamine E et de vitamine B5 offre une protection antioxydante \u00e0 la peau. Ce produit est exempt de silicones, de parab\u00e8nes et d&rsquo;huiles min\u00e9rales, ce qui en fait un choix propre et naturel pour les soins de la peau.  <\/p>\n","protected":false},"excerpt":{"rendered":"<p>Le masque facial polyvalent \u00e0 l&rsquo;argile grise peut \u00eatre utilis\u00e9 de diff\u00e9rentes mani\u00e8res, que ce soit pour le visage ou la peau du corps, pour absorber la salet\u00e9 et le s\u00e9bum ou pour nettoyer la peau en profondeur. Il aide \u00e0 r\u00e9duire la taille des pores et \u00e0 contr\u00f4ler l&rsquo;exc\u00e8s de s\u00e9bum sur le visage sans provoquer de s\u00e9cheresse ou de tiraillement. Appliquez sur une peau s\u00e8che. \u00c9vitez les yeux et la bouche, laissez agir pendant 10 minutes, puis rincez \u00e0 l&rsquo;eau.   <\/p>\n","protected":false},"featured_media":104177,"template":"","meta":{"_acf_changed":false,"_et_pb_use_builder":"","_et_pb_old_content":"","_et_gb_content_width":""},"product_brand":[],"product_cat":[435,424],"product_tag":[],"class_list":{"0":"post-103148","1":"product","2":"type-product","3":"status-publish","4":"has-post-thumbnail","6":"product_cat-collection-coco","7":"product_cat-soin-du-visage","9":"first","10":"instock","11":"taxable","12":"shipping-taxable","13":"purchasable","14":"product-type-variable","15":"has-default-attributes"},"acf":[],"yoast_head":"<!-- This site is optimized with the Yoast SEO plugin v27.3 - https:\/\/yoast.com\/product\/yoast-seo-wordpress\/ -->\n<title>Masque pour le visage et le corps - Secret of Samui - Natural and Homemade cosmestic<\/title>\n<meta name=\"description\" content=\"Le masque facial \u00e0 l&#039;argile grise polyvalent peut \u00eatre utilis\u00e9 de diff\u00e9rentes mani\u00e8res\" \/>\n<meta name=\"robots\" content=\"index, follow, max-snippet:-1, max-image-preview:large, max-video-preview:-1\" \/>\n<link rel=\"canonical\" href=\"https:\/\/secretofsamui.com\/fr\/produit\/masque-facial\/\" \/>\n<meta property=\"og:locale\" content=\"fr_FR\" \/>\n<meta property=\"og:type\" content=\"article\" \/>\n<meta property=\"og:title\" content=\"Masque pour le visage et le corps - Secret of Samui - Natural and Homemade cosmestic\" \/>\n<meta property=\"og:description\" content=\"Le masque facial \u00e0 l&#039;argile grise polyvalent peut \u00eatre utilis\u00e9 de diff\u00e9rentes mani\u00e8res\" \/>\n<meta property=\"og:url\" content=\"https:\/\/secretofsamui.com\/fr\/produit\/masque-facial\/\" \/>\n<meta property=\"og:site_name\" content=\"Secret of Samui - Natural and Homemade cosmestic\" \/>\n<meta property=\"article:modified_time\" content=\"2025-09-25T08:09:52+00:00\" \/>\n<meta property=\"og:image\" content=\"https:\/\/secretofsamui.com\/wp-content\/uploads\/2024\/07\/b93c4a83-ce7b-4698-98ba-cfd7f88709a4.jpg\" \/>\n\t<meta property=\"og:image:width\" content=\"1600\" \/>\n\t<meta property=\"og:image:height\" content=\"1600\" \/>\n\t<meta property=\"og:image:type\" content=\"image\/jpeg\" \/>\n<meta name=\"twitter:card\" content=\"summary_large_image\" \/>\n<meta name=\"twitter:label1\" content=\"Dur\u00e9e de lecture estim\u00e9e\" \/>\n\t<meta name=\"twitter:data1\" content=\"1 minute\" \/>\n<script type=\"application\/ld+json\" class=\"yoast-schema-graph\">{\"@context\":\"https:\\\/\\\/schema.org\",\"@graph\":[{\"@type\":\"WebPage\",\"@id\":\"https:\\\/\\\/secretofsamui.com\\\/fr\\\/produit\\\/masque-facial\\\/\",\"url\":\"https:\\\/\\\/secretofsamui.com\\\/fr\\\/produit\\\/masque-facial\\\/\",\"name\":\"Masque pour le visage et le corps - Secret of Samui - Natural and Homemade cosmestic\",\"isPartOf\":{\"@id\":\"https:\\\/\\\/secretofsamui.com\\\/fr\\\/#website\"},\"primaryImageOfPage\":{\"@id\":\"https:\\\/\\\/secretofsamui.com\\\/fr\\\/produit\\\/masque-facial\\\/#primaryimage\"},\"image\":{\"@id\":\"https:\\\/\\\/secretofsamui.com\\\/fr\\\/produit\\\/masque-facial\\\/#primaryimage\"},\"thumbnailUrl\":\"https:\\\/\\\/secretofsamui.com\\\/wp-content\\\/uploads\\\/2024\\\/07\\\/b93c4a83-ce7b-4698-98ba-cfd7f88709a4.jpg\",\"datePublished\":\"2024-07-17T02:27:45+00:00\",\"dateModified\":\"2025-09-25T08:09:52+00:00\",\"description\":\"Le masque facial \u00e0 l'argile grise polyvalent peut \u00eatre utilis\u00e9 de diff\u00e9rentes mani\u00e8res\",\"breadcrumb\":{\"@id\":\"https:\\\/\\\/secretofsamui.com\\\/fr\\\/produit\\\/masque-facial\\\/#breadcrumb\"},\"inLanguage\":\"fr-FR\",\"potentialAction\":[{\"@type\":\"ReadAction\",\"target\":[\"https:\\\/\\\/secretofsamui.com\\\/fr\\\/produit\\\/masque-facial\\\/\"]}]},{\"@type\":\"ImageObject\",\"inLanguage\":\"fr-FR\",\"@id\":\"https:\\\/\\\/secretofsamui.com\\\/fr\\\/produit\\\/masque-facial\\\/#primaryimage\",\"url\":\"https:\\\/\\\/secretofsamui.com\\\/wp-content\\\/uploads\\\/2024\\\/07\\\/b93c4a83-ce7b-4698-98ba-cfd7f88709a4.jpg\",\"contentUrl\":\"https:\\\/\\\/secretofsamui.com\\\/wp-content\\\/uploads\\\/2024\\\/07\\\/b93c4a83-ce7b-4698-98ba-cfd7f88709a4.jpg\",\"width\":1600,\"height\":1600},{\"@type\":\"BreadcrumbList\",\"@id\":\"https:\\\/\\\/secretofsamui.com\\\/fr\\\/produit\\\/masque-facial\\\/#breadcrumb\",\"itemListElement\":[{\"@type\":\"ListItem\",\"position\":1,\"name\":\"Home\",\"item\":\"https:\\\/\\\/secretofsamui.com\\\/fr\\\/accueil\\\/\"},{\"@type\":\"ListItem\",\"position\":2,\"name\":\"Boutique\",\"item\":\"https:\\\/\\\/secretofsamui.com\\\/boutique\\\/\"},{\"@type\":\"ListItem\",\"position\":3,\"name\":\"Masque pour le visage et le corps\"}]},{\"@type\":\"WebSite\",\"@id\":\"https:\\\/\\\/secretofsamui.com\\\/fr\\\/#website\",\"url\":\"https:\\\/\\\/secretofsamui.com\\\/fr\\\/\",\"name\":\"Secret of Samui - Natural and Homemade cosmestic\",\"description\":\"\",\"potentialAction\":[{\"@type\":\"SearchAction\",\"target\":{\"@type\":\"EntryPoint\",\"urlTemplate\":\"https:\\\/\\\/secretofsamui.com\\\/fr\\\/?s={search_term_string}\"},\"query-input\":{\"@type\":\"PropertyValueSpecification\",\"valueRequired\":true,\"valueName\":\"search_term_string\"}}],\"inLanguage\":\"fr-FR\"}]}<\/script>\n<!-- \/ Yoast SEO plugin. -->","yoast_head_json":{"title":"Masque pour le visage et le corps - Secret of Samui - Natural and Homemade cosmestic","description":"Le masque facial \u00e0 l'argile grise polyvalent peut \u00eatre utilis\u00e9 de diff\u00e9rentes mani\u00e8res","robots":{"index":"index","follow":"follow","max-snippet":"max-snippet:-1","max-image-preview":"max-image-preview:large","max-video-preview":"max-video-preview:-1"},"canonical":"https:\/\/secretofsamui.com\/fr\/produit\/masque-facial\/","og_locale":"fr_FR","og_type":"article","og_title":"Masque pour le visage et le corps - Secret of Samui - Natural and Homemade cosmestic","og_description":"Le masque facial \u00e0 l'argile grise polyvalent peut \u00eatre utilis\u00e9 de diff\u00e9rentes mani\u00e8res","og_url":"https:\/\/secretofsamui.com\/fr\/produit\/masque-facial\/","og_site_name":"Secret of Samui - Natural and Homemade cosmestic","article_modified_time":"2025-09-25T08:09:52+00:00","og_image":[{"width":1600,"height":1600,"url":"https:\/\/secretofsamui.com\/wp-content\/uploads\/2024\/07\/b93c4a83-ce7b-4698-98ba-cfd7f88709a4.jpg","type":"image\/jpeg"}],"twitter_card":"summary_large_image","twitter_misc":{"Dur\u00e9e de lecture estim\u00e9e":"1 minute"},"schema":{"@context":"https:\/\/schema.org","@graph":[{"@type":"WebPage","@id":"https:\/\/secretofsamui.com\/fr\/produit\/masque-facial\/","url":"https:\/\/secretofsamui.com\/fr\/produit\/masque-facial\/","name":"Masque pour le visage et le corps - Secret of Samui - Natural and Homemade cosmestic","isPartOf":{"@id":"https:\/\/secretofsamui.com\/fr\/#website"},"primaryImageOfPage":{"@id":"https:\/\/secretofsamui.com\/fr\/produit\/masque-facial\/#primaryimage"},"image":{"@id":"https:\/\/secretofsamui.com\/fr\/produit\/masque-facial\/#primaryimage"},"thumbnailUrl":"https:\/\/secretofsamui.com\/wp-content\/uploads\/2024\/07\/b93c4a83-ce7b-4698-98ba-cfd7f88709a4.jpg","datePublished":"2024-07-17T02:27:45+00:00","dateModified":"2025-09-25T08:09:52+00:00","description":"Le masque facial \u00e0 l'argile grise polyvalent peut \u00eatre utilis\u00e9 de diff\u00e9rentes mani\u00e8res","breadcrumb":{"@id":"https:\/\/secretofsamui.com\/fr\/produit\/masque-facial\/#breadcrumb"},"inLanguage":"fr-FR","potentialAction":[{"@type":"ReadAction","target":["https:\/\/secretofsamui.com\/fr\/produit\/masque-facial\/"]}]},{"@type":"ImageObject","inLanguage":"fr-FR","@id":"https:\/\/secretofsamui.com\/fr\/produit\/masque-facial\/#primaryimage","url":"https:\/\/secretofsamui.com\/wp-content\/uploads\/2024\/07\/b93c4a83-ce7b-4698-98ba-cfd7f88709a4.jpg","contentUrl":"https:\/\/secretofsamui.com\/wp-content\/uploads\/2024\/07\/b93c4a83-ce7b-4698-98ba-cfd7f88709a4.jpg","width":1600,"height":1600},{"@type":"BreadcrumbList","@id":"https:\/\/secretofsamui.com\/fr\/produit\/masque-facial\/#breadcrumb","itemListElement":[{"@type":"ListItem","position":1,"name":"Home","item":"https:\/\/secretofsamui.com\/fr\/accueil\/"},{"@type":"ListItem","position":2,"name":"Boutique","item":"https:\/\/secretofsamui.com\/boutique\/"},{"@type":"ListItem","position":3,"name":"Masque pour le visage et le corps"}]},{"@type":"WebSite","@id":"https:\/\/secretofsamui.com\/fr\/#website","url":"https:\/\/secretofsamui.com\/fr\/","name":"Secret of Samui - Natural and Homemade cosmestic","description":"","potentialAction":[{"@type":"SearchAction","target":{"@type":"EntryPoint","urlTemplate":"https:\/\/secretofsamui.com\/fr\/?s={search_term_string}"},"query-input":{"@type":"PropertyValueSpecification","valueRequired":true,"valueName":"search_term_string"}}],"inLanguage":"fr-FR"}]}},"_links":{"self":[{"href":"https:\/\/secretofsamui.com\/fr\/wp-json\/wp\/v2\/product\/103148","targetHints":{"allow":["GET"]}}],"collection":[{"href":"https:\/\/secretofsamui.com\/fr\/wp-json\/wp\/v2\/product"}],"about":[{"href":"https:\/\/secretofsamui.com\/fr\/wp-json\/wp\/v2\/types\/product"}],"wp:featuredmedia":[{"embeddable":true,"href":"https:\/\/secretofsamui.com\/fr\/wp-json\/wp\/v2\/media\/104177"}],"wp:attachment":[{"href":"https:\/\/secretofsamui.com\/fr\/wp-json\/wp\/v2\/media?parent=103148"}],"wp:term":[{"taxonomy":"product_brand","embeddable":true,"href":"https:\/\/secretofsamui.com\/fr\/wp-json\/wp\/v2\/product_brand?post=103148"},{"taxonomy":"product_cat","embeddable":true,"href":"https:\/\/secretofsamui.com\/fr\/wp-json\/wp\/v2\/product_cat?post=103148"},{"taxonomy":"product_tag","embeddable":true,"href":"https:\/\/secretofsamui.com\/fr\/wp-json\/wp\/v2\/product_tag?post=103148"}],"curies":[{"name":"wp","href":"https:\/\/api.w.org\/{rel}","templated":true}]}}