{"id":103146,"date":"2024-07-17T02:27:45","date_gmt":"2024-07-17T02:27:45","guid":{"rendered":"https:\/\/secretofsamui.com\/product\/masque-capillaire\/"},"modified":"2025-09-25T08:08:59","modified_gmt":"2025-09-25T08:08:59","slug":"masque-capillaire","status":"publish","type":"product","link":"https:\/\/secretofsamui.com\/fr\/produit\/masque-capillaire\/","title":{"rendered":"Masque capillaire"},"content":{"rendered":"<p>Le masque capillaire \u00e0 texture concentr\u00e9e nourrit les cheveux. Rend les cheveux doux et lisses, sans frisottis ni enchev\u00eatrement. Ne laisse pas de gras sur les cheveux et le cuir chevelu. Convient aux cheveux secs. Pr\u00eat \u00e0 \u00eatre enti\u00e8rement entretenu car il est riche en prot\u00e9ines extraites du bl\u00e9, il y a un ajout d&rsquo;hydratation \u00e0 la peau, qui est une substance. Le facteur naturel d&rsquo;hydratation (NMF), l&rsquo;huile d&rsquo;olive, l&rsquo;huile de graines de tournesol et l&rsquo;huile de noix de coco contribuent \u00e0 rendre les cheveux doux et lisses. La vitamine E et la vitamine B5 prot\u00e8gent la peau en lui apportant une protection antioxydante.      <\/p>\n<p>Sans silicones, sans parab\u00e8nes, sans benzoph\u00e9nones, sans colorants.<\/p>\n<p>&nbsp;<\/p>\n","protected":false},"excerpt":{"rendered":"<p>Le masque capillaire \u00e0 texture concentr\u00e9e nourrit les cheveux. Rend les cheveux doux et lisses, sans frisottis ni enchev\u00eatrements. Ne laisse pas de traces de gras sur les cheveux et le cuir chevelu. Convient aux cheveux secs.   <\/p>\n<p>Chaque fois apr\u00e8s le lavage. Appliquez le masque capillaire du milieu vers les pointes, laissez agir pendant 2 \u00e0 3 minutes, puis rincez. <\/p>\n","protected":false},"featured_media":102752,"template":"","meta":{"_acf_changed":false,"_et_pb_use_builder":"","_et_pb_old_content":"","_et_gb_content_width":""},"product_brand":[],"product_cat":[425],"product_tag":[],"class_list":{"0":"post-103146","1":"product","2":"type-product","3":"status-publish","4":"has-post-thumbnail","6":"product_cat-soin-des-cheveux","8":"first","9":"instock","10":"taxable","11":"shipping-taxable","12":"purchasable","13":"product-type-simple"},"acf":[],"yoast_head":"<!-- This site is optimized with the Yoast SEO plugin v27.4 - https:\/\/yoast.com\/product\/yoast-seo-wordpress\/ -->\n<title>Masque capillaire - Secret of Samui - Natural and Homemade cosmestic<\/title>\n<meta name=\"description\" content=\"Ce masque capillaire \u00e0 la texture concentr\u00e9e nourrit les cheveux. Il rend les cheveux doux et lisses et les d\u00e9barrasse des frisottis et des n\u0153uds. Il ne laisse pas de gras sur les cheveux et le cuir chevelu.\" \/>\n<meta name=\"robots\" content=\"index, follow, max-snippet:-1, max-image-preview:large, max-video-preview:-1\" \/>\n<link rel=\"canonical\" href=\"https:\/\/secretofsamui.com\/fr\/produit\/masque-capillaire\/\" \/>\n<meta property=\"og:locale\" content=\"fr_FR\" \/>\n<meta property=\"og:type\" content=\"article\" \/>\n<meta property=\"og:title\" content=\"Masque capillaire - Secret of Samui - Natural and Homemade cosmestic\" \/>\n<meta property=\"og:description\" content=\"Ce masque capillaire \u00e0 la texture concentr\u00e9e nourrit les cheveux. Il rend les cheveux doux et lisses et les d\u00e9barrasse des frisottis et des n\u0153uds. Il ne laisse pas de gras sur les cheveux et le cuir chevelu.\" \/>\n<meta property=\"og:url\" content=\"https:\/\/secretofsamui.com\/fr\/produit\/masque-capillaire\/\" \/>\n<meta property=\"og:site_name\" content=\"Secret of Samui - Natural and Homemade cosmestic\" \/>\n<meta property=\"article:modified_time\" content=\"2025-09-25T08:08:59+00:00\" \/>\n<meta property=\"og:image\" content=\"https:\/\/secretofsamui.com\/wp-content\/uploads\/2024\/07\/Hair-Mask-Bergamot.png\" \/>\n\t<meta property=\"og:image:width\" content=\"1001\" \/>\n\t<meta property=\"og:image:height\" content=\"1001\" \/>\n\t<meta property=\"og:image:type\" content=\"image\/png\" \/>\n<meta name=\"twitter:card\" content=\"summary_large_image\" \/>\n<meta name=\"twitter:label1\" content=\"Dur\u00e9e de lecture estim\u00e9e\" \/>\n\t<meta name=\"twitter:data1\" content=\"1 minute\" \/>\n<script type=\"application\/ld+json\" class=\"yoast-schema-graph\">{\"@context\":\"https:\\\/\\\/schema.org\",\"@graph\":[{\"@type\":\"WebPage\",\"@id\":\"https:\\\/\\\/secretofsamui.com\\\/fr\\\/produit\\\/masque-capillaire\\\/\",\"url\":\"https:\\\/\\\/secretofsamui.com\\\/fr\\\/produit\\\/masque-capillaire\\\/\",\"name\":\"Masque capillaire - Secret of Samui - Natural and Homemade cosmestic\",\"isPartOf\":{\"@id\":\"https:\\\/\\\/secretofsamui.com\\\/fr\\\/#website\"},\"primaryImageOfPage\":{\"@id\":\"https:\\\/\\\/secretofsamui.com\\\/fr\\\/produit\\\/masque-capillaire\\\/#primaryimage\"},\"image\":{\"@id\":\"https:\\\/\\\/secretofsamui.com\\\/fr\\\/produit\\\/masque-capillaire\\\/#primaryimage\"},\"thumbnailUrl\":\"https:\\\/\\\/secretofsamui.com\\\/wp-content\\\/uploads\\\/2024\\\/07\\\/Hair-Mask-Bergamot.png\",\"datePublished\":\"2024-07-17T02:27:45+00:00\",\"dateModified\":\"2025-09-25T08:08:59+00:00\",\"description\":\"Ce masque capillaire \u00e0 la texture concentr\u00e9e nourrit les cheveux. Il rend les cheveux doux et lisses et les d\u00e9barrasse des frisottis et des n\u0153uds. Il ne laisse pas de gras sur les cheveux et le cuir chevelu.\",\"breadcrumb\":{\"@id\":\"https:\\\/\\\/secretofsamui.com\\\/fr\\\/produit\\\/masque-capillaire\\\/#breadcrumb\"},\"inLanguage\":\"fr-FR\",\"potentialAction\":[{\"@type\":\"ReadAction\",\"target\":[\"https:\\\/\\\/secretofsamui.com\\\/fr\\\/produit\\\/masque-capillaire\\\/\"]}]},{\"@type\":\"ImageObject\",\"inLanguage\":\"fr-FR\",\"@id\":\"https:\\\/\\\/secretofsamui.com\\\/fr\\\/produit\\\/masque-capillaire\\\/#primaryimage\",\"url\":\"https:\\\/\\\/secretofsamui.com\\\/wp-content\\\/uploads\\\/2024\\\/07\\\/Hair-Mask-Bergamot.png\",\"contentUrl\":\"https:\\\/\\\/secretofsamui.com\\\/wp-content\\\/uploads\\\/2024\\\/07\\\/Hair-Mask-Bergamot.png\",\"width\":1001,\"height\":1001,\"caption\":\"Hair Mask Bergamot\"},{\"@type\":\"BreadcrumbList\",\"@id\":\"https:\\\/\\\/secretofsamui.com\\\/fr\\\/produit\\\/masque-capillaire\\\/#breadcrumb\",\"itemListElement\":[{\"@type\":\"ListItem\",\"position\":1,\"name\":\"Home\",\"item\":\"https:\\\/\\\/secretofsamui.com\\\/fr\\\/accueil\\\/\"},{\"@type\":\"ListItem\",\"position\":2,\"name\":\"Boutique\",\"item\":\"https:\\\/\\\/secretofsamui.com\\\/boutique\\\/\"},{\"@type\":\"ListItem\",\"position\":3,\"name\":\"Masque capillaire\"}]},{\"@type\":\"WebSite\",\"@id\":\"https:\\\/\\\/secretofsamui.com\\\/fr\\\/#website\",\"url\":\"https:\\\/\\\/secretofsamui.com\\\/fr\\\/\",\"name\":\"Secret of Samui - Natural and Homemade cosmestic\",\"description\":\"\",\"potentialAction\":[{\"@type\":\"SearchAction\",\"target\":{\"@type\":\"EntryPoint\",\"urlTemplate\":\"https:\\\/\\\/secretofsamui.com\\\/fr\\\/?s={search_term_string}\"},\"query-input\":{\"@type\":\"PropertyValueSpecification\",\"valueRequired\":true,\"valueName\":\"search_term_string\"}}],\"inLanguage\":\"fr-FR\"}]}<\/script>\n<!-- \/ Yoast SEO plugin. -->","yoast_head_json":{"title":"Masque capillaire - Secret of Samui - Natural and Homemade cosmestic","description":"Ce masque capillaire \u00e0 la texture concentr\u00e9e nourrit les cheveux. Il rend les cheveux doux et lisses et les d\u00e9barrasse des frisottis et des n\u0153uds. Il ne laisse pas de gras sur les cheveux et le cuir chevelu.","robots":{"index":"index","follow":"follow","max-snippet":"max-snippet:-1","max-image-preview":"max-image-preview:large","max-video-preview":"max-video-preview:-1"},"canonical":"https:\/\/secretofsamui.com\/fr\/produit\/masque-capillaire\/","og_locale":"fr_FR","og_type":"article","og_title":"Masque capillaire - Secret of Samui - Natural and Homemade cosmestic","og_description":"Ce masque capillaire \u00e0 la texture concentr\u00e9e nourrit les cheveux. Il rend les cheveux doux et lisses et les d\u00e9barrasse des frisottis et des n\u0153uds. Il ne laisse pas de gras sur les cheveux et le cuir chevelu.","og_url":"https:\/\/secretofsamui.com\/fr\/produit\/masque-capillaire\/","og_site_name":"Secret of Samui - Natural and Homemade cosmestic","article_modified_time":"2025-09-25T08:08:59+00:00","og_image":[{"width":1001,"height":1001,"url":"https:\/\/secretofsamui.com\/wp-content\/uploads\/2024\/07\/Hair-Mask-Bergamot.png","type":"image\/png"}],"twitter_card":"summary_large_image","twitter_misc":{"Dur\u00e9e de lecture estim\u00e9e":"1 minute"},"schema":{"@context":"https:\/\/schema.org","@graph":[{"@type":"WebPage","@id":"https:\/\/secretofsamui.com\/fr\/produit\/masque-capillaire\/","url":"https:\/\/secretofsamui.com\/fr\/produit\/masque-capillaire\/","name":"Masque capillaire - Secret of Samui - Natural and Homemade cosmestic","isPartOf":{"@id":"https:\/\/secretofsamui.com\/fr\/#website"},"primaryImageOfPage":{"@id":"https:\/\/secretofsamui.com\/fr\/produit\/masque-capillaire\/#primaryimage"},"image":{"@id":"https:\/\/secretofsamui.com\/fr\/produit\/masque-capillaire\/#primaryimage"},"thumbnailUrl":"https:\/\/secretofsamui.com\/wp-content\/uploads\/2024\/07\/Hair-Mask-Bergamot.png","datePublished":"2024-07-17T02:27:45+00:00","dateModified":"2025-09-25T08:08:59+00:00","description":"Ce masque capillaire \u00e0 la texture concentr\u00e9e nourrit les cheveux. Il rend les cheveux doux et lisses et les d\u00e9barrasse des frisottis et des n\u0153uds. Il ne laisse pas de gras sur les cheveux et le cuir chevelu.","breadcrumb":{"@id":"https:\/\/secretofsamui.com\/fr\/produit\/masque-capillaire\/#breadcrumb"},"inLanguage":"fr-FR","potentialAction":[{"@type":"ReadAction","target":["https:\/\/secretofsamui.com\/fr\/produit\/masque-capillaire\/"]}]},{"@type":"ImageObject","inLanguage":"fr-FR","@id":"https:\/\/secretofsamui.com\/fr\/produit\/masque-capillaire\/#primaryimage","url":"https:\/\/secretofsamui.com\/wp-content\/uploads\/2024\/07\/Hair-Mask-Bergamot.png","contentUrl":"https:\/\/secretofsamui.com\/wp-content\/uploads\/2024\/07\/Hair-Mask-Bergamot.png","width":1001,"height":1001,"caption":"Hair Mask Bergamot"},{"@type":"BreadcrumbList","@id":"https:\/\/secretofsamui.com\/fr\/produit\/masque-capillaire\/#breadcrumb","itemListElement":[{"@type":"ListItem","position":1,"name":"Home","item":"https:\/\/secretofsamui.com\/fr\/accueil\/"},{"@type":"ListItem","position":2,"name":"Boutique","item":"https:\/\/secretofsamui.com\/boutique\/"},{"@type":"ListItem","position":3,"name":"Masque capillaire"}]},{"@type":"WebSite","@id":"https:\/\/secretofsamui.com\/fr\/#website","url":"https:\/\/secretofsamui.com\/fr\/","name":"Secret of Samui - Natural and Homemade cosmestic","description":"","potentialAction":[{"@type":"SearchAction","target":{"@type":"EntryPoint","urlTemplate":"https:\/\/secretofsamui.com\/fr\/?s={search_term_string}"},"query-input":{"@type":"PropertyValueSpecification","valueRequired":true,"valueName":"search_term_string"}}],"inLanguage":"fr-FR"}]}},"_links":{"self":[{"href":"https:\/\/secretofsamui.com\/fr\/wp-json\/wp\/v2\/product\/103146","targetHints":{"allow":["GET"]}}],"collection":[{"href":"https:\/\/secretofsamui.com\/fr\/wp-json\/wp\/v2\/product"}],"about":[{"href":"https:\/\/secretofsamui.com\/fr\/wp-json\/wp\/v2\/types\/product"}],"wp:featuredmedia":[{"embeddable":true,"href":"https:\/\/secretofsamui.com\/fr\/wp-json\/wp\/v2\/media\/102752"}],"wp:attachment":[{"href":"https:\/\/secretofsamui.com\/fr\/wp-json\/wp\/v2\/media?parent=103146"}],"wp:term":[{"taxonomy":"product_brand","embeddable":true,"href":"https:\/\/secretofsamui.com\/fr\/wp-json\/wp\/v2\/product_brand?post=103146"},{"taxonomy":"product_cat","embeddable":true,"href":"https:\/\/secretofsamui.com\/fr\/wp-json\/wp\/v2\/product_cat?post=103146"},{"taxonomy":"product_tag","embeddable":true,"href":"https:\/\/secretofsamui.com\/fr\/wp-json\/wp\/v2\/product_tag?post=103146"}],"curies":[{"name":"wp","href":"https:\/\/api.w.org\/{rel}","templated":true}]}}