{"id":103138,"date":"2024-07-17T02:27:47","date_gmt":"2024-07-17T02:27:47","guid":{"rendered":"https:\/\/secretofsamui.com\/product\/gel-daloe-vera\/"},"modified":"2024-12-11T06:49:10","modified_gmt":"2024-12-11T06:49:10","slug":"gel-daloe-vera","status":"publish","type":"product","link":"https:\/\/secretofsamui.com\/fr\/produit\/gel-daloe-vera\/","title":{"rendered":"Gel d&rsquo;aloe vera"},"content":{"rendered":"<p>Gel d&rsquo;aloe vera pur. Une formule de gel naturel contenant 200 fois plus d&rsquo;extrait d&rsquo;aloe vera concentr\u00e9, repr\u00e9sentant 99,5% de la formule. Apr\u00e8s application, il nourrit et hydrate le corps expos\u00e9 au soleil. Il aide \u00e0 soulager les irritations de la peau chauff\u00e9e par les rayons du soleil. Les bienfaits de l&rsquo;Aloe vera permettent \u00e9galement de r\u00e9duire la chaleur due \u00e0 l&rsquo;exposition au soleil. Sans min\u00e9raux, sans benzoph\u00e9none, sans silicone <\/p>\n","protected":false},"excerpt":{"rendered":"<p>Gel d&rsquo;aloe vera pur. Une formule de gel naturel contenant 200 fois plus d&rsquo;extrait d&rsquo;aloe vera concentr\u00e9, repr\u00e9sentant 99,5% de la formule. \u00c0 appliquer sur le visage et le corps apr\u00e8s la douche, avant et apr\u00e8s l&rsquo;exposition ext\u00e9rieure, ou selon vos besoins pour une hydratation apaisante. <\/p>\n","protected":false},"featured_media":102465,"template":"","meta":{"_acf_changed":false,"_et_pb_use_builder":"off","_et_pb_old_content":"Gel d'aloe vera pur. Une formule de gel naturel contenant 2 0 0 fois plus d'extrait d'aloe vera concentr\u00e9, repr\u00e9sentant 99,5 % de la formule. Apr\u00e8s application, il nourrit et hydrate le corps expos\u00e9 au soleil. Il aide \u00e0 soulager les irritations de la peau chauff\u00e9e par les rayons du soleil. Les bienfaits de l'Aloe vera permettent \u00e9galement de r\u00e9duire la chaleur due \u00e0 l'exposition au soleil. Sans min\u00e9raux, sans benzoph\u00e9none, sans silicone En cas d'allergies et d'irritations, arr\u00eatez d'utiliser le produit et consultez imm\u00e9diatement un m\u00e9decin. Utilis\u00e9 en externe, ne pas manger. \n\n  \n\n\n\n ","_et_gb_content_width":""},"product_brand":[],"product_cat":[435,421,423],"product_tag":[],"class_list":{"0":"post-103138","1":"product","2":"type-product","3":"status-publish","4":"has-post-thumbnail","6":"product_cat-collection-coco","7":"product_cat-collection-plage","8":"product_cat-soin-du-corps","10":"first","11":"instock","12":"taxable","13":"shipping-taxable","14":"purchasable","15":"product-type-variable","16":"has-default-attributes"},"acf":[],"yoast_head":"<!-- This site is optimized with the Yoast SEO plugin v27.4 - https:\/\/yoast.com\/product\/yoast-seo-wordpress\/ -->\n<title>Gel d&#039;aloe vera - Secret of Samui - Natural and Homemade cosmestic<\/title>\n<meta name=\"description\" content=\"Une formule de gel naturel contenant 200 fois plus d&#039;extrait d&#039;aloe vera concentr\u00e9, repr\u00e9sentant 99,5% de la formule.\" \/>\n<meta name=\"robots\" content=\"index, follow, max-snippet:-1, max-image-preview:large, max-video-preview:-1\" \/>\n<link rel=\"canonical\" href=\"https:\/\/secretofsamui.com\/fr\/produit\/gel-daloe-vera\/\" \/>\n<meta property=\"og:locale\" content=\"fr_FR\" \/>\n<meta property=\"og:type\" content=\"article\" \/>\n<meta property=\"og:title\" content=\"Gel d&#039;aloe vera - Secret of Samui - Natural and Homemade cosmestic\" \/>\n<meta property=\"og:description\" content=\"Une formule de gel naturel contenant 200 fois plus d&#039;extrait d&#039;aloe vera concentr\u00e9, repr\u00e9sentant 99,5% de la formule.\" \/>\n<meta property=\"og:url\" content=\"https:\/\/secretofsamui.com\/fr\/produit\/gel-daloe-vera\/\" \/>\n<meta property=\"og:site_name\" content=\"Secret of Samui - Natural and Homemade cosmestic\" \/>\n<meta property=\"article:modified_time\" content=\"2024-12-11T06:49:10+00:00\" \/>\n<meta property=\"og:image\" content=\"https:\/\/secretofsamui.com\/wp-content\/uploads\/2024\/07\/4e9218_1f2d80438ddc43978a5ee05acb8b7620mv2.jpg\" \/>\n\t<meta property=\"og:image:width\" content=\"751\" \/>\n\t<meta property=\"og:image:height\" content=\"751\" \/>\n\t<meta property=\"og:image:type\" content=\"image\/jpeg\" \/>\n<meta name=\"twitter:card\" content=\"summary_large_image\" \/>\n<script type=\"application\/ld+json\" class=\"yoast-schema-graph\">{\"@context\":\"https:\\\/\\\/schema.org\",\"@graph\":[{\"@type\":\"WebPage\",\"@id\":\"https:\\\/\\\/secretofsamui.com\\\/fr\\\/produit\\\/gel-daloe-vera\\\/\",\"url\":\"https:\\\/\\\/secretofsamui.com\\\/fr\\\/produit\\\/gel-daloe-vera\\\/\",\"name\":\"Gel d'aloe vera - Secret of Samui - Natural and Homemade cosmestic\",\"isPartOf\":{\"@id\":\"https:\\\/\\\/secretofsamui.com\\\/fr\\\/#website\"},\"primaryImageOfPage\":{\"@id\":\"https:\\\/\\\/secretofsamui.com\\\/fr\\\/produit\\\/gel-daloe-vera\\\/#primaryimage\"},\"image\":{\"@id\":\"https:\\\/\\\/secretofsamui.com\\\/fr\\\/produit\\\/gel-daloe-vera\\\/#primaryimage\"},\"thumbnailUrl\":\"https:\\\/\\\/secretofsamui.com\\\/wp-content\\\/uploads\\\/2024\\\/07\\\/4e9218_1f2d80438ddc43978a5ee05acb8b7620mv2.jpg\",\"datePublished\":\"2024-07-17T02:27:47+00:00\",\"dateModified\":\"2024-12-11T06:49:10+00:00\",\"description\":\"Une formule de gel naturel contenant 200 fois plus d'extrait d'aloe vera concentr\u00e9, repr\u00e9sentant 99,5% de la formule.\",\"breadcrumb\":{\"@id\":\"https:\\\/\\\/secretofsamui.com\\\/fr\\\/produit\\\/gel-daloe-vera\\\/#breadcrumb\"},\"inLanguage\":\"fr-FR\",\"potentialAction\":[{\"@type\":\"ReadAction\",\"target\":[\"https:\\\/\\\/secretofsamui.com\\\/fr\\\/produit\\\/gel-daloe-vera\\\/\"]}]},{\"@type\":\"ImageObject\",\"inLanguage\":\"fr-FR\",\"@id\":\"https:\\\/\\\/secretofsamui.com\\\/fr\\\/produit\\\/gel-daloe-vera\\\/#primaryimage\",\"url\":\"https:\\\/\\\/secretofsamui.com\\\/wp-content\\\/uploads\\\/2024\\\/07\\\/4e9218_1f2d80438ddc43978a5ee05acb8b7620mv2.jpg\",\"contentUrl\":\"https:\\\/\\\/secretofsamui.com\\\/wp-content\\\/uploads\\\/2024\\\/07\\\/4e9218_1f2d80438ddc43978a5ee05acb8b7620mv2.jpg\",\"width\":751,\"height\":751,\"caption\":\"Aloe Vera Gel - Thai Flowers\"},{\"@type\":\"BreadcrumbList\",\"@id\":\"https:\\\/\\\/secretofsamui.com\\\/fr\\\/produit\\\/gel-daloe-vera\\\/#breadcrumb\",\"itemListElement\":[{\"@type\":\"ListItem\",\"position\":1,\"name\":\"Home\",\"item\":\"https:\\\/\\\/secretofsamui.com\\\/fr\\\/accueil\\\/\"},{\"@type\":\"ListItem\",\"position\":2,\"name\":\"Boutique\",\"item\":\"https:\\\/\\\/secretofsamui.com\\\/boutique\\\/\"},{\"@type\":\"ListItem\",\"position\":3,\"name\":\"Gel d&#8217;aloe vera\"}]},{\"@type\":\"WebSite\",\"@id\":\"https:\\\/\\\/secretofsamui.com\\\/fr\\\/#website\",\"url\":\"https:\\\/\\\/secretofsamui.com\\\/fr\\\/\",\"name\":\"Secret of Samui - Natural and Homemade cosmestic\",\"description\":\"\",\"potentialAction\":[{\"@type\":\"SearchAction\",\"target\":{\"@type\":\"EntryPoint\",\"urlTemplate\":\"https:\\\/\\\/secretofsamui.com\\\/fr\\\/?s={search_term_string}\"},\"query-input\":{\"@type\":\"PropertyValueSpecification\",\"valueRequired\":true,\"valueName\":\"search_term_string\"}}],\"inLanguage\":\"fr-FR\"}]}<\/script>\n<!-- \/ Yoast SEO plugin. -->","yoast_head_json":{"title":"Gel d'aloe vera - Secret of Samui - Natural and Homemade cosmestic","description":"Une formule de gel naturel contenant 200 fois plus d'extrait d'aloe vera concentr\u00e9, repr\u00e9sentant 99,5% de la formule.","robots":{"index":"index","follow":"follow","max-snippet":"max-snippet:-1","max-image-preview":"max-image-preview:large","max-video-preview":"max-video-preview:-1"},"canonical":"https:\/\/secretofsamui.com\/fr\/produit\/gel-daloe-vera\/","og_locale":"fr_FR","og_type":"article","og_title":"Gel d'aloe vera - Secret of Samui - Natural and Homemade cosmestic","og_description":"Une formule de gel naturel contenant 200 fois plus d'extrait d'aloe vera concentr\u00e9, repr\u00e9sentant 99,5% de la formule.","og_url":"https:\/\/secretofsamui.com\/fr\/produit\/gel-daloe-vera\/","og_site_name":"Secret of Samui - Natural and Homemade cosmestic","article_modified_time":"2024-12-11T06:49:10+00:00","og_image":[{"width":751,"height":751,"url":"https:\/\/secretofsamui.com\/wp-content\/uploads\/2024\/07\/4e9218_1f2d80438ddc43978a5ee05acb8b7620mv2.jpg","type":"image\/jpeg"}],"twitter_card":"summary_large_image","schema":{"@context":"https:\/\/schema.org","@graph":[{"@type":"WebPage","@id":"https:\/\/secretofsamui.com\/fr\/produit\/gel-daloe-vera\/","url":"https:\/\/secretofsamui.com\/fr\/produit\/gel-daloe-vera\/","name":"Gel d'aloe vera - Secret of Samui - Natural and Homemade cosmestic","isPartOf":{"@id":"https:\/\/secretofsamui.com\/fr\/#website"},"primaryImageOfPage":{"@id":"https:\/\/secretofsamui.com\/fr\/produit\/gel-daloe-vera\/#primaryimage"},"image":{"@id":"https:\/\/secretofsamui.com\/fr\/produit\/gel-daloe-vera\/#primaryimage"},"thumbnailUrl":"https:\/\/secretofsamui.com\/wp-content\/uploads\/2024\/07\/4e9218_1f2d80438ddc43978a5ee05acb8b7620mv2.jpg","datePublished":"2024-07-17T02:27:47+00:00","dateModified":"2024-12-11T06:49:10+00:00","description":"Une formule de gel naturel contenant 200 fois plus d'extrait d'aloe vera concentr\u00e9, repr\u00e9sentant 99,5% de la formule.","breadcrumb":{"@id":"https:\/\/secretofsamui.com\/fr\/produit\/gel-daloe-vera\/#breadcrumb"},"inLanguage":"fr-FR","potentialAction":[{"@type":"ReadAction","target":["https:\/\/secretofsamui.com\/fr\/produit\/gel-daloe-vera\/"]}]},{"@type":"ImageObject","inLanguage":"fr-FR","@id":"https:\/\/secretofsamui.com\/fr\/produit\/gel-daloe-vera\/#primaryimage","url":"https:\/\/secretofsamui.com\/wp-content\/uploads\/2024\/07\/4e9218_1f2d80438ddc43978a5ee05acb8b7620mv2.jpg","contentUrl":"https:\/\/secretofsamui.com\/wp-content\/uploads\/2024\/07\/4e9218_1f2d80438ddc43978a5ee05acb8b7620mv2.jpg","width":751,"height":751,"caption":"Aloe Vera Gel - Thai Flowers"},{"@type":"BreadcrumbList","@id":"https:\/\/secretofsamui.com\/fr\/produit\/gel-daloe-vera\/#breadcrumb","itemListElement":[{"@type":"ListItem","position":1,"name":"Home","item":"https:\/\/secretofsamui.com\/fr\/accueil\/"},{"@type":"ListItem","position":2,"name":"Boutique","item":"https:\/\/secretofsamui.com\/boutique\/"},{"@type":"ListItem","position":3,"name":"Gel d&#8217;aloe vera"}]},{"@type":"WebSite","@id":"https:\/\/secretofsamui.com\/fr\/#website","url":"https:\/\/secretofsamui.com\/fr\/","name":"Secret of Samui - Natural and Homemade cosmestic","description":"","potentialAction":[{"@type":"SearchAction","target":{"@type":"EntryPoint","urlTemplate":"https:\/\/secretofsamui.com\/fr\/?s={search_term_string}"},"query-input":{"@type":"PropertyValueSpecification","valueRequired":true,"valueName":"search_term_string"}}],"inLanguage":"fr-FR"}]}},"_links":{"self":[{"href":"https:\/\/secretofsamui.com\/fr\/wp-json\/wp\/v2\/product\/103138","targetHints":{"allow":["GET"]}}],"collection":[{"href":"https:\/\/secretofsamui.com\/fr\/wp-json\/wp\/v2\/product"}],"about":[{"href":"https:\/\/secretofsamui.com\/fr\/wp-json\/wp\/v2\/types\/product"}],"wp:featuredmedia":[{"embeddable":true,"href":"https:\/\/secretofsamui.com\/fr\/wp-json\/wp\/v2\/media\/102465"}],"wp:attachment":[{"href":"https:\/\/secretofsamui.com\/fr\/wp-json\/wp\/v2\/media?parent=103138"}],"wp:term":[{"taxonomy":"product_brand","embeddable":true,"href":"https:\/\/secretofsamui.com\/fr\/wp-json\/wp\/v2\/product_brand?post=103138"},{"taxonomy":"product_cat","embeddable":true,"href":"https:\/\/secretofsamui.com\/fr\/wp-json\/wp\/v2\/product_cat?post=103138"},{"taxonomy":"product_tag","embeddable":true,"href":"https:\/\/secretofsamui.com\/fr\/wp-json\/wp\/v2\/product_tag?post=103138"}],"curies":[{"name":"wp","href":"https:\/\/api.w.org\/{rel}","templated":true}]}}