{"id":103123,"date":"2024-07-17T02:27:45","date_gmt":"2024-07-17T02:27:45","guid":{"rendered":"https:\/\/secretofsamui.com\/product\/shampooing\/"},"modified":"2026-01-26T09:27:36","modified_gmt":"2026-01-26T02:27:36","slug":"shampooing","status":"publish","type":"product","link":"https:\/\/secretofsamui.com\/fr\/produit\/shampooing\/","title":{"rendered":"Shampooing"},"content":{"rendered":"<p>Ce shampooing aux ingr\u00e9dients naturels, dont 99,5 % d&rsquo;extrait d&rsquo;aloe vera, aide \u00e0 soulager la chaleur du soleil et \u00e0 r\u00e9duire les rougeurs et les irritations de la peau. La vitamine B5 agit comme un humectant ou retient l&rsquo;humidit\u00e9 des cheveux et la vitamine E aide \u00e0 prot\u00e9ger la peau et les cheveux gr\u00e2ce \u00e0 ses antioxydants. La prot\u00e9ine de bl\u00e9 est extraite pour hydrater la peau et les cheveux, ce qui constitue un facteur d&rsquo;hydratation naturelle (NMF).<\/p>\n<p>Sans SLS, sans parab\u00e8nes, sans benzoph\u00e9nones<\/p>\n","protected":false},"excerpt":{"rendered":"<p>Ce shampooing aux ingr\u00e9dients naturels, dont 99,5 % d&rsquo;extrait d&rsquo;aloe vera, aide \u00e0 soulager la chaleur du soleil et \u00e0 r\u00e9duire les rougeurs et les irritations de la peau.<\/p>\n<p>Versez le shampooing sur la paume. Appliquez uniform\u00e9ment sur les cheveux et rincez \u00e0 l&rsquo;eau claire.<\/p>\n","protected":false},"featured_media":102483,"template":"","meta":{"_acf_changed":false,"_et_pb_use_builder":"","_et_pb_old_content":"","_et_gb_content_width":""},"product_brand":[],"product_cat":[435,425],"product_tag":[],"class_list":{"0":"post-103123","1":"product","2":"type-product","3":"status-publish","4":"has-post-thumbnail","6":"product_cat-collection-coco","7":"product_cat-soin-des-cheveux","9":"first","10":"instock","11":"taxable","12":"shipping-taxable","13":"purchasable","14":"product-type-variable","15":"has-default-attributes"},"acf":[],"yoast_head":"<!-- This site is optimized with the Yoast SEO plugin v27.4 - https:\/\/yoast.com\/product\/yoast-seo-wordpress\/ -->\n<title>Shampooing - Secret of Samui - Natural and Homemade cosmestic<\/title>\n<meta name=\"description\" content=\"Shampooing aux ingr\u00e9dients naturels, dont 99,5 % d&#039;extrait d&#039;aloe vera, qui aide \u00e0 soulager la chaleur du soleil et \u00e0 r\u00e9duire les rougeurs et les irritations de la peau.\" \/>\n<meta name=\"robots\" content=\"index, follow, max-snippet:-1, max-image-preview:large, max-video-preview:-1\" \/>\n<link rel=\"canonical\" href=\"https:\/\/secretofsamui.com\/fr\/produit\/shampooing\/\" \/>\n<meta property=\"og:locale\" content=\"fr_FR\" \/>\n<meta property=\"og:type\" content=\"article\" \/>\n<meta property=\"og:title\" content=\"Shampooing - Secret of Samui - Natural and Homemade cosmestic\" \/>\n<meta property=\"og:description\" content=\"Shampooing aux ingr\u00e9dients naturels, dont 99,5 % d&#039;extrait d&#039;aloe vera, qui aide \u00e0 soulager la chaleur du soleil et \u00e0 r\u00e9duire les rougeurs et les irritations de la peau.\" \/>\n<meta property=\"og:url\" content=\"https:\/\/secretofsamui.com\/fr\/produit\/shampooing\/\" \/>\n<meta property=\"og:site_name\" content=\"Secret of Samui - Natural and Homemade cosmestic\" \/>\n<meta property=\"article:modified_time\" content=\"2026-01-26T02:27:36+00:00\" \/>\n<meta property=\"og:image\" content=\"https:\/\/secretofsamui.com\/wp-content\/uploads\/2024\/07\/4e9218_b8eacaf23efe4dbd88f2fca922679b49mv2.jpg\" \/>\n\t<meta property=\"og:image:width\" content=\"751\" \/>\n\t<meta property=\"og:image:height\" content=\"751\" \/>\n\t<meta property=\"og:image:type\" content=\"image\/jpeg\" \/>\n<meta name=\"twitter:card\" content=\"summary_large_image\" \/>\n<script type=\"application\/ld+json\" class=\"yoast-schema-graph\">{\"@context\":\"https:\\\/\\\/schema.org\",\"@graph\":[{\"@type\":\"WebPage\",\"@id\":\"https:\\\/\\\/secretofsamui.com\\\/fr\\\/produit\\\/shampooing\\\/\",\"url\":\"https:\\\/\\\/secretofsamui.com\\\/fr\\\/produit\\\/shampooing\\\/\",\"name\":\"Shampooing - Secret of Samui - Natural and Homemade cosmestic\",\"isPartOf\":{\"@id\":\"https:\\\/\\\/secretofsamui.com\\\/fr\\\/#website\"},\"primaryImageOfPage\":{\"@id\":\"https:\\\/\\\/secretofsamui.com\\\/fr\\\/produit\\\/shampooing\\\/#primaryimage\"},\"image\":{\"@id\":\"https:\\\/\\\/secretofsamui.com\\\/fr\\\/produit\\\/shampooing\\\/#primaryimage\"},\"thumbnailUrl\":\"https:\\\/\\\/secretofsamui.com\\\/wp-content\\\/uploads\\\/2024\\\/07\\\/4e9218_b8eacaf23efe4dbd88f2fca922679b49mv2.jpg\",\"datePublished\":\"2024-07-17T02:27:45+00:00\",\"dateModified\":\"2026-01-26T02:27:36+00:00\",\"description\":\"Shampooing aux ingr\u00e9dients naturels, dont 99,5 % d'extrait d'aloe vera, qui aide \u00e0 soulager la chaleur du soleil et \u00e0 r\u00e9duire les rougeurs et les irritations de la peau.\",\"breadcrumb\":{\"@id\":\"https:\\\/\\\/secretofsamui.com\\\/fr\\\/produit\\\/shampooing\\\/#breadcrumb\"},\"inLanguage\":\"fr-FR\",\"potentialAction\":[{\"@type\":\"ReadAction\",\"target\":[\"https:\\\/\\\/secretofsamui.com\\\/fr\\\/produit\\\/shampooing\\\/\"]}]},{\"@type\":\"ImageObject\",\"inLanguage\":\"fr-FR\",\"@id\":\"https:\\\/\\\/secretofsamui.com\\\/fr\\\/produit\\\/shampooing\\\/#primaryimage\",\"url\":\"https:\\\/\\\/secretofsamui.com\\\/wp-content\\\/uploads\\\/2024\\\/07\\\/4e9218_b8eacaf23efe4dbd88f2fca922679b49mv2.jpg\",\"contentUrl\":\"https:\\\/\\\/secretofsamui.com\\\/wp-content\\\/uploads\\\/2024\\\/07\\\/4e9218_b8eacaf23efe4dbd88f2fca922679b49mv2.jpg\",\"width\":751,\"height\":751,\"caption\":\"Shampooing 250ml - Fleurs tha\u00eflandaises\"},{\"@type\":\"BreadcrumbList\",\"@id\":\"https:\\\/\\\/secretofsamui.com\\\/fr\\\/produit\\\/shampooing\\\/#breadcrumb\",\"itemListElement\":[{\"@type\":\"ListItem\",\"position\":1,\"name\":\"Home\",\"item\":\"https:\\\/\\\/secretofsamui.com\\\/fr\\\/accueil\\\/\"},{\"@type\":\"ListItem\",\"position\":2,\"name\":\"Boutique\",\"item\":\"https:\\\/\\\/secretofsamui.com\\\/boutique\\\/\"},{\"@type\":\"ListItem\",\"position\":3,\"name\":\"Shampooing\"}]},{\"@type\":\"WebSite\",\"@id\":\"https:\\\/\\\/secretofsamui.com\\\/fr\\\/#website\",\"url\":\"https:\\\/\\\/secretofsamui.com\\\/fr\\\/\",\"name\":\"Secret of Samui - Natural and Homemade cosmestic\",\"description\":\"\",\"potentialAction\":[{\"@type\":\"SearchAction\",\"target\":{\"@type\":\"EntryPoint\",\"urlTemplate\":\"https:\\\/\\\/secretofsamui.com\\\/fr\\\/?s={search_term_string}\"},\"query-input\":{\"@type\":\"PropertyValueSpecification\",\"valueRequired\":true,\"valueName\":\"search_term_string\"}}],\"inLanguage\":\"fr-FR\"}]}<\/script>\n<!-- \/ Yoast SEO plugin. -->","yoast_head_json":{"title":"Shampooing - Secret of Samui - Natural and Homemade cosmestic","description":"Shampooing aux ingr\u00e9dients naturels, dont 99,5 % d'extrait d'aloe vera, qui aide \u00e0 soulager la chaleur du soleil et \u00e0 r\u00e9duire les rougeurs et les irritations de la peau.","robots":{"index":"index","follow":"follow","max-snippet":"max-snippet:-1","max-image-preview":"max-image-preview:large","max-video-preview":"max-video-preview:-1"},"canonical":"https:\/\/secretofsamui.com\/fr\/produit\/shampooing\/","og_locale":"fr_FR","og_type":"article","og_title":"Shampooing - Secret of Samui - Natural and Homemade cosmestic","og_description":"Shampooing aux ingr\u00e9dients naturels, dont 99,5 % d'extrait d'aloe vera, qui aide \u00e0 soulager la chaleur du soleil et \u00e0 r\u00e9duire les rougeurs et les irritations de la peau.","og_url":"https:\/\/secretofsamui.com\/fr\/produit\/shampooing\/","og_site_name":"Secret of Samui - Natural and Homemade cosmestic","article_modified_time":"2026-01-26T02:27:36+00:00","og_image":[{"width":751,"height":751,"url":"https:\/\/secretofsamui.com\/wp-content\/uploads\/2024\/07\/4e9218_b8eacaf23efe4dbd88f2fca922679b49mv2.jpg","type":"image\/jpeg"}],"twitter_card":"summary_large_image","schema":{"@context":"https:\/\/schema.org","@graph":[{"@type":"WebPage","@id":"https:\/\/secretofsamui.com\/fr\/produit\/shampooing\/","url":"https:\/\/secretofsamui.com\/fr\/produit\/shampooing\/","name":"Shampooing - Secret of Samui - Natural and Homemade cosmestic","isPartOf":{"@id":"https:\/\/secretofsamui.com\/fr\/#website"},"primaryImageOfPage":{"@id":"https:\/\/secretofsamui.com\/fr\/produit\/shampooing\/#primaryimage"},"image":{"@id":"https:\/\/secretofsamui.com\/fr\/produit\/shampooing\/#primaryimage"},"thumbnailUrl":"https:\/\/secretofsamui.com\/wp-content\/uploads\/2024\/07\/4e9218_b8eacaf23efe4dbd88f2fca922679b49mv2.jpg","datePublished":"2024-07-17T02:27:45+00:00","dateModified":"2026-01-26T02:27:36+00:00","description":"Shampooing aux ingr\u00e9dients naturels, dont 99,5 % d'extrait d'aloe vera, qui aide \u00e0 soulager la chaleur du soleil et \u00e0 r\u00e9duire les rougeurs et les irritations de la peau.","breadcrumb":{"@id":"https:\/\/secretofsamui.com\/fr\/produit\/shampooing\/#breadcrumb"},"inLanguage":"fr-FR","potentialAction":[{"@type":"ReadAction","target":["https:\/\/secretofsamui.com\/fr\/produit\/shampooing\/"]}]},{"@type":"ImageObject","inLanguage":"fr-FR","@id":"https:\/\/secretofsamui.com\/fr\/produit\/shampooing\/#primaryimage","url":"https:\/\/secretofsamui.com\/wp-content\/uploads\/2024\/07\/4e9218_b8eacaf23efe4dbd88f2fca922679b49mv2.jpg","contentUrl":"https:\/\/secretofsamui.com\/wp-content\/uploads\/2024\/07\/4e9218_b8eacaf23efe4dbd88f2fca922679b49mv2.jpg","width":751,"height":751,"caption":"Shampooing 250ml - Fleurs tha\u00eflandaises"},{"@type":"BreadcrumbList","@id":"https:\/\/secretofsamui.com\/fr\/produit\/shampooing\/#breadcrumb","itemListElement":[{"@type":"ListItem","position":1,"name":"Home","item":"https:\/\/secretofsamui.com\/fr\/accueil\/"},{"@type":"ListItem","position":2,"name":"Boutique","item":"https:\/\/secretofsamui.com\/boutique\/"},{"@type":"ListItem","position":3,"name":"Shampooing"}]},{"@type":"WebSite","@id":"https:\/\/secretofsamui.com\/fr\/#website","url":"https:\/\/secretofsamui.com\/fr\/","name":"Secret of Samui - Natural and Homemade cosmestic","description":"","potentialAction":[{"@type":"SearchAction","target":{"@type":"EntryPoint","urlTemplate":"https:\/\/secretofsamui.com\/fr\/?s={search_term_string}"},"query-input":{"@type":"PropertyValueSpecification","valueRequired":true,"valueName":"search_term_string"}}],"inLanguage":"fr-FR"}]}},"_links":{"self":[{"href":"https:\/\/secretofsamui.com\/fr\/wp-json\/wp\/v2\/product\/103123","targetHints":{"allow":["GET"]}}],"collection":[{"href":"https:\/\/secretofsamui.com\/fr\/wp-json\/wp\/v2\/product"}],"about":[{"href":"https:\/\/secretofsamui.com\/fr\/wp-json\/wp\/v2\/types\/product"}],"wp:featuredmedia":[{"embeddable":true,"href":"https:\/\/secretofsamui.com\/fr\/wp-json\/wp\/v2\/media\/102483"}],"wp:attachment":[{"href":"https:\/\/secretofsamui.com\/fr\/wp-json\/wp\/v2\/media?parent=103123"}],"wp:term":[{"taxonomy":"product_brand","embeddable":true,"href":"https:\/\/secretofsamui.com\/fr\/wp-json\/wp\/v2\/product_brand?post=103123"},{"taxonomy":"product_cat","embeddable":true,"href":"https:\/\/secretofsamui.com\/fr\/wp-json\/wp\/v2\/product_cat?post=103123"},{"taxonomy":"product_tag","embeddable":true,"href":"https:\/\/secretofsamui.com\/fr\/wp-json\/wp\/v2\/product_tag?post=103123"}],"curies":[{"name":"wp","href":"https:\/\/api.w.org\/{rel}","templated":true}]}}