{"id":103122,"date":"2024-07-17T02:27:48","date_gmt":"2024-07-17T02:27:48","guid":{"rendered":"https:\/\/secretofsamui.com\/product\/le-secret-de-paris\/"},"modified":"2024-11-13T12:28:14","modified_gmt":"2024-11-13T12:28:14","slug":"le-secret-de-paris","status":"publish","type":"product","link":"https:\/\/secretofsamui.com\/fr\/produit\/le-secret-de-paris\/","title":{"rendered":"Secret of Paris"},"content":{"rendered":"<p><strong>Eau de toilette &#8211; Vaporisateur Spray.<\/strong><br \/>\n\u00c9labor\u00e9 par un parfumeur fran\u00e7ais et soigneusement pr\u00e9par\u00e9 en Tha\u00eflande, ce parfum est sp\u00e9cialement con\u00e7u pour la femme asiatique moderne et dynamique. Cette Eau de Toilette s&rsquo;adapte \u00e0 tous les moments de la journ\u00e9e : le matin au bureau, l&rsquo;apr\u00e8s-midi pour un cocktail ou en soir\u00e9e pour un d\u00eener entre amis. Un cadeau parfait pour c\u00e9l\u00e9brer No\u00ebl avec \u00e9l\u00e9gance. <\/p>\n","protected":false},"excerpt":{"rendered":"<p><strong>Eau de toilette &#8211; Vaporisateur Spray.<\/strong><br \/>\n\u00c9labor\u00e9 par un parfumeur fran\u00e7ais et soigneusement pr\u00e9par\u00e9 en Tha\u00eflande, ce parfum est sp\u00e9cialement con\u00e7u pour la femme asiatique moderne et dynamique. Cette Eau de Toilette s&rsquo;adapte \u00e0 tous les moments de la journ\u00e9e : le matin au bureau, l&rsquo;apr\u00e8s-midi pour un cocktail ou en soir\u00e9e pour un d\u00eener entre amis. Un cadeau parfait pour c\u00e9l\u00e9brer No\u00ebl avec \u00e9l\u00e9gance. <\/p>\n","protected":false},"featured_media":102637,"template":"","meta":{"_acf_changed":false,"_et_pb_use_builder":"off","_et_pb_old_content":"<strong>Eau de toilette - Vaporisateur Spray.<\/strong>\n\u00c9labor\u00e9 par un parfumeur fran\u00e7ais et soigneusement pr\u00e9par\u00e9 en Tha\u00eflande, ce parfum est sp\u00e9cialement con\u00e7u pour la femme asiatique moderne et dynamique. Cette Eau de Toilette s'adapte \u00e0 tous les moments de la journ\u00e9e : le matin au bureau, l'apr\u00e8s-midi pour un cocktail ou en soir\u00e9e pour un d\u00eener entre amis. Un cadeau parfait pour c\u00e9l\u00e9brer No\u00ebl avec \u00e9l\u00e9gance. \n\n\n\n","_et_gb_content_width":""},"product_brand":[],"product_cat":[428],"product_tag":[464],"class_list":{"0":"post-103122","1":"product","2":"type-product","3":"status-publish","4":"has-post-thumbnail","6":"product_cat-parfum","7":"product_tag-pas-de-fda","9":"first","10":"instock","11":"taxable","12":"shipping-taxable","13":"purchasable","14":"product-type-variable","15":"has-default-attributes"},"acf":[],"yoast_head":"<!-- This site is optimized with the Yoast SEO plugin v27.2 - https:\/\/yoast.com\/product\/yoast-seo-wordpress\/ -->\n<title>Secret of Paris - Secret of Samui - Natural and Homemade cosmestic<\/title>\n<meta name=\"description\" content=\"Ce parfum, cr\u00e9\u00e9 par un parfumeur fran\u00e7ais, a \u00e9t\u00e9 import\u00e9 et trait\u00e9 en Tha\u00eflande sp\u00e9cialement pour le march\u00e9 f\u00e9minin asiatique.\" \/>\n<meta name=\"robots\" content=\"index, follow, max-snippet:-1, max-image-preview:large, max-video-preview:-1\" \/>\n<link rel=\"canonical\" href=\"https:\/\/secretofsamui.com\/fr\/produit\/le-secret-de-paris\/\" \/>\n<meta property=\"og:locale\" content=\"fr_FR\" \/>\n<meta property=\"og:type\" content=\"article\" \/>\n<meta property=\"og:title\" content=\"Secret of Paris - Secret of Samui - Natural and Homemade cosmestic\" \/>\n<meta property=\"og:description\" content=\"Ce parfum, cr\u00e9\u00e9 par un parfumeur fran\u00e7ais, a \u00e9t\u00e9 import\u00e9 et trait\u00e9 en Tha\u00eflande sp\u00e9cialement pour le march\u00e9 f\u00e9minin asiatique.\" \/>\n<meta property=\"og:url\" content=\"https:\/\/secretofsamui.com\/fr\/produit\/le-secret-de-paris\/\" \/>\n<meta property=\"og:site_name\" content=\"Secret of Samui - Natural and Homemade cosmestic\" \/>\n<meta property=\"article:modified_time\" content=\"2024-11-13T12:28:14+00:00\" \/>\n<meta property=\"og:image\" content=\"https:\/\/secretofsamui.com\/wp-content\/uploads\/2024\/07\/4e9218_731648bf0e6e4497a632f15cc20d6954mv2.jpg\" \/>\n\t<meta property=\"og:image:width\" content=\"751\" \/>\n\t<meta property=\"og:image:height\" content=\"751\" \/>\n\t<meta property=\"og:image:type\" content=\"image\/jpeg\" \/>\n<meta name=\"twitter:card\" content=\"summary_large_image\" \/>\n<script type=\"application\/ld+json\" class=\"yoast-schema-graph\">{\"@context\":\"https:\/\/schema.org\",\"@graph\":[{\"@type\":\"WebPage\",\"@id\":\"https:\/\/secretofsamui.com\/fr\/produit\/le-secret-de-paris\/\",\"url\":\"https:\/\/secretofsamui.com\/fr\/produit\/le-secret-de-paris\/\",\"name\":\"Secret of Paris - Secret of Samui - Natural and Homemade cosmestic\",\"isPartOf\":{\"@id\":\"https:\/\/secretofsamui.com\/fr\/#website\"},\"primaryImageOfPage\":{\"@id\":\"https:\/\/secretofsamui.com\/fr\/produit\/le-secret-de-paris\/#primaryimage\"},\"image\":{\"@id\":\"https:\/\/secretofsamui.com\/fr\/produit\/le-secret-de-paris\/#primaryimage\"},\"thumbnailUrl\":\"https:\/\/secretofsamui.com\/wp-content\/uploads\/2024\/07\/4e9218_731648bf0e6e4497a632f15cc20d6954mv2.jpg\",\"datePublished\":\"2024-07-17T02:27:48+00:00\",\"dateModified\":\"2024-11-13T12:28:14+00:00\",\"description\":\"Ce parfum, cr\u00e9\u00e9 par un parfumeur fran\u00e7ais, a \u00e9t\u00e9 import\u00e9 et trait\u00e9 en Tha\u00eflande sp\u00e9cialement pour le march\u00e9 f\u00e9minin asiatique.\",\"breadcrumb\":{\"@id\":\"https:\/\/secretofsamui.com\/fr\/produit\/le-secret-de-paris\/#breadcrumb\"},\"inLanguage\":\"fr-FR\",\"potentialAction\":[{\"@type\":\"ReadAction\",\"target\":[\"https:\/\/secretofsamui.com\/fr\/produit\/le-secret-de-paris\/\"]}]},{\"@type\":\"ImageObject\",\"inLanguage\":\"fr-FR\",\"@id\":\"https:\/\/secretofsamui.com\/fr\/produit\/le-secret-de-paris\/#primaryimage\",\"url\":\"https:\/\/secretofsamui.com\/wp-content\/uploads\/2024\/07\/4e9218_731648bf0e6e4497a632f15cc20d6954mv2.jpg\",\"contentUrl\":\"https:\/\/secretofsamui.com\/wp-content\/uploads\/2024\/07\/4e9218_731648bf0e6e4497a632f15cc20d6954mv2.jpg\",\"width\":751,\"height\":751,\"caption\":\"Perfume Secret of Paris\"},{\"@type\":\"BreadcrumbList\",\"@id\":\"https:\/\/secretofsamui.com\/fr\/produit\/le-secret-de-paris\/#breadcrumb\",\"itemListElement\":[{\"@type\":\"ListItem\",\"position\":1,\"name\":\"Home\",\"item\":\"https:\/\/secretofsamui.com\/fr\/accueil\/\"},{\"@type\":\"ListItem\",\"position\":2,\"name\":\"Boutique\",\"item\":\"https:\/\/secretofsamui.com\/boutique\/\"},{\"@type\":\"ListItem\",\"position\":3,\"name\":\"Secret of Paris\"}]},{\"@type\":\"WebSite\",\"@id\":\"https:\/\/secretofsamui.com\/fr\/#website\",\"url\":\"https:\/\/secretofsamui.com\/fr\/\",\"name\":\"Secret of Samui - Natural and Homemade cosmestic\",\"description\":\"\",\"potentialAction\":[{\"@type\":\"SearchAction\",\"target\":{\"@type\":\"EntryPoint\",\"urlTemplate\":\"https:\/\/secretofsamui.com\/fr\/?s={search_term_string}\"},\"query-input\":{\"@type\":\"PropertyValueSpecification\",\"valueRequired\":true,\"valueName\":\"search_term_string\"}}],\"inLanguage\":\"fr-FR\"}]}<\/script>\n<!-- \/ Yoast SEO plugin. -->","yoast_head_json":{"title":"Secret of Paris - Secret of Samui - Natural and Homemade cosmestic","description":"Ce parfum, cr\u00e9\u00e9 par un parfumeur fran\u00e7ais, a \u00e9t\u00e9 import\u00e9 et trait\u00e9 en Tha\u00eflande sp\u00e9cialement pour le march\u00e9 f\u00e9minin asiatique.","robots":{"index":"index","follow":"follow","max-snippet":"max-snippet:-1","max-image-preview":"max-image-preview:large","max-video-preview":"max-video-preview:-1"},"canonical":"https:\/\/secretofsamui.com\/fr\/produit\/le-secret-de-paris\/","og_locale":"fr_FR","og_type":"article","og_title":"Secret of Paris - Secret of Samui - Natural and Homemade cosmestic","og_description":"Ce parfum, cr\u00e9\u00e9 par un parfumeur fran\u00e7ais, a \u00e9t\u00e9 import\u00e9 et trait\u00e9 en Tha\u00eflande sp\u00e9cialement pour le march\u00e9 f\u00e9minin asiatique.","og_url":"https:\/\/secretofsamui.com\/fr\/produit\/le-secret-de-paris\/","og_site_name":"Secret of Samui - Natural and Homemade cosmestic","article_modified_time":"2024-11-13T12:28:14+00:00","og_image":[{"width":751,"height":751,"url":"https:\/\/secretofsamui.com\/wp-content\/uploads\/2024\/07\/4e9218_731648bf0e6e4497a632f15cc20d6954mv2.jpg","type":"image\/jpeg"}],"twitter_card":"summary_large_image","schema":{"@context":"https:\/\/schema.org","@graph":[{"@type":"WebPage","@id":"https:\/\/secretofsamui.com\/fr\/produit\/le-secret-de-paris\/","url":"https:\/\/secretofsamui.com\/fr\/produit\/le-secret-de-paris\/","name":"Secret of Paris - Secret of Samui - Natural and Homemade cosmestic","isPartOf":{"@id":"https:\/\/secretofsamui.com\/fr\/#website"},"primaryImageOfPage":{"@id":"https:\/\/secretofsamui.com\/fr\/produit\/le-secret-de-paris\/#primaryimage"},"image":{"@id":"https:\/\/secretofsamui.com\/fr\/produit\/le-secret-de-paris\/#primaryimage"},"thumbnailUrl":"https:\/\/secretofsamui.com\/wp-content\/uploads\/2024\/07\/4e9218_731648bf0e6e4497a632f15cc20d6954mv2.jpg","datePublished":"2024-07-17T02:27:48+00:00","dateModified":"2024-11-13T12:28:14+00:00","description":"Ce parfum, cr\u00e9\u00e9 par un parfumeur fran\u00e7ais, a \u00e9t\u00e9 import\u00e9 et trait\u00e9 en Tha\u00eflande sp\u00e9cialement pour le march\u00e9 f\u00e9minin asiatique.","breadcrumb":{"@id":"https:\/\/secretofsamui.com\/fr\/produit\/le-secret-de-paris\/#breadcrumb"},"inLanguage":"fr-FR","potentialAction":[{"@type":"ReadAction","target":["https:\/\/secretofsamui.com\/fr\/produit\/le-secret-de-paris\/"]}]},{"@type":"ImageObject","inLanguage":"fr-FR","@id":"https:\/\/secretofsamui.com\/fr\/produit\/le-secret-de-paris\/#primaryimage","url":"https:\/\/secretofsamui.com\/wp-content\/uploads\/2024\/07\/4e9218_731648bf0e6e4497a632f15cc20d6954mv2.jpg","contentUrl":"https:\/\/secretofsamui.com\/wp-content\/uploads\/2024\/07\/4e9218_731648bf0e6e4497a632f15cc20d6954mv2.jpg","width":751,"height":751,"caption":"Perfume Secret of Paris"},{"@type":"BreadcrumbList","@id":"https:\/\/secretofsamui.com\/fr\/produit\/le-secret-de-paris\/#breadcrumb","itemListElement":[{"@type":"ListItem","position":1,"name":"Home","item":"https:\/\/secretofsamui.com\/fr\/accueil\/"},{"@type":"ListItem","position":2,"name":"Boutique","item":"https:\/\/secretofsamui.com\/boutique\/"},{"@type":"ListItem","position":3,"name":"Secret of Paris"}]},{"@type":"WebSite","@id":"https:\/\/secretofsamui.com\/fr\/#website","url":"https:\/\/secretofsamui.com\/fr\/","name":"Secret of Samui - Natural and Homemade cosmestic","description":"","potentialAction":[{"@type":"SearchAction","target":{"@type":"EntryPoint","urlTemplate":"https:\/\/secretofsamui.com\/fr\/?s={search_term_string}"},"query-input":{"@type":"PropertyValueSpecification","valueRequired":true,"valueName":"search_term_string"}}],"inLanguage":"fr-FR"}]}},"_links":{"self":[{"href":"https:\/\/secretofsamui.com\/fr\/wp-json\/wp\/v2\/product\/103122","targetHints":{"allow":["GET"]}}],"collection":[{"href":"https:\/\/secretofsamui.com\/fr\/wp-json\/wp\/v2\/product"}],"about":[{"href":"https:\/\/secretofsamui.com\/fr\/wp-json\/wp\/v2\/types\/product"}],"wp:featuredmedia":[{"embeddable":true,"href":"https:\/\/secretofsamui.com\/fr\/wp-json\/wp\/v2\/media\/102637"}],"wp:attachment":[{"href":"https:\/\/secretofsamui.com\/fr\/wp-json\/wp\/v2\/media?parent=103122"}],"wp:term":[{"taxonomy":"product_brand","embeddable":true,"href":"https:\/\/secretofsamui.com\/fr\/wp-json\/wp\/v2\/product_brand?post=103122"},{"taxonomy":"product_cat","embeddable":true,"href":"https:\/\/secretofsamui.com\/fr\/wp-json\/wp\/v2\/product_cat?post=103122"},{"taxonomy":"product_tag","embeddable":true,"href":"https:\/\/secretofsamui.com\/fr\/wp-json\/wp\/v2\/product_tag?post=103122"}],"curies":[{"name":"wp","href":"https:\/\/api.w.org\/{rel}","templated":true}]}}