{"id":103113,"date":"2024-07-17T02:27:48","date_gmt":"2024-07-17T02:27:48","guid":{"rendered":"https:\/\/secretofsamui.com\/product\/salle-aromatique\/"},"modified":"2024-12-11T06:53:35","modified_gmt":"2024-12-11T06:53:35","slug":"salle-aromatique","status":"publish","type":"product","link":"https:\/\/secretofsamui.com\/fr\/produit\/salle-aromatique\/","title":{"rendered":"D\u00e9sodorisant Naturel"},"content":{"rendered":"<p>D\u00e9sodorisant 100 % naturel de qualit\u00e9 sup\u00e9rieure, sans danger pour le corps, qui apporte une sensation de fra\u00eecheur et de d\u00e9tente. Id\u00e9al pour parfumer la chambre, les autres pi\u00e8ces de la maison, le bureau ou m\u00eame votre espace spa. Vous pouvez \u00e9galement le diluer dans de l&rsquo;eau propre : imbibez un mouchoir d&rsquo;eau et placez-le au r\u00e9frig\u00e9rateur pour un effet frais, ou chauffez-le au micro-ondes pour un accueil chaleureux des invit\u00e9s. Il aide \u00e0 purifier l&rsquo;air conditionn\u00e9, le laissant propre et exempt d&rsquo;odeurs d&rsquo;humidit\u00e9. \u00c9vitez le contact avec les yeux.  <\/p>\n","protected":false},"excerpt":{"rendered":"<p>Vaporisez dans la pi\u00e8ce pour une ambiance fra\u00eeche et relaxante. Ce d\u00e9sodorisant 100 % naturel de qualit\u00e9 sup\u00e9rieure est sans danger pour le corps, id\u00e9al pour parfumer agr\u00e9ablement la chambre, les autres pi\u00e8ces de la maison, le bureau, ou m\u00eame votre espace spa avec une touche naturelle.<\/p>\n","protected":false},"featured_media":102472,"template":"","meta":{"_acf_changed":false,"_et_pb_use_builder":"","_et_pb_old_content":"","_et_gb_content_width":""},"product_brand":[],"product_cat":[440],"product_tag":[464],"class_list":{"0":"post-103113","1":"product","2":"type-product","3":"status-publish","4":"has-post-thumbnail","6":"product_cat-parfums-dinterieur","7":"product_tag-pas-de-fda","9":"first","10":"instock","11":"taxable","12":"shipping-taxable","13":"purchasable","14":"product-type-variable","15":"has-default-attributes"},"acf":[],"yoast_head":"<!-- This site is optimized with the Yoast SEO plugin v27.4 - https:\/\/yoast.com\/product\/yoast-seo-wordpress\/ -->\n<title>D\u00e9sodorisant Naturel - Secret of Samui - Natural and Homemade cosmestic<\/title>\n<meta name=\"description\" content=\"D\u00e9sodorisants 100 % naturels de qualit\u00e9 sup\u00e9rieure, sans danger pour le corps. Ils cr\u00e9ent une ambiance apaisante et parfument agr\u00e9ablement la chambre ou toute autre pi\u00e8ce de la maison.\" \/>\n<meta name=\"robots\" content=\"index, follow, max-snippet:-1, max-image-preview:large, max-video-preview:-1\" \/>\n<link rel=\"canonical\" href=\"https:\/\/secretofsamui.com\/fr\/produit\/salle-aromatique\/\" \/>\n<meta property=\"og:locale\" content=\"fr_FR\" \/>\n<meta property=\"og:type\" content=\"article\" \/>\n<meta property=\"og:title\" content=\"D\u00e9sodorisant Naturel - Secret of Samui - Natural and Homemade cosmestic\" \/>\n<meta property=\"og:description\" content=\"D\u00e9sodorisants 100 % naturels de qualit\u00e9 sup\u00e9rieure, sans danger pour le corps. Ils cr\u00e9ent une ambiance apaisante et parfument agr\u00e9ablement la chambre ou toute autre pi\u00e8ce de la maison.\" \/>\n<meta property=\"og:url\" content=\"https:\/\/secretofsamui.com\/fr\/produit\/salle-aromatique\/\" \/>\n<meta property=\"og:site_name\" content=\"Secret of Samui - Natural and Homemade cosmestic\" \/>\n<meta property=\"article:modified_time\" content=\"2024-12-11T06:53:35+00:00\" \/>\n<meta property=\"og:image\" content=\"https:\/\/secretofsamui.com\/wp-content\/uploads\/2024\/07\/4e9218_b0c8853376924904afb6700e1a37fd50mv2.jpg\" \/>\n\t<meta property=\"og:image:width\" content=\"751\" \/>\n\t<meta property=\"og:image:height\" content=\"751\" \/>\n\t<meta property=\"og:image:type\" content=\"image\/jpeg\" \/>\n<meta name=\"twitter:card\" content=\"summary_large_image\" \/>\n<script type=\"application\/ld+json\" class=\"yoast-schema-graph\">{\"@context\":\"https:\\\/\\\/schema.org\",\"@graph\":[{\"@type\":\"WebPage\",\"@id\":\"https:\\\/\\\/secretofsamui.com\\\/fr\\\/produit\\\/salle-aromatique\\\/\",\"url\":\"https:\\\/\\\/secretofsamui.com\\\/fr\\\/produit\\\/salle-aromatique\\\/\",\"name\":\"D\u00e9sodorisant Naturel - Secret of Samui - Natural and Homemade cosmestic\",\"isPartOf\":{\"@id\":\"https:\\\/\\\/secretofsamui.com\\\/fr\\\/#website\"},\"primaryImageOfPage\":{\"@id\":\"https:\\\/\\\/secretofsamui.com\\\/fr\\\/produit\\\/salle-aromatique\\\/#primaryimage\"},\"image\":{\"@id\":\"https:\\\/\\\/secretofsamui.com\\\/fr\\\/produit\\\/salle-aromatique\\\/#primaryimage\"},\"thumbnailUrl\":\"https:\\\/\\\/secretofsamui.com\\\/wp-content\\\/uploads\\\/2024\\\/07\\\/4e9218_b0c8853376924904afb6700e1a37fd50mv2.jpg\",\"datePublished\":\"2024-07-17T02:27:48+00:00\",\"dateModified\":\"2024-12-11T06:53:35+00:00\",\"description\":\"D\u00e9sodorisants 100 % naturels de qualit\u00e9 sup\u00e9rieure, sans danger pour le corps. Ils cr\u00e9ent une ambiance apaisante et parfument agr\u00e9ablement la chambre ou toute autre pi\u00e8ce de la maison.\",\"breadcrumb\":{\"@id\":\"https:\\\/\\\/secretofsamui.com\\\/fr\\\/produit\\\/salle-aromatique\\\/#breadcrumb\"},\"inLanguage\":\"fr-FR\",\"potentialAction\":[{\"@type\":\"ReadAction\",\"target\":[\"https:\\\/\\\/secretofsamui.com\\\/fr\\\/produit\\\/salle-aromatique\\\/\"]}]},{\"@type\":\"ImageObject\",\"inLanguage\":\"fr-FR\",\"@id\":\"https:\\\/\\\/secretofsamui.com\\\/fr\\\/produit\\\/salle-aromatique\\\/#primaryimage\",\"url\":\"https:\\\/\\\/secretofsamui.com\\\/wp-content\\\/uploads\\\/2024\\\/07\\\/4e9218_b0c8853376924904afb6700e1a37fd50mv2.jpg\",\"contentUrl\":\"https:\\\/\\\/secretofsamui.com\\\/wp-content\\\/uploads\\\/2024\\\/07\\\/4e9218_b0c8853376924904afb6700e1a37fd50mv2.jpg\",\"width\":751,\"height\":751,\"caption\":\"Aroma Room - Leelawadee\"},{\"@type\":\"BreadcrumbList\",\"@id\":\"https:\\\/\\\/secretofsamui.com\\\/fr\\\/produit\\\/salle-aromatique\\\/#breadcrumb\",\"itemListElement\":[{\"@type\":\"ListItem\",\"position\":1,\"name\":\"Home\",\"item\":\"https:\\\/\\\/secretofsamui.com\\\/fr\\\/accueil\\\/\"},{\"@type\":\"ListItem\",\"position\":2,\"name\":\"Boutique\",\"item\":\"https:\\\/\\\/secretofsamui.com\\\/boutique\\\/\"},{\"@type\":\"ListItem\",\"position\":3,\"name\":\"D\u00e9sodorisant Naturel\"}]},{\"@type\":\"WebSite\",\"@id\":\"https:\\\/\\\/secretofsamui.com\\\/fr\\\/#website\",\"url\":\"https:\\\/\\\/secretofsamui.com\\\/fr\\\/\",\"name\":\"Secret of Samui - Natural and Homemade cosmestic\",\"description\":\"\",\"potentialAction\":[{\"@type\":\"SearchAction\",\"target\":{\"@type\":\"EntryPoint\",\"urlTemplate\":\"https:\\\/\\\/secretofsamui.com\\\/fr\\\/?s={search_term_string}\"},\"query-input\":{\"@type\":\"PropertyValueSpecification\",\"valueRequired\":true,\"valueName\":\"search_term_string\"}}],\"inLanguage\":\"fr-FR\"}]}<\/script>\n<!-- \/ Yoast SEO plugin. -->","yoast_head_json":{"title":"D\u00e9sodorisant Naturel - Secret of Samui - Natural and Homemade cosmestic","description":"D\u00e9sodorisants 100 % naturels de qualit\u00e9 sup\u00e9rieure, sans danger pour le corps. Ils cr\u00e9ent une ambiance apaisante et parfument agr\u00e9ablement la chambre ou toute autre pi\u00e8ce de la maison.","robots":{"index":"index","follow":"follow","max-snippet":"max-snippet:-1","max-image-preview":"max-image-preview:large","max-video-preview":"max-video-preview:-1"},"canonical":"https:\/\/secretofsamui.com\/fr\/produit\/salle-aromatique\/","og_locale":"fr_FR","og_type":"article","og_title":"D\u00e9sodorisant Naturel - Secret of Samui - Natural and Homemade cosmestic","og_description":"D\u00e9sodorisants 100 % naturels de qualit\u00e9 sup\u00e9rieure, sans danger pour le corps. Ils cr\u00e9ent une ambiance apaisante et parfument agr\u00e9ablement la chambre ou toute autre pi\u00e8ce de la maison.","og_url":"https:\/\/secretofsamui.com\/fr\/produit\/salle-aromatique\/","og_site_name":"Secret of Samui - Natural and Homemade cosmestic","article_modified_time":"2024-12-11T06:53:35+00:00","og_image":[{"width":751,"height":751,"url":"https:\/\/secretofsamui.com\/wp-content\/uploads\/2024\/07\/4e9218_b0c8853376924904afb6700e1a37fd50mv2.jpg","type":"image\/jpeg"}],"twitter_card":"summary_large_image","schema":{"@context":"https:\/\/schema.org","@graph":[{"@type":"WebPage","@id":"https:\/\/secretofsamui.com\/fr\/produit\/salle-aromatique\/","url":"https:\/\/secretofsamui.com\/fr\/produit\/salle-aromatique\/","name":"D\u00e9sodorisant Naturel - Secret of Samui - Natural and Homemade cosmestic","isPartOf":{"@id":"https:\/\/secretofsamui.com\/fr\/#website"},"primaryImageOfPage":{"@id":"https:\/\/secretofsamui.com\/fr\/produit\/salle-aromatique\/#primaryimage"},"image":{"@id":"https:\/\/secretofsamui.com\/fr\/produit\/salle-aromatique\/#primaryimage"},"thumbnailUrl":"https:\/\/secretofsamui.com\/wp-content\/uploads\/2024\/07\/4e9218_b0c8853376924904afb6700e1a37fd50mv2.jpg","datePublished":"2024-07-17T02:27:48+00:00","dateModified":"2024-12-11T06:53:35+00:00","description":"D\u00e9sodorisants 100 % naturels de qualit\u00e9 sup\u00e9rieure, sans danger pour le corps. Ils cr\u00e9ent une ambiance apaisante et parfument agr\u00e9ablement la chambre ou toute autre pi\u00e8ce de la maison.","breadcrumb":{"@id":"https:\/\/secretofsamui.com\/fr\/produit\/salle-aromatique\/#breadcrumb"},"inLanguage":"fr-FR","potentialAction":[{"@type":"ReadAction","target":["https:\/\/secretofsamui.com\/fr\/produit\/salle-aromatique\/"]}]},{"@type":"ImageObject","inLanguage":"fr-FR","@id":"https:\/\/secretofsamui.com\/fr\/produit\/salle-aromatique\/#primaryimage","url":"https:\/\/secretofsamui.com\/wp-content\/uploads\/2024\/07\/4e9218_b0c8853376924904afb6700e1a37fd50mv2.jpg","contentUrl":"https:\/\/secretofsamui.com\/wp-content\/uploads\/2024\/07\/4e9218_b0c8853376924904afb6700e1a37fd50mv2.jpg","width":751,"height":751,"caption":"Aroma Room - Leelawadee"},{"@type":"BreadcrumbList","@id":"https:\/\/secretofsamui.com\/fr\/produit\/salle-aromatique\/#breadcrumb","itemListElement":[{"@type":"ListItem","position":1,"name":"Home","item":"https:\/\/secretofsamui.com\/fr\/accueil\/"},{"@type":"ListItem","position":2,"name":"Boutique","item":"https:\/\/secretofsamui.com\/boutique\/"},{"@type":"ListItem","position":3,"name":"D\u00e9sodorisant Naturel"}]},{"@type":"WebSite","@id":"https:\/\/secretofsamui.com\/fr\/#website","url":"https:\/\/secretofsamui.com\/fr\/","name":"Secret of Samui - Natural and Homemade cosmestic","description":"","potentialAction":[{"@type":"SearchAction","target":{"@type":"EntryPoint","urlTemplate":"https:\/\/secretofsamui.com\/fr\/?s={search_term_string}"},"query-input":{"@type":"PropertyValueSpecification","valueRequired":true,"valueName":"search_term_string"}}],"inLanguage":"fr-FR"}]}},"_links":{"self":[{"href":"https:\/\/secretofsamui.com\/fr\/wp-json\/wp\/v2\/product\/103113","targetHints":{"allow":["GET"]}}],"collection":[{"href":"https:\/\/secretofsamui.com\/fr\/wp-json\/wp\/v2\/product"}],"about":[{"href":"https:\/\/secretofsamui.com\/fr\/wp-json\/wp\/v2\/types\/product"}],"wp:featuredmedia":[{"embeddable":true,"href":"https:\/\/secretofsamui.com\/fr\/wp-json\/wp\/v2\/media\/102472"}],"wp:attachment":[{"href":"https:\/\/secretofsamui.com\/fr\/wp-json\/wp\/v2\/media?parent=103113"}],"wp:term":[{"taxonomy":"product_brand","embeddable":true,"href":"https:\/\/secretofsamui.com\/fr\/wp-json\/wp\/v2\/product_brand?post=103113"},{"taxonomy":"product_cat","embeddable":true,"href":"https:\/\/secretofsamui.com\/fr\/wp-json\/wp\/v2\/product_cat?post=103113"},{"taxonomy":"product_tag","embeddable":true,"href":"https:\/\/secretofsamui.com\/fr\/wp-json\/wp\/v2\/product_tag?post=103113"}],"curies":[{"name":"wp","href":"https:\/\/api.w.org\/{rel}","templated":true}]}}