{"id":103109,"date":"2024-07-17T02:27:48","date_gmt":"2024-07-17T02:27:48","guid":{"rendered":"https:\/\/secretofsamui.com\/product\/diffuseur-de-roseaux\/"},"modified":"2024-12-11T07:21:22","modified_gmt":"2024-12-11T07:21:22","slug":"diffuseur-de-roseaux","status":"publish","type":"product","link":"https:\/\/secretofsamui.com\/fr\/produit\/diffuseur-de-roseaux\/","title":{"rendered":"Diffuseur Naturel"},"content":{"rendered":"<p>Lib\u00e9rez dans votre maison les d\u00e9licieux ar\u00f4mes de la nature gr\u00e2ce \u00e0 notre diffuseur naturel \u00e0 base de roseaux. Notre diffuseur est un moyen s\u00fbr et \u00e9cologique de profiter de vos senteurs pr\u00e9f\u00e9r\u00e9es. Les roseaux naturels lib\u00e8rent le parfum dans l&rsquo;air, cr\u00e9ant une atmosph\u00e8re apaisante et r\u00e9confortante dans n&rsquo;importe quelle pi\u00e8ce. Avec une vari\u00e9t\u00e9 de senteurs parmi lesquelles vous pouvez choisir, y compris le jasmin enchanteur, la citronnelle vivifiante et l&rsquo;exotique Leelawadee, il y a une senteur pour chaque humeur et chaque pr\u00e9f\u00e9rence. Invitez la nature chez vous avec notre diffuseur naturel \u00e0 b\u00e2tonnets, et enrichissez votre bien-\u00eatre au quotidien. <\/p>\n","protected":false},"excerpt":{"rendered":"<p>Il est recommand\u00e9 de commencer par 6 \u00e0 8 b\u00e2tonnets. Placez les b\u00e2tonnets de roseau dans le flacon de mani\u00e8re \u00e0 ce que le bas du roseau soit immerg\u00e9 dans le liquide, attendez quelques minutes pour que l&rsquo;huile soit absorb\u00e9e, puis retournez d\u00e9licatement les b\u00e2tonnets (les extr\u00e9mit\u00e9s s\u00e8ches restent dans le flacon et les extr\u00e9mit\u00e9s imbib\u00e9es flottent dans l&rsquo;air). R\u00e9partissez les b\u00e2tonnets autant que possible afin que l&rsquo;air circule entre eux pendant 24 heures pour permettre au parfum de se r\u00e9pandre pleinement. Retournez les b\u00e2tonnets une fois par semaine pour intensifier le parfum. <\/p>\n","protected":false},"featured_media":102634,"template":"","meta":{"_acf_changed":false,"_et_pb_use_builder":"","_et_pb_old_content":"","_et_gb_content_width":""},"product_brand":[],"product_cat":[440],"product_tag":[464],"class_list":{"0":"post-103109","1":"product","2":"type-product","3":"status-publish","4":"has-post-thumbnail","6":"product_cat-parfums-dinterieur","7":"product_tag-pas-de-fda","9":"first","10":"instock","11":"taxable","12":"shipping-taxable","13":"purchasable","14":"product-type-variable","15":"has-default-attributes"},"acf":[],"yoast_head":"<!-- This site is optimized with the Yoast SEO plugin v27.3 - https:\/\/yoast.com\/product\/yoast-seo-wordpress\/ -->\n<title>Diffuseur Naturel - Secret of Samui - Natural and Homemade cosmestic<\/title>\n<meta name=\"description\" content=\"Infusez dans votre maison les d\u00e9licieux ar\u00f4mes de la nature gr\u00e2ce \u00e0 notre diffuseur naturel en roseau.\" \/>\n<meta name=\"robots\" content=\"index, follow, max-snippet:-1, max-image-preview:large, max-video-preview:-1\" \/>\n<link rel=\"canonical\" href=\"https:\/\/secretofsamui.com\/fr\/produit\/diffuseur-de-roseaux\/\" \/>\n<meta property=\"og:locale\" content=\"fr_FR\" \/>\n<meta property=\"og:type\" content=\"article\" \/>\n<meta property=\"og:title\" content=\"Diffuseur Naturel - Secret of Samui - Natural and Homemade cosmestic\" \/>\n<meta property=\"og:description\" content=\"Infusez dans votre maison les d\u00e9licieux ar\u00f4mes de la nature gr\u00e2ce \u00e0 notre diffuseur naturel en roseau.\" \/>\n<meta property=\"og:url\" content=\"https:\/\/secretofsamui.com\/fr\/produit\/diffuseur-de-roseaux\/\" \/>\n<meta property=\"og:site_name\" content=\"Secret of Samui - Natural and Homemade cosmestic\" \/>\n<meta property=\"article:modified_time\" content=\"2024-12-11T07:21:22+00:00\" \/>\n<meta property=\"og:image\" content=\"https:\/\/secretofsamui.com\/wp-content\/uploads\/2024\/07\/4e9218_109e0d5ba99a49adbeb0920aa09d3903mv2.jpg\" \/>\n\t<meta property=\"og:image:width\" content=\"751\" \/>\n\t<meta property=\"og:image:height\" content=\"751\" \/>\n\t<meta property=\"og:image:type\" content=\"image\/jpeg\" \/>\n<meta name=\"twitter:card\" content=\"summary_large_image\" \/>\n<meta name=\"twitter:label1\" content=\"Dur\u00e9e de lecture estim\u00e9e\" \/>\n\t<meta name=\"twitter:data1\" content=\"1 minute\" \/>\n<script type=\"application\/ld+json\" class=\"yoast-schema-graph\">{\"@context\":\"https:\\\/\\\/schema.org\",\"@graph\":[{\"@type\":\"WebPage\",\"@id\":\"https:\\\/\\\/secretofsamui.com\\\/fr\\\/produit\\\/diffuseur-de-roseaux\\\/\",\"url\":\"https:\\\/\\\/secretofsamui.com\\\/fr\\\/produit\\\/diffuseur-de-roseaux\\\/\",\"name\":\"Diffuseur Naturel - Secret of Samui - Natural and Homemade cosmestic\",\"isPartOf\":{\"@id\":\"https:\\\/\\\/secretofsamui.com\\\/fr\\\/#website\"},\"primaryImageOfPage\":{\"@id\":\"https:\\\/\\\/secretofsamui.com\\\/fr\\\/produit\\\/diffuseur-de-roseaux\\\/#primaryimage\"},\"image\":{\"@id\":\"https:\\\/\\\/secretofsamui.com\\\/fr\\\/produit\\\/diffuseur-de-roseaux\\\/#primaryimage\"},\"thumbnailUrl\":\"https:\\\/\\\/secretofsamui.com\\\/wp-content\\\/uploads\\\/2024\\\/07\\\/4e9218_109e0d5ba99a49adbeb0920aa09d3903mv2.jpg\",\"datePublished\":\"2024-07-17T02:27:48+00:00\",\"dateModified\":\"2024-12-11T07:21:22+00:00\",\"description\":\"Infusez dans votre maison les d\u00e9licieux ar\u00f4mes de la nature gr\u00e2ce \u00e0 notre diffuseur naturel en roseau.\",\"breadcrumb\":{\"@id\":\"https:\\\/\\\/secretofsamui.com\\\/fr\\\/produit\\\/diffuseur-de-roseaux\\\/#breadcrumb\"},\"inLanguage\":\"fr-FR\",\"potentialAction\":[{\"@type\":\"ReadAction\",\"target\":[\"https:\\\/\\\/secretofsamui.com\\\/fr\\\/produit\\\/diffuseur-de-roseaux\\\/\"]}]},{\"@type\":\"ImageObject\",\"inLanguage\":\"fr-FR\",\"@id\":\"https:\\\/\\\/secretofsamui.com\\\/fr\\\/produit\\\/diffuseur-de-roseaux\\\/#primaryimage\",\"url\":\"https:\\\/\\\/secretofsamui.com\\\/wp-content\\\/uploads\\\/2024\\\/07\\\/4e9218_109e0d5ba99a49adbeb0920aa09d3903mv2.jpg\",\"contentUrl\":\"https:\\\/\\\/secretofsamui.com\\\/wp-content\\\/uploads\\\/2024\\\/07\\\/4e9218_109e0d5ba99a49adbeb0920aa09d3903mv2.jpg\",\"width\":751,\"height\":751,\"caption\":\"Reed Diffuser Jasmine\"},{\"@type\":\"BreadcrumbList\",\"@id\":\"https:\\\/\\\/secretofsamui.com\\\/fr\\\/produit\\\/diffuseur-de-roseaux\\\/#breadcrumb\",\"itemListElement\":[{\"@type\":\"ListItem\",\"position\":1,\"name\":\"Home\",\"item\":\"https:\\\/\\\/secretofsamui.com\\\/fr\\\/accueil\\\/\"},{\"@type\":\"ListItem\",\"position\":2,\"name\":\"Boutique\",\"item\":\"https:\\\/\\\/secretofsamui.com\\\/boutique\\\/\"},{\"@type\":\"ListItem\",\"position\":3,\"name\":\"Diffuseur Naturel\"}]},{\"@type\":\"WebSite\",\"@id\":\"https:\\\/\\\/secretofsamui.com\\\/fr\\\/#website\",\"url\":\"https:\\\/\\\/secretofsamui.com\\\/fr\\\/\",\"name\":\"Secret of Samui - Natural and Homemade cosmestic\",\"description\":\"\",\"potentialAction\":[{\"@type\":\"SearchAction\",\"target\":{\"@type\":\"EntryPoint\",\"urlTemplate\":\"https:\\\/\\\/secretofsamui.com\\\/fr\\\/?s={search_term_string}\"},\"query-input\":{\"@type\":\"PropertyValueSpecification\",\"valueRequired\":true,\"valueName\":\"search_term_string\"}}],\"inLanguage\":\"fr-FR\"}]}<\/script>\n<!-- \/ Yoast SEO plugin. -->","yoast_head_json":{"title":"Diffuseur Naturel - Secret of Samui - Natural and Homemade cosmestic","description":"Infusez dans votre maison les d\u00e9licieux ar\u00f4mes de la nature gr\u00e2ce \u00e0 notre diffuseur naturel en roseau.","robots":{"index":"index","follow":"follow","max-snippet":"max-snippet:-1","max-image-preview":"max-image-preview:large","max-video-preview":"max-video-preview:-1"},"canonical":"https:\/\/secretofsamui.com\/fr\/produit\/diffuseur-de-roseaux\/","og_locale":"fr_FR","og_type":"article","og_title":"Diffuseur Naturel - Secret of Samui - Natural and Homemade cosmestic","og_description":"Infusez dans votre maison les d\u00e9licieux ar\u00f4mes de la nature gr\u00e2ce \u00e0 notre diffuseur naturel en roseau.","og_url":"https:\/\/secretofsamui.com\/fr\/produit\/diffuseur-de-roseaux\/","og_site_name":"Secret of Samui - Natural and Homemade cosmestic","article_modified_time":"2024-12-11T07:21:22+00:00","og_image":[{"width":751,"height":751,"url":"https:\/\/secretofsamui.com\/wp-content\/uploads\/2024\/07\/4e9218_109e0d5ba99a49adbeb0920aa09d3903mv2.jpg","type":"image\/jpeg"}],"twitter_card":"summary_large_image","twitter_misc":{"Dur\u00e9e de lecture estim\u00e9e":"1 minute"},"schema":{"@context":"https:\/\/schema.org","@graph":[{"@type":"WebPage","@id":"https:\/\/secretofsamui.com\/fr\/produit\/diffuseur-de-roseaux\/","url":"https:\/\/secretofsamui.com\/fr\/produit\/diffuseur-de-roseaux\/","name":"Diffuseur Naturel - Secret of Samui - Natural and Homemade cosmestic","isPartOf":{"@id":"https:\/\/secretofsamui.com\/fr\/#website"},"primaryImageOfPage":{"@id":"https:\/\/secretofsamui.com\/fr\/produit\/diffuseur-de-roseaux\/#primaryimage"},"image":{"@id":"https:\/\/secretofsamui.com\/fr\/produit\/diffuseur-de-roseaux\/#primaryimage"},"thumbnailUrl":"https:\/\/secretofsamui.com\/wp-content\/uploads\/2024\/07\/4e9218_109e0d5ba99a49adbeb0920aa09d3903mv2.jpg","datePublished":"2024-07-17T02:27:48+00:00","dateModified":"2024-12-11T07:21:22+00:00","description":"Infusez dans votre maison les d\u00e9licieux ar\u00f4mes de la nature gr\u00e2ce \u00e0 notre diffuseur naturel en roseau.","breadcrumb":{"@id":"https:\/\/secretofsamui.com\/fr\/produit\/diffuseur-de-roseaux\/#breadcrumb"},"inLanguage":"fr-FR","potentialAction":[{"@type":"ReadAction","target":["https:\/\/secretofsamui.com\/fr\/produit\/diffuseur-de-roseaux\/"]}]},{"@type":"ImageObject","inLanguage":"fr-FR","@id":"https:\/\/secretofsamui.com\/fr\/produit\/diffuseur-de-roseaux\/#primaryimage","url":"https:\/\/secretofsamui.com\/wp-content\/uploads\/2024\/07\/4e9218_109e0d5ba99a49adbeb0920aa09d3903mv2.jpg","contentUrl":"https:\/\/secretofsamui.com\/wp-content\/uploads\/2024\/07\/4e9218_109e0d5ba99a49adbeb0920aa09d3903mv2.jpg","width":751,"height":751,"caption":"Reed Diffuser Jasmine"},{"@type":"BreadcrumbList","@id":"https:\/\/secretofsamui.com\/fr\/produit\/diffuseur-de-roseaux\/#breadcrumb","itemListElement":[{"@type":"ListItem","position":1,"name":"Home","item":"https:\/\/secretofsamui.com\/fr\/accueil\/"},{"@type":"ListItem","position":2,"name":"Boutique","item":"https:\/\/secretofsamui.com\/boutique\/"},{"@type":"ListItem","position":3,"name":"Diffuseur Naturel"}]},{"@type":"WebSite","@id":"https:\/\/secretofsamui.com\/fr\/#website","url":"https:\/\/secretofsamui.com\/fr\/","name":"Secret of Samui - Natural and Homemade cosmestic","description":"","potentialAction":[{"@type":"SearchAction","target":{"@type":"EntryPoint","urlTemplate":"https:\/\/secretofsamui.com\/fr\/?s={search_term_string}"},"query-input":{"@type":"PropertyValueSpecification","valueRequired":true,"valueName":"search_term_string"}}],"inLanguage":"fr-FR"}]}},"_links":{"self":[{"href":"https:\/\/secretofsamui.com\/fr\/wp-json\/wp\/v2\/product\/103109","targetHints":{"allow":["GET"]}}],"collection":[{"href":"https:\/\/secretofsamui.com\/fr\/wp-json\/wp\/v2\/product"}],"about":[{"href":"https:\/\/secretofsamui.com\/fr\/wp-json\/wp\/v2\/types\/product"}],"wp:featuredmedia":[{"embeddable":true,"href":"https:\/\/secretofsamui.com\/fr\/wp-json\/wp\/v2\/media\/102634"}],"wp:attachment":[{"href":"https:\/\/secretofsamui.com\/fr\/wp-json\/wp\/v2\/media?parent=103109"}],"wp:term":[{"taxonomy":"product_brand","embeddable":true,"href":"https:\/\/secretofsamui.com\/fr\/wp-json\/wp\/v2\/product_brand?post=103109"},{"taxonomy":"product_cat","embeddable":true,"href":"https:\/\/secretofsamui.com\/fr\/wp-json\/wp\/v2\/product_cat?post=103109"},{"taxonomy":"product_tag","embeddable":true,"href":"https:\/\/secretofsamui.com\/fr\/wp-json\/wp\/v2\/product_tag?post=103109"}],"curies":[{"name":"wp","href":"https:\/\/api.w.org\/{rel}","templated":true}]}}