{"id":103091,"date":"2024-07-17T02:27:49","date_gmt":"2024-07-17T02:27:49","guid":{"rendered":"https:\/\/secretofsamui.com\/product\/bougie-pour-bruleur\/"},"modified":"2025-09-25T08:13:24","modified_gmt":"2025-09-25T08:13:24","slug":"bougie-pour-bruleur","status":"publish","type":"product","link":"https:\/\/secretofsamui.com\/fr\/produit\/bougie-pour-bruleur\/","title":{"rendered":"Bougie pour br\u00fbleur"},"content":{"rendered":"<p>Con\u00e7ue pour s&rsquo;associer parfaitement \u00e0 votre br\u00fbleur en c\u00e9ramique ou en aluminium, cette bougie aromatique offre une source de chaleur douce et constante pour diffuser vos huiles essentielles ou vos m\u00e9langes de parfums pr\u00e9f\u00e9r\u00e9s.<\/p>\n<p>Gr\u00e2ce \u00e0 sa combustion nette et r\u00e9guli\u00e8re, elle est id\u00e9ale pour transformer n&rsquo;importe quelle pi\u00e8ce en un espace paisible, semblable \u00e0 un spa. Que vous vous d\u00e9tendiez apr\u00e8s une longue journ\u00e9e ou que vous vous mettiez dans l&rsquo;ambiance de la m\u00e9ditation, cette bougie contribue \u00e0 cr\u00e9er l&rsquo;atmosph\u00e8re id\u00e9ale. <\/p>\n","protected":false},"excerpt":{"rendered":"<p>Bougie compacte et durable, id\u00e9ale pour diffuser des huiles essentielles ou des ar\u00f4mes dans votre br\u00fbleur. Cr\u00e9e une atmosph\u00e8re apaisante et relaxante. Emballage de 5 pi\u00e8ces.  <\/p>\n","protected":false},"featured_media":102709,"template":"","meta":{"_acf_changed":false,"_et_pb_use_builder":"","_et_pb_old_content":"","_et_gb_content_width":""},"product_brand":[],"product_cat":[440],"product_tag":[464],"class_list":{"0":"post-103091","1":"product","2":"type-product","3":"status-publish","4":"has-post-thumbnail","6":"product_cat-parfums-dinterieur","7":"product_tag-pas-de-fda","9":"first","10":"instock","11":"taxable","12":"shipping-taxable","13":"purchasable","14":"product-type-simple"},"acf":[],"yoast_head":"<!-- This site is optimized with the Yoast SEO plugin v27.2 - https:\/\/yoast.com\/product\/yoast-seo-wordpress\/ -->\n<title>Bougie pour br\u00fbleur - Secret of Samui - Natural and Homemade cosmestic<\/title>\n<meta name=\"description\" content=\"Con\u00e7ue pour s&#039;associer parfaitement \u00e0 votre br\u00fbleur en c\u00e9ramique ou en aluminium, cette bougie aromatique offre une source de chaleur douce et constante pour diffuser votre parfum pr\u00e9f\u00e9r\u00e9.\" \/>\n<meta name=\"robots\" content=\"index, follow, max-snippet:-1, max-image-preview:large, max-video-preview:-1\" \/>\n<link rel=\"canonical\" href=\"https:\/\/secretofsamui.com\/fr\/produit\/bougie-pour-bruleur\/\" \/>\n<meta property=\"og:locale\" content=\"fr_FR\" \/>\n<meta property=\"og:type\" content=\"article\" \/>\n<meta property=\"og:title\" content=\"Bougie pour br\u00fbleur - Secret of Samui - Natural and Homemade cosmestic\" \/>\n<meta property=\"og:description\" content=\"Con\u00e7ue pour s&#039;associer parfaitement \u00e0 votre br\u00fbleur en c\u00e9ramique ou en aluminium, cette bougie aromatique offre une source de chaleur douce et constante pour diffuser votre parfum pr\u00e9f\u00e9r\u00e9.\" \/>\n<meta property=\"og:url\" content=\"https:\/\/secretofsamui.com\/fr\/produit\/bougie-pour-bruleur\/\" \/>\n<meta property=\"og:site_name\" content=\"Secret of Samui - Natural and Homemade cosmestic\" \/>\n<meta property=\"article:modified_time\" content=\"2025-09-25T08:13:24+00:00\" \/>\n<meta property=\"og:image\" content=\"https:\/\/secretofsamui.com\/wp-content\/uploads\/2024\/07\/CANDLE.jpg\" \/>\n\t<meta property=\"og:image:width\" content=\"975\" \/>\n\t<meta property=\"og:image:height\" content=\"975\" \/>\n\t<meta property=\"og:image:type\" content=\"image\/jpeg\" \/>\n<meta name=\"twitter:card\" content=\"summary_large_image\" \/>\n<script type=\"application\/ld+json\" class=\"yoast-schema-graph\">{\"@context\":\"https:\/\/schema.org\",\"@graph\":[{\"@type\":\"WebPage\",\"@id\":\"https:\/\/secretofsamui.com\/fr\/produit\/bougie-pour-bruleur\/\",\"url\":\"https:\/\/secretofsamui.com\/fr\/produit\/bougie-pour-bruleur\/\",\"name\":\"Bougie pour br\u00fbleur - Secret of Samui - Natural and Homemade cosmestic\",\"isPartOf\":{\"@id\":\"https:\/\/secretofsamui.com\/fr\/#website\"},\"primaryImageOfPage\":{\"@id\":\"https:\/\/secretofsamui.com\/fr\/produit\/bougie-pour-bruleur\/#primaryimage\"},\"image\":{\"@id\":\"https:\/\/secretofsamui.com\/fr\/produit\/bougie-pour-bruleur\/#primaryimage\"},\"thumbnailUrl\":\"https:\/\/secretofsamui.com\/wp-content\/uploads\/2024\/07\/CANDLE.jpg\",\"datePublished\":\"2024-07-17T02:27:49+00:00\",\"dateModified\":\"2025-09-25T08:13:24+00:00\",\"description\":\"Con\u00e7ue pour s'associer parfaitement \u00e0 votre br\u00fbleur en c\u00e9ramique ou en aluminium, cette bougie aromatique offre une source de chaleur douce et constante pour diffuser votre parfum pr\u00e9f\u00e9r\u00e9.\",\"breadcrumb\":{\"@id\":\"https:\/\/secretofsamui.com\/fr\/produit\/bougie-pour-bruleur\/#breadcrumb\"},\"inLanguage\":\"fr-FR\",\"potentialAction\":[{\"@type\":\"ReadAction\",\"target\":[\"https:\/\/secretofsamui.com\/fr\/produit\/bougie-pour-bruleur\/\"]}]},{\"@type\":\"ImageObject\",\"inLanguage\":\"fr-FR\",\"@id\":\"https:\/\/secretofsamui.com\/fr\/produit\/bougie-pour-bruleur\/#primaryimage\",\"url\":\"https:\/\/secretofsamui.com\/wp-content\/uploads\/2024\/07\/CANDLE.jpg\",\"contentUrl\":\"https:\/\/secretofsamui.com\/wp-content\/uploads\/2024\/07\/CANDLE.jpg\",\"width\":975,\"height\":975,\"caption\":\"Candle for Burner\u00a0\"},{\"@type\":\"BreadcrumbList\",\"@id\":\"https:\/\/secretofsamui.com\/fr\/produit\/bougie-pour-bruleur\/#breadcrumb\",\"itemListElement\":[{\"@type\":\"ListItem\",\"position\":1,\"name\":\"Home\",\"item\":\"https:\/\/secretofsamui.com\/fr\/accueil\/\"},{\"@type\":\"ListItem\",\"position\":2,\"name\":\"Boutique\",\"item\":\"https:\/\/secretofsamui.com\/boutique\/\"},{\"@type\":\"ListItem\",\"position\":3,\"name\":\"Bougie pour br\u00fbleur\"}]},{\"@type\":\"WebSite\",\"@id\":\"https:\/\/secretofsamui.com\/fr\/#website\",\"url\":\"https:\/\/secretofsamui.com\/fr\/\",\"name\":\"Secret of Samui - Natural and Homemade cosmestic\",\"description\":\"\",\"potentialAction\":[{\"@type\":\"SearchAction\",\"target\":{\"@type\":\"EntryPoint\",\"urlTemplate\":\"https:\/\/secretofsamui.com\/fr\/?s={search_term_string}\"},\"query-input\":{\"@type\":\"PropertyValueSpecification\",\"valueRequired\":true,\"valueName\":\"search_term_string\"}}],\"inLanguage\":\"fr-FR\"}]}<\/script>\n<!-- \/ Yoast SEO plugin. -->","yoast_head_json":{"title":"Bougie pour br\u00fbleur - Secret of Samui - Natural and Homemade cosmestic","description":"Con\u00e7ue pour s'associer parfaitement \u00e0 votre br\u00fbleur en c\u00e9ramique ou en aluminium, cette bougie aromatique offre une source de chaleur douce et constante pour diffuser votre parfum pr\u00e9f\u00e9r\u00e9.","robots":{"index":"index","follow":"follow","max-snippet":"max-snippet:-1","max-image-preview":"max-image-preview:large","max-video-preview":"max-video-preview:-1"},"canonical":"https:\/\/secretofsamui.com\/fr\/produit\/bougie-pour-bruleur\/","og_locale":"fr_FR","og_type":"article","og_title":"Bougie pour br\u00fbleur - Secret of Samui - Natural and Homemade cosmestic","og_description":"Con\u00e7ue pour s'associer parfaitement \u00e0 votre br\u00fbleur en c\u00e9ramique ou en aluminium, cette bougie aromatique offre une source de chaleur douce et constante pour diffuser votre parfum pr\u00e9f\u00e9r\u00e9.","og_url":"https:\/\/secretofsamui.com\/fr\/produit\/bougie-pour-bruleur\/","og_site_name":"Secret of Samui - Natural and Homemade cosmestic","article_modified_time":"2025-09-25T08:13:24+00:00","og_image":[{"width":975,"height":975,"url":"https:\/\/secretofsamui.com\/wp-content\/uploads\/2024\/07\/CANDLE.jpg","type":"image\/jpeg"}],"twitter_card":"summary_large_image","schema":{"@context":"https:\/\/schema.org","@graph":[{"@type":"WebPage","@id":"https:\/\/secretofsamui.com\/fr\/produit\/bougie-pour-bruleur\/","url":"https:\/\/secretofsamui.com\/fr\/produit\/bougie-pour-bruleur\/","name":"Bougie pour br\u00fbleur - Secret of Samui - Natural and Homemade cosmestic","isPartOf":{"@id":"https:\/\/secretofsamui.com\/fr\/#website"},"primaryImageOfPage":{"@id":"https:\/\/secretofsamui.com\/fr\/produit\/bougie-pour-bruleur\/#primaryimage"},"image":{"@id":"https:\/\/secretofsamui.com\/fr\/produit\/bougie-pour-bruleur\/#primaryimage"},"thumbnailUrl":"https:\/\/secretofsamui.com\/wp-content\/uploads\/2024\/07\/CANDLE.jpg","datePublished":"2024-07-17T02:27:49+00:00","dateModified":"2025-09-25T08:13:24+00:00","description":"Con\u00e7ue pour s'associer parfaitement \u00e0 votre br\u00fbleur en c\u00e9ramique ou en aluminium, cette bougie aromatique offre une source de chaleur douce et constante pour diffuser votre parfum pr\u00e9f\u00e9r\u00e9.","breadcrumb":{"@id":"https:\/\/secretofsamui.com\/fr\/produit\/bougie-pour-bruleur\/#breadcrumb"},"inLanguage":"fr-FR","potentialAction":[{"@type":"ReadAction","target":["https:\/\/secretofsamui.com\/fr\/produit\/bougie-pour-bruleur\/"]}]},{"@type":"ImageObject","inLanguage":"fr-FR","@id":"https:\/\/secretofsamui.com\/fr\/produit\/bougie-pour-bruleur\/#primaryimage","url":"https:\/\/secretofsamui.com\/wp-content\/uploads\/2024\/07\/CANDLE.jpg","contentUrl":"https:\/\/secretofsamui.com\/wp-content\/uploads\/2024\/07\/CANDLE.jpg","width":975,"height":975,"caption":"Candle for Burner\u00a0"},{"@type":"BreadcrumbList","@id":"https:\/\/secretofsamui.com\/fr\/produit\/bougie-pour-bruleur\/#breadcrumb","itemListElement":[{"@type":"ListItem","position":1,"name":"Home","item":"https:\/\/secretofsamui.com\/fr\/accueil\/"},{"@type":"ListItem","position":2,"name":"Boutique","item":"https:\/\/secretofsamui.com\/boutique\/"},{"@type":"ListItem","position":3,"name":"Bougie pour br\u00fbleur"}]},{"@type":"WebSite","@id":"https:\/\/secretofsamui.com\/fr\/#website","url":"https:\/\/secretofsamui.com\/fr\/","name":"Secret of Samui - Natural and Homemade cosmestic","description":"","potentialAction":[{"@type":"SearchAction","target":{"@type":"EntryPoint","urlTemplate":"https:\/\/secretofsamui.com\/fr\/?s={search_term_string}"},"query-input":{"@type":"PropertyValueSpecification","valueRequired":true,"valueName":"search_term_string"}}],"inLanguage":"fr-FR"}]}},"_links":{"self":[{"href":"https:\/\/secretofsamui.com\/fr\/wp-json\/wp\/v2\/product\/103091","targetHints":{"allow":["GET"]}}],"collection":[{"href":"https:\/\/secretofsamui.com\/fr\/wp-json\/wp\/v2\/product"}],"about":[{"href":"https:\/\/secretofsamui.com\/fr\/wp-json\/wp\/v2\/types\/product"}],"wp:featuredmedia":[{"embeddable":true,"href":"https:\/\/secretofsamui.com\/fr\/wp-json\/wp\/v2\/media\/102709"}],"wp:attachment":[{"href":"https:\/\/secretofsamui.com\/fr\/wp-json\/wp\/v2\/media?parent=103091"}],"wp:term":[{"taxonomy":"product_brand","embeddable":true,"href":"https:\/\/secretofsamui.com\/fr\/wp-json\/wp\/v2\/product_brand?post=103091"},{"taxonomy":"product_cat","embeddable":true,"href":"https:\/\/secretofsamui.com\/fr\/wp-json\/wp\/v2\/product_cat?post=103091"},{"taxonomy":"product_tag","embeddable":true,"href":"https:\/\/secretofsamui.com\/fr\/wp-json\/wp\/v2\/product_tag?post=103091"}],"curies":[{"name":"wp","href":"https:\/\/api.w.org\/{rel}","templated":true}]}}