{"id":103079,"date":"2024-07-17T02:27:48","date_gmt":"2024-07-17T02:27:48","guid":{"rendered":"https:\/\/secretofsamui.com\/product\/baton-dencens-naturel\/"},"modified":"2025-09-25T08:10:56","modified_gmt":"2025-09-25T08:10:56","slug":"baton-dencens-naturel","status":"publish","type":"product","link":"https:\/\/secretofsamui.com\/fr\/produit\/baton-dencens-naturel\/","title":{"rendered":"B\u00e2ton d&rsquo;encens naturel"},"content":{"rendered":"<p>Plongez dans une atmosph\u00e8re authentique avec nos b\u00e2tons d&rsquo;encens naturels. Leur parfum doux et naturel remplira votre espace d&rsquo;une mani\u00e8re agr\u00e9able et durable. <\/p>\n","protected":false},"excerpt":{"rendered":"<p>12 pi\u00e8ces<\/p>\n","protected":false},"featured_media":102608,"template":"","meta":{"_acf_changed":false,"_et_pb_use_builder":"","_et_pb_old_content":"","_et_gb_content_width":""},"product_brand":[],"product_cat":[440],"product_tag":[464],"class_list":{"0":"post-103079","1":"product","2":"type-product","3":"status-publish","4":"has-post-thumbnail","6":"product_cat-parfums-dinterieur","7":"product_tag-pas-de-fda","9":"first","10":"instock","11":"taxable","12":"shipping-taxable","13":"purchasable","14":"product-type-variable","15":"has-default-attributes"},"acf":[],"yoast_head":"<!-- This site is optimized with the Yoast SEO plugin v27.2 - https:\/\/yoast.com\/product\/yoast-seo-wordpress\/ -->\n<title>B\u00e2ton d&#039;encens naturel - Secret of Samui - Natural and Homemade cosmestic<\/title>\n<meta name=\"description\" content=\"Plongez dans une atmosph\u00e8re authentique avec nos b\u00e2tons d&#039;encens naturels. Leur parfum doux et naturel remplira votre espace d&#039;une agr\u00e9able.\" \/>\n<meta name=\"robots\" content=\"index, follow, max-snippet:-1, max-image-preview:large, max-video-preview:-1\" \/>\n<link rel=\"canonical\" href=\"https:\/\/secretofsamui.com\/fr\/produit\/baton-dencens-naturel\/\" \/>\n<meta property=\"og:locale\" content=\"fr_FR\" \/>\n<meta property=\"og:type\" content=\"article\" \/>\n<meta property=\"og:title\" content=\"B\u00e2ton d&#039;encens naturel - Secret of Samui - Natural and Homemade cosmestic\" \/>\n<meta property=\"og:description\" content=\"Plongez dans une atmosph\u00e8re authentique avec nos b\u00e2tons d&#039;encens naturels. Leur parfum doux et naturel remplira votre espace d&#039;une agr\u00e9able.\" \/>\n<meta property=\"og:url\" content=\"https:\/\/secretofsamui.com\/fr\/produit\/baton-dencens-naturel\/\" \/>\n<meta property=\"og:site_name\" content=\"Secret of Samui - Natural and Homemade cosmestic\" \/>\n<meta property=\"article:modified_time\" content=\"2025-09-25T08:10:56+00:00\" \/>\n<meta property=\"og:image\" content=\"https:\/\/secretofsamui.com\/wp-content\/uploads\/2024\/07\/4e9218_40936e861ef64c72b6f55aa3e91b8e05mv2.jpg\" \/>\n\t<meta property=\"og:image:width\" content=\"751\" \/>\n\t<meta property=\"og:image:height\" content=\"751\" \/>\n\t<meta property=\"og:image:type\" content=\"image\/jpeg\" \/>\n<meta name=\"twitter:card\" content=\"summary_large_image\" \/>\n<script type=\"application\/ld+json\" class=\"yoast-schema-graph\">{\"@context\":\"https:\/\/schema.org\",\"@graph\":[{\"@type\":\"WebPage\",\"@id\":\"https:\/\/secretofsamui.com\/fr\/produit\/baton-dencens-naturel\/\",\"url\":\"https:\/\/secretofsamui.com\/fr\/produit\/baton-dencens-naturel\/\",\"name\":\"B\u00e2ton d'encens naturel - Secret of Samui - Natural and Homemade cosmestic\",\"isPartOf\":{\"@id\":\"https:\/\/secretofsamui.com\/fr\/#website\"},\"primaryImageOfPage\":{\"@id\":\"https:\/\/secretofsamui.com\/fr\/produit\/baton-dencens-naturel\/#primaryimage\"},\"image\":{\"@id\":\"https:\/\/secretofsamui.com\/fr\/produit\/baton-dencens-naturel\/#primaryimage\"},\"thumbnailUrl\":\"https:\/\/secretofsamui.com\/wp-content\/uploads\/2024\/07\/4e9218_40936e861ef64c72b6f55aa3e91b8e05mv2.jpg\",\"datePublished\":\"2024-07-17T02:27:48+00:00\",\"dateModified\":\"2025-09-25T08:10:56+00:00\",\"description\":\"Plongez dans une atmosph\u00e8re authentique avec nos b\u00e2tons d'encens naturels. Leur parfum doux et naturel remplira votre espace d'une agr\u00e9able.\",\"breadcrumb\":{\"@id\":\"https:\/\/secretofsamui.com\/fr\/produit\/baton-dencens-naturel\/#breadcrumb\"},\"inLanguage\":\"fr-FR\",\"potentialAction\":[{\"@type\":\"ReadAction\",\"target\":[\"https:\/\/secretofsamui.com\/fr\/produit\/baton-dencens-naturel\/\"]}]},{\"@type\":\"ImageObject\",\"inLanguage\":\"fr-FR\",\"@id\":\"https:\/\/secretofsamui.com\/fr\/produit\/baton-dencens-naturel\/#primaryimage\",\"url\":\"https:\/\/secretofsamui.com\/wp-content\/uploads\/2024\/07\/4e9218_40936e861ef64c72b6f55aa3e91b8e05mv2.jpg\",\"contentUrl\":\"https:\/\/secretofsamui.com\/wp-content\/uploads\/2024\/07\/4e9218_40936e861ef64c72b6f55aa3e91b8e05mv2.jpg\",\"width\":751,\"height\":751,\"caption\":\"Natural Incense Stick Green Tea\"},{\"@type\":\"BreadcrumbList\",\"@id\":\"https:\/\/secretofsamui.com\/fr\/produit\/baton-dencens-naturel\/#breadcrumb\",\"itemListElement\":[{\"@type\":\"ListItem\",\"position\":1,\"name\":\"Home\",\"item\":\"https:\/\/secretofsamui.com\/fr\/accueil\/\"},{\"@type\":\"ListItem\",\"position\":2,\"name\":\"Boutique\",\"item\":\"https:\/\/secretofsamui.com\/boutique\/\"},{\"@type\":\"ListItem\",\"position\":3,\"name\":\"B\u00e2ton d&#8217;encens naturel\"}]},{\"@type\":\"WebSite\",\"@id\":\"https:\/\/secretofsamui.com\/fr\/#website\",\"url\":\"https:\/\/secretofsamui.com\/fr\/\",\"name\":\"Secret of Samui - Natural and Homemade cosmestic\",\"description\":\"\",\"potentialAction\":[{\"@type\":\"SearchAction\",\"target\":{\"@type\":\"EntryPoint\",\"urlTemplate\":\"https:\/\/secretofsamui.com\/fr\/?s={search_term_string}\"},\"query-input\":{\"@type\":\"PropertyValueSpecification\",\"valueRequired\":true,\"valueName\":\"search_term_string\"}}],\"inLanguage\":\"fr-FR\"}]}<\/script>\n<!-- \/ Yoast SEO plugin. -->","yoast_head_json":{"title":"B\u00e2ton d'encens naturel - Secret of Samui - Natural and Homemade cosmestic","description":"Plongez dans une atmosph\u00e8re authentique avec nos b\u00e2tons d'encens naturels. Leur parfum doux et naturel remplira votre espace d'une agr\u00e9able.","robots":{"index":"index","follow":"follow","max-snippet":"max-snippet:-1","max-image-preview":"max-image-preview:large","max-video-preview":"max-video-preview:-1"},"canonical":"https:\/\/secretofsamui.com\/fr\/produit\/baton-dencens-naturel\/","og_locale":"fr_FR","og_type":"article","og_title":"B\u00e2ton d'encens naturel - Secret of Samui - Natural and Homemade cosmestic","og_description":"Plongez dans une atmosph\u00e8re authentique avec nos b\u00e2tons d'encens naturels. Leur parfum doux et naturel remplira votre espace d'une agr\u00e9able.","og_url":"https:\/\/secretofsamui.com\/fr\/produit\/baton-dencens-naturel\/","og_site_name":"Secret of Samui - Natural and Homemade cosmestic","article_modified_time":"2025-09-25T08:10:56+00:00","og_image":[{"width":751,"height":751,"url":"https:\/\/secretofsamui.com\/wp-content\/uploads\/2024\/07\/4e9218_40936e861ef64c72b6f55aa3e91b8e05mv2.jpg","type":"image\/jpeg"}],"twitter_card":"summary_large_image","schema":{"@context":"https:\/\/schema.org","@graph":[{"@type":"WebPage","@id":"https:\/\/secretofsamui.com\/fr\/produit\/baton-dencens-naturel\/","url":"https:\/\/secretofsamui.com\/fr\/produit\/baton-dencens-naturel\/","name":"B\u00e2ton d'encens naturel - Secret of Samui - Natural and Homemade cosmestic","isPartOf":{"@id":"https:\/\/secretofsamui.com\/fr\/#website"},"primaryImageOfPage":{"@id":"https:\/\/secretofsamui.com\/fr\/produit\/baton-dencens-naturel\/#primaryimage"},"image":{"@id":"https:\/\/secretofsamui.com\/fr\/produit\/baton-dencens-naturel\/#primaryimage"},"thumbnailUrl":"https:\/\/secretofsamui.com\/wp-content\/uploads\/2024\/07\/4e9218_40936e861ef64c72b6f55aa3e91b8e05mv2.jpg","datePublished":"2024-07-17T02:27:48+00:00","dateModified":"2025-09-25T08:10:56+00:00","description":"Plongez dans une atmosph\u00e8re authentique avec nos b\u00e2tons d'encens naturels. Leur parfum doux et naturel remplira votre espace d'une agr\u00e9able.","breadcrumb":{"@id":"https:\/\/secretofsamui.com\/fr\/produit\/baton-dencens-naturel\/#breadcrumb"},"inLanguage":"fr-FR","potentialAction":[{"@type":"ReadAction","target":["https:\/\/secretofsamui.com\/fr\/produit\/baton-dencens-naturel\/"]}]},{"@type":"ImageObject","inLanguage":"fr-FR","@id":"https:\/\/secretofsamui.com\/fr\/produit\/baton-dencens-naturel\/#primaryimage","url":"https:\/\/secretofsamui.com\/wp-content\/uploads\/2024\/07\/4e9218_40936e861ef64c72b6f55aa3e91b8e05mv2.jpg","contentUrl":"https:\/\/secretofsamui.com\/wp-content\/uploads\/2024\/07\/4e9218_40936e861ef64c72b6f55aa3e91b8e05mv2.jpg","width":751,"height":751,"caption":"Natural Incense Stick Green Tea"},{"@type":"BreadcrumbList","@id":"https:\/\/secretofsamui.com\/fr\/produit\/baton-dencens-naturel\/#breadcrumb","itemListElement":[{"@type":"ListItem","position":1,"name":"Home","item":"https:\/\/secretofsamui.com\/fr\/accueil\/"},{"@type":"ListItem","position":2,"name":"Boutique","item":"https:\/\/secretofsamui.com\/boutique\/"},{"@type":"ListItem","position":3,"name":"B\u00e2ton d&#8217;encens naturel"}]},{"@type":"WebSite","@id":"https:\/\/secretofsamui.com\/fr\/#website","url":"https:\/\/secretofsamui.com\/fr\/","name":"Secret of Samui - Natural and Homemade cosmestic","description":"","potentialAction":[{"@type":"SearchAction","target":{"@type":"EntryPoint","urlTemplate":"https:\/\/secretofsamui.com\/fr\/?s={search_term_string}"},"query-input":{"@type":"PropertyValueSpecification","valueRequired":true,"valueName":"search_term_string"}}],"inLanguage":"fr-FR"}]}},"_links":{"self":[{"href":"https:\/\/secretofsamui.com\/fr\/wp-json\/wp\/v2\/product\/103079","targetHints":{"allow":["GET"]}}],"collection":[{"href":"https:\/\/secretofsamui.com\/fr\/wp-json\/wp\/v2\/product"}],"about":[{"href":"https:\/\/secretofsamui.com\/fr\/wp-json\/wp\/v2\/types\/product"}],"wp:featuredmedia":[{"embeddable":true,"href":"https:\/\/secretofsamui.com\/fr\/wp-json\/wp\/v2\/media\/102608"}],"wp:attachment":[{"href":"https:\/\/secretofsamui.com\/fr\/wp-json\/wp\/v2\/media?parent=103079"}],"wp:term":[{"taxonomy":"product_brand","embeddable":true,"href":"https:\/\/secretofsamui.com\/fr\/wp-json\/wp\/v2\/product_brand?post=103079"},{"taxonomy":"product_cat","embeddable":true,"href":"https:\/\/secretofsamui.com\/fr\/wp-json\/wp\/v2\/product_cat?post=103079"},{"taxonomy":"product_tag","embeddable":true,"href":"https:\/\/secretofsamui.com\/fr\/wp-json\/wp\/v2\/product_tag?post=103079"}],"curies":[{"name":"wp","href":"https:\/\/api.w.org\/{rel}","templated":true}]}}