{"id":103076,"date":"2024-07-17T02:27:49","date_gmt":"2024-07-17T02:27:49","guid":{"rendered":"https:\/\/secretofsamui.com\/product\/rafraichisseur-de-serviettes\/"},"modified":"2024-12-11T07:27:09","modified_gmt":"2024-12-11T07:27:09","slug":"rafraichisseur-de-serviettes","status":"publish","type":"product","link":"https:\/\/secretofsamui.com\/fr\/produit\/rafraichisseur-de-serviettes\/","title":{"rendered":"Rafra\u00eechisseur de serviettes"},"content":{"rendered":"<p>Voici notre rafra\u00eechisseur de serviettes, la solution parfaite pour rafra\u00eechir les serviettes ou le linge de maison et cr\u00e9er une exp\u00e9rience accueillante pour vos invit\u00e9s. Ce produit innovant est con\u00e7u pour \u00e9liminer les odeurs et laisser aux serviettes une odeur de fra\u00eecheur et de propret\u00e9. Il suffit de vaporiser une l\u00e9g\u00e8re brume sur vos serviettes ou de l&rsquo;utiliser sur une serviette froide pour cr\u00e9er un accueil rafra\u00eechissant pour vos invit\u00e9s. Les options de parfum personnalisables permettent d&rsquo;adapter facilement le parfum \u00e0 vos pr\u00e9f\u00e9rences personnelles ou \u00e0 l&rsquo;ambiance de votre espace. Dites adieu aux odeurs de moisi et de renferm\u00e9 et bonjour \u00e0 une atmosph\u00e8re revitalis\u00e9e et accueillante gr\u00e2ce \u00e0 notre rafra\u00eechisseur de serviettes. <\/p>\n","protected":false},"excerpt":{"rendered":"<p>En \u00e9t\u00e9, vous pouvez \u00e9galement verser un peu de notre rafra\u00eechisseur dans de l&rsquo;eau, tremper de petites serviettes dans l&rsquo;eau, les rouler et les mettre au r\u00e9frig\u00e9rateur pendant un certain temps. Offrez-les \u00e0 vos visiteurs ou utilisez-les simplement pour vous rafra\u00eechir les mains, le visage ou le cou.<\/p>\n","protected":false},"featured_media":102666,"template":"","meta":{"_acf_changed":false,"_et_pb_use_builder":"","_et_pb_old_content":"","_et_gb_content_width":""},"product_brand":[],"product_cat":[440],"product_tag":[],"class_list":{"0":"post-103076","1":"product","2":"type-product","3":"status-publish","4":"has-post-thumbnail","6":"product_cat-parfums-dinterieur","8":"first","9":"instock","10":"taxable","11":"shipping-taxable","12":"purchasable","13":"product-type-variable","14":"has-default-attributes"},"acf":[],"yoast_head":"<!-- This site is optimized with the Yoast SEO plugin v27.2 - https:\/\/yoast.com\/product\/yoast-seo-wordpress\/ -->\n<title>Rafra\u00eechisseur de serviettes - Secret of Samui - Natural and Homemade cosmestic<\/title>\n<meta name=\"description\" content=\"Voici notre rafra\u00eechisseur de serviettes, la solution parfaite pour rafra\u00eechir les serviettes ou le linge de maison et cr\u00e9er une exp\u00e9rience accueillante pour vos invit\u00e9s.\" \/>\n<meta name=\"robots\" content=\"index, follow, max-snippet:-1, max-image-preview:large, max-video-preview:-1\" \/>\n<link rel=\"canonical\" href=\"https:\/\/secretofsamui.com\/fr\/produit\/rafraichisseur-de-serviettes\/\" \/>\n<meta property=\"og:locale\" content=\"fr_FR\" \/>\n<meta property=\"og:type\" content=\"article\" \/>\n<meta property=\"og:title\" content=\"Rafra\u00eechisseur de serviettes - Secret of Samui - Natural and Homemade cosmestic\" \/>\n<meta property=\"og:description\" content=\"Voici notre rafra\u00eechisseur de serviettes, la solution parfaite pour rafra\u00eechir les serviettes ou le linge de maison et cr\u00e9er une exp\u00e9rience accueillante pour vos invit\u00e9s.\" \/>\n<meta property=\"og:url\" content=\"https:\/\/secretofsamui.com\/fr\/produit\/rafraichisseur-de-serviettes\/\" \/>\n<meta property=\"og:site_name\" content=\"Secret of Samui - Natural and Homemade cosmestic\" \/>\n<meta property=\"article:modified_time\" content=\"2024-12-11T07:27:09+00:00\" \/>\n<meta property=\"og:image\" content=\"https:\/\/secretofsamui.com\/wp-content\/uploads\/2024\/07\/4e9218_82c019917b3d498896c30f0ad5bf0214mv2.jpg\" \/>\n\t<meta property=\"og:image:width\" content=\"751\" \/>\n\t<meta property=\"og:image:height\" content=\"751\" \/>\n\t<meta property=\"og:image:type\" content=\"image\/jpeg\" \/>\n<meta name=\"twitter:card\" content=\"summary_large_image\" \/>\n<meta name=\"twitter:label1\" content=\"Dur\u00e9e de lecture estim\u00e9e\" \/>\n\t<meta name=\"twitter:data1\" content=\"1 minute\" \/>\n<script type=\"application\/ld+json\" class=\"yoast-schema-graph\">{\"@context\":\"https:\/\/schema.org\",\"@graph\":[{\"@type\":\"WebPage\",\"@id\":\"https:\/\/secretofsamui.com\/fr\/produit\/rafraichisseur-de-serviettes\/\",\"url\":\"https:\/\/secretofsamui.com\/fr\/produit\/rafraichisseur-de-serviettes\/\",\"name\":\"Rafra\u00eechisseur de serviettes - Secret of Samui - Natural and Homemade cosmestic\",\"isPartOf\":{\"@id\":\"https:\/\/secretofsamui.com\/fr\/#website\"},\"primaryImageOfPage\":{\"@id\":\"https:\/\/secretofsamui.com\/fr\/produit\/rafraichisseur-de-serviettes\/#primaryimage\"},\"image\":{\"@id\":\"https:\/\/secretofsamui.com\/fr\/produit\/rafraichisseur-de-serviettes\/#primaryimage\"},\"thumbnailUrl\":\"https:\/\/secretofsamui.com\/wp-content\/uploads\/2024\/07\/4e9218_82c019917b3d498896c30f0ad5bf0214mv2.jpg\",\"datePublished\":\"2024-07-17T02:27:49+00:00\",\"dateModified\":\"2024-12-11T07:27:09+00:00\",\"description\":\"Voici notre rafra\u00eechisseur de serviettes, la solution parfaite pour rafra\u00eechir les serviettes ou le linge de maison et cr\u00e9er une exp\u00e9rience accueillante pour vos invit\u00e9s.\",\"breadcrumb\":{\"@id\":\"https:\/\/secretofsamui.com\/fr\/produit\/rafraichisseur-de-serviettes\/#breadcrumb\"},\"inLanguage\":\"fr-FR\",\"potentialAction\":[{\"@type\":\"ReadAction\",\"target\":[\"https:\/\/secretofsamui.com\/fr\/produit\/rafraichisseur-de-serviettes\/\"]}]},{\"@type\":\"ImageObject\",\"inLanguage\":\"fr-FR\",\"@id\":\"https:\/\/secretofsamui.com\/fr\/produit\/rafraichisseur-de-serviettes\/#primaryimage\",\"url\":\"https:\/\/secretofsamui.com\/wp-content\/uploads\/2024\/07\/4e9218_82c019917b3d498896c30f0ad5bf0214mv2.jpg\",\"contentUrl\":\"https:\/\/secretofsamui.com\/wp-content\/uploads\/2024\/07\/4e9218_82c019917b3d498896c30f0ad5bf0214mv2.jpg\",\"width\":751,\"height\":751,\"caption\":\"Towel Freshener Lemongrass\"},{\"@type\":\"BreadcrumbList\",\"@id\":\"https:\/\/secretofsamui.com\/fr\/produit\/rafraichisseur-de-serviettes\/#breadcrumb\",\"itemListElement\":[{\"@type\":\"ListItem\",\"position\":1,\"name\":\"Home\",\"item\":\"https:\/\/secretofsamui.com\/fr\/accueil\/\"},{\"@type\":\"ListItem\",\"position\":2,\"name\":\"Boutique\",\"item\":\"https:\/\/secretofsamui.com\/boutique\/\"},{\"@type\":\"ListItem\",\"position\":3,\"name\":\"Rafra\u00eechisseur de serviettes\"}]},{\"@type\":\"WebSite\",\"@id\":\"https:\/\/secretofsamui.com\/fr\/#website\",\"url\":\"https:\/\/secretofsamui.com\/fr\/\",\"name\":\"Secret of Samui - Natural and Homemade cosmestic\",\"description\":\"\",\"potentialAction\":[{\"@type\":\"SearchAction\",\"target\":{\"@type\":\"EntryPoint\",\"urlTemplate\":\"https:\/\/secretofsamui.com\/fr\/?s={search_term_string}\"},\"query-input\":{\"@type\":\"PropertyValueSpecification\",\"valueRequired\":true,\"valueName\":\"search_term_string\"}}],\"inLanguage\":\"fr-FR\"}]}<\/script>\n<!-- \/ Yoast SEO plugin. -->","yoast_head_json":{"title":"Rafra\u00eechisseur de serviettes - Secret of Samui - Natural and Homemade cosmestic","description":"Voici notre rafra\u00eechisseur de serviettes, la solution parfaite pour rafra\u00eechir les serviettes ou le linge de maison et cr\u00e9er une exp\u00e9rience accueillante pour vos invit\u00e9s.","robots":{"index":"index","follow":"follow","max-snippet":"max-snippet:-1","max-image-preview":"max-image-preview:large","max-video-preview":"max-video-preview:-1"},"canonical":"https:\/\/secretofsamui.com\/fr\/produit\/rafraichisseur-de-serviettes\/","og_locale":"fr_FR","og_type":"article","og_title":"Rafra\u00eechisseur de serviettes - Secret of Samui - Natural and Homemade cosmestic","og_description":"Voici notre rafra\u00eechisseur de serviettes, la solution parfaite pour rafra\u00eechir les serviettes ou le linge de maison et cr\u00e9er une exp\u00e9rience accueillante pour vos invit\u00e9s.","og_url":"https:\/\/secretofsamui.com\/fr\/produit\/rafraichisseur-de-serviettes\/","og_site_name":"Secret of Samui - Natural and Homemade cosmestic","article_modified_time":"2024-12-11T07:27:09+00:00","og_image":[{"width":751,"height":751,"url":"https:\/\/secretofsamui.com\/wp-content\/uploads\/2024\/07\/4e9218_82c019917b3d498896c30f0ad5bf0214mv2.jpg","type":"image\/jpeg"}],"twitter_card":"summary_large_image","twitter_misc":{"Dur\u00e9e de lecture estim\u00e9e":"1 minute"},"schema":{"@context":"https:\/\/schema.org","@graph":[{"@type":"WebPage","@id":"https:\/\/secretofsamui.com\/fr\/produit\/rafraichisseur-de-serviettes\/","url":"https:\/\/secretofsamui.com\/fr\/produit\/rafraichisseur-de-serviettes\/","name":"Rafra\u00eechisseur de serviettes - Secret of Samui - Natural and Homemade cosmestic","isPartOf":{"@id":"https:\/\/secretofsamui.com\/fr\/#website"},"primaryImageOfPage":{"@id":"https:\/\/secretofsamui.com\/fr\/produit\/rafraichisseur-de-serviettes\/#primaryimage"},"image":{"@id":"https:\/\/secretofsamui.com\/fr\/produit\/rafraichisseur-de-serviettes\/#primaryimage"},"thumbnailUrl":"https:\/\/secretofsamui.com\/wp-content\/uploads\/2024\/07\/4e9218_82c019917b3d498896c30f0ad5bf0214mv2.jpg","datePublished":"2024-07-17T02:27:49+00:00","dateModified":"2024-12-11T07:27:09+00:00","description":"Voici notre rafra\u00eechisseur de serviettes, la solution parfaite pour rafra\u00eechir les serviettes ou le linge de maison et cr\u00e9er une exp\u00e9rience accueillante pour vos invit\u00e9s.","breadcrumb":{"@id":"https:\/\/secretofsamui.com\/fr\/produit\/rafraichisseur-de-serviettes\/#breadcrumb"},"inLanguage":"fr-FR","potentialAction":[{"@type":"ReadAction","target":["https:\/\/secretofsamui.com\/fr\/produit\/rafraichisseur-de-serviettes\/"]}]},{"@type":"ImageObject","inLanguage":"fr-FR","@id":"https:\/\/secretofsamui.com\/fr\/produit\/rafraichisseur-de-serviettes\/#primaryimage","url":"https:\/\/secretofsamui.com\/wp-content\/uploads\/2024\/07\/4e9218_82c019917b3d498896c30f0ad5bf0214mv2.jpg","contentUrl":"https:\/\/secretofsamui.com\/wp-content\/uploads\/2024\/07\/4e9218_82c019917b3d498896c30f0ad5bf0214mv2.jpg","width":751,"height":751,"caption":"Towel Freshener Lemongrass"},{"@type":"BreadcrumbList","@id":"https:\/\/secretofsamui.com\/fr\/produit\/rafraichisseur-de-serviettes\/#breadcrumb","itemListElement":[{"@type":"ListItem","position":1,"name":"Home","item":"https:\/\/secretofsamui.com\/fr\/accueil\/"},{"@type":"ListItem","position":2,"name":"Boutique","item":"https:\/\/secretofsamui.com\/boutique\/"},{"@type":"ListItem","position":3,"name":"Rafra\u00eechisseur de serviettes"}]},{"@type":"WebSite","@id":"https:\/\/secretofsamui.com\/fr\/#website","url":"https:\/\/secretofsamui.com\/fr\/","name":"Secret of Samui - Natural and Homemade cosmestic","description":"","potentialAction":[{"@type":"SearchAction","target":{"@type":"EntryPoint","urlTemplate":"https:\/\/secretofsamui.com\/fr\/?s={search_term_string}"},"query-input":{"@type":"PropertyValueSpecification","valueRequired":true,"valueName":"search_term_string"}}],"inLanguage":"fr-FR"}]}},"_links":{"self":[{"href":"https:\/\/secretofsamui.com\/fr\/wp-json\/wp\/v2\/product\/103076","targetHints":{"allow":["GET"]}}],"collection":[{"href":"https:\/\/secretofsamui.com\/fr\/wp-json\/wp\/v2\/product"}],"about":[{"href":"https:\/\/secretofsamui.com\/fr\/wp-json\/wp\/v2\/types\/product"}],"wp:featuredmedia":[{"embeddable":true,"href":"https:\/\/secretofsamui.com\/fr\/wp-json\/wp\/v2\/media\/102666"}],"wp:attachment":[{"href":"https:\/\/secretofsamui.com\/fr\/wp-json\/wp\/v2\/media?parent=103076"}],"wp:term":[{"taxonomy":"product_brand","embeddable":true,"href":"https:\/\/secretofsamui.com\/fr\/wp-json\/wp\/v2\/product_brand?post=103076"},{"taxonomy":"product_cat","embeddable":true,"href":"https:\/\/secretofsamui.com\/fr\/wp-json\/wp\/v2\/product_cat?post=103076"},{"taxonomy":"product_tag","embeddable":true,"href":"https:\/\/secretofsamui.com\/fr\/wp-json\/wp\/v2\/product_tag?post=103076"}],"curies":[{"name":"wp","href":"https:\/\/api.w.org\/{rel}","templated":true}]}}