{"id":103063,"date":"2024-07-17T02:27:49","date_gmt":"2024-07-17T02:27:49","guid":{"rendered":"https:\/\/secretofsamui.com\/product\/ensemble-de-lit-king-size\/"},"modified":"2026-01-26T09:27:22","modified_gmt":"2026-01-26T02:27:22","slug":"ensemble-de-lit-king-size","status":"publish","type":"product","link":"https:\/\/secretofsamui.com\/fr\/produit\/ensemble-de-lit-king-size\/","title":{"rendered":"Ensemble de lit King Size"},"content":{"rendered":"<p>Am\u00e9liorez votre exp\u00e9rience de sommeil avec notre <strong>ensemble de literie de luxe King Size<\/strong> &#8211; White Stripe Edition. Con\u00e7u pour le confort et la sophistication, cet ensemble de 4 pi\u00e8ces apporte l&rsquo;aspect et la sensation d&rsquo;un h\u00f4tel cinq \u00e9toiles directement dans votre chambre \u00e0 coucher. <\/p>\n<p>Fabriqu\u00e9 en coton de haute qualit\u00e9 et orn\u00e9 de rayures blanches intemporelles, chaque \u00e9l\u00e9ment est doux, respirant et durable, id\u00e9al pour des nuits reposantes et un entretien sans effort. Le drap-housse est dot\u00e9 de poches profondes pour rester bien en place, tandis que les taies d&rsquo;oreiller et la housse de couette offrent un toucher doux et frais nuit apr\u00e8s nuit. <\/p>\n<p>Ce qui est inclus :<\/p>\n<ul>\n<li>Housse de couette C250 Quality (90\u2033 x 100\u2033 \/ 228 \u00d7 254 cm)<\/li>\n<li>Drap-housse (6\u2032 x 6.5\u2032 + 10\u2033 \/ 182 \u00d7 198 + 25 cm)<\/li>\n<li>2 <a href=\"https:\/\/secretofsamui.com\/product\/pillow-case\/\">Taies d&rsquo;oreiller<\/a> (20\u2033 x 30\u2033 \/ 50 \u00d7 75 cm)<\/li>\n<\/ul>\n<p>Que vous r\u00e9noviez votre maison, votre villa ou votre suite d&rsquo;h\u00f4tel, cet <strong>ensemble de literie<\/strong> offre une qualit\u00e9 sup\u00e9rieure et une \u00e9l\u00e9gance intemporelle.<\/p>\n<ul>\n<li>\u00c9l\u00e9gant motif \u00e0 rayures blanches<\/li>\n<li>Coton doux et respirant<\/li>\n<li>Facile \u00e0 laver et infroissable<\/li>\n<li>Parfait pour les int\u00e9rieurs de luxe et l&rsquo;h\u00f4tellerie<\/li>\n<\/ul>\n","protected":false},"excerpt":{"rendered":"<p>Ensemble de literie King Size 4 pi\u00e8ces de qualit\u00e9 sup\u00e9rieure, avec d&rsquo;\u00e9l\u00e9gantes rayures blanches. Comprend une housse de couette, un drap-housse et 2 taies d&rsquo;oreiller. Doux, respirant et d&rsquo;un confort digne d&rsquo;un h\u00f4tel.  <\/p>\n","protected":false},"featured_media":103618,"template":"","meta":{"_acf_changed":false,"_et_pb_use_builder":"","_et_pb_old_content":"","_et_gb_content_width":""},"product_brand":[],"product_cat":[439],"product_tag":[464],"class_list":{"0":"post-103063","1":"product","2":"type-product","3":"status-publish","4":"has-post-thumbnail","6":"product_cat-linge","7":"product_tag-pas-de-fda","9":"first","10":"instock","11":"taxable","12":"shipping-taxable","13":"purchasable","14":"product-type-simple"},"acf":[],"yoast_head":"<!-- This site is optimized with the Yoast SEO plugin v27.2 - https:\/\/yoast.com\/product\/yoast-seo-wordpress\/ -->\n<title>Ensemble de lit King Size - Secret of Samui - Natural and Homemade cosmestic<\/title>\n<meta name=\"description\" content=\"Am\u00e9liorez votre exp\u00e9rience de sommeil avec notre ensemble de literie de luxe King Size - White Stripe Edition. Con\u00e7u pour le confort et la sophistication, cet ensemble de 4 pi\u00e8ces.\" \/>\n<meta name=\"robots\" content=\"index, follow, max-snippet:-1, max-image-preview:large, max-video-preview:-1\" \/>\n<link rel=\"canonical\" href=\"https:\/\/secretofsamui.com\/fr\/produit\/ensemble-de-lit-king-size\/\" \/>\n<meta property=\"og:locale\" content=\"fr_FR\" \/>\n<meta property=\"og:type\" content=\"article\" \/>\n<meta property=\"og:title\" content=\"Ensemble de lit King Size - Secret of Samui - Natural and Homemade cosmestic\" \/>\n<meta property=\"og:description\" content=\"Am\u00e9liorez votre exp\u00e9rience de sommeil avec notre ensemble de literie de luxe King Size - White Stripe Edition. Con\u00e7u pour le confort et la sophistication, cet ensemble de 4 pi\u00e8ces.\" \/>\n<meta property=\"og:url\" content=\"https:\/\/secretofsamui.com\/fr\/produit\/ensemble-de-lit-king-size\/\" \/>\n<meta property=\"og:site_name\" content=\"Secret of Samui - Natural and Homemade cosmestic\" \/>\n<meta property=\"article:modified_time\" content=\"2026-01-26T02:27:22+00:00\" \/>\n<meta property=\"og:image\" content=\"https:\/\/secretofsamui.com\/wp-content\/uploads\/2024\/07\/Bed-Set-King-Size.jpeg\" \/>\n\t<meta property=\"og:image:width\" content=\"1472\" \/>\n\t<meta property=\"og:image:height\" content=\"832\" \/>\n\t<meta property=\"og:image:type\" content=\"image\/jpeg\" \/>\n<meta name=\"twitter:card\" content=\"summary_large_image\" \/>\n<meta name=\"twitter:label1\" content=\"Dur\u00e9e de lecture estim\u00e9e\" \/>\n\t<meta name=\"twitter:data1\" content=\"1 minute\" \/>\n<script type=\"application\/ld+json\" class=\"yoast-schema-graph\">{\"@context\":\"https:\/\/schema.org\",\"@graph\":[{\"@type\":\"WebPage\",\"@id\":\"https:\/\/secretofsamui.com\/fr\/produit\/ensemble-de-lit-king-size\/\",\"url\":\"https:\/\/secretofsamui.com\/fr\/produit\/ensemble-de-lit-king-size\/\",\"name\":\"Ensemble de lit King Size - Secret of Samui - Natural and Homemade cosmestic\",\"isPartOf\":{\"@id\":\"https:\/\/secretofsamui.com\/fr\/#website\"},\"primaryImageOfPage\":{\"@id\":\"https:\/\/secretofsamui.com\/fr\/produit\/ensemble-de-lit-king-size\/#primaryimage\"},\"image\":{\"@id\":\"https:\/\/secretofsamui.com\/fr\/produit\/ensemble-de-lit-king-size\/#primaryimage\"},\"thumbnailUrl\":\"https:\/\/secretofsamui.com\/wp-content\/uploads\/2024\/07\/Bed-Set-King-Size.jpeg\",\"datePublished\":\"2024-07-17T02:27:49+00:00\",\"dateModified\":\"2026-01-26T02:27:22+00:00\",\"description\":\"Am\u00e9liorez votre exp\u00e9rience de sommeil avec notre ensemble de literie de luxe King Size - White Stripe Edition. Con\u00e7u pour le confort et la sophistication, cet ensemble de 4 pi\u00e8ces.\",\"breadcrumb\":{\"@id\":\"https:\/\/secretofsamui.com\/fr\/produit\/ensemble-de-lit-king-size\/#breadcrumb\"},\"inLanguage\":\"fr-FR\",\"potentialAction\":[{\"@type\":\"ReadAction\",\"target\":[\"https:\/\/secretofsamui.com\/fr\/produit\/ensemble-de-lit-king-size\/\"]}]},{\"@type\":\"ImageObject\",\"inLanguage\":\"fr-FR\",\"@id\":\"https:\/\/secretofsamui.com\/fr\/produit\/ensemble-de-lit-king-size\/#primaryimage\",\"url\":\"https:\/\/secretofsamui.com\/wp-content\/uploads\/2024\/07\/Bed-Set-King-Size.jpeg\",\"contentUrl\":\"https:\/\/secretofsamui.com\/wp-content\/uploads\/2024\/07\/Bed-Set-King-Size.jpeg\",\"width\":1472,\"height\":832},{\"@type\":\"BreadcrumbList\",\"@id\":\"https:\/\/secretofsamui.com\/fr\/produit\/ensemble-de-lit-king-size\/#breadcrumb\",\"itemListElement\":[{\"@type\":\"ListItem\",\"position\":1,\"name\":\"Home\",\"item\":\"https:\/\/secretofsamui.com\/fr\/accueil\/\"},{\"@type\":\"ListItem\",\"position\":2,\"name\":\"Boutique\",\"item\":\"https:\/\/secretofsamui.com\/boutique\/\"},{\"@type\":\"ListItem\",\"position\":3,\"name\":\"Ensemble de lit King Size\"}]},{\"@type\":\"WebSite\",\"@id\":\"https:\/\/secretofsamui.com\/fr\/#website\",\"url\":\"https:\/\/secretofsamui.com\/fr\/\",\"name\":\"Secret of Samui - Natural and Homemade cosmestic\",\"description\":\"\",\"potentialAction\":[{\"@type\":\"SearchAction\",\"target\":{\"@type\":\"EntryPoint\",\"urlTemplate\":\"https:\/\/secretofsamui.com\/fr\/?s={search_term_string}\"},\"query-input\":{\"@type\":\"PropertyValueSpecification\",\"valueRequired\":true,\"valueName\":\"search_term_string\"}}],\"inLanguage\":\"fr-FR\"}]}<\/script>\n<!-- \/ Yoast SEO plugin. -->","yoast_head_json":{"title":"Ensemble de lit King Size - Secret of Samui - Natural and Homemade cosmestic","description":"Am\u00e9liorez votre exp\u00e9rience de sommeil avec notre ensemble de literie de luxe King Size - White Stripe Edition. Con\u00e7u pour le confort et la sophistication, cet ensemble de 4 pi\u00e8ces.","robots":{"index":"index","follow":"follow","max-snippet":"max-snippet:-1","max-image-preview":"max-image-preview:large","max-video-preview":"max-video-preview:-1"},"canonical":"https:\/\/secretofsamui.com\/fr\/produit\/ensemble-de-lit-king-size\/","og_locale":"fr_FR","og_type":"article","og_title":"Ensemble de lit King Size - Secret of Samui - Natural and Homemade cosmestic","og_description":"Am\u00e9liorez votre exp\u00e9rience de sommeil avec notre ensemble de literie de luxe King Size - White Stripe Edition. Con\u00e7u pour le confort et la sophistication, cet ensemble de 4 pi\u00e8ces.","og_url":"https:\/\/secretofsamui.com\/fr\/produit\/ensemble-de-lit-king-size\/","og_site_name":"Secret of Samui - Natural and Homemade cosmestic","article_modified_time":"2026-01-26T02:27:22+00:00","og_image":[{"width":1472,"height":832,"url":"https:\/\/secretofsamui.com\/wp-content\/uploads\/2024\/07\/Bed-Set-King-Size.jpeg","type":"image\/jpeg"}],"twitter_card":"summary_large_image","twitter_misc":{"Dur\u00e9e de lecture estim\u00e9e":"1 minute"},"schema":{"@context":"https:\/\/schema.org","@graph":[{"@type":"WebPage","@id":"https:\/\/secretofsamui.com\/fr\/produit\/ensemble-de-lit-king-size\/","url":"https:\/\/secretofsamui.com\/fr\/produit\/ensemble-de-lit-king-size\/","name":"Ensemble de lit King Size - Secret of Samui - Natural and Homemade cosmestic","isPartOf":{"@id":"https:\/\/secretofsamui.com\/fr\/#website"},"primaryImageOfPage":{"@id":"https:\/\/secretofsamui.com\/fr\/produit\/ensemble-de-lit-king-size\/#primaryimage"},"image":{"@id":"https:\/\/secretofsamui.com\/fr\/produit\/ensemble-de-lit-king-size\/#primaryimage"},"thumbnailUrl":"https:\/\/secretofsamui.com\/wp-content\/uploads\/2024\/07\/Bed-Set-King-Size.jpeg","datePublished":"2024-07-17T02:27:49+00:00","dateModified":"2026-01-26T02:27:22+00:00","description":"Am\u00e9liorez votre exp\u00e9rience de sommeil avec notre ensemble de literie de luxe King Size - White Stripe Edition. Con\u00e7u pour le confort et la sophistication, cet ensemble de 4 pi\u00e8ces.","breadcrumb":{"@id":"https:\/\/secretofsamui.com\/fr\/produit\/ensemble-de-lit-king-size\/#breadcrumb"},"inLanguage":"fr-FR","potentialAction":[{"@type":"ReadAction","target":["https:\/\/secretofsamui.com\/fr\/produit\/ensemble-de-lit-king-size\/"]}]},{"@type":"ImageObject","inLanguage":"fr-FR","@id":"https:\/\/secretofsamui.com\/fr\/produit\/ensemble-de-lit-king-size\/#primaryimage","url":"https:\/\/secretofsamui.com\/wp-content\/uploads\/2024\/07\/Bed-Set-King-Size.jpeg","contentUrl":"https:\/\/secretofsamui.com\/wp-content\/uploads\/2024\/07\/Bed-Set-King-Size.jpeg","width":1472,"height":832},{"@type":"BreadcrumbList","@id":"https:\/\/secretofsamui.com\/fr\/produit\/ensemble-de-lit-king-size\/#breadcrumb","itemListElement":[{"@type":"ListItem","position":1,"name":"Home","item":"https:\/\/secretofsamui.com\/fr\/accueil\/"},{"@type":"ListItem","position":2,"name":"Boutique","item":"https:\/\/secretofsamui.com\/boutique\/"},{"@type":"ListItem","position":3,"name":"Ensemble de lit King Size"}]},{"@type":"WebSite","@id":"https:\/\/secretofsamui.com\/fr\/#website","url":"https:\/\/secretofsamui.com\/fr\/","name":"Secret of Samui - Natural and Homemade cosmestic","description":"","potentialAction":[{"@type":"SearchAction","target":{"@type":"EntryPoint","urlTemplate":"https:\/\/secretofsamui.com\/fr\/?s={search_term_string}"},"query-input":{"@type":"PropertyValueSpecification","valueRequired":true,"valueName":"search_term_string"}}],"inLanguage":"fr-FR"}]}},"_links":{"self":[{"href":"https:\/\/secretofsamui.com\/fr\/wp-json\/wp\/v2\/product\/103063","targetHints":{"allow":["GET"]}}],"collection":[{"href":"https:\/\/secretofsamui.com\/fr\/wp-json\/wp\/v2\/product"}],"about":[{"href":"https:\/\/secretofsamui.com\/fr\/wp-json\/wp\/v2\/types\/product"}],"wp:featuredmedia":[{"embeddable":true,"href":"https:\/\/secretofsamui.com\/fr\/wp-json\/wp\/v2\/media\/103618"}],"wp:attachment":[{"href":"https:\/\/secretofsamui.com\/fr\/wp-json\/wp\/v2\/media?parent=103063"}],"wp:term":[{"taxonomy":"product_brand","embeddable":true,"href":"https:\/\/secretofsamui.com\/fr\/wp-json\/wp\/v2\/product_brand?post=103063"},{"taxonomy":"product_cat","embeddable":true,"href":"https:\/\/secretofsamui.com\/fr\/wp-json\/wp\/v2\/product_cat?post=103063"},{"taxonomy":"product_tag","embeddable":true,"href":"https:\/\/secretofsamui.com\/fr\/wp-json\/wp\/v2\/product_tag?post=103063"}],"curies":[{"name":"wp","href":"https:\/\/api.w.org\/{rel}","templated":true}]}}