{"id":103062,"date":"2024-07-17T02:27:49","date_gmt":"2024-07-17T02:27:49","guid":{"rendered":"https:\/\/secretofsamui.com\/product\/huile-de-parfum\/"},"modified":"2024-12-11T07:12:55","modified_gmt":"2024-12-11T07:12:55","slug":"huile-de-parfum","status":"publish","type":"product","link":"https:\/\/secretofsamui.com\/fr\/produit\/huile-de-parfum\/","title":{"rendered":"Huile de parfum"},"content":{"rendered":"<p>Les huiles de parfum sont des huiles manufactur\u00e9es d\u00e9velopp\u00e9es pour leurs senteurs agr\u00e9ables.<\/p>\n<p>Elles ne doivent pas \u00eatre confondues avec les huiles essentielles.<\/p>\n<p>Les huiles de parfum, \u00e9galement appel\u00e9es huiles \u00e0 br\u00fbler ou huiles parfum\u00e9es, peuvent \u00eatre utilis\u00e9es dans la fabrication de parfums en spray pour le corps, de bougies parfum\u00e9es, de sprays pour tissus, de d\u00e9sodorisants, de sticks pour la climatisation, de parfums dans les cosm\u00e9tiques&#8230;<\/p>\n","protected":false},"excerpt":{"rendered":"<p>Les huiles de parfum sont des huiles manufactur\u00e9es d\u00e9velopp\u00e9es pour leurs senteurs agr\u00e9ables.<\/p>\n<p>Elles ne doivent pas \u00eatre confondues avec les huiles essentielles.<\/p>\n","protected":false},"featured_media":102558,"template":"","meta":{"_acf_changed":false,"_et_pb_use_builder":"","_et_pb_old_content":"","_et_gb_content_width":""},"product_brand":[],"product_cat":[440],"product_tag":[464],"class_list":{"0":"post-103062","1":"product","2":"type-product","3":"status-publish","4":"has-post-thumbnail","6":"product_cat-parfums-dinterieur","7":"product_tag-pas-de-fda","9":"first","10":"instock","11":"taxable","12":"shipping-taxable","13":"purchasable","14":"product-type-variable","15":"has-default-attributes"},"acf":[],"yoast_head":"<!-- This site is optimized with the Yoast SEO plugin v27.2 - https:\/\/yoast.com\/product\/yoast-seo-wordpress\/ -->\n<title>Huile de parfum - Secret of Samui - Natural and Homemade cosmestic<\/title>\n<meta name=\"description\" content=\"Les huiles de parfum sont des huiles manufactur\u00e9es d\u00e9velopp\u00e9es pour leurs senteurs agr\u00e9ables. Elles ne doivent pas \u00eatre confondues avec les huiles essentielles.\" \/>\n<meta name=\"robots\" content=\"index, follow, max-snippet:-1, max-image-preview:large, max-video-preview:-1\" \/>\n<link rel=\"canonical\" href=\"https:\/\/secretofsamui.com\/fr\/produit\/huile-de-parfum\/\" \/>\n<meta property=\"og:locale\" content=\"fr_FR\" \/>\n<meta property=\"og:type\" content=\"article\" \/>\n<meta property=\"og:title\" content=\"Huile de parfum - Secret of Samui - Natural and Homemade cosmestic\" \/>\n<meta property=\"og:description\" content=\"Les huiles de parfum sont des huiles manufactur\u00e9es d\u00e9velopp\u00e9es pour leurs senteurs agr\u00e9ables. Elles ne doivent pas \u00eatre confondues avec les huiles essentielles.\" \/>\n<meta property=\"og:url\" content=\"https:\/\/secretofsamui.com\/fr\/produit\/huile-de-parfum\/\" \/>\n<meta property=\"og:site_name\" content=\"Secret of Samui - Natural and Homemade cosmestic\" \/>\n<meta property=\"article:modified_time\" content=\"2024-12-11T07:12:55+00:00\" \/>\n<meta property=\"og:image\" content=\"https:\/\/secretofsamui.com\/wp-content\/uploads\/2024\/07\/4e9218_17fa751d502e41ac82b8509a5b5723eemv2.jpg\" \/>\n\t<meta property=\"og:image:width\" content=\"751\" \/>\n\t<meta property=\"og:image:height\" content=\"751\" \/>\n\t<meta property=\"og:image:type\" content=\"image\/jpeg\" \/>\n<meta name=\"twitter:card\" content=\"summary_large_image\" \/>\n<script type=\"application\/ld+json\" class=\"yoast-schema-graph\">{\"@context\":\"https:\/\/schema.org\",\"@graph\":[{\"@type\":\"WebPage\",\"@id\":\"https:\/\/secretofsamui.com\/fr\/produit\/huile-de-parfum\/\",\"url\":\"https:\/\/secretofsamui.com\/fr\/produit\/huile-de-parfum\/\",\"name\":\"Huile de parfum - Secret of Samui - Natural and Homemade cosmestic\",\"isPartOf\":{\"@id\":\"https:\/\/secretofsamui.com\/fr\/#website\"},\"primaryImageOfPage\":{\"@id\":\"https:\/\/secretofsamui.com\/fr\/produit\/huile-de-parfum\/#primaryimage\"},\"image\":{\"@id\":\"https:\/\/secretofsamui.com\/fr\/produit\/huile-de-parfum\/#primaryimage\"},\"thumbnailUrl\":\"https:\/\/secretofsamui.com\/wp-content\/uploads\/2024\/07\/4e9218_17fa751d502e41ac82b8509a5b5723eemv2.jpg\",\"datePublished\":\"2024-07-17T02:27:49+00:00\",\"dateModified\":\"2024-12-11T07:12:55+00:00\",\"description\":\"Les huiles de parfum sont des huiles manufactur\u00e9es d\u00e9velopp\u00e9es pour leurs senteurs agr\u00e9ables. Elles ne doivent pas \u00eatre confondues avec les huiles essentielles.\",\"breadcrumb\":{\"@id\":\"https:\/\/secretofsamui.com\/fr\/produit\/huile-de-parfum\/#breadcrumb\"},\"inLanguage\":\"fr-FR\",\"potentialAction\":[{\"@type\":\"ReadAction\",\"target\":[\"https:\/\/secretofsamui.com\/fr\/produit\/huile-de-parfum\/\"]}]},{\"@type\":\"ImageObject\",\"inLanguage\":\"fr-FR\",\"@id\":\"https:\/\/secretofsamui.com\/fr\/produit\/huile-de-parfum\/#primaryimage\",\"url\":\"https:\/\/secretofsamui.com\/wp-content\/uploads\/2024\/07\/4e9218_17fa751d502e41ac82b8509a5b5723eemv2.jpg\",\"contentUrl\":\"https:\/\/secretofsamui.com\/wp-content\/uploads\/2024\/07\/4e9218_17fa751d502e41ac82b8509a5b5723eemv2.jpg\",\"width\":751,\"height\":751,\"caption\":\"Fragrance Oil - Jasmine\"},{\"@type\":\"BreadcrumbList\",\"@id\":\"https:\/\/secretofsamui.com\/fr\/produit\/huile-de-parfum\/#breadcrumb\",\"itemListElement\":[{\"@type\":\"ListItem\",\"position\":1,\"name\":\"Home\",\"item\":\"https:\/\/secretofsamui.com\/fr\/accueil\/\"},{\"@type\":\"ListItem\",\"position\":2,\"name\":\"Boutique\",\"item\":\"https:\/\/secretofsamui.com\/boutique\/\"},{\"@type\":\"ListItem\",\"position\":3,\"name\":\"Huile de parfum\"}]},{\"@type\":\"WebSite\",\"@id\":\"https:\/\/secretofsamui.com\/fr\/#website\",\"url\":\"https:\/\/secretofsamui.com\/fr\/\",\"name\":\"Secret of Samui - Natural and Homemade cosmestic\",\"description\":\"\",\"potentialAction\":[{\"@type\":\"SearchAction\",\"target\":{\"@type\":\"EntryPoint\",\"urlTemplate\":\"https:\/\/secretofsamui.com\/fr\/?s={search_term_string}\"},\"query-input\":{\"@type\":\"PropertyValueSpecification\",\"valueRequired\":true,\"valueName\":\"search_term_string\"}}],\"inLanguage\":\"fr-FR\"}]}<\/script>\n<!-- \/ Yoast SEO plugin. -->","yoast_head_json":{"title":"Huile de parfum - Secret of Samui - Natural and Homemade cosmestic","description":"Les huiles de parfum sont des huiles manufactur\u00e9es d\u00e9velopp\u00e9es pour leurs senteurs agr\u00e9ables. Elles ne doivent pas \u00eatre confondues avec les huiles essentielles.","robots":{"index":"index","follow":"follow","max-snippet":"max-snippet:-1","max-image-preview":"max-image-preview:large","max-video-preview":"max-video-preview:-1"},"canonical":"https:\/\/secretofsamui.com\/fr\/produit\/huile-de-parfum\/","og_locale":"fr_FR","og_type":"article","og_title":"Huile de parfum - Secret of Samui - Natural and Homemade cosmestic","og_description":"Les huiles de parfum sont des huiles manufactur\u00e9es d\u00e9velopp\u00e9es pour leurs senteurs agr\u00e9ables. Elles ne doivent pas \u00eatre confondues avec les huiles essentielles.","og_url":"https:\/\/secretofsamui.com\/fr\/produit\/huile-de-parfum\/","og_site_name":"Secret of Samui - Natural and Homemade cosmestic","article_modified_time":"2024-12-11T07:12:55+00:00","og_image":[{"width":751,"height":751,"url":"https:\/\/secretofsamui.com\/wp-content\/uploads\/2024\/07\/4e9218_17fa751d502e41ac82b8509a5b5723eemv2.jpg","type":"image\/jpeg"}],"twitter_card":"summary_large_image","schema":{"@context":"https:\/\/schema.org","@graph":[{"@type":"WebPage","@id":"https:\/\/secretofsamui.com\/fr\/produit\/huile-de-parfum\/","url":"https:\/\/secretofsamui.com\/fr\/produit\/huile-de-parfum\/","name":"Huile de parfum - Secret of Samui - Natural and Homemade cosmestic","isPartOf":{"@id":"https:\/\/secretofsamui.com\/fr\/#website"},"primaryImageOfPage":{"@id":"https:\/\/secretofsamui.com\/fr\/produit\/huile-de-parfum\/#primaryimage"},"image":{"@id":"https:\/\/secretofsamui.com\/fr\/produit\/huile-de-parfum\/#primaryimage"},"thumbnailUrl":"https:\/\/secretofsamui.com\/wp-content\/uploads\/2024\/07\/4e9218_17fa751d502e41ac82b8509a5b5723eemv2.jpg","datePublished":"2024-07-17T02:27:49+00:00","dateModified":"2024-12-11T07:12:55+00:00","description":"Les huiles de parfum sont des huiles manufactur\u00e9es d\u00e9velopp\u00e9es pour leurs senteurs agr\u00e9ables. Elles ne doivent pas \u00eatre confondues avec les huiles essentielles.","breadcrumb":{"@id":"https:\/\/secretofsamui.com\/fr\/produit\/huile-de-parfum\/#breadcrumb"},"inLanguage":"fr-FR","potentialAction":[{"@type":"ReadAction","target":["https:\/\/secretofsamui.com\/fr\/produit\/huile-de-parfum\/"]}]},{"@type":"ImageObject","inLanguage":"fr-FR","@id":"https:\/\/secretofsamui.com\/fr\/produit\/huile-de-parfum\/#primaryimage","url":"https:\/\/secretofsamui.com\/wp-content\/uploads\/2024\/07\/4e9218_17fa751d502e41ac82b8509a5b5723eemv2.jpg","contentUrl":"https:\/\/secretofsamui.com\/wp-content\/uploads\/2024\/07\/4e9218_17fa751d502e41ac82b8509a5b5723eemv2.jpg","width":751,"height":751,"caption":"Fragrance Oil - Jasmine"},{"@type":"BreadcrumbList","@id":"https:\/\/secretofsamui.com\/fr\/produit\/huile-de-parfum\/#breadcrumb","itemListElement":[{"@type":"ListItem","position":1,"name":"Home","item":"https:\/\/secretofsamui.com\/fr\/accueil\/"},{"@type":"ListItem","position":2,"name":"Boutique","item":"https:\/\/secretofsamui.com\/boutique\/"},{"@type":"ListItem","position":3,"name":"Huile de parfum"}]},{"@type":"WebSite","@id":"https:\/\/secretofsamui.com\/fr\/#website","url":"https:\/\/secretofsamui.com\/fr\/","name":"Secret of Samui - Natural and Homemade cosmestic","description":"","potentialAction":[{"@type":"SearchAction","target":{"@type":"EntryPoint","urlTemplate":"https:\/\/secretofsamui.com\/fr\/?s={search_term_string}"},"query-input":{"@type":"PropertyValueSpecification","valueRequired":true,"valueName":"search_term_string"}}],"inLanguage":"fr-FR"}]}},"_links":{"self":[{"href":"https:\/\/secretofsamui.com\/fr\/wp-json\/wp\/v2\/product\/103062","targetHints":{"allow":["GET"]}}],"collection":[{"href":"https:\/\/secretofsamui.com\/fr\/wp-json\/wp\/v2\/product"}],"about":[{"href":"https:\/\/secretofsamui.com\/fr\/wp-json\/wp\/v2\/types\/product"}],"wp:featuredmedia":[{"embeddable":true,"href":"https:\/\/secretofsamui.com\/fr\/wp-json\/wp\/v2\/media\/102558"}],"wp:attachment":[{"href":"https:\/\/secretofsamui.com\/fr\/wp-json\/wp\/v2\/media?parent=103062"}],"wp:term":[{"taxonomy":"product_brand","embeddable":true,"href":"https:\/\/secretofsamui.com\/fr\/wp-json\/wp\/v2\/product_brand?post=103062"},{"taxonomy":"product_cat","embeddable":true,"href":"https:\/\/secretofsamui.com\/fr\/wp-json\/wp\/v2\/product_cat?post=103062"},{"taxonomy":"product_tag","embeddable":true,"href":"https:\/\/secretofsamui.com\/fr\/wp-json\/wp\/v2\/product_tag?post=103062"}],"curies":[{"name":"wp","href":"https:\/\/api.w.org\/{rel}","templated":true}]}}