{"id":103042,"date":"2024-07-17T02:27:49","date_gmt":"2024-07-17T02:27:49","guid":{"rendered":"https:\/\/secretofsamui.com\/product\/taie-doreiller\/"},"modified":"2025-09-25T08:13:21","modified_gmt":"2025-09-25T08:13:21","slug":"taie-doreiller","status":"publish","type":"product","link":"https:\/\/secretofsamui.com\/fr\/produit\/taie-doreiller\/","title":{"rendered":"Taie d&rsquo;oreiller"},"content":{"rendered":"<p>Apportez une \u00e9l\u00e9gance intemporelle \u00e0 votre literie avec la <strong>taie d&rsquo;oreiller Prestige 250 Stripe<\/strong>, con\u00e7ue dans un blanc \u00e9clatant avec un tissage ray\u00e9 subtil pour une touche raffin\u00e9e.<\/p>\n<p>Mesurant 20\u2033 x 30\u2033 x 6\u2033, il s&rsquo;adapte parfaitement aux oreillers standard tout en ajoutant un aspect luxueux et poli \u00e0 votre chambre \u00e0 coucher ou \u00e0 votre chambre d&rsquo;amis. Fabriqu\u00e9 dans un tissu doux et respirant, il offre un confort et une durabilit\u00e9 durables, id\u00e9al pour un usage personnel ou professionnel. <\/p>\n<ul>\n<li>Haute qualit\u00e9, 250 fils au pouce carr\u00e9<\/li>\n<li>Finition \u00e9l\u00e9gante \u00e0 rayures ton sur ton<\/li>\n<li>Doux, respirant et facile \u00e0 entretenir<\/li>\n<li>Id\u00e9al pour les maisons, les h\u00f4tels, les villas et les spas<\/li>\n<\/ul>\n<p>N&rsquo;h\u00e9sitez pas \u00e0 <a href=\"https:\/\/secretofsamui.com\/contact-us\/\">nous contacter<\/a> par e-mail pour les h\u00f4tels, les villas, les spas et les commandes en gros.<\/p>\n","protected":false},"excerpt":{"rendered":"<p>Taie d&rsquo;oreiller blanche Prestige 250TC \u00e0 rayures subtiles &#8211; 20\u2033 x 30\u2033 x 6\u2033. El\u00e9gante, douce et de qualit\u00e9 h\u00f4teli\u00e8re. <\/p>\n","protected":false},"featured_media":102633,"template":"","meta":{"_acf_changed":false,"_et_pb_use_builder":"","_et_pb_old_content":"","_et_gb_content_width":""},"product_brand":[],"product_cat":[439],"product_tag":[464],"class_list":{"0":"post-103042","1":"product","2":"type-product","3":"status-publish","4":"has-post-thumbnail","6":"product_cat-linge","7":"product_tag-pas-de-fda","9":"first","10":"instock","11":"taxable","12":"shipping-taxable","13":"purchasable","14":"product-type-simple"},"acf":[],"yoast_head":"<!-- This site is optimized with the Yoast SEO plugin v27.2 - https:\/\/yoast.com\/product\/yoast-seo-wordpress\/ -->\n<title>Taie d&#039;oreiller - Secret of Samui - Natural and Homemade cosmestic<\/title>\n<meta name=\"description\" content=\"Apportez une \u00e9l\u00e9gance intemporelle \u00e0 votre literie avec la taie d&#039;oreiller Prestige 250 Stripe, con\u00e7ue dans un blanc \u00e9clatant avec un tissage ray\u00e9 subtil pour une touche raffin\u00e9e.\" \/>\n<meta name=\"robots\" content=\"index, follow, max-snippet:-1, max-image-preview:large, max-video-preview:-1\" \/>\n<link rel=\"canonical\" href=\"https:\/\/secretofsamui.com\/fr\/produit\/taie-doreiller\/\" \/>\n<meta property=\"og:locale\" content=\"fr_FR\" \/>\n<meta property=\"og:type\" content=\"article\" \/>\n<meta property=\"og:title\" content=\"Taie d&#039;oreiller - Secret of Samui - Natural and Homemade cosmestic\" \/>\n<meta property=\"og:description\" content=\"Apportez une \u00e9l\u00e9gance intemporelle \u00e0 votre literie avec la taie d&#039;oreiller Prestige 250 Stripe, con\u00e7ue dans un blanc \u00e9clatant avec un tissage ray\u00e9 subtil pour une touche raffin\u00e9e.\" \/>\n<meta property=\"og:url\" content=\"https:\/\/secretofsamui.com\/fr\/produit\/taie-doreiller\/\" \/>\n<meta property=\"og:site_name\" content=\"Secret of Samui - Natural and Homemade cosmestic\" \/>\n<meta property=\"article:modified_time\" content=\"2025-09-25T08:13:21+00:00\" \/>\n<meta property=\"og:image\" content=\"https:\/\/secretofsamui.com\/wp-content\/uploads\/2024\/07\/4e9218_7bc4d24e64624a33b8e329b5e76c520emv2.jpg\" \/>\n\t<meta property=\"og:image:width\" content=\"1128\" \/>\n\t<meta property=\"og:image:height\" content=\"1128\" \/>\n\t<meta property=\"og:image:type\" content=\"image\/jpeg\" \/>\n<meta name=\"twitter:card\" content=\"summary_large_image\" \/>\n<meta name=\"twitter:label1\" content=\"Dur\u00e9e de lecture estim\u00e9e\" \/>\n\t<meta name=\"twitter:data1\" content=\"1 minute\" \/>\n<script type=\"application\/ld+json\" class=\"yoast-schema-graph\">{\"@context\":\"https:\/\/schema.org\",\"@graph\":[{\"@type\":\"WebPage\",\"@id\":\"https:\/\/secretofsamui.com\/fr\/produit\/taie-doreiller\/\",\"url\":\"https:\/\/secretofsamui.com\/fr\/produit\/taie-doreiller\/\",\"name\":\"Taie d'oreiller - Secret of Samui - Natural and Homemade cosmestic\",\"isPartOf\":{\"@id\":\"https:\/\/secretofsamui.com\/fr\/#website\"},\"primaryImageOfPage\":{\"@id\":\"https:\/\/secretofsamui.com\/fr\/produit\/taie-doreiller\/#primaryimage\"},\"image\":{\"@id\":\"https:\/\/secretofsamui.com\/fr\/produit\/taie-doreiller\/#primaryimage\"},\"thumbnailUrl\":\"https:\/\/secretofsamui.com\/wp-content\/uploads\/2024\/07\/4e9218_7bc4d24e64624a33b8e329b5e76c520emv2.jpg\",\"datePublished\":\"2024-07-17T02:27:49+00:00\",\"dateModified\":\"2025-09-25T08:13:21+00:00\",\"description\":\"Apportez une \u00e9l\u00e9gance intemporelle \u00e0 votre literie avec la taie d'oreiller Prestige 250 Stripe, con\u00e7ue dans un blanc \u00e9clatant avec un tissage ray\u00e9 subtil pour une touche raffin\u00e9e.\",\"breadcrumb\":{\"@id\":\"https:\/\/secretofsamui.com\/fr\/produit\/taie-doreiller\/#breadcrumb\"},\"inLanguage\":\"fr-FR\",\"potentialAction\":[{\"@type\":\"ReadAction\",\"target\":[\"https:\/\/secretofsamui.com\/fr\/produit\/taie-doreiller\/\"]}]},{\"@type\":\"ImageObject\",\"inLanguage\":\"fr-FR\",\"@id\":\"https:\/\/secretofsamui.com\/fr\/produit\/taie-doreiller\/#primaryimage\",\"url\":\"https:\/\/secretofsamui.com\/wp-content\/uploads\/2024\/07\/4e9218_7bc4d24e64624a33b8e329b5e76c520emv2.jpg\",\"contentUrl\":\"https:\/\/secretofsamui.com\/wp-content\/uploads\/2024\/07\/4e9218_7bc4d24e64624a33b8e329b5e76c520emv2.jpg\",\"width\":1128,\"height\":1128,\"caption\":\"Pillow Case\"},{\"@type\":\"BreadcrumbList\",\"@id\":\"https:\/\/secretofsamui.com\/fr\/produit\/taie-doreiller\/#breadcrumb\",\"itemListElement\":[{\"@type\":\"ListItem\",\"position\":1,\"name\":\"Home\",\"item\":\"https:\/\/secretofsamui.com\/fr\/accueil\/\"},{\"@type\":\"ListItem\",\"position\":2,\"name\":\"Boutique\",\"item\":\"https:\/\/secretofsamui.com\/boutique\/\"},{\"@type\":\"ListItem\",\"position\":3,\"name\":\"Taie d&rsquo;oreiller\"}]},{\"@type\":\"WebSite\",\"@id\":\"https:\/\/secretofsamui.com\/fr\/#website\",\"url\":\"https:\/\/secretofsamui.com\/fr\/\",\"name\":\"Secret of Samui - Natural and Homemade cosmestic\",\"description\":\"\",\"potentialAction\":[{\"@type\":\"SearchAction\",\"target\":{\"@type\":\"EntryPoint\",\"urlTemplate\":\"https:\/\/secretofsamui.com\/fr\/?s={search_term_string}\"},\"query-input\":{\"@type\":\"PropertyValueSpecification\",\"valueRequired\":true,\"valueName\":\"search_term_string\"}}],\"inLanguage\":\"fr-FR\"}]}<\/script>\n<!-- \/ Yoast SEO plugin. -->","yoast_head_json":{"title":"Taie d'oreiller - Secret of Samui - Natural and Homemade cosmestic","description":"Apportez une \u00e9l\u00e9gance intemporelle \u00e0 votre literie avec la taie d'oreiller Prestige 250 Stripe, con\u00e7ue dans un blanc \u00e9clatant avec un tissage ray\u00e9 subtil pour une touche raffin\u00e9e.","robots":{"index":"index","follow":"follow","max-snippet":"max-snippet:-1","max-image-preview":"max-image-preview:large","max-video-preview":"max-video-preview:-1"},"canonical":"https:\/\/secretofsamui.com\/fr\/produit\/taie-doreiller\/","og_locale":"fr_FR","og_type":"article","og_title":"Taie d'oreiller - Secret of Samui - Natural and Homemade cosmestic","og_description":"Apportez une \u00e9l\u00e9gance intemporelle \u00e0 votre literie avec la taie d'oreiller Prestige 250 Stripe, con\u00e7ue dans un blanc \u00e9clatant avec un tissage ray\u00e9 subtil pour une touche raffin\u00e9e.","og_url":"https:\/\/secretofsamui.com\/fr\/produit\/taie-doreiller\/","og_site_name":"Secret of Samui - Natural and Homemade cosmestic","article_modified_time":"2025-09-25T08:13:21+00:00","og_image":[{"width":1128,"height":1128,"url":"https:\/\/secretofsamui.com\/wp-content\/uploads\/2024\/07\/4e9218_7bc4d24e64624a33b8e329b5e76c520emv2.jpg","type":"image\/jpeg"}],"twitter_card":"summary_large_image","twitter_misc":{"Dur\u00e9e de lecture estim\u00e9e":"1 minute"},"schema":{"@context":"https:\/\/schema.org","@graph":[{"@type":"WebPage","@id":"https:\/\/secretofsamui.com\/fr\/produit\/taie-doreiller\/","url":"https:\/\/secretofsamui.com\/fr\/produit\/taie-doreiller\/","name":"Taie d'oreiller - Secret of Samui - Natural and Homemade cosmestic","isPartOf":{"@id":"https:\/\/secretofsamui.com\/fr\/#website"},"primaryImageOfPage":{"@id":"https:\/\/secretofsamui.com\/fr\/produit\/taie-doreiller\/#primaryimage"},"image":{"@id":"https:\/\/secretofsamui.com\/fr\/produit\/taie-doreiller\/#primaryimage"},"thumbnailUrl":"https:\/\/secretofsamui.com\/wp-content\/uploads\/2024\/07\/4e9218_7bc4d24e64624a33b8e329b5e76c520emv2.jpg","datePublished":"2024-07-17T02:27:49+00:00","dateModified":"2025-09-25T08:13:21+00:00","description":"Apportez une \u00e9l\u00e9gance intemporelle \u00e0 votre literie avec la taie d'oreiller Prestige 250 Stripe, con\u00e7ue dans un blanc \u00e9clatant avec un tissage ray\u00e9 subtil pour une touche raffin\u00e9e.","breadcrumb":{"@id":"https:\/\/secretofsamui.com\/fr\/produit\/taie-doreiller\/#breadcrumb"},"inLanguage":"fr-FR","potentialAction":[{"@type":"ReadAction","target":["https:\/\/secretofsamui.com\/fr\/produit\/taie-doreiller\/"]}]},{"@type":"ImageObject","inLanguage":"fr-FR","@id":"https:\/\/secretofsamui.com\/fr\/produit\/taie-doreiller\/#primaryimage","url":"https:\/\/secretofsamui.com\/wp-content\/uploads\/2024\/07\/4e9218_7bc4d24e64624a33b8e329b5e76c520emv2.jpg","contentUrl":"https:\/\/secretofsamui.com\/wp-content\/uploads\/2024\/07\/4e9218_7bc4d24e64624a33b8e329b5e76c520emv2.jpg","width":1128,"height":1128,"caption":"Pillow Case"},{"@type":"BreadcrumbList","@id":"https:\/\/secretofsamui.com\/fr\/produit\/taie-doreiller\/#breadcrumb","itemListElement":[{"@type":"ListItem","position":1,"name":"Home","item":"https:\/\/secretofsamui.com\/fr\/accueil\/"},{"@type":"ListItem","position":2,"name":"Boutique","item":"https:\/\/secretofsamui.com\/boutique\/"},{"@type":"ListItem","position":3,"name":"Taie d&rsquo;oreiller"}]},{"@type":"WebSite","@id":"https:\/\/secretofsamui.com\/fr\/#website","url":"https:\/\/secretofsamui.com\/fr\/","name":"Secret of Samui - Natural and Homemade cosmestic","description":"","potentialAction":[{"@type":"SearchAction","target":{"@type":"EntryPoint","urlTemplate":"https:\/\/secretofsamui.com\/fr\/?s={search_term_string}"},"query-input":{"@type":"PropertyValueSpecification","valueRequired":true,"valueName":"search_term_string"}}],"inLanguage":"fr-FR"}]}},"_links":{"self":[{"href":"https:\/\/secretofsamui.com\/fr\/wp-json\/wp\/v2\/product\/103042","targetHints":{"allow":["GET"]}}],"collection":[{"href":"https:\/\/secretofsamui.com\/fr\/wp-json\/wp\/v2\/product"}],"about":[{"href":"https:\/\/secretofsamui.com\/fr\/wp-json\/wp\/v2\/types\/product"}],"wp:featuredmedia":[{"embeddable":true,"href":"https:\/\/secretofsamui.com\/fr\/wp-json\/wp\/v2\/media\/102633"}],"wp:attachment":[{"href":"https:\/\/secretofsamui.com\/fr\/wp-json\/wp\/v2\/media?parent=103042"}],"wp:term":[{"taxonomy":"product_brand","embeddable":true,"href":"https:\/\/secretofsamui.com\/fr\/wp-json\/wp\/v2\/product_brand?post=103042"},{"taxonomy":"product_cat","embeddable":true,"href":"https:\/\/secretofsamui.com\/fr\/wp-json\/wp\/v2\/product_cat?post=103042"},{"taxonomy":"product_tag","embeddable":true,"href":"https:\/\/secretofsamui.com\/fr\/wp-json\/wp\/v2\/product_tag?post=103042"}],"curies":[{"name":"wp","href":"https:\/\/api.w.org\/{rel}","templated":true}]}}