{"id":103025,"date":"2024-07-17T02:27:50","date_gmt":"2024-07-17T02:27:50","guid":{"rendered":"https:\/\/secretofsamui.com\/product\/plateau-en-bois-de-teck\/"},"modified":"2025-03-10T08:01:46","modified_gmt":"2025-03-10T08:01:46","slug":"plateau-en-bois-de-teck","status":"publish","type":"product","link":"https:\/\/secretofsamui.com\/fr\/produit\/plateau-en-bois-de-teck\/","title":{"rendered":"Plateau en bois de teck"},"content":{"rendered":"<p>Ajoutez une touche \u00e9l\u00e9gante et naturelle \u00e0 votre int\u00e9rieur avec notre plateau en bois de teck. Parfaitement assorti \u00e0 notre b\u00e2ton d&rsquo;encens naturel, vous obtiendrez une atmosph\u00e8re calme et paisible \u00e0 la maison. <\/p>\n","protected":false},"excerpt":{"rendered":"<p>Ajoutez une touche \u00e9l\u00e9gante et naturelle \u00e0 votre int\u00e9rieur avec notre plateau en bois de teck. Parfaitement assorti \u00e0 notre b\u00e2ton d&rsquo;encens naturel, vous obtiendrez une atmosph\u00e8re calme et paisible \u00e0 la maison.<\/p>\n","protected":false},"featured_media":102655,"template":"","meta":{"_acf_changed":false,"_et_pb_use_builder":"","_et_pb_old_content":"","_et_gb_content_width":""},"product_brand":[],"product_cat":[440],"product_tag":[464],"class_list":{"0":"post-103025","1":"product","2":"type-product","3":"status-publish","4":"has-post-thumbnail","6":"product_cat-parfums-dinterieur","7":"product_tag-pas-de-fda","9":"first","10":"instock","11":"taxable","12":"shipping-taxable","13":"purchasable","14":"product-type-variable","15":"has-default-attributes"},"acf":[],"yoast_head":"<!-- This site is optimized with the Yoast SEO plugin v27.2 - https:\/\/yoast.com\/product\/yoast-seo-wordpress\/ -->\n<title>Plateau en bois de teck - Secret of Samui - Natural and Homemade cosmestic<\/title>\n<meta name=\"robots\" content=\"index, follow, max-snippet:-1, max-image-preview:large, max-video-preview:-1\" \/>\n<link rel=\"canonical\" href=\"https:\/\/secretofsamui.com\/fr\/produit\/plateau-en-bois-de-teck\/\" \/>\n<meta property=\"og:locale\" content=\"fr_FR\" \/>\n<meta property=\"og:type\" content=\"article\" \/>\n<meta property=\"og:title\" content=\"Plateau en bois de teck - Secret of Samui - Natural and Homemade cosmestic\" \/>\n<meta property=\"og:description\" content=\"Ajoutez une touche \u00e9l\u00e9gante et naturelle \u00e0 votre int\u00e9rieur avec notre plateau en bois de teck. Parfaitement assorti \u00e0 notre b\u00e2ton d&rsquo;encens naturel, vous obtiendrez une atmosph\u00e8re calme et paisible \u00e0 la maison.\" \/>\n<meta property=\"og:url\" content=\"https:\/\/secretofsamui.com\/fr\/produit\/plateau-en-bois-de-teck\/\" \/>\n<meta property=\"og:site_name\" content=\"Secret of Samui - Natural and Homemade cosmestic\" \/>\n<meta property=\"article:modified_time\" content=\"2025-03-10T08:01:46+00:00\" \/>\n<meta property=\"og:image\" content=\"https:\/\/secretofsamui.com\/wp-content\/uploads\/2024\/07\/4e9218_0e70b00128f54aeab2f2ac84b2506ebcmv2.jpg\" \/>\n\t<meta property=\"og:image:width\" content=\"751\" \/>\n\t<meta property=\"og:image:height\" content=\"751\" \/>\n\t<meta property=\"og:image:type\" content=\"image\/jpeg\" \/>\n<meta name=\"twitter:card\" content=\"summary_large_image\" \/>\n<script type=\"application\/ld+json\" class=\"yoast-schema-graph\">{\"@context\":\"https:\/\/schema.org\",\"@graph\":[{\"@type\":\"WebPage\",\"@id\":\"https:\/\/secretofsamui.com\/fr\/produit\/plateau-en-bois-de-teck\/\",\"url\":\"https:\/\/secretofsamui.com\/fr\/produit\/plateau-en-bois-de-teck\/\",\"name\":\"Plateau en bois de teck - Secret of Samui - Natural and Homemade cosmestic\",\"isPartOf\":{\"@id\":\"https:\/\/secretofsamui.com\/fr\/#website\"},\"primaryImageOfPage\":{\"@id\":\"https:\/\/secretofsamui.com\/fr\/produit\/plateau-en-bois-de-teck\/#primaryimage\"},\"image\":{\"@id\":\"https:\/\/secretofsamui.com\/fr\/produit\/plateau-en-bois-de-teck\/#primaryimage\"},\"thumbnailUrl\":\"https:\/\/secretofsamui.com\/wp-content\/uploads\/2024\/07\/4e9218_0e70b00128f54aeab2f2ac84b2506ebcmv2.jpg\",\"datePublished\":\"2024-07-17T02:27:50+00:00\",\"dateModified\":\"2025-03-10T08:01:46+00:00\",\"breadcrumb\":{\"@id\":\"https:\/\/secretofsamui.com\/fr\/produit\/plateau-en-bois-de-teck\/#breadcrumb\"},\"inLanguage\":\"fr-FR\",\"potentialAction\":[{\"@type\":\"ReadAction\",\"target\":[\"https:\/\/secretofsamui.com\/fr\/produit\/plateau-en-bois-de-teck\/\"]}]},{\"@type\":\"ImageObject\",\"inLanguage\":\"fr-FR\",\"@id\":\"https:\/\/secretofsamui.com\/fr\/produit\/plateau-en-bois-de-teck\/#primaryimage\",\"url\":\"https:\/\/secretofsamui.com\/wp-content\/uploads\/2024\/07\/4e9218_0e70b00128f54aeab2f2ac84b2506ebcmv2.jpg\",\"contentUrl\":\"https:\/\/secretofsamui.com\/wp-content\/uploads\/2024\/07\/4e9218_0e70b00128f54aeab2f2ac84b2506ebcmv2.jpg\",\"width\":751,\"height\":751,\"caption\":\"Teak Wood Tray\"},{\"@type\":\"BreadcrumbList\",\"@id\":\"https:\/\/secretofsamui.com\/fr\/produit\/plateau-en-bois-de-teck\/#breadcrumb\",\"itemListElement\":[{\"@type\":\"ListItem\",\"position\":1,\"name\":\"Home\",\"item\":\"https:\/\/secretofsamui.com\/fr\/accueil\/\"},{\"@type\":\"ListItem\",\"position\":2,\"name\":\"Boutique\",\"item\":\"https:\/\/secretofsamui.com\/boutique\/\"},{\"@type\":\"ListItem\",\"position\":3,\"name\":\"Plateau en bois de teck\"}]},{\"@type\":\"WebSite\",\"@id\":\"https:\/\/secretofsamui.com\/fr\/#website\",\"url\":\"https:\/\/secretofsamui.com\/fr\/\",\"name\":\"Secret of Samui - Natural and Homemade cosmestic\",\"description\":\"\",\"potentialAction\":[{\"@type\":\"SearchAction\",\"target\":{\"@type\":\"EntryPoint\",\"urlTemplate\":\"https:\/\/secretofsamui.com\/fr\/?s={search_term_string}\"},\"query-input\":{\"@type\":\"PropertyValueSpecification\",\"valueRequired\":true,\"valueName\":\"search_term_string\"}}],\"inLanguage\":\"fr-FR\"}]}<\/script>\n<!-- \/ Yoast SEO plugin. -->","yoast_head_json":{"title":"Plateau en bois de teck - Secret of Samui - Natural and Homemade cosmestic","robots":{"index":"index","follow":"follow","max-snippet":"max-snippet:-1","max-image-preview":"max-image-preview:large","max-video-preview":"max-video-preview:-1"},"canonical":"https:\/\/secretofsamui.com\/fr\/produit\/plateau-en-bois-de-teck\/","og_locale":"fr_FR","og_type":"article","og_title":"Plateau en bois de teck - Secret of Samui - Natural and Homemade cosmestic","og_description":"Ajoutez une touche \u00e9l\u00e9gante et naturelle \u00e0 votre int\u00e9rieur avec notre plateau en bois de teck. Parfaitement assorti \u00e0 notre b\u00e2ton d&rsquo;encens naturel, vous obtiendrez une atmosph\u00e8re calme et paisible \u00e0 la maison.","og_url":"https:\/\/secretofsamui.com\/fr\/produit\/plateau-en-bois-de-teck\/","og_site_name":"Secret of Samui - Natural and Homemade cosmestic","article_modified_time":"2025-03-10T08:01:46+00:00","og_image":[{"width":751,"height":751,"url":"https:\/\/secretofsamui.com\/wp-content\/uploads\/2024\/07\/4e9218_0e70b00128f54aeab2f2ac84b2506ebcmv2.jpg","type":"image\/jpeg"}],"twitter_card":"summary_large_image","schema":{"@context":"https:\/\/schema.org","@graph":[{"@type":"WebPage","@id":"https:\/\/secretofsamui.com\/fr\/produit\/plateau-en-bois-de-teck\/","url":"https:\/\/secretofsamui.com\/fr\/produit\/plateau-en-bois-de-teck\/","name":"Plateau en bois de teck - Secret of Samui - Natural and Homemade cosmestic","isPartOf":{"@id":"https:\/\/secretofsamui.com\/fr\/#website"},"primaryImageOfPage":{"@id":"https:\/\/secretofsamui.com\/fr\/produit\/plateau-en-bois-de-teck\/#primaryimage"},"image":{"@id":"https:\/\/secretofsamui.com\/fr\/produit\/plateau-en-bois-de-teck\/#primaryimage"},"thumbnailUrl":"https:\/\/secretofsamui.com\/wp-content\/uploads\/2024\/07\/4e9218_0e70b00128f54aeab2f2ac84b2506ebcmv2.jpg","datePublished":"2024-07-17T02:27:50+00:00","dateModified":"2025-03-10T08:01:46+00:00","breadcrumb":{"@id":"https:\/\/secretofsamui.com\/fr\/produit\/plateau-en-bois-de-teck\/#breadcrumb"},"inLanguage":"fr-FR","potentialAction":[{"@type":"ReadAction","target":["https:\/\/secretofsamui.com\/fr\/produit\/plateau-en-bois-de-teck\/"]}]},{"@type":"ImageObject","inLanguage":"fr-FR","@id":"https:\/\/secretofsamui.com\/fr\/produit\/plateau-en-bois-de-teck\/#primaryimage","url":"https:\/\/secretofsamui.com\/wp-content\/uploads\/2024\/07\/4e9218_0e70b00128f54aeab2f2ac84b2506ebcmv2.jpg","contentUrl":"https:\/\/secretofsamui.com\/wp-content\/uploads\/2024\/07\/4e9218_0e70b00128f54aeab2f2ac84b2506ebcmv2.jpg","width":751,"height":751,"caption":"Teak Wood Tray"},{"@type":"BreadcrumbList","@id":"https:\/\/secretofsamui.com\/fr\/produit\/plateau-en-bois-de-teck\/#breadcrumb","itemListElement":[{"@type":"ListItem","position":1,"name":"Home","item":"https:\/\/secretofsamui.com\/fr\/accueil\/"},{"@type":"ListItem","position":2,"name":"Boutique","item":"https:\/\/secretofsamui.com\/boutique\/"},{"@type":"ListItem","position":3,"name":"Plateau en bois de teck"}]},{"@type":"WebSite","@id":"https:\/\/secretofsamui.com\/fr\/#website","url":"https:\/\/secretofsamui.com\/fr\/","name":"Secret of Samui - Natural and Homemade cosmestic","description":"","potentialAction":[{"@type":"SearchAction","target":{"@type":"EntryPoint","urlTemplate":"https:\/\/secretofsamui.com\/fr\/?s={search_term_string}"},"query-input":{"@type":"PropertyValueSpecification","valueRequired":true,"valueName":"search_term_string"}}],"inLanguage":"fr-FR"}]}},"_links":{"self":[{"href":"https:\/\/secretofsamui.com\/fr\/wp-json\/wp\/v2\/product\/103025","targetHints":{"allow":["GET"]}}],"collection":[{"href":"https:\/\/secretofsamui.com\/fr\/wp-json\/wp\/v2\/product"}],"about":[{"href":"https:\/\/secretofsamui.com\/fr\/wp-json\/wp\/v2\/types\/product"}],"wp:featuredmedia":[{"embeddable":true,"href":"https:\/\/secretofsamui.com\/fr\/wp-json\/wp\/v2\/media\/102655"}],"wp:attachment":[{"href":"https:\/\/secretofsamui.com\/fr\/wp-json\/wp\/v2\/media?parent=103025"}],"wp:term":[{"taxonomy":"product_brand","embeddable":true,"href":"https:\/\/secretofsamui.com\/fr\/wp-json\/wp\/v2\/product_brand?post=103025"},{"taxonomy":"product_cat","embeddable":true,"href":"https:\/\/secretofsamui.com\/fr\/wp-json\/wp\/v2\/product_cat?post=103025"},{"taxonomy":"product_tag","embeddable":true,"href":"https:\/\/secretofsamui.com\/fr\/wp-json\/wp\/v2\/product_tag?post=103025"}],"curies":[{"name":"wp","href":"https:\/\/api.w.org\/{rel}","templated":true}]}}