{"id":103017,"date":"2024-07-17T02:27:50","date_gmt":"2024-07-17T02:27:50","guid":{"rendered":"https:\/\/secretofsamui.com\/product\/serviette-de-compression-pour-plateau-en-bois-de-teck\/"},"modified":"2025-09-25T08:11:56","modified_gmt":"2025-09-25T08:11:56","slug":"serviette-de-compression-pour-plateau-en-bois-de-teck","status":"publish","type":"product","link":"https:\/\/secretofsamui.com\/fr\/produit\/serviette-de-compression-pour-plateau-en-bois-de-teck\/","title":{"rendered":"Serviette Comprim\u00e9e pour plateau en bois de teck"},"content":{"rendered":"<p>Nos serviettes compress\u00e9es pour plateaux en teck sont une fa\u00e7on simple et raffin\u00e9e d&rsquo;offrir un moment de fra\u00eecheur et de confort. Compacte et hygi\u00e9nique, chaque serviette se dilate instantan\u00e9ment apr\u00e8s l&rsquo;ajout de quelques gouttes d&rsquo;eau chaude, pr\u00eate \u00e0 \u00eatre utilis\u00e9e en quelques secondes. <\/p>\n<p>Parfaites pour les h\u00f4tels, les villas, les restaurants, les spas ou les \u00e9v\u00e9nements, elles rehaussent l&rsquo;exp\u00e9rience des clients en leur apportant une touche originale et r\u00e9fl\u00e9chie.<\/p>\n<ul>\n<li>Format compress\u00e9 des serviettes<\/li>\n<li>Activ\u00e9 avec de l&rsquo;eau chaude<\/li>\n<li>Pratique, propre et pr\u00eat \u00e0 l&#8217;emploi<\/li>\n<li>Id\u00e9al pour les plateaux de pr\u00e9sentation en teck<\/li>\n<li>Vendu en paquets de 20 pi\u00e8ces<\/li>\n<\/ul>\n","protected":false},"excerpt":{"rendered":"<p>Serviettes compress\u00e9es pour plateau en bois de teck, ajoutez simplement de l&rsquo;eau pour une exp\u00e9rience rafra\u00eechissante. Vendues par paquets de 20. Id\u00e9al pour l&rsquo;h\u00f4tellerie.  <\/p>\n","protected":false},"featured_media":103982,"template":"","meta":{"_acf_changed":false,"_et_pb_use_builder":"","_et_pb_old_content":"","_et_gb_content_width":""},"product_brand":[],"product_cat":[440],"product_tag":[464],"class_list":{"0":"post-103017","1":"product","2":"type-product","3":"status-publish","4":"has-post-thumbnail","6":"product_cat-parfums-dinterieur","7":"product_tag-pas-de-fda","9":"first","10":"instock","11":"taxable","12":"shipping-taxable","13":"purchasable","14":"product-type-simple"},"acf":[],"yoast_head":"<!-- This site is optimized with the Yoast SEO plugin v27.2 - https:\/\/yoast.com\/product\/yoast-seo-wordpress\/ -->\n<title>Serviette Comprim\u00e9e pour plateau en bois de teck - Secret of Samui - Natural and Homemade cosmestic<\/title>\n<meta name=\"description\" content=\"Nos serviettes compress\u00e9es pour plateaux en teck sont une fa\u00e7on simple et raffin\u00e9e d&#039;offrir un moment de fra\u00eecheur et de confort. Compactes et hygi\u00e9niques.\" \/>\n<meta name=\"robots\" content=\"index, follow, max-snippet:-1, max-image-preview:large, max-video-preview:-1\" \/>\n<link rel=\"canonical\" href=\"https:\/\/secretofsamui.com\/fr\/produit\/serviette-de-compression-pour-plateau-en-bois-de-teck\/\" \/>\n<meta property=\"og:locale\" content=\"fr_FR\" \/>\n<meta property=\"og:type\" content=\"article\" \/>\n<meta property=\"og:title\" content=\"Serviette Comprim\u00e9e pour plateau en bois de teck - Secret of Samui - Natural and Homemade cosmestic\" \/>\n<meta property=\"og:description\" content=\"Nos serviettes compress\u00e9es pour plateaux en teck sont une fa\u00e7on simple et raffin\u00e9e d&#039;offrir un moment de fra\u00eecheur et de confort. Compactes et hygi\u00e9niques.\" \/>\n<meta property=\"og:url\" content=\"https:\/\/secretofsamui.com\/fr\/produit\/serviette-de-compression-pour-plateau-en-bois-de-teck\/\" \/>\n<meta property=\"og:site_name\" content=\"Secret of Samui - Natural and Homemade cosmestic\" \/>\n<meta property=\"article:modified_time\" content=\"2025-09-25T08:11:56+00:00\" \/>\n<meta property=\"og:image\" content=\"https:\/\/secretofsamui.com\/wp-content\/uploads\/2024\/07\/Compress-Towel-for-Teak-Wood-Tray.png\" \/>\n\t<meta property=\"og:image:width\" content=\"1024\" \/>\n\t<meta property=\"og:image:height\" content=\"1024\" \/>\n\t<meta property=\"og:image:type\" content=\"image\/png\" \/>\n<meta name=\"twitter:card\" content=\"summary_large_image\" \/>\n<meta name=\"twitter:label1\" content=\"Dur\u00e9e de lecture estim\u00e9e\" \/>\n\t<meta name=\"twitter:data1\" content=\"1 minute\" \/>\n<script type=\"application\/ld+json\" class=\"yoast-schema-graph\">{\"@context\":\"https:\/\/schema.org\",\"@graph\":[{\"@type\":\"WebPage\",\"@id\":\"https:\/\/secretofsamui.com\/fr\/produit\/serviette-de-compression-pour-plateau-en-bois-de-teck\/\",\"url\":\"https:\/\/secretofsamui.com\/fr\/produit\/serviette-de-compression-pour-plateau-en-bois-de-teck\/\",\"name\":\"Serviette Comprim\u00e9e pour plateau en bois de teck - Secret of Samui - Natural and Homemade cosmestic\",\"isPartOf\":{\"@id\":\"https:\/\/secretofsamui.com\/fr\/#website\"},\"primaryImageOfPage\":{\"@id\":\"https:\/\/secretofsamui.com\/fr\/produit\/serviette-de-compression-pour-plateau-en-bois-de-teck\/#primaryimage\"},\"image\":{\"@id\":\"https:\/\/secretofsamui.com\/fr\/produit\/serviette-de-compression-pour-plateau-en-bois-de-teck\/#primaryimage\"},\"thumbnailUrl\":\"https:\/\/secretofsamui.com\/wp-content\/uploads\/2024\/07\/Compress-Towel-for-Teak-Wood-Tray.png\",\"datePublished\":\"2024-07-17T02:27:50+00:00\",\"dateModified\":\"2025-09-25T08:11:56+00:00\",\"description\":\"Nos serviettes compress\u00e9es pour plateaux en teck sont une fa\u00e7on simple et raffin\u00e9e d'offrir un moment de fra\u00eecheur et de confort. Compactes et hygi\u00e9niques.\",\"breadcrumb\":{\"@id\":\"https:\/\/secretofsamui.com\/fr\/produit\/serviette-de-compression-pour-plateau-en-bois-de-teck\/#breadcrumb\"},\"inLanguage\":\"fr-FR\",\"potentialAction\":[{\"@type\":\"ReadAction\",\"target\":[\"https:\/\/secretofsamui.com\/fr\/produit\/serviette-de-compression-pour-plateau-en-bois-de-teck\/\"]}]},{\"@type\":\"ImageObject\",\"inLanguage\":\"fr-FR\",\"@id\":\"https:\/\/secretofsamui.com\/fr\/produit\/serviette-de-compression-pour-plateau-en-bois-de-teck\/#primaryimage\",\"url\":\"https:\/\/secretofsamui.com\/wp-content\/uploads\/2024\/07\/Compress-Towel-for-Teak-Wood-Tray.png\",\"contentUrl\":\"https:\/\/secretofsamui.com\/wp-content\/uploads\/2024\/07\/Compress-Towel-for-Teak-Wood-Tray.png\",\"width\":1024,\"height\":1024,\"caption\":\"Compress Towel for Teak Wood Tray\"},{\"@type\":\"BreadcrumbList\",\"@id\":\"https:\/\/secretofsamui.com\/fr\/produit\/serviette-de-compression-pour-plateau-en-bois-de-teck\/#breadcrumb\",\"itemListElement\":[{\"@type\":\"ListItem\",\"position\":1,\"name\":\"Home\",\"item\":\"https:\/\/secretofsamui.com\/fr\/accueil\/\"},{\"@type\":\"ListItem\",\"position\":2,\"name\":\"Boutique\",\"item\":\"https:\/\/secretofsamui.com\/boutique\/\"},{\"@type\":\"ListItem\",\"position\":3,\"name\":\"Serviette Comprim\u00e9e pour plateau en bois de teck\"}]},{\"@type\":\"WebSite\",\"@id\":\"https:\/\/secretofsamui.com\/fr\/#website\",\"url\":\"https:\/\/secretofsamui.com\/fr\/\",\"name\":\"Secret of Samui - Natural and Homemade cosmestic\",\"description\":\"\",\"potentialAction\":[{\"@type\":\"SearchAction\",\"target\":{\"@type\":\"EntryPoint\",\"urlTemplate\":\"https:\/\/secretofsamui.com\/fr\/?s={search_term_string}\"},\"query-input\":{\"@type\":\"PropertyValueSpecification\",\"valueRequired\":true,\"valueName\":\"search_term_string\"}}],\"inLanguage\":\"fr-FR\"}]}<\/script>\n<!-- \/ Yoast SEO plugin. -->","yoast_head_json":{"title":"Serviette Comprim\u00e9e pour plateau en bois de teck - Secret of Samui - Natural and Homemade cosmestic","description":"Nos serviettes compress\u00e9es pour plateaux en teck sont une fa\u00e7on simple et raffin\u00e9e d'offrir un moment de fra\u00eecheur et de confort. Compactes et hygi\u00e9niques.","robots":{"index":"index","follow":"follow","max-snippet":"max-snippet:-1","max-image-preview":"max-image-preview:large","max-video-preview":"max-video-preview:-1"},"canonical":"https:\/\/secretofsamui.com\/fr\/produit\/serviette-de-compression-pour-plateau-en-bois-de-teck\/","og_locale":"fr_FR","og_type":"article","og_title":"Serviette Comprim\u00e9e pour plateau en bois de teck - Secret of Samui - Natural and Homemade cosmestic","og_description":"Nos serviettes compress\u00e9es pour plateaux en teck sont une fa\u00e7on simple et raffin\u00e9e d'offrir un moment de fra\u00eecheur et de confort. Compactes et hygi\u00e9niques.","og_url":"https:\/\/secretofsamui.com\/fr\/produit\/serviette-de-compression-pour-plateau-en-bois-de-teck\/","og_site_name":"Secret of Samui - Natural and Homemade cosmestic","article_modified_time":"2025-09-25T08:11:56+00:00","og_image":[{"url":"https:\/\/secretofsamui.com\/wp-content\/uploads\/2024\/07\/Compress-Towel-for-Teak-Wood-Tray.png","width":1024,"height":1024,"type":"image\/png"}],"twitter_card":"summary_large_image","twitter_misc":{"Dur\u00e9e de lecture estim\u00e9e":"1 minute"},"schema":{"@context":"https:\/\/schema.org","@graph":[{"@type":"WebPage","@id":"https:\/\/secretofsamui.com\/fr\/produit\/serviette-de-compression-pour-plateau-en-bois-de-teck\/","url":"https:\/\/secretofsamui.com\/fr\/produit\/serviette-de-compression-pour-plateau-en-bois-de-teck\/","name":"Serviette Comprim\u00e9e pour plateau en bois de teck - Secret of Samui - Natural and Homemade cosmestic","isPartOf":{"@id":"https:\/\/secretofsamui.com\/fr\/#website"},"primaryImageOfPage":{"@id":"https:\/\/secretofsamui.com\/fr\/produit\/serviette-de-compression-pour-plateau-en-bois-de-teck\/#primaryimage"},"image":{"@id":"https:\/\/secretofsamui.com\/fr\/produit\/serviette-de-compression-pour-plateau-en-bois-de-teck\/#primaryimage"},"thumbnailUrl":"https:\/\/secretofsamui.com\/wp-content\/uploads\/2024\/07\/Compress-Towel-for-Teak-Wood-Tray.png","datePublished":"2024-07-17T02:27:50+00:00","dateModified":"2025-09-25T08:11:56+00:00","description":"Nos serviettes compress\u00e9es pour plateaux en teck sont une fa\u00e7on simple et raffin\u00e9e d'offrir un moment de fra\u00eecheur et de confort. Compactes et hygi\u00e9niques.","breadcrumb":{"@id":"https:\/\/secretofsamui.com\/fr\/produit\/serviette-de-compression-pour-plateau-en-bois-de-teck\/#breadcrumb"},"inLanguage":"fr-FR","potentialAction":[{"@type":"ReadAction","target":["https:\/\/secretofsamui.com\/fr\/produit\/serviette-de-compression-pour-plateau-en-bois-de-teck\/"]}]},{"@type":"ImageObject","inLanguage":"fr-FR","@id":"https:\/\/secretofsamui.com\/fr\/produit\/serviette-de-compression-pour-plateau-en-bois-de-teck\/#primaryimage","url":"https:\/\/secretofsamui.com\/wp-content\/uploads\/2024\/07\/Compress-Towel-for-Teak-Wood-Tray.png","contentUrl":"https:\/\/secretofsamui.com\/wp-content\/uploads\/2024\/07\/Compress-Towel-for-Teak-Wood-Tray.png","width":1024,"height":1024,"caption":"Compress Towel for Teak Wood Tray"},{"@type":"BreadcrumbList","@id":"https:\/\/secretofsamui.com\/fr\/produit\/serviette-de-compression-pour-plateau-en-bois-de-teck\/#breadcrumb","itemListElement":[{"@type":"ListItem","position":1,"name":"Home","item":"https:\/\/secretofsamui.com\/fr\/accueil\/"},{"@type":"ListItem","position":2,"name":"Boutique","item":"https:\/\/secretofsamui.com\/boutique\/"},{"@type":"ListItem","position":3,"name":"Serviette Comprim\u00e9e pour plateau en bois de teck"}]},{"@type":"WebSite","@id":"https:\/\/secretofsamui.com\/fr\/#website","url":"https:\/\/secretofsamui.com\/fr\/","name":"Secret of Samui - Natural and Homemade cosmestic","description":"","potentialAction":[{"@type":"SearchAction","target":{"@type":"EntryPoint","urlTemplate":"https:\/\/secretofsamui.com\/fr\/?s={search_term_string}"},"query-input":{"@type":"PropertyValueSpecification","valueRequired":true,"valueName":"search_term_string"}}],"inLanguage":"fr-FR"}]}},"_links":{"self":[{"href":"https:\/\/secretofsamui.com\/fr\/wp-json\/wp\/v2\/product\/103017","targetHints":{"allow":["GET"]}}],"collection":[{"href":"https:\/\/secretofsamui.com\/fr\/wp-json\/wp\/v2\/product"}],"about":[{"href":"https:\/\/secretofsamui.com\/fr\/wp-json\/wp\/v2\/types\/product"}],"wp:featuredmedia":[{"embeddable":true,"href":"https:\/\/secretofsamui.com\/fr\/wp-json\/wp\/v2\/media\/103982"}],"wp:attachment":[{"href":"https:\/\/secretofsamui.com\/fr\/wp-json\/wp\/v2\/media?parent=103017"}],"wp:term":[{"taxonomy":"product_brand","embeddable":true,"href":"https:\/\/secretofsamui.com\/fr\/wp-json\/wp\/v2\/product_brand?post=103017"},{"taxonomy":"product_cat","embeddable":true,"href":"https:\/\/secretofsamui.com\/fr\/wp-json\/wp\/v2\/product_cat?post=103017"},{"taxonomy":"product_tag","embeddable":true,"href":"https:\/\/secretofsamui.com\/fr\/wp-json\/wp\/v2\/product_tag?post=103017"}],"curies":[{"name":"wp","href":"https:\/\/api.w.org\/{rel}","templated":true}]}}