{"id":103016,"date":"2024-07-17T02:27:49","date_gmt":"2024-07-17T02:27:49","guid":{"rendered":"https:\/\/secretofsamui.com\/product\/peignoir\/"},"modified":"2025-09-25T08:11:58","modified_gmt":"2025-09-25T08:11:58","slug":"peignoir","status":"publish","type":"product","link":"https:\/\/secretofsamui.com\/fr\/produit\/peignoir\/","title":{"rendered":"Peignoir"},"content":{"rendered":"<p><strong>Enveloppez-vous dans un luxe quotidien<\/strong><br \/>\nOffrez-vous un confort in\u00e9gal\u00e9 avec notre peignoir ultra-doux en coton 100 % naturel. Con\u00e7u pour offrir un \u00e9quilibre parfait entre confort et respirabilit\u00e9, il vous enveloppe d&rsquo;une douce chaleur apr\u00e8s chaque bain ou douche. <\/p>\n<p>Que vous vous d\u00e9tendiez \u00e0 la maison, au spa ou dans un centre de vill\u00e9giature, ce peignoir ajoute une touche de raffinement \u00e0 votre routine quotidienne, o\u00f9 l&rsquo;\u00e9l\u00e9gance rencontre la fonctionnalit\u00e9.<\/p>\n<ul>\n<li>100% coton &#8211; doux, absorbant et respectueux de la peau<\/li>\n<li>Coupe intemporelle et d\u00e9contract\u00e9e<\/li>\n<li>Disponible en plusieurs tailles et couleurs classiques<\/li>\n<\/ul>\n","protected":false},"excerpt":{"rendered":"<p>Offrez-vous un confort in\u00e9gal\u00e9 avec notre peignoir doux en 100 % coton. Con\u00e7u pour vous envelopper d&rsquo;une chaleur agr\u00e9able apr\u00e8s le bain ou la douche, il allie \u00e9l\u00e9gance et fonctionnalit\u00e9. <\/p>\n","protected":false},"featured_media":102481,"template":"","meta":{"_acf_changed":false,"_et_pb_use_builder":"off","_et_pb_old_content":"","_et_gb_content_width":""},"product_brand":[],"product_cat":[439],"product_tag":[464],"class_list":{"0":"post-103016","1":"product","2":"type-product","3":"status-publish","4":"has-post-thumbnail","6":"product_cat-linge","7":"product_tag-pas-de-fda","9":"first","10":"instock","11":"taxable","12":"shipping-taxable","13":"purchasable","14":"product-type-variable","15":"has-default-attributes"},"acf":[],"yoast_head":"<!-- This site is optimized with the Yoast SEO plugin v27.3 - https:\/\/yoast.com\/product\/yoast-seo-wordpress\/ -->\n<title>Peignoir - Secret of Samui - Natural and Homemade cosmestic<\/title>\n<meta name=\"description\" content=\"Offrez-vous un confort in\u00e9gal\u00e9 avec notre peignoir ultra-doux en coton 100 % naturel. Con\u00e7u pour offrir un \u00e9quilibre parfait entre.\" \/>\n<meta name=\"robots\" content=\"index, follow, max-snippet:-1, max-image-preview:large, max-video-preview:-1\" \/>\n<link rel=\"canonical\" href=\"https:\/\/secretofsamui.com\/fr\/produit\/peignoir\/\" \/>\n<meta property=\"og:locale\" content=\"fr_FR\" \/>\n<meta property=\"og:type\" content=\"article\" \/>\n<meta property=\"og:title\" content=\"Peignoir - Secret of Samui - Natural and Homemade cosmestic\" \/>\n<meta property=\"og:description\" content=\"Offrez-vous un confort in\u00e9gal\u00e9 avec notre peignoir ultra-doux en coton 100 % naturel. Con\u00e7u pour offrir un \u00e9quilibre parfait entre.\" \/>\n<meta property=\"og:url\" content=\"https:\/\/secretofsamui.com\/fr\/produit\/peignoir\/\" \/>\n<meta property=\"og:site_name\" content=\"Secret of Samui - Natural and Homemade cosmestic\" \/>\n<meta property=\"article:modified_time\" content=\"2025-09-25T08:11:58+00:00\" \/>\n<meta property=\"og:image\" content=\"https:\/\/secretofsamui.com\/wp-content\/uploads\/2024\/07\/4e9218_7b15bfe8ebec47d5b307438607370069mv2.jpg\" \/>\n\t<meta property=\"og:image:width\" content=\"751\" \/>\n\t<meta property=\"og:image:height\" content=\"751\" \/>\n\t<meta property=\"og:image:type\" content=\"image\/jpeg\" \/>\n<meta name=\"twitter:card\" content=\"summary_large_image\" \/>\n<script type=\"application\/ld+json\" class=\"yoast-schema-graph\">{\"@context\":\"https:\\\/\\\/schema.org\",\"@graph\":[{\"@type\":\"WebPage\",\"@id\":\"https:\\\/\\\/secretofsamui.com\\\/fr\\\/produit\\\/peignoir\\\/\",\"url\":\"https:\\\/\\\/secretofsamui.com\\\/fr\\\/produit\\\/peignoir\\\/\",\"name\":\"Peignoir - Secret of Samui - Natural and Homemade cosmestic\",\"isPartOf\":{\"@id\":\"https:\\\/\\\/secretofsamui.com\\\/fr\\\/#website\"},\"primaryImageOfPage\":{\"@id\":\"https:\\\/\\\/secretofsamui.com\\\/fr\\\/produit\\\/peignoir\\\/#primaryimage\"},\"image\":{\"@id\":\"https:\\\/\\\/secretofsamui.com\\\/fr\\\/produit\\\/peignoir\\\/#primaryimage\"},\"thumbnailUrl\":\"https:\\\/\\\/secretofsamui.com\\\/wp-content\\\/uploads\\\/2024\\\/07\\\/4e9218_7b15bfe8ebec47d5b307438607370069mv2.jpg\",\"datePublished\":\"2024-07-17T02:27:49+00:00\",\"dateModified\":\"2025-09-25T08:11:58+00:00\",\"description\":\"Offrez-vous un confort in\u00e9gal\u00e9 avec notre peignoir ultra-doux en coton 100 % naturel. Con\u00e7u pour offrir un \u00e9quilibre parfait entre.\",\"breadcrumb\":{\"@id\":\"https:\\\/\\\/secretofsamui.com\\\/fr\\\/produit\\\/peignoir\\\/#breadcrumb\"},\"inLanguage\":\"fr-FR\",\"potentialAction\":[{\"@type\":\"ReadAction\",\"target\":[\"https:\\\/\\\/secretofsamui.com\\\/fr\\\/produit\\\/peignoir\\\/\"]}]},{\"@type\":\"ImageObject\",\"inLanguage\":\"fr-FR\",\"@id\":\"https:\\\/\\\/secretofsamui.com\\\/fr\\\/produit\\\/peignoir\\\/#primaryimage\",\"url\":\"https:\\\/\\\/secretofsamui.com\\\/wp-content\\\/uploads\\\/2024\\\/07\\\/4e9218_7b15bfe8ebec47d5b307438607370069mv2.jpg\",\"contentUrl\":\"https:\\\/\\\/secretofsamui.com\\\/wp-content\\\/uploads\\\/2024\\\/07\\\/4e9218_7b15bfe8ebec47d5b307438607370069mv2.jpg\",\"width\":751,\"height\":751,\"caption\":\"Bathrobe Waffle\"},{\"@type\":\"BreadcrumbList\",\"@id\":\"https:\\\/\\\/secretofsamui.com\\\/fr\\\/produit\\\/peignoir\\\/#breadcrumb\",\"itemListElement\":[{\"@type\":\"ListItem\",\"position\":1,\"name\":\"Home\",\"item\":\"https:\\\/\\\/secretofsamui.com\\\/fr\\\/accueil\\\/\"},{\"@type\":\"ListItem\",\"position\":2,\"name\":\"Boutique\",\"item\":\"https:\\\/\\\/secretofsamui.com\\\/boutique\\\/\"},{\"@type\":\"ListItem\",\"position\":3,\"name\":\"Peignoir\"}]},{\"@type\":\"WebSite\",\"@id\":\"https:\\\/\\\/secretofsamui.com\\\/fr\\\/#website\",\"url\":\"https:\\\/\\\/secretofsamui.com\\\/fr\\\/\",\"name\":\"Secret of Samui - Natural and Homemade cosmestic\",\"description\":\"\",\"potentialAction\":[{\"@type\":\"SearchAction\",\"target\":{\"@type\":\"EntryPoint\",\"urlTemplate\":\"https:\\\/\\\/secretofsamui.com\\\/fr\\\/?s={search_term_string}\"},\"query-input\":{\"@type\":\"PropertyValueSpecification\",\"valueRequired\":true,\"valueName\":\"search_term_string\"}}],\"inLanguage\":\"fr-FR\"}]}<\/script>\n<!-- \/ Yoast SEO plugin. -->","yoast_head_json":{"title":"Peignoir - Secret of Samui - Natural and Homemade cosmestic","description":"Offrez-vous un confort in\u00e9gal\u00e9 avec notre peignoir ultra-doux en coton 100 % naturel. Con\u00e7u pour offrir un \u00e9quilibre parfait entre.","robots":{"index":"index","follow":"follow","max-snippet":"max-snippet:-1","max-image-preview":"max-image-preview:large","max-video-preview":"max-video-preview:-1"},"canonical":"https:\/\/secretofsamui.com\/fr\/produit\/peignoir\/","og_locale":"fr_FR","og_type":"article","og_title":"Peignoir - Secret of Samui - Natural and Homemade cosmestic","og_description":"Offrez-vous un confort in\u00e9gal\u00e9 avec notre peignoir ultra-doux en coton 100 % naturel. Con\u00e7u pour offrir un \u00e9quilibre parfait entre.","og_url":"https:\/\/secretofsamui.com\/fr\/produit\/peignoir\/","og_site_name":"Secret of Samui - Natural and Homemade cosmestic","article_modified_time":"2025-09-25T08:11:58+00:00","og_image":[{"width":751,"height":751,"url":"https:\/\/secretofsamui.com\/wp-content\/uploads\/2024\/07\/4e9218_7b15bfe8ebec47d5b307438607370069mv2.jpg","type":"image\/jpeg"}],"twitter_card":"summary_large_image","schema":{"@context":"https:\/\/schema.org","@graph":[{"@type":"WebPage","@id":"https:\/\/secretofsamui.com\/fr\/produit\/peignoir\/","url":"https:\/\/secretofsamui.com\/fr\/produit\/peignoir\/","name":"Peignoir - Secret of Samui - Natural and Homemade cosmestic","isPartOf":{"@id":"https:\/\/secretofsamui.com\/fr\/#website"},"primaryImageOfPage":{"@id":"https:\/\/secretofsamui.com\/fr\/produit\/peignoir\/#primaryimage"},"image":{"@id":"https:\/\/secretofsamui.com\/fr\/produit\/peignoir\/#primaryimage"},"thumbnailUrl":"https:\/\/secretofsamui.com\/wp-content\/uploads\/2024\/07\/4e9218_7b15bfe8ebec47d5b307438607370069mv2.jpg","datePublished":"2024-07-17T02:27:49+00:00","dateModified":"2025-09-25T08:11:58+00:00","description":"Offrez-vous un confort in\u00e9gal\u00e9 avec notre peignoir ultra-doux en coton 100 % naturel. Con\u00e7u pour offrir un \u00e9quilibre parfait entre.","breadcrumb":{"@id":"https:\/\/secretofsamui.com\/fr\/produit\/peignoir\/#breadcrumb"},"inLanguage":"fr-FR","potentialAction":[{"@type":"ReadAction","target":["https:\/\/secretofsamui.com\/fr\/produit\/peignoir\/"]}]},{"@type":"ImageObject","inLanguage":"fr-FR","@id":"https:\/\/secretofsamui.com\/fr\/produit\/peignoir\/#primaryimage","url":"https:\/\/secretofsamui.com\/wp-content\/uploads\/2024\/07\/4e9218_7b15bfe8ebec47d5b307438607370069mv2.jpg","contentUrl":"https:\/\/secretofsamui.com\/wp-content\/uploads\/2024\/07\/4e9218_7b15bfe8ebec47d5b307438607370069mv2.jpg","width":751,"height":751,"caption":"Bathrobe Waffle"},{"@type":"BreadcrumbList","@id":"https:\/\/secretofsamui.com\/fr\/produit\/peignoir\/#breadcrumb","itemListElement":[{"@type":"ListItem","position":1,"name":"Home","item":"https:\/\/secretofsamui.com\/fr\/accueil\/"},{"@type":"ListItem","position":2,"name":"Boutique","item":"https:\/\/secretofsamui.com\/boutique\/"},{"@type":"ListItem","position":3,"name":"Peignoir"}]},{"@type":"WebSite","@id":"https:\/\/secretofsamui.com\/fr\/#website","url":"https:\/\/secretofsamui.com\/fr\/","name":"Secret of Samui - Natural and Homemade cosmestic","description":"","potentialAction":[{"@type":"SearchAction","target":{"@type":"EntryPoint","urlTemplate":"https:\/\/secretofsamui.com\/fr\/?s={search_term_string}"},"query-input":{"@type":"PropertyValueSpecification","valueRequired":true,"valueName":"search_term_string"}}],"inLanguage":"fr-FR"}]}},"_links":{"self":[{"href":"https:\/\/secretofsamui.com\/fr\/wp-json\/wp\/v2\/product\/103016","targetHints":{"allow":["GET"]}}],"collection":[{"href":"https:\/\/secretofsamui.com\/fr\/wp-json\/wp\/v2\/product"}],"about":[{"href":"https:\/\/secretofsamui.com\/fr\/wp-json\/wp\/v2\/types\/product"}],"wp:featuredmedia":[{"embeddable":true,"href":"https:\/\/secretofsamui.com\/fr\/wp-json\/wp\/v2\/media\/102481"}],"wp:attachment":[{"href":"https:\/\/secretofsamui.com\/fr\/wp-json\/wp\/v2\/media?parent=103016"}],"wp:term":[{"taxonomy":"product_brand","embeddable":true,"href":"https:\/\/secretofsamui.com\/fr\/wp-json\/wp\/v2\/product_brand?post=103016"},{"taxonomy":"product_cat","embeddable":true,"href":"https:\/\/secretofsamui.com\/fr\/wp-json\/wp\/v2\/product_cat?post=103016"},{"taxonomy":"product_tag","embeddable":true,"href":"https:\/\/secretofsamui.com\/fr\/wp-json\/wp\/v2\/product_tag?post=103016"}],"curies":[{"name":"wp","href":"https:\/\/api.w.org\/{rel}","templated":true}]}}