{"id":103012,"date":"2024-07-17T02:27:50","date_gmt":"2024-07-17T02:27:50","guid":{"rendered":"https:\/\/secretofsamui.com\/product\/pantoufle\/"},"modified":"2025-09-25T08:12:00","modified_gmt":"2025-09-25T08:12:00","slug":"pantoufle","status":"publish","type":"product","link":"https:\/\/secretofsamui.com\/fr\/produit\/pantoufle\/","title":{"rendered":"Pantoufle"},"content":{"rendered":"<p>Nos <strong>pantoufles douillettes<\/strong> sont con\u00e7ues pour vous offrir un v\u00e9ritable moment de d\u00e9tente. L\u00e9g\u00e8res, douces et faciles \u00e0 porter, elles sont le compagnon id\u00e9al pour se d\u00e9tendre \u00e0 la maison, accueillir des invit\u00e9s ou offrir une touche d&rsquo;hospitalit\u00e9 chaleureuse dans les h\u00f4tels, les villas ou les spas. <\/p>\n<p>La semelle antid\u00e9rapante garantit la s\u00e9curit\u00e9, tandis que la doublure int\u00e9rieure douce garde vos pieds au chaud et \u00e0 l&rsquo;aise tout au long de la journ\u00e9e.<\/p>\n<ul>\n<li>Confortable et respirant<\/li>\n<li>L\u00e9ger et facile \u00e0 enfiler<\/li>\n<li>Id\u00e9al pour la maison, le spa, l&rsquo;h\u00f4tel ou les invit\u00e9s<\/li>\n<li>Une conception \u00e0 taille unique<\/li>\n<\/ul>\n<p>Pour un marquage personnalis\u00e9, des couleurs ou des commandes en gros pour des h\u00f4tels, des villas ou des centres de bien-\u00eatre, <a href=\"https:\/\/secretofsamui.com\/contact-us\/\">contactez-nous<\/a> directement par e-mail pour un devis personnalis\u00e9.<\/p>\n","protected":false},"excerpt":{"rendered":"<p>Des pantoufles douces et confortables &#8211; parfaites pour se d\u00e9tendre \u00e0 la maison ou accueillir des invit\u00e9s avec confort et style.<\/p>\n","protected":false},"featured_media":102654,"template":"","meta":{"_acf_changed":false,"_et_pb_use_builder":"","_et_pb_old_content":"","_et_gb_content_width":""},"product_brand":[],"product_cat":[439],"product_tag":[464],"class_list":{"0":"post-103012","1":"product","2":"type-product","3":"status-publish","4":"has-post-thumbnail","6":"product_cat-linge","7":"product_tag-pas-de-fda","9":"first","10":"instock","11":"taxable","12":"shipping-taxable","13":"purchasable","14":"product-type-variable","15":"has-default-attributes"},"acf":[],"yoast_head":"<!-- This site is optimized with the Yoast SEO plugin v27.3 - https:\/\/yoast.com\/product\/yoast-seo-wordpress\/ -->\n<title>Pantoufle - Secret of Samui - Natural and Homemade cosmestic<\/title>\n<meta name=\"description\" content=\"Nos pantoufles douillettes sont con\u00e7ues pour vous offrir un v\u00e9ritable moment de d\u00e9tente. L\u00e9g\u00e8res, douces et faciles \u00e0 porter, elles sont le compagnon id\u00e9al.\" \/>\n<meta name=\"robots\" content=\"index, follow, max-snippet:-1, max-image-preview:large, max-video-preview:-1\" \/>\n<link rel=\"canonical\" href=\"https:\/\/secretofsamui.com\/fr\/produit\/pantoufle\/\" \/>\n<meta property=\"og:locale\" content=\"fr_FR\" \/>\n<meta property=\"og:type\" content=\"article\" \/>\n<meta property=\"og:title\" content=\"Pantoufle - Secret of Samui - Natural and Homemade cosmestic\" \/>\n<meta property=\"og:description\" content=\"Nos pantoufles douillettes sont con\u00e7ues pour vous offrir un v\u00e9ritable moment de d\u00e9tente. L\u00e9g\u00e8res, douces et faciles \u00e0 porter, elles sont le compagnon id\u00e9al.\" \/>\n<meta property=\"og:url\" content=\"https:\/\/secretofsamui.com\/fr\/produit\/pantoufle\/\" \/>\n<meta property=\"og:site_name\" content=\"Secret of Samui - Natural and Homemade cosmestic\" \/>\n<meta property=\"article:modified_time\" content=\"2025-09-25T08:12:00+00:00\" \/>\n<meta property=\"og:image\" content=\"https:\/\/secretofsamui.com\/wp-content\/uploads\/2024\/07\/4e9218_82397b609b894188b3698514be3a32d4mv2.jpg\" \/>\n\t<meta property=\"og:image:width\" content=\"1108\" \/>\n\t<meta property=\"og:image:height\" content=\"1108\" \/>\n\t<meta property=\"og:image:type\" content=\"image\/jpeg\" \/>\n<meta name=\"twitter:card\" content=\"summary_large_image\" \/>\n<meta name=\"twitter:label1\" content=\"Dur\u00e9e de lecture estim\u00e9e\" \/>\n\t<meta name=\"twitter:data1\" content=\"1 minute\" \/>\n<script type=\"application\/ld+json\" class=\"yoast-schema-graph\">{\"@context\":\"https:\\\/\\\/schema.org\",\"@graph\":[{\"@type\":\"WebPage\",\"@id\":\"https:\\\/\\\/secretofsamui.com\\\/fr\\\/produit\\\/pantoufle\\\/\",\"url\":\"https:\\\/\\\/secretofsamui.com\\\/fr\\\/produit\\\/pantoufle\\\/\",\"name\":\"Pantoufle - Secret of Samui - Natural and Homemade cosmestic\",\"isPartOf\":{\"@id\":\"https:\\\/\\\/secretofsamui.com\\\/fr\\\/#website\"},\"primaryImageOfPage\":{\"@id\":\"https:\\\/\\\/secretofsamui.com\\\/fr\\\/produit\\\/pantoufle\\\/#primaryimage\"},\"image\":{\"@id\":\"https:\\\/\\\/secretofsamui.com\\\/fr\\\/produit\\\/pantoufle\\\/#primaryimage\"},\"thumbnailUrl\":\"https:\\\/\\\/secretofsamui.com\\\/wp-content\\\/uploads\\\/2024\\\/07\\\/4e9218_82397b609b894188b3698514be3a32d4mv2.jpg\",\"datePublished\":\"2024-07-17T02:27:50+00:00\",\"dateModified\":\"2025-09-25T08:12:00+00:00\",\"description\":\"Nos pantoufles douillettes sont con\u00e7ues pour vous offrir un v\u00e9ritable moment de d\u00e9tente. L\u00e9g\u00e8res, douces et faciles \u00e0 porter, elles sont le compagnon id\u00e9al.\",\"breadcrumb\":{\"@id\":\"https:\\\/\\\/secretofsamui.com\\\/fr\\\/produit\\\/pantoufle\\\/#breadcrumb\"},\"inLanguage\":\"fr-FR\",\"potentialAction\":[{\"@type\":\"ReadAction\",\"target\":[\"https:\\\/\\\/secretofsamui.com\\\/fr\\\/produit\\\/pantoufle\\\/\"]}]},{\"@type\":\"ImageObject\",\"inLanguage\":\"fr-FR\",\"@id\":\"https:\\\/\\\/secretofsamui.com\\\/fr\\\/produit\\\/pantoufle\\\/#primaryimage\",\"url\":\"https:\\\/\\\/secretofsamui.com\\\/wp-content\\\/uploads\\\/2024\\\/07\\\/4e9218_82397b609b894188b3698514be3a32d4mv2.jpg\",\"contentUrl\":\"https:\\\/\\\/secretofsamui.com\\\/wp-content\\\/uploads\\\/2024\\\/07\\\/4e9218_82397b609b894188b3698514be3a32d4mv2.jpg\",\"width\":1108,\"height\":1108,\"caption\":\"Slipper Waffle\"},{\"@type\":\"BreadcrumbList\",\"@id\":\"https:\\\/\\\/secretofsamui.com\\\/fr\\\/produit\\\/pantoufle\\\/#breadcrumb\",\"itemListElement\":[{\"@type\":\"ListItem\",\"position\":1,\"name\":\"Home\",\"item\":\"https:\\\/\\\/secretofsamui.com\\\/fr\\\/accueil\\\/\"},{\"@type\":\"ListItem\",\"position\":2,\"name\":\"Boutique\",\"item\":\"https:\\\/\\\/secretofsamui.com\\\/boutique\\\/\"},{\"@type\":\"ListItem\",\"position\":3,\"name\":\"Pantoufle\"}]},{\"@type\":\"WebSite\",\"@id\":\"https:\\\/\\\/secretofsamui.com\\\/fr\\\/#website\",\"url\":\"https:\\\/\\\/secretofsamui.com\\\/fr\\\/\",\"name\":\"Secret of Samui - Natural and Homemade cosmestic\",\"description\":\"\",\"potentialAction\":[{\"@type\":\"SearchAction\",\"target\":{\"@type\":\"EntryPoint\",\"urlTemplate\":\"https:\\\/\\\/secretofsamui.com\\\/fr\\\/?s={search_term_string}\"},\"query-input\":{\"@type\":\"PropertyValueSpecification\",\"valueRequired\":true,\"valueName\":\"search_term_string\"}}],\"inLanguage\":\"fr-FR\"}]}<\/script>\n<!-- \/ Yoast SEO plugin. -->","yoast_head_json":{"title":"Pantoufle - Secret of Samui - Natural and Homemade cosmestic","description":"Nos pantoufles douillettes sont con\u00e7ues pour vous offrir un v\u00e9ritable moment de d\u00e9tente. L\u00e9g\u00e8res, douces et faciles \u00e0 porter, elles sont le compagnon id\u00e9al.","robots":{"index":"index","follow":"follow","max-snippet":"max-snippet:-1","max-image-preview":"max-image-preview:large","max-video-preview":"max-video-preview:-1"},"canonical":"https:\/\/secretofsamui.com\/fr\/produit\/pantoufle\/","og_locale":"fr_FR","og_type":"article","og_title":"Pantoufle - Secret of Samui - Natural and Homemade cosmestic","og_description":"Nos pantoufles douillettes sont con\u00e7ues pour vous offrir un v\u00e9ritable moment de d\u00e9tente. L\u00e9g\u00e8res, douces et faciles \u00e0 porter, elles sont le compagnon id\u00e9al.","og_url":"https:\/\/secretofsamui.com\/fr\/produit\/pantoufle\/","og_site_name":"Secret of Samui - Natural and Homemade cosmestic","article_modified_time":"2025-09-25T08:12:00+00:00","og_image":[{"width":1108,"height":1108,"url":"https:\/\/secretofsamui.com\/wp-content\/uploads\/2024\/07\/4e9218_82397b609b894188b3698514be3a32d4mv2.jpg","type":"image\/jpeg"}],"twitter_card":"summary_large_image","twitter_misc":{"Dur\u00e9e de lecture estim\u00e9e":"1 minute"},"schema":{"@context":"https:\/\/schema.org","@graph":[{"@type":"WebPage","@id":"https:\/\/secretofsamui.com\/fr\/produit\/pantoufle\/","url":"https:\/\/secretofsamui.com\/fr\/produit\/pantoufle\/","name":"Pantoufle - Secret of Samui - Natural and Homemade cosmestic","isPartOf":{"@id":"https:\/\/secretofsamui.com\/fr\/#website"},"primaryImageOfPage":{"@id":"https:\/\/secretofsamui.com\/fr\/produit\/pantoufle\/#primaryimage"},"image":{"@id":"https:\/\/secretofsamui.com\/fr\/produit\/pantoufle\/#primaryimage"},"thumbnailUrl":"https:\/\/secretofsamui.com\/wp-content\/uploads\/2024\/07\/4e9218_82397b609b894188b3698514be3a32d4mv2.jpg","datePublished":"2024-07-17T02:27:50+00:00","dateModified":"2025-09-25T08:12:00+00:00","description":"Nos pantoufles douillettes sont con\u00e7ues pour vous offrir un v\u00e9ritable moment de d\u00e9tente. L\u00e9g\u00e8res, douces et faciles \u00e0 porter, elles sont le compagnon id\u00e9al.","breadcrumb":{"@id":"https:\/\/secretofsamui.com\/fr\/produit\/pantoufle\/#breadcrumb"},"inLanguage":"fr-FR","potentialAction":[{"@type":"ReadAction","target":["https:\/\/secretofsamui.com\/fr\/produit\/pantoufle\/"]}]},{"@type":"ImageObject","inLanguage":"fr-FR","@id":"https:\/\/secretofsamui.com\/fr\/produit\/pantoufle\/#primaryimage","url":"https:\/\/secretofsamui.com\/wp-content\/uploads\/2024\/07\/4e9218_82397b609b894188b3698514be3a32d4mv2.jpg","contentUrl":"https:\/\/secretofsamui.com\/wp-content\/uploads\/2024\/07\/4e9218_82397b609b894188b3698514be3a32d4mv2.jpg","width":1108,"height":1108,"caption":"Slipper Waffle"},{"@type":"BreadcrumbList","@id":"https:\/\/secretofsamui.com\/fr\/produit\/pantoufle\/#breadcrumb","itemListElement":[{"@type":"ListItem","position":1,"name":"Home","item":"https:\/\/secretofsamui.com\/fr\/accueil\/"},{"@type":"ListItem","position":2,"name":"Boutique","item":"https:\/\/secretofsamui.com\/boutique\/"},{"@type":"ListItem","position":3,"name":"Pantoufle"}]},{"@type":"WebSite","@id":"https:\/\/secretofsamui.com\/fr\/#website","url":"https:\/\/secretofsamui.com\/fr\/","name":"Secret of Samui - Natural and Homemade cosmestic","description":"","potentialAction":[{"@type":"SearchAction","target":{"@type":"EntryPoint","urlTemplate":"https:\/\/secretofsamui.com\/fr\/?s={search_term_string}"},"query-input":{"@type":"PropertyValueSpecification","valueRequired":true,"valueName":"search_term_string"}}],"inLanguage":"fr-FR"}]}},"_links":{"self":[{"href":"https:\/\/secretofsamui.com\/fr\/wp-json\/wp\/v2\/product\/103012","targetHints":{"allow":["GET"]}}],"collection":[{"href":"https:\/\/secretofsamui.com\/fr\/wp-json\/wp\/v2\/product"}],"about":[{"href":"https:\/\/secretofsamui.com\/fr\/wp-json\/wp\/v2\/types\/product"}],"wp:featuredmedia":[{"embeddable":true,"href":"https:\/\/secretofsamui.com\/fr\/wp-json\/wp\/v2\/media\/102654"}],"wp:attachment":[{"href":"https:\/\/secretofsamui.com\/fr\/wp-json\/wp\/v2\/media?parent=103012"}],"wp:term":[{"taxonomy":"product_brand","embeddable":true,"href":"https:\/\/secretofsamui.com\/fr\/wp-json\/wp\/v2\/product_brand?post=103012"},{"taxonomy":"product_cat","embeddable":true,"href":"https:\/\/secretofsamui.com\/fr\/wp-json\/wp\/v2\/product_cat?post=103012"},{"taxonomy":"product_tag","embeddable":true,"href":"https:\/\/secretofsamui.com\/fr\/wp-json\/wp\/v2\/product_tag?post=103012"}],"curies":[{"name":"wp","href":"https:\/\/api.w.org\/{rel}","templated":true}]}}