{"id":103010,"date":"2024-07-17T02:27:50","date_gmt":"2024-07-17T02:27:50","guid":{"rendered":"https:\/\/secretofsamui.com\/product\/huile-jaune\/"},"modified":"2025-10-10T09:11:42","modified_gmt":"2025-10-10T09:11:42","slug":"huile-jaune","status":"publish","type":"product","link":"https:\/\/secretofsamui.com\/fr\/produit\/huile-jaune\/","title":{"rendered":"Huile jaune"},"content":{"rendered":"<p>Huile jaune issue de diverses plantes, notamment Phlai, Wan Mahamek, Wan Thorahod, Wan Ma-Hor, Wan Ma-Leung, Wan Phrak, Wan En-Leung, Curcuma, Eucalyptus, Patchouli, Menthol, Camphre, pour aider \u00e0 soulager la douleur, les lignes raides, les mains raides. Pieds engourdis, b\u00e9rib\u00e9ri, crampes, piq\u00fbres d&rsquo;insectes, maux de dos, douleurs lombaires, genoux, ecchymoses, et l&rsquo;inhalation soulage les vertiges. Il aide \u00e0 respirer plus facilement.  <\/p>\n<p>En cas d&rsquo;allergies et d&rsquo;irritations, arr\u00eatez l&rsquo;utilisation et consultez imm\u00e9diatement un m\u00e9decin. Utilis\u00e9 en externe, ne pas manger. <\/p>\n","protected":false},"excerpt":{"rendered":"<p>Huile jaune aux extraits de plantes dont Phlai, Wan Mahamek, Wan Thorahod, Wan Ma-Hor, Wan Ma-Leung, Wan Phrak, Wan En-Leung, Curcuma, Eucalyptus, Patchouli, Menthol, Camphre pour aider \u00e0 soulager la douleur, les lignes raides, les mains raides.<\/p>\n<p>Inhalez ou appliquez sur la zone d\u00e9sir\u00e9e.<\/p>\n","protected":false},"featured_media":104270,"template":"","meta":{"_acf_changed":false,"_et_pb_use_builder":"","_et_pb_old_content":"","_et_gb_content_width":""},"product_brand":[],"product_cat":[423],"product_tag":[464],"class_list":{"0":"post-103010","1":"product","2":"type-product","3":"status-publish","4":"has-post-thumbnail","6":"product_cat-soin-du-corps","7":"product_tag-pas-de-fda","9":"first","10":"instock","11":"taxable","12":"shipping-taxable","13":"purchasable","14":"product-type-simple"},"acf":[],"yoast_head":"<!-- This site is optimized with the Yoast SEO plugin v27.2 - https:\/\/yoast.com\/product\/yoast-seo-wordpress\/ -->\n<title>Huile jaune - Secret of Samui - Natural and Homemade cosmestic<\/title>\n<meta name=\"description\" content=\"Huile jaune issue de diverses herbes, notamment PhlaiWan Mahamek, Wan Thorahod, Wan Ma-Hor, Wan Ma-Leung, Wan Phrak, Wan En-Leung, Curcuma.\" \/>\n<meta name=\"robots\" content=\"index, follow, max-snippet:-1, max-image-preview:large, max-video-preview:-1\" \/>\n<link rel=\"canonical\" href=\"https:\/\/secretofsamui.com\/fr\/produit\/huile-jaune\/\" \/>\n<meta property=\"og:locale\" content=\"fr_FR\" \/>\n<meta property=\"og:type\" content=\"article\" \/>\n<meta property=\"og:title\" content=\"Huile jaune - Secret of Samui - Natural and Homemade cosmestic\" \/>\n<meta property=\"og:description\" content=\"Huile jaune issue de diverses herbes, notamment PhlaiWan Mahamek, Wan Thorahod, Wan Ma-Hor, Wan Ma-Leung, Wan Phrak, Wan En-Leung, Curcuma.\" \/>\n<meta property=\"og:url\" content=\"https:\/\/secretofsamui.com\/fr\/produit\/huile-jaune\/\" \/>\n<meta property=\"og:site_name\" content=\"Secret of Samui - Natural and Homemade cosmestic\" \/>\n<meta property=\"article:modified_time\" content=\"2025-10-10T09:11:42+00:00\" \/>\n<meta property=\"og:image\" content=\"https:\/\/secretofsamui.com\/wp-content\/uploads\/2024\/07\/yellow-oil-samui.jpeg\" \/>\n\t<meta property=\"og:image:width\" content=\"1600\" \/>\n\t<meta property=\"og:image:height\" content=\"1600\" \/>\n\t<meta property=\"og:image:type\" content=\"image\/jpeg\" \/>\n<meta name=\"twitter:card\" content=\"summary_large_image\" \/>\n<script type=\"application\/ld+json\" class=\"yoast-schema-graph\">{\"@context\":\"https:\/\/schema.org\",\"@graph\":[{\"@type\":\"WebPage\",\"@id\":\"https:\/\/secretofsamui.com\/fr\/produit\/huile-jaune\/\",\"url\":\"https:\/\/secretofsamui.com\/fr\/produit\/huile-jaune\/\",\"name\":\"Huile jaune - Secret of Samui - Natural and Homemade cosmestic\",\"isPartOf\":{\"@id\":\"https:\/\/secretofsamui.com\/fr\/#website\"},\"primaryImageOfPage\":{\"@id\":\"https:\/\/secretofsamui.com\/fr\/produit\/huile-jaune\/#primaryimage\"},\"image\":{\"@id\":\"https:\/\/secretofsamui.com\/fr\/produit\/huile-jaune\/#primaryimage\"},\"thumbnailUrl\":\"https:\/\/secretofsamui.com\/wp-content\/uploads\/2024\/07\/yellow-oil-samui.jpeg\",\"datePublished\":\"2024-07-17T02:27:50+00:00\",\"dateModified\":\"2025-10-10T09:11:42+00:00\",\"description\":\"Huile jaune issue de diverses herbes, notamment PhlaiWan Mahamek, Wan Thorahod, Wan Ma-Hor, Wan Ma-Leung, Wan Phrak, Wan En-Leung, Curcuma.\",\"breadcrumb\":{\"@id\":\"https:\/\/secretofsamui.com\/fr\/produit\/huile-jaune\/#breadcrumb\"},\"inLanguage\":\"fr-FR\",\"potentialAction\":[{\"@type\":\"ReadAction\",\"target\":[\"https:\/\/secretofsamui.com\/fr\/produit\/huile-jaune\/\"]}]},{\"@type\":\"ImageObject\",\"inLanguage\":\"fr-FR\",\"@id\":\"https:\/\/secretofsamui.com\/fr\/produit\/huile-jaune\/#primaryimage\",\"url\":\"https:\/\/secretofsamui.com\/wp-content\/uploads\/2024\/07\/yellow-oil-samui.jpeg\",\"contentUrl\":\"https:\/\/secretofsamui.com\/wp-content\/uploads\/2024\/07\/yellow-oil-samui.jpeg\",\"width\":1600,\"height\":1600,\"caption\":\"Yellow Oil\"},{\"@type\":\"BreadcrumbList\",\"@id\":\"https:\/\/secretofsamui.com\/fr\/produit\/huile-jaune\/#breadcrumb\",\"itemListElement\":[{\"@type\":\"ListItem\",\"position\":1,\"name\":\"Home\",\"item\":\"https:\/\/secretofsamui.com\/fr\/accueil\/\"},{\"@type\":\"ListItem\",\"position\":2,\"name\":\"Boutique\",\"item\":\"https:\/\/secretofsamui.com\/boutique\/\"},{\"@type\":\"ListItem\",\"position\":3,\"name\":\"Huile jaune\"}]},{\"@type\":\"WebSite\",\"@id\":\"https:\/\/secretofsamui.com\/fr\/#website\",\"url\":\"https:\/\/secretofsamui.com\/fr\/\",\"name\":\"Secret of Samui - Natural and Homemade cosmestic\",\"description\":\"\",\"potentialAction\":[{\"@type\":\"SearchAction\",\"target\":{\"@type\":\"EntryPoint\",\"urlTemplate\":\"https:\/\/secretofsamui.com\/fr\/?s={search_term_string}\"},\"query-input\":{\"@type\":\"PropertyValueSpecification\",\"valueRequired\":true,\"valueName\":\"search_term_string\"}}],\"inLanguage\":\"fr-FR\"}]}<\/script>\n<!-- \/ Yoast SEO plugin. -->","yoast_head_json":{"title":"Huile jaune - Secret of Samui - Natural and Homemade cosmestic","description":"Huile jaune issue de diverses herbes, notamment PhlaiWan Mahamek, Wan Thorahod, Wan Ma-Hor, Wan Ma-Leung, Wan Phrak, Wan En-Leung, Curcuma.","robots":{"index":"index","follow":"follow","max-snippet":"max-snippet:-1","max-image-preview":"max-image-preview:large","max-video-preview":"max-video-preview:-1"},"canonical":"https:\/\/secretofsamui.com\/fr\/produit\/huile-jaune\/","og_locale":"fr_FR","og_type":"article","og_title":"Huile jaune - Secret of Samui - Natural and Homemade cosmestic","og_description":"Huile jaune issue de diverses herbes, notamment PhlaiWan Mahamek, Wan Thorahod, Wan Ma-Hor, Wan Ma-Leung, Wan Phrak, Wan En-Leung, Curcuma.","og_url":"https:\/\/secretofsamui.com\/fr\/produit\/huile-jaune\/","og_site_name":"Secret of Samui - Natural and Homemade cosmestic","article_modified_time":"2025-10-10T09:11:42+00:00","og_image":[{"width":1600,"height":1600,"url":"https:\/\/secretofsamui.com\/wp-content\/uploads\/2024\/07\/yellow-oil-samui.jpeg","type":"image\/jpeg"}],"twitter_card":"summary_large_image","schema":{"@context":"https:\/\/schema.org","@graph":[{"@type":"WebPage","@id":"https:\/\/secretofsamui.com\/fr\/produit\/huile-jaune\/","url":"https:\/\/secretofsamui.com\/fr\/produit\/huile-jaune\/","name":"Huile jaune - Secret of Samui - Natural and Homemade cosmestic","isPartOf":{"@id":"https:\/\/secretofsamui.com\/fr\/#website"},"primaryImageOfPage":{"@id":"https:\/\/secretofsamui.com\/fr\/produit\/huile-jaune\/#primaryimage"},"image":{"@id":"https:\/\/secretofsamui.com\/fr\/produit\/huile-jaune\/#primaryimage"},"thumbnailUrl":"https:\/\/secretofsamui.com\/wp-content\/uploads\/2024\/07\/yellow-oil-samui.jpeg","datePublished":"2024-07-17T02:27:50+00:00","dateModified":"2025-10-10T09:11:42+00:00","description":"Huile jaune issue de diverses herbes, notamment PhlaiWan Mahamek, Wan Thorahod, Wan Ma-Hor, Wan Ma-Leung, Wan Phrak, Wan En-Leung, Curcuma.","breadcrumb":{"@id":"https:\/\/secretofsamui.com\/fr\/produit\/huile-jaune\/#breadcrumb"},"inLanguage":"fr-FR","potentialAction":[{"@type":"ReadAction","target":["https:\/\/secretofsamui.com\/fr\/produit\/huile-jaune\/"]}]},{"@type":"ImageObject","inLanguage":"fr-FR","@id":"https:\/\/secretofsamui.com\/fr\/produit\/huile-jaune\/#primaryimage","url":"https:\/\/secretofsamui.com\/wp-content\/uploads\/2024\/07\/yellow-oil-samui.jpeg","contentUrl":"https:\/\/secretofsamui.com\/wp-content\/uploads\/2024\/07\/yellow-oil-samui.jpeg","width":1600,"height":1600,"caption":"Yellow Oil"},{"@type":"BreadcrumbList","@id":"https:\/\/secretofsamui.com\/fr\/produit\/huile-jaune\/#breadcrumb","itemListElement":[{"@type":"ListItem","position":1,"name":"Home","item":"https:\/\/secretofsamui.com\/fr\/accueil\/"},{"@type":"ListItem","position":2,"name":"Boutique","item":"https:\/\/secretofsamui.com\/boutique\/"},{"@type":"ListItem","position":3,"name":"Huile jaune"}]},{"@type":"WebSite","@id":"https:\/\/secretofsamui.com\/fr\/#website","url":"https:\/\/secretofsamui.com\/fr\/","name":"Secret of Samui - Natural and Homemade cosmestic","description":"","potentialAction":[{"@type":"SearchAction","target":{"@type":"EntryPoint","urlTemplate":"https:\/\/secretofsamui.com\/fr\/?s={search_term_string}"},"query-input":{"@type":"PropertyValueSpecification","valueRequired":true,"valueName":"search_term_string"}}],"inLanguage":"fr-FR"}]}},"_links":{"self":[{"href":"https:\/\/secretofsamui.com\/fr\/wp-json\/wp\/v2\/product\/103010","targetHints":{"allow":["GET"]}}],"collection":[{"href":"https:\/\/secretofsamui.com\/fr\/wp-json\/wp\/v2\/product"}],"about":[{"href":"https:\/\/secretofsamui.com\/fr\/wp-json\/wp\/v2\/types\/product"}],"wp:featuredmedia":[{"embeddable":true,"href":"https:\/\/secretofsamui.com\/fr\/wp-json\/wp\/v2\/media\/104270"}],"wp:attachment":[{"href":"https:\/\/secretofsamui.com\/fr\/wp-json\/wp\/v2\/media?parent=103010"}],"wp:term":[{"taxonomy":"product_brand","embeddable":true,"href":"https:\/\/secretofsamui.com\/fr\/wp-json\/wp\/v2\/product_brand?post=103010"},{"taxonomy":"product_cat","embeddable":true,"href":"https:\/\/secretofsamui.com\/fr\/wp-json\/wp\/v2\/product_cat?post=103010"},{"taxonomy":"product_tag","embeddable":true,"href":"https:\/\/secretofsamui.com\/fr\/wp-json\/wp\/v2\/product_tag?post=103010"}],"curies":[{"name":"wp","href":"https:\/\/api.w.org\/{rel}","templated":true}]}}