{"id":103000,"date":"2024-07-17T02:27:50","date_gmt":"2024-07-17T02:27:50","guid":{"rendered":"https:\/\/secretofsamui.com\/product\/the-gingembre-bio\/"},"modified":"2025-09-25T08:12:00","modified_gmt":"2025-09-25T08:12:00","slug":"the-gingembre-bio","status":"publish","type":"product","link":"https:\/\/secretofsamui.com\/fr\/produit\/the-gingembre-bio\/","title":{"rendered":"Th\u00e9 gingembre bio"},"content":{"rendered":"<p>R\u00e9duit le risque de cancer et le stress c\u00e9r\u00e9bral (troubles neurologiques), Aide \u00e0 la perte de poids (br\u00fble les graisses), Am\u00e9liore la sant\u00e9 cardiaque et renforce les os,<br \/>\nApaise en cas de maux de gorge, R\u00e9duit le taux de cholest\u00e9rol dans le sang, Retarde les sympt\u00f4mes du vieillissement en cas de consommation r\u00e9guli\u00e8re.<\/p>\n","protected":false},"excerpt":{"rendered":"<p>R\u00e9duit le risque de cancer et le stress c\u00e9r\u00e9bral (troubles neurologiques), aide \u00e0 la perte de poids (br\u00fble les graisses), am\u00e9liore la sant\u00e9 cardiaque et renforce les os,<\/p>\n","protected":false},"featured_media":104187,"template":"","meta":{"_acf_changed":false,"_et_pb_use_builder":"","_et_pb_old_content":"","_et_gb_content_width":""},"product_brand":[],"product_cat":[442],"product_tag":[464],"class_list":{"0":"post-103000","1":"product","2":"type-product","3":"status-publish","4":"has-post-thumbnail","6":"product_cat-the","7":"product_tag-pas-de-fda","9":"first","10":"instock","11":"taxable","12":"shipping-taxable","13":"purchasable","14":"product-type-simple"},"acf":[],"yoast_head":"<!-- This site is optimized with the Yoast SEO plugin v27.2 - https:\/\/yoast.com\/product\/yoast-seo-wordpress\/ -->\n<title>Th\u00e9 gingembre bio - Secret of Samui - Natural and Homemade cosmestic<\/title>\n<meta name=\"description\" content=\"R\u00e9duit le risque de cancer et le stress c\u00e9r\u00e9bral (troubles neurologiques), aide \u00e0 la perte de poids (br\u00fble les graisses), am\u00e9liore la sant\u00e9 cardiaque et renforce les os.\" \/>\n<meta name=\"robots\" content=\"index, follow, max-snippet:-1, max-image-preview:large, max-video-preview:-1\" \/>\n<link rel=\"canonical\" href=\"https:\/\/secretofsamui.com\/fr\/produit\/the-gingembre-bio\/\" \/>\n<meta property=\"og:locale\" content=\"fr_FR\" \/>\n<meta property=\"og:type\" content=\"article\" \/>\n<meta property=\"og:title\" content=\"Th\u00e9 gingembre bio - Secret of Samui - Natural and Homemade cosmestic\" \/>\n<meta property=\"og:description\" content=\"R\u00e9duit le risque de cancer et le stress c\u00e9r\u00e9bral (troubles neurologiques), aide \u00e0 la perte de poids (br\u00fble les graisses), am\u00e9liore la sant\u00e9 cardiaque et renforce les os.\" \/>\n<meta property=\"og:url\" content=\"https:\/\/secretofsamui.com\/fr\/produit\/the-gingembre-bio\/\" \/>\n<meta property=\"og:site_name\" content=\"Secret of Samui - Natural and Homemade cosmestic\" \/>\n<meta property=\"article:modified_time\" content=\"2025-09-25T08:12:00+00:00\" \/>\n<meta property=\"og:image\" content=\"https:\/\/secretofsamui.com\/wp-content\/uploads\/2024\/07\/organic-tea-ginger.jpeg\" \/>\n\t<meta property=\"og:image:width\" content=\"1600\" \/>\n\t<meta property=\"og:image:height\" content=\"1600\" \/>\n\t<meta property=\"og:image:type\" content=\"image\/jpeg\" \/>\n<meta name=\"twitter:card\" content=\"summary_large_image\" \/>\n<script type=\"application\/ld+json\" class=\"yoast-schema-graph\">{\"@context\":\"https:\/\/schema.org\",\"@graph\":[{\"@type\":\"WebPage\",\"@id\":\"https:\/\/secretofsamui.com\/fr\/produit\/the-gingembre-bio\/\",\"url\":\"https:\/\/secretofsamui.com\/fr\/produit\/the-gingembre-bio\/\",\"name\":\"Th\u00e9 gingembre bio - Secret of Samui - Natural and Homemade cosmestic\",\"isPartOf\":{\"@id\":\"https:\/\/secretofsamui.com\/fr\/#website\"},\"primaryImageOfPage\":{\"@id\":\"https:\/\/secretofsamui.com\/fr\/produit\/the-gingembre-bio\/#primaryimage\"},\"image\":{\"@id\":\"https:\/\/secretofsamui.com\/fr\/produit\/the-gingembre-bio\/#primaryimage\"},\"thumbnailUrl\":\"https:\/\/secretofsamui.com\/wp-content\/uploads\/2024\/07\/organic-tea-ginger.jpeg\",\"datePublished\":\"2024-07-17T02:27:50+00:00\",\"dateModified\":\"2025-09-25T08:12:00+00:00\",\"description\":\"R\u00e9duit le risque de cancer et le stress c\u00e9r\u00e9bral (troubles neurologiques), aide \u00e0 la perte de poids (br\u00fble les graisses), am\u00e9liore la sant\u00e9 cardiaque et renforce les os.\",\"breadcrumb\":{\"@id\":\"https:\/\/secretofsamui.com\/fr\/produit\/the-gingembre-bio\/#breadcrumb\"},\"inLanguage\":\"fr-FR\",\"potentialAction\":[{\"@type\":\"ReadAction\",\"target\":[\"https:\/\/secretofsamui.com\/fr\/produit\/the-gingembre-bio\/\"]}]},{\"@type\":\"ImageObject\",\"inLanguage\":\"fr-FR\",\"@id\":\"https:\/\/secretofsamui.com\/fr\/produit\/the-gingembre-bio\/#primaryimage\",\"url\":\"https:\/\/secretofsamui.com\/wp-content\/uploads\/2024\/07\/organic-tea-ginger.jpeg\",\"contentUrl\":\"https:\/\/secretofsamui.com\/wp-content\/uploads\/2024\/07\/organic-tea-ginger.jpeg\",\"width\":1600,\"height\":1600,\"caption\":\"Organic Tea Ginger\"},{\"@type\":\"BreadcrumbList\",\"@id\":\"https:\/\/secretofsamui.com\/fr\/produit\/the-gingembre-bio\/#breadcrumb\",\"itemListElement\":[{\"@type\":\"ListItem\",\"position\":1,\"name\":\"Home\",\"item\":\"https:\/\/secretofsamui.com\/fr\/accueil\/\"},{\"@type\":\"ListItem\",\"position\":2,\"name\":\"Boutique\",\"item\":\"https:\/\/secretofsamui.com\/boutique\/\"},{\"@type\":\"ListItem\",\"position\":3,\"name\":\"Th\u00e9 gingembre bio\"}]},{\"@type\":\"WebSite\",\"@id\":\"https:\/\/secretofsamui.com\/fr\/#website\",\"url\":\"https:\/\/secretofsamui.com\/fr\/\",\"name\":\"Secret of Samui - Natural and Homemade cosmestic\",\"description\":\"\",\"potentialAction\":[{\"@type\":\"SearchAction\",\"target\":{\"@type\":\"EntryPoint\",\"urlTemplate\":\"https:\/\/secretofsamui.com\/fr\/?s={search_term_string}\"},\"query-input\":{\"@type\":\"PropertyValueSpecification\",\"valueRequired\":true,\"valueName\":\"search_term_string\"}}],\"inLanguage\":\"fr-FR\"}]}<\/script>\n<!-- \/ Yoast SEO plugin. -->","yoast_head_json":{"title":"Th\u00e9 gingembre bio - Secret of Samui - Natural and Homemade cosmestic","description":"R\u00e9duit le risque de cancer et le stress c\u00e9r\u00e9bral (troubles neurologiques), aide \u00e0 la perte de poids (br\u00fble les graisses), am\u00e9liore la sant\u00e9 cardiaque et renforce les os.","robots":{"index":"index","follow":"follow","max-snippet":"max-snippet:-1","max-image-preview":"max-image-preview:large","max-video-preview":"max-video-preview:-1"},"canonical":"https:\/\/secretofsamui.com\/fr\/produit\/the-gingembre-bio\/","og_locale":"fr_FR","og_type":"article","og_title":"Th\u00e9 gingembre bio - Secret of Samui - Natural and Homemade cosmestic","og_description":"R\u00e9duit le risque de cancer et le stress c\u00e9r\u00e9bral (troubles neurologiques), aide \u00e0 la perte de poids (br\u00fble les graisses), am\u00e9liore la sant\u00e9 cardiaque et renforce les os.","og_url":"https:\/\/secretofsamui.com\/fr\/produit\/the-gingembre-bio\/","og_site_name":"Secret of Samui - Natural and Homemade cosmestic","article_modified_time":"2025-09-25T08:12:00+00:00","og_image":[{"width":1600,"height":1600,"url":"https:\/\/secretofsamui.com\/wp-content\/uploads\/2024\/07\/organic-tea-ginger.jpeg","type":"image\/jpeg"}],"twitter_card":"summary_large_image","schema":{"@context":"https:\/\/schema.org","@graph":[{"@type":"WebPage","@id":"https:\/\/secretofsamui.com\/fr\/produit\/the-gingembre-bio\/","url":"https:\/\/secretofsamui.com\/fr\/produit\/the-gingembre-bio\/","name":"Th\u00e9 gingembre bio - Secret of Samui - Natural and Homemade cosmestic","isPartOf":{"@id":"https:\/\/secretofsamui.com\/fr\/#website"},"primaryImageOfPage":{"@id":"https:\/\/secretofsamui.com\/fr\/produit\/the-gingembre-bio\/#primaryimage"},"image":{"@id":"https:\/\/secretofsamui.com\/fr\/produit\/the-gingembre-bio\/#primaryimage"},"thumbnailUrl":"https:\/\/secretofsamui.com\/wp-content\/uploads\/2024\/07\/organic-tea-ginger.jpeg","datePublished":"2024-07-17T02:27:50+00:00","dateModified":"2025-09-25T08:12:00+00:00","description":"R\u00e9duit le risque de cancer et le stress c\u00e9r\u00e9bral (troubles neurologiques), aide \u00e0 la perte de poids (br\u00fble les graisses), am\u00e9liore la sant\u00e9 cardiaque et renforce les os.","breadcrumb":{"@id":"https:\/\/secretofsamui.com\/fr\/produit\/the-gingembre-bio\/#breadcrumb"},"inLanguage":"fr-FR","potentialAction":[{"@type":"ReadAction","target":["https:\/\/secretofsamui.com\/fr\/produit\/the-gingembre-bio\/"]}]},{"@type":"ImageObject","inLanguage":"fr-FR","@id":"https:\/\/secretofsamui.com\/fr\/produit\/the-gingembre-bio\/#primaryimage","url":"https:\/\/secretofsamui.com\/wp-content\/uploads\/2024\/07\/organic-tea-ginger.jpeg","contentUrl":"https:\/\/secretofsamui.com\/wp-content\/uploads\/2024\/07\/organic-tea-ginger.jpeg","width":1600,"height":1600,"caption":"Organic Tea Ginger"},{"@type":"BreadcrumbList","@id":"https:\/\/secretofsamui.com\/fr\/produit\/the-gingembre-bio\/#breadcrumb","itemListElement":[{"@type":"ListItem","position":1,"name":"Home","item":"https:\/\/secretofsamui.com\/fr\/accueil\/"},{"@type":"ListItem","position":2,"name":"Boutique","item":"https:\/\/secretofsamui.com\/boutique\/"},{"@type":"ListItem","position":3,"name":"Th\u00e9 gingembre bio"}]},{"@type":"WebSite","@id":"https:\/\/secretofsamui.com\/fr\/#website","url":"https:\/\/secretofsamui.com\/fr\/","name":"Secret of Samui - Natural and Homemade cosmestic","description":"","potentialAction":[{"@type":"SearchAction","target":{"@type":"EntryPoint","urlTemplate":"https:\/\/secretofsamui.com\/fr\/?s={search_term_string}"},"query-input":{"@type":"PropertyValueSpecification","valueRequired":true,"valueName":"search_term_string"}}],"inLanguage":"fr-FR"}]}},"_links":{"self":[{"href":"https:\/\/secretofsamui.com\/fr\/wp-json\/wp\/v2\/product\/103000","targetHints":{"allow":["GET"]}}],"collection":[{"href":"https:\/\/secretofsamui.com\/fr\/wp-json\/wp\/v2\/product"}],"about":[{"href":"https:\/\/secretofsamui.com\/fr\/wp-json\/wp\/v2\/types\/product"}],"wp:featuredmedia":[{"embeddable":true,"href":"https:\/\/secretofsamui.com\/fr\/wp-json\/wp\/v2\/media\/104187"}],"wp:attachment":[{"href":"https:\/\/secretofsamui.com\/fr\/wp-json\/wp\/v2\/media?parent=103000"}],"wp:term":[{"taxonomy":"product_brand","embeddable":true,"href":"https:\/\/secretofsamui.com\/fr\/wp-json\/wp\/v2\/product_brand?post=103000"},{"taxonomy":"product_cat","embeddable":true,"href":"https:\/\/secretofsamui.com\/fr\/wp-json\/wp\/v2\/product_cat?post=103000"},{"taxonomy":"product_tag","embeddable":true,"href":"https:\/\/secretofsamui.com\/fr\/wp-json\/wp\/v2\/product_tag?post=103000"}],"curies":[{"name":"wp","href":"https:\/\/api.w.org\/{rel}","templated":true}]}}