{"id":102999,"date":"2024-08-14T02:23:15","date_gmt":"2024-08-14T02:23:15","guid":{"rendered":"https:\/\/secretofsamui.com\/product\/tapis-de-bain-18-x28\/"},"modified":"2025-09-25T08:12:11","modified_gmt":"2025-09-25T08:12:11","slug":"tapis-de-bain-18-x28","status":"publish","type":"product","link":"https:\/\/secretofsamui.com\/fr\/produit\/tapis-de-bain-18-x28\/","title":{"rendered":"Tapis de bain 18 x 28"},"content":{"rendered":"<p>Sortez de la douche et entrez dans le confort gr\u00e2ce \u00e0 notre tapis de bain haut de gamme, fabriqu\u00e9 \u00e0 partir de coton 100 % naturel. Con\u00e7u pour offrir une douceur sup\u00e9rieure et une grande capacit\u00e9 d&rsquo;absorption, il s\u00e8che rapidement tout en gardant vos pieds au chaud et le sol de votre salle de bains au sec. <\/p>\n<p>Avec sa taille g\u00e9n\u00e9reuse et son style minimaliste, ce tapis de bain ajoute une touche raffin\u00e9e et thermale \u00e0 toute salle de bains. Durable, facile d&rsquo;entretien et doux pour la peau, il est le parfait m\u00e9lange de praticit\u00e9 et de luxe au quotidien. <\/p>\n<ul>\n<li>100% coton naturel<\/li>\n<li>Ultra-doux et s\u00e9chage rapide<\/li>\n<li>Lavable en machine<\/li>\n<\/ul>\n","protected":false},"excerpt":{"rendered":"<p>Sortez de la douche et entrez dans le confort gr\u00e2ce \u00e0 notre tapis de bain haut de gamme, fabriqu\u00e9 \u00e0 partir de coton 100 % naturel. Con\u00e7u pour offrir une douceur sup\u00e9rieure et une grande capacit\u00e9 d&rsquo;absorption, il s\u00e8che rapidement tout en gardant vos pieds au chaud et le sol de votre salle de bains au sec. <\/p>\n","protected":false},"featured_media":103868,"template":"","meta":{"_acf_changed":false,"_et_pb_use_builder":"","_et_pb_old_content":"","_et_gb_content_width":""},"product_brand":[],"product_cat":[439],"product_tag":[464],"class_list":{"0":"post-102999","1":"product","2":"type-product","3":"status-publish","4":"has-post-thumbnail","6":"product_cat-linge","7":"product_tag-pas-de-fda","9":"first","10":"instock","11":"taxable","12":"shipping-taxable","13":"purchasable","14":"product-type-variable","15":"has-default-attributes"},"acf":[],"yoast_head":"<!-- This site is optimized with the Yoast SEO plugin v27.2 - https:\/\/yoast.com\/product\/yoast-seo-wordpress\/ -->\n<title>Tapis de bain 18 x 28 - Secret of Samui - Natural and Homemade cosmestic<\/title>\n<meta name=\"description\" content=\"Sortez de la douche et entrez dans le confort gr\u00e2ce \u00e0 notre tapis de bain haut de gamme, fabriqu\u00e9 \u00e0 partir de coton 100 % naturel. Con\u00e7u pour offrir une douceur sup\u00e9rieure et une grande capacit\u00e9 d&#039;absorption.\" \/>\n<meta name=\"robots\" content=\"index, follow, max-snippet:-1, max-image-preview:large, max-video-preview:-1\" \/>\n<link rel=\"canonical\" href=\"https:\/\/secretofsamui.com\/fr\/produit\/tapis-de-bain-18-x28\/\" \/>\n<meta property=\"og:locale\" content=\"fr_FR\" \/>\n<meta property=\"og:type\" content=\"article\" \/>\n<meta property=\"og:title\" content=\"Tapis de bain 18 x 28 - Secret of Samui - Natural and Homemade cosmestic\" \/>\n<meta property=\"og:description\" content=\"Sortez de la douche et entrez dans le confort gr\u00e2ce \u00e0 notre tapis de bain haut de gamme, fabriqu\u00e9 \u00e0 partir de coton 100 % naturel. Con\u00e7u pour offrir une douceur sup\u00e9rieure et une grande capacit\u00e9 d&#039;absorption.\" \/>\n<meta property=\"og:url\" content=\"https:\/\/secretofsamui.com\/fr\/produit\/tapis-de-bain-18-x28\/\" \/>\n<meta property=\"og:site_name\" content=\"Secret of Samui - Natural and Homemade cosmestic\" \/>\n<meta property=\"article:modified_time\" content=\"2025-09-25T08:12:11+00:00\" \/>\n<meta property=\"og:image\" content=\"https:\/\/secretofsamui.com\/wp-content\/uploads\/2024\/08\/bath-mat-white-welcome.png\" \/>\n\t<meta property=\"og:image:width\" content=\"1024\" \/>\n\t<meta property=\"og:image:height\" content=\"1024\" \/>\n\t<meta property=\"og:image:type\" content=\"image\/png\" \/>\n<meta name=\"twitter:card\" content=\"summary_large_image\" \/>\n<meta name=\"twitter:label1\" content=\"Dur\u00e9e de lecture estim\u00e9e\" \/>\n\t<meta name=\"twitter:data1\" content=\"1 minute\" \/>\n<script type=\"application\/ld+json\" class=\"yoast-schema-graph\">{\"@context\":\"https:\/\/schema.org\",\"@graph\":[{\"@type\":\"WebPage\",\"@id\":\"https:\/\/secretofsamui.com\/fr\/produit\/tapis-de-bain-18-x28\/\",\"url\":\"https:\/\/secretofsamui.com\/fr\/produit\/tapis-de-bain-18-x28\/\",\"name\":\"Tapis de bain 18 x 28 - Secret of Samui - Natural and Homemade cosmestic\",\"isPartOf\":{\"@id\":\"https:\/\/secretofsamui.com\/fr\/#website\"},\"primaryImageOfPage\":{\"@id\":\"https:\/\/secretofsamui.com\/fr\/produit\/tapis-de-bain-18-x28\/#primaryimage\"},\"image\":{\"@id\":\"https:\/\/secretofsamui.com\/fr\/produit\/tapis-de-bain-18-x28\/#primaryimage\"},\"thumbnailUrl\":\"https:\/\/secretofsamui.com\/wp-content\/uploads\/2024\/08\/bath-mat-white-welcome.png\",\"datePublished\":\"2024-08-14T02:23:15+00:00\",\"dateModified\":\"2025-09-25T08:12:11+00:00\",\"description\":\"Sortez de la douche et entrez dans le confort gr\u00e2ce \u00e0 notre tapis de bain haut de gamme, fabriqu\u00e9 \u00e0 partir de coton 100 % naturel. Con\u00e7u pour offrir une douceur sup\u00e9rieure et une grande capacit\u00e9 d'absorption.\",\"breadcrumb\":{\"@id\":\"https:\/\/secretofsamui.com\/fr\/produit\/tapis-de-bain-18-x28\/#breadcrumb\"},\"inLanguage\":\"fr-FR\",\"potentialAction\":[{\"@type\":\"ReadAction\",\"target\":[\"https:\/\/secretofsamui.com\/fr\/produit\/tapis-de-bain-18-x28\/\"]}]},{\"@type\":\"ImageObject\",\"inLanguage\":\"fr-FR\",\"@id\":\"https:\/\/secretofsamui.com\/fr\/produit\/tapis-de-bain-18-x28\/#primaryimage\",\"url\":\"https:\/\/secretofsamui.com\/wp-content\/uploads\/2024\/08\/bath-mat-white-welcome.png\",\"contentUrl\":\"https:\/\/secretofsamui.com\/wp-content\/uploads\/2024\/08\/bath-mat-white-welcome.png\",\"width\":1024,\"height\":1024,\"caption\":\"Bath Mat White Welcome\"},{\"@type\":\"BreadcrumbList\",\"@id\":\"https:\/\/secretofsamui.com\/fr\/produit\/tapis-de-bain-18-x28\/#breadcrumb\",\"itemListElement\":[{\"@type\":\"ListItem\",\"position\":1,\"name\":\"Home\",\"item\":\"https:\/\/secretofsamui.com\/fr\/accueil\/\"},{\"@type\":\"ListItem\",\"position\":2,\"name\":\"Boutique\",\"item\":\"https:\/\/secretofsamui.com\/boutique\/\"},{\"@type\":\"ListItem\",\"position\":3,\"name\":\"Tapis de bain 18 x 28\"}]},{\"@type\":\"WebSite\",\"@id\":\"https:\/\/secretofsamui.com\/fr\/#website\",\"url\":\"https:\/\/secretofsamui.com\/fr\/\",\"name\":\"Secret of Samui - Natural and Homemade cosmestic\",\"description\":\"\",\"potentialAction\":[{\"@type\":\"SearchAction\",\"target\":{\"@type\":\"EntryPoint\",\"urlTemplate\":\"https:\/\/secretofsamui.com\/fr\/?s={search_term_string}\"},\"query-input\":{\"@type\":\"PropertyValueSpecification\",\"valueRequired\":true,\"valueName\":\"search_term_string\"}}],\"inLanguage\":\"fr-FR\"}]}<\/script>\n<!-- \/ Yoast SEO plugin. -->","yoast_head_json":{"title":"Tapis de bain 18 x 28 - Secret of Samui - Natural and Homemade cosmestic","description":"Sortez de la douche et entrez dans le confort gr\u00e2ce \u00e0 notre tapis de bain haut de gamme, fabriqu\u00e9 \u00e0 partir de coton 100 % naturel. Con\u00e7u pour offrir une douceur sup\u00e9rieure et une grande capacit\u00e9 d'absorption.","robots":{"index":"index","follow":"follow","max-snippet":"max-snippet:-1","max-image-preview":"max-image-preview:large","max-video-preview":"max-video-preview:-1"},"canonical":"https:\/\/secretofsamui.com\/fr\/produit\/tapis-de-bain-18-x28\/","og_locale":"fr_FR","og_type":"article","og_title":"Tapis de bain 18 x 28 - Secret of Samui - Natural and Homemade cosmestic","og_description":"Sortez de la douche et entrez dans le confort gr\u00e2ce \u00e0 notre tapis de bain haut de gamme, fabriqu\u00e9 \u00e0 partir de coton 100 % naturel. Con\u00e7u pour offrir une douceur sup\u00e9rieure et une grande capacit\u00e9 d'absorption.","og_url":"https:\/\/secretofsamui.com\/fr\/produit\/tapis-de-bain-18-x28\/","og_site_name":"Secret of Samui - Natural and Homemade cosmestic","article_modified_time":"2025-09-25T08:12:11+00:00","og_image":[{"width":1024,"height":1024,"url":"https:\/\/secretofsamui.com\/wp-content\/uploads\/2024\/08\/bath-mat-white-welcome.png","type":"image\/png"}],"twitter_card":"summary_large_image","twitter_misc":{"Dur\u00e9e de lecture estim\u00e9e":"1 minute"},"schema":{"@context":"https:\/\/schema.org","@graph":[{"@type":"WebPage","@id":"https:\/\/secretofsamui.com\/fr\/produit\/tapis-de-bain-18-x28\/","url":"https:\/\/secretofsamui.com\/fr\/produit\/tapis-de-bain-18-x28\/","name":"Tapis de bain 18 x 28 - Secret of Samui - Natural and Homemade cosmestic","isPartOf":{"@id":"https:\/\/secretofsamui.com\/fr\/#website"},"primaryImageOfPage":{"@id":"https:\/\/secretofsamui.com\/fr\/produit\/tapis-de-bain-18-x28\/#primaryimage"},"image":{"@id":"https:\/\/secretofsamui.com\/fr\/produit\/tapis-de-bain-18-x28\/#primaryimage"},"thumbnailUrl":"https:\/\/secretofsamui.com\/wp-content\/uploads\/2024\/08\/bath-mat-white-welcome.png","datePublished":"2024-08-14T02:23:15+00:00","dateModified":"2025-09-25T08:12:11+00:00","description":"Sortez de la douche et entrez dans le confort gr\u00e2ce \u00e0 notre tapis de bain haut de gamme, fabriqu\u00e9 \u00e0 partir de coton 100 % naturel. Con\u00e7u pour offrir une douceur sup\u00e9rieure et une grande capacit\u00e9 d'absorption.","breadcrumb":{"@id":"https:\/\/secretofsamui.com\/fr\/produit\/tapis-de-bain-18-x28\/#breadcrumb"},"inLanguage":"fr-FR","potentialAction":[{"@type":"ReadAction","target":["https:\/\/secretofsamui.com\/fr\/produit\/tapis-de-bain-18-x28\/"]}]},{"@type":"ImageObject","inLanguage":"fr-FR","@id":"https:\/\/secretofsamui.com\/fr\/produit\/tapis-de-bain-18-x28\/#primaryimage","url":"https:\/\/secretofsamui.com\/wp-content\/uploads\/2024\/08\/bath-mat-white-welcome.png","contentUrl":"https:\/\/secretofsamui.com\/wp-content\/uploads\/2024\/08\/bath-mat-white-welcome.png","width":1024,"height":1024,"caption":"Bath Mat White Welcome"},{"@type":"BreadcrumbList","@id":"https:\/\/secretofsamui.com\/fr\/produit\/tapis-de-bain-18-x28\/#breadcrumb","itemListElement":[{"@type":"ListItem","position":1,"name":"Home","item":"https:\/\/secretofsamui.com\/fr\/accueil\/"},{"@type":"ListItem","position":2,"name":"Boutique","item":"https:\/\/secretofsamui.com\/boutique\/"},{"@type":"ListItem","position":3,"name":"Tapis de bain 18 x 28"}]},{"@type":"WebSite","@id":"https:\/\/secretofsamui.com\/fr\/#website","url":"https:\/\/secretofsamui.com\/fr\/","name":"Secret of Samui - Natural and Homemade cosmestic","description":"","potentialAction":[{"@type":"SearchAction","target":{"@type":"EntryPoint","urlTemplate":"https:\/\/secretofsamui.com\/fr\/?s={search_term_string}"},"query-input":{"@type":"PropertyValueSpecification","valueRequired":true,"valueName":"search_term_string"}}],"inLanguage":"fr-FR"}]}},"_links":{"self":[{"href":"https:\/\/secretofsamui.com\/fr\/wp-json\/wp\/v2\/product\/102999","targetHints":{"allow":["GET"]}}],"collection":[{"href":"https:\/\/secretofsamui.com\/fr\/wp-json\/wp\/v2\/product"}],"about":[{"href":"https:\/\/secretofsamui.com\/fr\/wp-json\/wp\/v2\/types\/product"}],"wp:featuredmedia":[{"embeddable":true,"href":"https:\/\/secretofsamui.com\/fr\/wp-json\/wp\/v2\/media\/103868"}],"wp:attachment":[{"href":"https:\/\/secretofsamui.com\/fr\/wp-json\/wp\/v2\/media?parent=102999"}],"wp:term":[{"taxonomy":"product_brand","embeddable":true,"href":"https:\/\/secretofsamui.com\/fr\/wp-json\/wp\/v2\/product_brand?post=102999"},{"taxonomy":"product_cat","embeddable":true,"href":"https:\/\/secretofsamui.com\/fr\/wp-json\/wp\/v2\/product_cat?post=102999"},{"taxonomy":"product_tag","embeddable":true,"href":"https:\/\/secretofsamui.com\/fr\/wp-json\/wp\/v2\/product_tag?post=102999"}],"curies":[{"name":"wp","href":"https:\/\/api.w.org\/{rel}","templated":true}]}}