{"id":102985,"date":"2024-08-14T02:58:50","date_gmt":"2024-08-14T02:58:50","guid":{"rendered":"https:\/\/secretofsamui.com\/product\/couette-king-size-200g\/"},"modified":"2026-01-26T09:39:48","modified_gmt":"2026-01-26T02:39:48","slug":"couette-king-size-200g","status":"publish","type":"product","link":"https:\/\/secretofsamui.com\/fr\/produit\/couette-king-size-200g\/","title":{"rendered":"Couette King Size 200g"},"content":{"rendered":"<p>Profitez d&rsquo;un \u00e9quilibre parfait entre chaleur et respirabilit\u00e9 avec notre <strong>couette King Size 200g (90\u2033 x 100\u2033 \/ 228 \u00d7 254 cm)<\/strong>, con\u00e7ue pour un confort tout au long de l&rsquo;ann\u00e9e. Avec ses dimensions g\u00e9n\u00e9reuses et son garnissage l\u00e9ger de 200 g, cette couette offre l&rsquo;\u00e9treinte douce dont vous avez besoin pour un sommeil vraiment r\u00e9parateur, sans se sentir trop lourde. <\/p>\n<p>Le tissu de qualit\u00e9 sup\u00e9rieure et le garnissage haut de gamme garantissent un duvet durable, une excellente r\u00e9gulation de la temp\u00e9rature et un toucher ultra-doux. Qu&rsquo;elle soit utilis\u00e9e dans des h\u00f4tels de luxe, des villas ou dans votre propre chambre \u00e0 coucher, cette couette rehausse votre exp\u00e9rience de sommeil par son \u00e9l\u00e9gance et son confort. <\/p>\n<ul>\n<li class=\"p1\">Garniture l\u00e9g\u00e8re de 200 g &#8211; id\u00e9ale pour les climats chauds ou pour une utilisation tout au long de l&rsquo;ann\u00e9e<\/li>\n<li class=\"p1\">Mat\u00e9riaux souples, respirants et durables<\/li>\n<li class=\"p1\">Couverture g\u00e9n\u00e9reuse King Size<\/li>\n<\/ul>\n<p>Dormez plus profond\u00e9ment, r\u00eavez mieux.<\/p>\n","protected":false},"excerpt":{"rendered":"<p>Faites l&rsquo;exp\u00e9rience du luxe ultime avec notre couette King Size. Son garnissage g\u00e9n\u00e9reux et sa douceur vous offrent une exp\u00e9rience de sommeil exceptionnelle. Parfait pour des nuits reposantes.  <\/p>\n","protected":false},"featured_media":103891,"template":"","meta":{"_acf_changed":false,"_et_pb_use_builder":"","_et_pb_old_content":"","_et_gb_content_width":""},"product_brand":[],"product_cat":[439],"product_tag":[464],"class_list":{"0":"post-102985","1":"product","2":"type-product","3":"status-publish","4":"has-post-thumbnail","6":"product_cat-linge","7":"product_tag-pas-de-fda","9":"first","10":"instock","11":"taxable","12":"shipping-taxable","13":"purchasable","14":"product-type-simple"},"acf":[],"yoast_head":"<!-- This site is optimized with the Yoast SEO plugin v27.3 - https:\/\/yoast.com\/product\/yoast-seo-wordpress\/ -->\n<title>Couette King Size 200g - Secret of Samui - Natural and Homemade cosmestic<\/title>\n<meta name=\"description\" content=\"Profitez de l&#039;\u00e9quilibre parfait entre chaleur et respirabilit\u00e9 avec notre couette King Size 200g, con\u00e7ue pour un confort tout au long de l&#039;ann\u00e9e. Avec ses dimensions g\u00e9n\u00e9reuses.\" \/>\n<meta name=\"robots\" content=\"index, follow, max-snippet:-1, max-image-preview:large, max-video-preview:-1\" \/>\n<link rel=\"canonical\" href=\"https:\/\/secretofsamui.com\/fr\/produit\/couette-king-size-200g\/\" \/>\n<meta property=\"og:locale\" content=\"fr_FR\" \/>\n<meta property=\"og:type\" content=\"article\" \/>\n<meta property=\"og:title\" content=\"Couette King Size 200g - Secret of Samui - Natural and Homemade cosmestic\" \/>\n<meta property=\"og:description\" content=\"Profitez de l&#039;\u00e9quilibre parfait entre chaleur et respirabilit\u00e9 avec notre couette King Size 200g, con\u00e7ue pour un confort tout au long de l&#039;ann\u00e9e. Avec ses dimensions g\u00e9n\u00e9reuses.\" \/>\n<meta property=\"og:url\" content=\"https:\/\/secretofsamui.com\/fr\/produit\/couette-king-size-200g\/\" \/>\n<meta property=\"og:site_name\" content=\"Secret of Samui - Natural and Homemade cosmestic\" \/>\n<meta property=\"article:modified_time\" content=\"2026-01-26T02:39:48+00:00\" \/>\n<meta property=\"og:image\" content=\"https:\/\/secretofsamui.com\/wp-content\/uploads\/2024\/08\/King-Size-200g-duvet.png\" \/>\n\t<meta property=\"og:image:width\" content=\"1024\" \/>\n\t<meta property=\"og:image:height\" content=\"1024\" \/>\n\t<meta property=\"og:image:type\" content=\"image\/png\" \/>\n<meta name=\"twitter:card\" content=\"summary_large_image\" \/>\n<meta name=\"twitter:label1\" content=\"Dur\u00e9e de lecture estim\u00e9e\" \/>\n\t<meta name=\"twitter:data1\" content=\"1 minute\" \/>\n<script type=\"application\/ld+json\" class=\"yoast-schema-graph\">{\"@context\":\"https:\\\/\\\/schema.org\",\"@graph\":[{\"@type\":\"WebPage\",\"@id\":\"https:\\\/\\\/secretofsamui.com\\\/fr\\\/produit\\\/couette-king-size-200g\\\/\",\"url\":\"https:\\\/\\\/secretofsamui.com\\\/fr\\\/produit\\\/couette-king-size-200g\\\/\",\"name\":\"Couette King Size 200g - Secret of Samui - Natural and Homemade cosmestic\",\"isPartOf\":{\"@id\":\"https:\\\/\\\/secretofsamui.com\\\/fr\\\/#website\"},\"primaryImageOfPage\":{\"@id\":\"https:\\\/\\\/secretofsamui.com\\\/fr\\\/produit\\\/couette-king-size-200g\\\/#primaryimage\"},\"image\":{\"@id\":\"https:\\\/\\\/secretofsamui.com\\\/fr\\\/produit\\\/couette-king-size-200g\\\/#primaryimage\"},\"thumbnailUrl\":\"https:\\\/\\\/secretofsamui.com\\\/wp-content\\\/uploads\\\/2024\\\/08\\\/King-Size-200g-duvet.png\",\"datePublished\":\"2024-08-14T02:58:50+00:00\",\"dateModified\":\"2026-01-26T02:39:48+00:00\",\"description\":\"Profitez de l'\u00e9quilibre parfait entre chaleur et respirabilit\u00e9 avec notre couette King Size 200g, con\u00e7ue pour un confort tout au long de l'ann\u00e9e. Avec ses dimensions g\u00e9n\u00e9reuses.\",\"breadcrumb\":{\"@id\":\"https:\\\/\\\/secretofsamui.com\\\/fr\\\/produit\\\/couette-king-size-200g\\\/#breadcrumb\"},\"inLanguage\":\"fr-FR\",\"potentialAction\":[{\"@type\":\"ReadAction\",\"target\":[\"https:\\\/\\\/secretofsamui.com\\\/fr\\\/produit\\\/couette-king-size-200g\\\/\"]}]},{\"@type\":\"ImageObject\",\"inLanguage\":\"fr-FR\",\"@id\":\"https:\\\/\\\/secretofsamui.com\\\/fr\\\/produit\\\/couette-king-size-200g\\\/#primaryimage\",\"url\":\"https:\\\/\\\/secretofsamui.com\\\/wp-content\\\/uploads\\\/2024\\\/08\\\/King-Size-200g-duvet.png\",\"contentUrl\":\"https:\\\/\\\/secretofsamui.com\\\/wp-content\\\/uploads\\\/2024\\\/08\\\/King-Size-200g-duvet.png\",\"width\":1024,\"height\":1024,\"caption\":\"Couette King Size 200g\"},{\"@type\":\"BreadcrumbList\",\"@id\":\"https:\\\/\\\/secretofsamui.com\\\/fr\\\/produit\\\/couette-king-size-200g\\\/#breadcrumb\",\"itemListElement\":[{\"@type\":\"ListItem\",\"position\":1,\"name\":\"Home\",\"item\":\"https:\\\/\\\/secretofsamui.com\\\/fr\\\/accueil\\\/\"},{\"@type\":\"ListItem\",\"position\":2,\"name\":\"Boutique\",\"item\":\"https:\\\/\\\/secretofsamui.com\\\/boutique\\\/\"},{\"@type\":\"ListItem\",\"position\":3,\"name\":\"Couette King Size 200g\"}]},{\"@type\":\"WebSite\",\"@id\":\"https:\\\/\\\/secretofsamui.com\\\/fr\\\/#website\",\"url\":\"https:\\\/\\\/secretofsamui.com\\\/fr\\\/\",\"name\":\"Secret of Samui - Natural and Homemade cosmestic\",\"description\":\"\",\"potentialAction\":[{\"@type\":\"SearchAction\",\"target\":{\"@type\":\"EntryPoint\",\"urlTemplate\":\"https:\\\/\\\/secretofsamui.com\\\/fr\\\/?s={search_term_string}\"},\"query-input\":{\"@type\":\"PropertyValueSpecification\",\"valueRequired\":true,\"valueName\":\"search_term_string\"}}],\"inLanguage\":\"fr-FR\"}]}<\/script>\n<!-- \/ Yoast SEO plugin. -->","yoast_head_json":{"title":"Couette King Size 200g - Secret of Samui - Natural and Homemade cosmestic","description":"Profitez de l'\u00e9quilibre parfait entre chaleur et respirabilit\u00e9 avec notre couette King Size 200g, con\u00e7ue pour un confort tout au long de l'ann\u00e9e. Avec ses dimensions g\u00e9n\u00e9reuses.","robots":{"index":"index","follow":"follow","max-snippet":"max-snippet:-1","max-image-preview":"max-image-preview:large","max-video-preview":"max-video-preview:-1"},"canonical":"https:\/\/secretofsamui.com\/fr\/produit\/couette-king-size-200g\/","og_locale":"fr_FR","og_type":"article","og_title":"Couette King Size 200g - Secret of Samui - Natural and Homemade cosmestic","og_description":"Profitez de l'\u00e9quilibre parfait entre chaleur et respirabilit\u00e9 avec notre couette King Size 200g, con\u00e7ue pour un confort tout au long de l'ann\u00e9e. Avec ses dimensions g\u00e9n\u00e9reuses.","og_url":"https:\/\/secretofsamui.com\/fr\/produit\/couette-king-size-200g\/","og_site_name":"Secret of Samui - Natural and Homemade cosmestic","article_modified_time":"2026-01-26T02:39:48+00:00","og_image":[{"width":1024,"height":1024,"url":"https:\/\/secretofsamui.com\/wp-content\/uploads\/2024\/08\/King-Size-200g-duvet.png","type":"image\/png"}],"twitter_card":"summary_large_image","twitter_misc":{"Dur\u00e9e de lecture estim\u00e9e":"1 minute"},"schema":{"@context":"https:\/\/schema.org","@graph":[{"@type":"WebPage","@id":"https:\/\/secretofsamui.com\/fr\/produit\/couette-king-size-200g\/","url":"https:\/\/secretofsamui.com\/fr\/produit\/couette-king-size-200g\/","name":"Couette King Size 200g - Secret of Samui - Natural and Homemade cosmestic","isPartOf":{"@id":"https:\/\/secretofsamui.com\/fr\/#website"},"primaryImageOfPage":{"@id":"https:\/\/secretofsamui.com\/fr\/produit\/couette-king-size-200g\/#primaryimage"},"image":{"@id":"https:\/\/secretofsamui.com\/fr\/produit\/couette-king-size-200g\/#primaryimage"},"thumbnailUrl":"https:\/\/secretofsamui.com\/wp-content\/uploads\/2024\/08\/King-Size-200g-duvet.png","datePublished":"2024-08-14T02:58:50+00:00","dateModified":"2026-01-26T02:39:48+00:00","description":"Profitez de l'\u00e9quilibre parfait entre chaleur et respirabilit\u00e9 avec notre couette King Size 200g, con\u00e7ue pour un confort tout au long de l'ann\u00e9e. Avec ses dimensions g\u00e9n\u00e9reuses.","breadcrumb":{"@id":"https:\/\/secretofsamui.com\/fr\/produit\/couette-king-size-200g\/#breadcrumb"},"inLanguage":"fr-FR","potentialAction":[{"@type":"ReadAction","target":["https:\/\/secretofsamui.com\/fr\/produit\/couette-king-size-200g\/"]}]},{"@type":"ImageObject","inLanguage":"fr-FR","@id":"https:\/\/secretofsamui.com\/fr\/produit\/couette-king-size-200g\/#primaryimage","url":"https:\/\/secretofsamui.com\/wp-content\/uploads\/2024\/08\/King-Size-200g-duvet.png","contentUrl":"https:\/\/secretofsamui.com\/wp-content\/uploads\/2024\/08\/King-Size-200g-duvet.png","width":1024,"height":1024,"caption":"Couette King Size 200g"},{"@type":"BreadcrumbList","@id":"https:\/\/secretofsamui.com\/fr\/produit\/couette-king-size-200g\/#breadcrumb","itemListElement":[{"@type":"ListItem","position":1,"name":"Home","item":"https:\/\/secretofsamui.com\/fr\/accueil\/"},{"@type":"ListItem","position":2,"name":"Boutique","item":"https:\/\/secretofsamui.com\/boutique\/"},{"@type":"ListItem","position":3,"name":"Couette King Size 200g"}]},{"@type":"WebSite","@id":"https:\/\/secretofsamui.com\/fr\/#website","url":"https:\/\/secretofsamui.com\/fr\/","name":"Secret of Samui - Natural and Homemade cosmestic","description":"","potentialAction":[{"@type":"SearchAction","target":{"@type":"EntryPoint","urlTemplate":"https:\/\/secretofsamui.com\/fr\/?s={search_term_string}"},"query-input":{"@type":"PropertyValueSpecification","valueRequired":true,"valueName":"search_term_string"}}],"inLanguage":"fr-FR"}]}},"_links":{"self":[{"href":"https:\/\/secretofsamui.com\/fr\/wp-json\/wp\/v2\/product\/102985","targetHints":{"allow":["GET"]}}],"collection":[{"href":"https:\/\/secretofsamui.com\/fr\/wp-json\/wp\/v2\/product"}],"about":[{"href":"https:\/\/secretofsamui.com\/fr\/wp-json\/wp\/v2\/types\/product"}],"wp:featuredmedia":[{"embeddable":true,"href":"https:\/\/secretofsamui.com\/fr\/wp-json\/wp\/v2\/media\/103891"}],"wp:attachment":[{"href":"https:\/\/secretofsamui.com\/fr\/wp-json\/wp\/v2\/media?parent=102985"}],"wp:term":[{"taxonomy":"product_brand","embeddable":true,"href":"https:\/\/secretofsamui.com\/fr\/wp-json\/wp\/v2\/product_brand?post=102985"},{"taxonomy":"product_cat","embeddable":true,"href":"https:\/\/secretofsamui.com\/fr\/wp-json\/wp\/v2\/product_cat?post=102985"},{"taxonomy":"product_tag","embeddable":true,"href":"https:\/\/secretofsamui.com\/fr\/wp-json\/wp\/v2\/product_tag?post=102985"}],"curies":[{"name":"wp","href":"https:\/\/api.w.org\/{rel}","templated":true}]}}