{"id":102975,"date":"2024-08-14T03:05:05","date_gmt":"2024-08-14T03:05:05","guid":{"rendered":"https:\/\/secretofsamui.com\/product\/protege-oreiller-zip\/"},"modified":"2025-09-25T08:07:50","modified_gmt":"2025-09-25T08:07:50","slug":"protege-oreiller-zip","status":"publish","type":"product","link":"https:\/\/secretofsamui.com\/fr\/produit\/protege-oreiller-zip\/","title":{"rendered":"Prot\u00e8ge-oreiller Zip"},"content":{"rendered":"<p>Gardez vos oreillers frais, propres et prot\u00e9g\u00e9s gr\u00e2ce \u00e0 notre <strong>prot\u00e8ge-oreiller \u00e0 fermeture \u00e9clair de 49 x 74 cm.<\/strong> Con\u00e7u pour agir comme une barri\u00e8re discr\u00e8te mais efficace, il prot\u00e8ge votre oreiller des allerg\u00e8nes, de l&rsquo;humidit\u00e9, des acariens et de l&rsquo;usure quotidienne, tout en conservant une sensation de douceur et de confort. <\/p>\n<p>La fermeture \u00e0 glissi\u00e8re lisse garantit un ajustement parfait et un retrait facile pour un lavage r\u00e9gulier, ce qui contribue \u00e0 prolonger la dur\u00e9e de vie de votre oreiller tout en am\u00e9liorant l&rsquo;hygi\u00e8ne g\u00e9n\u00e9rale.<\/p>\n<ul>\n<li>Fermeture \u00e0 glissi\u00e8re pour un maintien s\u00fbr<\/li>\n<li>Prot\u00e8ge contre les allerg\u00e8nes et l&rsquo;humidit\u00e9<\/li>\n<li>Tissu doux, respirant et facile d&rsquo;entretien<\/li>\n<li>Id\u00e9al pour les maisons, les h\u00f4tels et les spas<\/li>\n<\/ul>\n<p>Pour des commandes importantes pour des h\u00f4tels, des villas ou des centres de bien-\u00eatre, <a href=\"https:\/\/secretofsamui.com\/contact-us\/\">contactez-nous<\/a> directement par email pour demander votre devis personnalis\u00e9.<\/p>\n","protected":false},"excerpt":{"rendered":"<p>Prot\u00e8ge-oreiller \u00e0 fermeture \u00e9clair pour l&rsquo;hygi\u00e8ne, le confort et la durabilit\u00e9. Prot\u00e8ge contre les allerg\u00e8nes et l&rsquo;humidit\u00e9. <\/p>\n","protected":false},"featured_media":103900,"template":"","meta":{"_acf_changed":false,"_et_pb_use_builder":"","_et_pb_old_content":"","_et_gb_content_width":""},"product_brand":[],"product_cat":[439],"product_tag":[464],"class_list":{"0":"post-102975","1":"product","2":"type-product","3":"status-publish","4":"has-post-thumbnail","6":"product_cat-linge","7":"product_tag-pas-de-fda","9":"first","10":"instock","11":"taxable","12":"shipping-taxable","13":"purchasable","14":"product-type-simple"},"acf":[],"yoast_head":"<!-- This site is optimized with the Yoast SEO plugin v27.4 - https:\/\/yoast.com\/product\/yoast-seo-wordpress\/ -->\n<title>Prot\u00e8ge-oreiller Zip - Secret of Samui - Natural and Homemade cosmestic<\/title>\n<meta name=\"description\" content=\"Gardez vos oreillers frais, propres et prot\u00e9g\u00e9s gr\u00e2ce \u00e0 notre prot\u00e8ge-oreiller \u00e0 fermeture \u00e9clair. Con\u00e7u pour agir comme une barri\u00e8re discr\u00e8te mais efficace.\" \/>\n<meta name=\"robots\" content=\"index, follow, max-snippet:-1, max-image-preview:large, max-video-preview:-1\" \/>\n<link rel=\"canonical\" href=\"https:\/\/secretofsamui.com\/fr\/produit\/protege-oreiller-zip\/\" \/>\n<meta property=\"og:locale\" content=\"fr_FR\" \/>\n<meta property=\"og:type\" content=\"article\" \/>\n<meta property=\"og:title\" content=\"Prot\u00e8ge-oreiller Zip - Secret of Samui - Natural and Homemade cosmestic\" \/>\n<meta property=\"og:description\" content=\"Gardez vos oreillers frais, propres et prot\u00e9g\u00e9s gr\u00e2ce \u00e0 notre prot\u00e8ge-oreiller \u00e0 fermeture \u00e9clair. Con\u00e7u pour agir comme une barri\u00e8re discr\u00e8te mais efficace.\" \/>\n<meta property=\"og:url\" content=\"https:\/\/secretofsamui.com\/fr\/produit\/protege-oreiller-zip\/\" \/>\n<meta property=\"og:site_name\" content=\"Secret of Samui - Natural and Homemade cosmestic\" \/>\n<meta property=\"article:modified_time\" content=\"2025-09-25T08:07:50+00:00\" \/>\n<meta property=\"og:image\" content=\"https:\/\/secretofsamui.com\/wp-content\/uploads\/2024\/08\/Pillow-Protector-Zip.png\" \/>\n\t<meta property=\"og:image:width\" content=\"1024\" \/>\n\t<meta property=\"og:image:height\" content=\"1024\" \/>\n\t<meta property=\"og:image:type\" content=\"image\/png\" \/>\n<meta name=\"twitter:card\" content=\"summary_large_image\" \/>\n<meta name=\"twitter:label1\" content=\"Dur\u00e9e de lecture estim\u00e9e\" \/>\n\t<meta name=\"twitter:data1\" content=\"1 minute\" \/>\n<script type=\"application\/ld+json\" class=\"yoast-schema-graph\">{\"@context\":\"https:\\\/\\\/schema.org\",\"@graph\":[{\"@type\":\"WebPage\",\"@id\":\"https:\\\/\\\/secretofsamui.com\\\/fr\\\/produit\\\/protege-oreiller-zip\\\/\",\"url\":\"https:\\\/\\\/secretofsamui.com\\\/fr\\\/produit\\\/protege-oreiller-zip\\\/\",\"name\":\"Prot\u00e8ge-oreiller Zip - Secret of Samui - Natural and Homemade cosmestic\",\"isPartOf\":{\"@id\":\"https:\\\/\\\/secretofsamui.com\\\/fr\\\/#website\"},\"primaryImageOfPage\":{\"@id\":\"https:\\\/\\\/secretofsamui.com\\\/fr\\\/produit\\\/protege-oreiller-zip\\\/#primaryimage\"},\"image\":{\"@id\":\"https:\\\/\\\/secretofsamui.com\\\/fr\\\/produit\\\/protege-oreiller-zip\\\/#primaryimage\"},\"thumbnailUrl\":\"https:\\\/\\\/secretofsamui.com\\\/wp-content\\\/uploads\\\/2024\\\/08\\\/Pillow-Protector-Zip.png\",\"datePublished\":\"2024-08-14T03:05:05+00:00\",\"dateModified\":\"2025-09-25T08:07:50+00:00\",\"description\":\"Gardez vos oreillers frais, propres et prot\u00e9g\u00e9s gr\u00e2ce \u00e0 notre prot\u00e8ge-oreiller \u00e0 fermeture \u00e9clair. Con\u00e7u pour agir comme une barri\u00e8re discr\u00e8te mais efficace.\",\"breadcrumb\":{\"@id\":\"https:\\\/\\\/secretofsamui.com\\\/fr\\\/produit\\\/protege-oreiller-zip\\\/#breadcrumb\"},\"inLanguage\":\"fr-FR\",\"potentialAction\":[{\"@type\":\"ReadAction\",\"target\":[\"https:\\\/\\\/secretofsamui.com\\\/fr\\\/produit\\\/protege-oreiller-zip\\\/\"]}]},{\"@type\":\"ImageObject\",\"inLanguage\":\"fr-FR\",\"@id\":\"https:\\\/\\\/secretofsamui.com\\\/fr\\\/produit\\\/protege-oreiller-zip\\\/#primaryimage\",\"url\":\"https:\\\/\\\/secretofsamui.com\\\/wp-content\\\/uploads\\\/2024\\\/08\\\/Pillow-Protector-Zip.png\",\"contentUrl\":\"https:\\\/\\\/secretofsamui.com\\\/wp-content\\\/uploads\\\/2024\\\/08\\\/Pillow-Protector-Zip.png\",\"width\":1024,\"height\":1024,\"caption\":\"Pillow Protector Zip\"},{\"@type\":\"BreadcrumbList\",\"@id\":\"https:\\\/\\\/secretofsamui.com\\\/fr\\\/produit\\\/protege-oreiller-zip\\\/#breadcrumb\",\"itemListElement\":[{\"@type\":\"ListItem\",\"position\":1,\"name\":\"Home\",\"item\":\"https:\\\/\\\/secretofsamui.com\\\/fr\\\/accueil\\\/\"},{\"@type\":\"ListItem\",\"position\":2,\"name\":\"Boutique\",\"item\":\"https:\\\/\\\/secretofsamui.com\\\/boutique\\\/\"},{\"@type\":\"ListItem\",\"position\":3,\"name\":\"Prot\u00e8ge-oreiller Zip\"}]},{\"@type\":\"WebSite\",\"@id\":\"https:\\\/\\\/secretofsamui.com\\\/fr\\\/#website\",\"url\":\"https:\\\/\\\/secretofsamui.com\\\/fr\\\/\",\"name\":\"Secret of Samui - Natural and Homemade cosmestic\",\"description\":\"\",\"potentialAction\":[{\"@type\":\"SearchAction\",\"target\":{\"@type\":\"EntryPoint\",\"urlTemplate\":\"https:\\\/\\\/secretofsamui.com\\\/fr\\\/?s={search_term_string}\"},\"query-input\":{\"@type\":\"PropertyValueSpecification\",\"valueRequired\":true,\"valueName\":\"search_term_string\"}}],\"inLanguage\":\"fr-FR\"}]}<\/script>\n<!-- \/ Yoast SEO plugin. -->","yoast_head_json":{"title":"Prot\u00e8ge-oreiller Zip - Secret of Samui - Natural and Homemade cosmestic","description":"Gardez vos oreillers frais, propres et prot\u00e9g\u00e9s gr\u00e2ce \u00e0 notre prot\u00e8ge-oreiller \u00e0 fermeture \u00e9clair. Con\u00e7u pour agir comme une barri\u00e8re discr\u00e8te mais efficace.","robots":{"index":"index","follow":"follow","max-snippet":"max-snippet:-1","max-image-preview":"max-image-preview:large","max-video-preview":"max-video-preview:-1"},"canonical":"https:\/\/secretofsamui.com\/fr\/produit\/protege-oreiller-zip\/","og_locale":"fr_FR","og_type":"article","og_title":"Prot\u00e8ge-oreiller Zip - Secret of Samui - Natural and Homemade cosmestic","og_description":"Gardez vos oreillers frais, propres et prot\u00e9g\u00e9s gr\u00e2ce \u00e0 notre prot\u00e8ge-oreiller \u00e0 fermeture \u00e9clair. Con\u00e7u pour agir comme une barri\u00e8re discr\u00e8te mais efficace.","og_url":"https:\/\/secretofsamui.com\/fr\/produit\/protege-oreiller-zip\/","og_site_name":"Secret of Samui - Natural and Homemade cosmestic","article_modified_time":"2025-09-25T08:07:50+00:00","og_image":[{"width":1024,"height":1024,"url":"https:\/\/secretofsamui.com\/wp-content\/uploads\/2024\/08\/Pillow-Protector-Zip.png","type":"image\/png"}],"twitter_card":"summary_large_image","twitter_misc":{"Dur\u00e9e de lecture estim\u00e9e":"1 minute"},"schema":{"@context":"https:\/\/schema.org","@graph":[{"@type":"WebPage","@id":"https:\/\/secretofsamui.com\/fr\/produit\/protege-oreiller-zip\/","url":"https:\/\/secretofsamui.com\/fr\/produit\/protege-oreiller-zip\/","name":"Prot\u00e8ge-oreiller Zip - Secret of Samui - Natural and Homemade cosmestic","isPartOf":{"@id":"https:\/\/secretofsamui.com\/fr\/#website"},"primaryImageOfPage":{"@id":"https:\/\/secretofsamui.com\/fr\/produit\/protege-oreiller-zip\/#primaryimage"},"image":{"@id":"https:\/\/secretofsamui.com\/fr\/produit\/protege-oreiller-zip\/#primaryimage"},"thumbnailUrl":"https:\/\/secretofsamui.com\/wp-content\/uploads\/2024\/08\/Pillow-Protector-Zip.png","datePublished":"2024-08-14T03:05:05+00:00","dateModified":"2025-09-25T08:07:50+00:00","description":"Gardez vos oreillers frais, propres et prot\u00e9g\u00e9s gr\u00e2ce \u00e0 notre prot\u00e8ge-oreiller \u00e0 fermeture \u00e9clair. Con\u00e7u pour agir comme une barri\u00e8re discr\u00e8te mais efficace.","breadcrumb":{"@id":"https:\/\/secretofsamui.com\/fr\/produit\/protege-oreiller-zip\/#breadcrumb"},"inLanguage":"fr-FR","potentialAction":[{"@type":"ReadAction","target":["https:\/\/secretofsamui.com\/fr\/produit\/protege-oreiller-zip\/"]}]},{"@type":"ImageObject","inLanguage":"fr-FR","@id":"https:\/\/secretofsamui.com\/fr\/produit\/protege-oreiller-zip\/#primaryimage","url":"https:\/\/secretofsamui.com\/wp-content\/uploads\/2024\/08\/Pillow-Protector-Zip.png","contentUrl":"https:\/\/secretofsamui.com\/wp-content\/uploads\/2024\/08\/Pillow-Protector-Zip.png","width":1024,"height":1024,"caption":"Pillow Protector Zip"},{"@type":"BreadcrumbList","@id":"https:\/\/secretofsamui.com\/fr\/produit\/protege-oreiller-zip\/#breadcrumb","itemListElement":[{"@type":"ListItem","position":1,"name":"Home","item":"https:\/\/secretofsamui.com\/fr\/accueil\/"},{"@type":"ListItem","position":2,"name":"Boutique","item":"https:\/\/secretofsamui.com\/boutique\/"},{"@type":"ListItem","position":3,"name":"Prot\u00e8ge-oreiller Zip"}]},{"@type":"WebSite","@id":"https:\/\/secretofsamui.com\/fr\/#website","url":"https:\/\/secretofsamui.com\/fr\/","name":"Secret of Samui - Natural and Homemade cosmestic","description":"","potentialAction":[{"@type":"SearchAction","target":{"@type":"EntryPoint","urlTemplate":"https:\/\/secretofsamui.com\/fr\/?s={search_term_string}"},"query-input":{"@type":"PropertyValueSpecification","valueRequired":true,"valueName":"search_term_string"}}],"inLanguage":"fr-FR"}]}},"_links":{"self":[{"href":"https:\/\/secretofsamui.com\/fr\/wp-json\/wp\/v2\/product\/102975","targetHints":{"allow":["GET"]}}],"collection":[{"href":"https:\/\/secretofsamui.com\/fr\/wp-json\/wp\/v2\/product"}],"about":[{"href":"https:\/\/secretofsamui.com\/fr\/wp-json\/wp\/v2\/types\/product"}],"wp:featuredmedia":[{"embeddable":true,"href":"https:\/\/secretofsamui.com\/fr\/wp-json\/wp\/v2\/media\/103900"}],"wp:attachment":[{"href":"https:\/\/secretofsamui.com\/fr\/wp-json\/wp\/v2\/media?parent=102975"}],"wp:term":[{"taxonomy":"product_brand","embeddable":true,"href":"https:\/\/secretofsamui.com\/fr\/wp-json\/wp\/v2\/product_brand?post=102975"},{"taxonomy":"product_cat","embeddable":true,"href":"https:\/\/secretofsamui.com\/fr\/wp-json\/wp\/v2\/product_cat?post=102975"},{"taxonomy":"product_tag","embeddable":true,"href":"https:\/\/secretofsamui.com\/fr\/wp-json\/wp\/v2\/product_tag?post=102975"}],"curies":[{"name":"wp","href":"https:\/\/api.w.org\/{rel}","templated":true}]}}