{"id":102973,"date":"2024-10-18T06:56:42","date_gmt":"2024-10-18T06:56:42","guid":{"rendered":"https:\/\/secretofsamui.com\/product\/brillant-a-levres-calia\/"},"modified":"2025-10-10T09:11:44","modified_gmt":"2025-10-10T09:11:44","slug":"brillant-a-levres-calia","status":"publish","type":"product","link":"https:\/\/secretofsamui.com\/fr\/produit\/brillant-a-levres-calia\/","title":{"rendered":"Brillant \u00e0 l\u00e8vres Calia"},"content":{"rendered":"<p>Faites l&rsquo;exp\u00e9rience de l&rsquo;ultime chouchoutage des l\u00e8vres avec le brillant \u00e0 l\u00e8vres hydratant Calia, d&rsquo;un rose \u00e9clatant. Enrichi en ingr\u00e9dients nourrissants, ce gloss apporte une hydratation profonde pour des l\u00e8vres douces et pulpeuses qui restent \u00e9clatantes toute la journ\u00e9e. Sa formule non collante glisse sans effort et laisse un fini magnifique et brillant qui rehausse la couleur naturelle de vos l\u00e8vres. Que vous optiez pour un look d\u00e9contract\u00e9 en journ\u00e9e ou pour un style plus glamour en soir\u00e9e, le brillant \u00e0 l\u00e8vres Calia est la solution pour des l\u00e8vres douces, pulpeuses et brillantes. Parfait pour toutes les occasions !    <\/p>\n","protected":false},"excerpt":{"rendered":"<p>Brillant \u00e0 l\u00e8vres hydratant Calia \u2013 Offrez \u00e0 vos l\u00e8vres un \u00e9clat de rose lumineux gr\u00e2ce \u00e0 une formule douce et intens\u00e9ment hydratante. Id\u00e9al pour une utilisation tout au long de la journ\u00e9e, il laisse vos l\u00e8vres douces et \u00e9clatantes avec un fini sublime et sans effet collant. <\/p>\n","protected":false},"featured_media":104262,"template":"","meta":{"_acf_changed":false,"_et_pb_use_builder":"","_et_pb_old_content":"","_et_gb_content_width":""},"product_brand":[],"product_cat":[432,422],"product_tag":[464],"class_list":{"0":"post-102973","1":"product","2":"type-product","3":"status-publish","4":"has-post-thumbnail","6":"product_cat-calia-fr","7":"product_cat-soins-de-beaute","8":"product_tag-pas-de-fda","10":"first","11":"instock","12":"taxable","13":"shipping-taxable","14":"purchasable","15":"product-type-variable","16":"has-default-attributes"},"acf":[],"yoast_head":"<!-- This site is optimized with the Yoast SEO plugin v27.2 - https:\/\/yoast.com\/product\/yoast-seo-wordpress\/ -->\n<title>Brillant \u00e0 l\u00e8vres Calia - Secret of Samui - Natural and Homemade cosmestic<\/title>\n<meta name=\"description\" content=\"Faites l&#039;exp\u00e9rience d&#039;un soin ultime des l\u00e8vres avec le brillant \u00e0 l\u00e8vres hydratant Calia en rose radieux. Ce brillant procure une hydratation profonde.\" \/>\n<meta name=\"robots\" content=\"index, follow, max-snippet:-1, max-image-preview:large, max-video-preview:-1\" \/>\n<link rel=\"canonical\" href=\"https:\/\/secretofsamui.com\/fr\/produit\/brillant-a-levres-calia\/\" \/>\n<meta property=\"og:locale\" content=\"fr_FR\" \/>\n<meta property=\"og:type\" content=\"article\" \/>\n<meta property=\"og:title\" content=\"Brillant \u00e0 l\u00e8vres Calia - Secret of Samui - Natural and Homemade cosmestic\" \/>\n<meta property=\"og:description\" content=\"Faites l&#039;exp\u00e9rience d&#039;un soin ultime des l\u00e8vres avec le brillant \u00e0 l\u00e8vres hydratant Calia en rose radieux. Ce brillant procure une hydratation profonde.\" \/>\n<meta property=\"og:url\" content=\"https:\/\/secretofsamui.com\/fr\/produit\/brillant-a-levres-calia\/\" \/>\n<meta property=\"og:site_name\" content=\"Secret of Samui - Natural and Homemade cosmestic\" \/>\n<meta property=\"article:modified_time\" content=\"2025-10-10T09:11:44+00:00\" \/>\n<meta property=\"og:image\" content=\"https:\/\/secretofsamui.com\/wp-content\/uploads\/2024\/10\/Calia-Lip-Shine-Gloss.jpeg\" \/>\n\t<meta property=\"og:image:width\" content=\"1600\" \/>\n\t<meta property=\"og:image:height\" content=\"1600\" \/>\n\t<meta property=\"og:image:type\" content=\"image\/jpeg\" \/>\n<meta name=\"twitter:card\" content=\"summary_large_image\" \/>\n<meta name=\"twitter:label1\" content=\"Dur\u00e9e de lecture estim\u00e9e\" \/>\n\t<meta name=\"twitter:data1\" content=\"1 minute\" \/>\n<script type=\"application\/ld+json\" class=\"yoast-schema-graph\">{\"@context\":\"https:\/\/schema.org\",\"@graph\":[{\"@type\":\"WebPage\",\"@id\":\"https:\/\/secretofsamui.com\/fr\/produit\/brillant-a-levres-calia\/\",\"url\":\"https:\/\/secretofsamui.com\/fr\/produit\/brillant-a-levres-calia\/\",\"name\":\"Brillant \u00e0 l\u00e8vres Calia - Secret of Samui - Natural and Homemade cosmestic\",\"isPartOf\":{\"@id\":\"https:\/\/secretofsamui.com\/fr\/#website\"},\"primaryImageOfPage\":{\"@id\":\"https:\/\/secretofsamui.com\/fr\/produit\/brillant-a-levres-calia\/#primaryimage\"},\"image\":{\"@id\":\"https:\/\/secretofsamui.com\/fr\/produit\/brillant-a-levres-calia\/#primaryimage\"},\"thumbnailUrl\":\"https:\/\/secretofsamui.com\/wp-content\/uploads\/2024\/10\/Calia-Lip-Shine-Gloss.jpeg\",\"datePublished\":\"2024-10-18T06:56:42+00:00\",\"dateModified\":\"2025-10-10T09:11:44+00:00\",\"description\":\"Faites l'exp\u00e9rience d'un soin ultime des l\u00e8vres avec le brillant \u00e0 l\u00e8vres hydratant Calia en rose radieux. Ce brillant procure une hydratation profonde.\",\"breadcrumb\":{\"@id\":\"https:\/\/secretofsamui.com\/fr\/produit\/brillant-a-levres-calia\/#breadcrumb\"},\"inLanguage\":\"fr-FR\",\"potentialAction\":[{\"@type\":\"ReadAction\",\"target\":[\"https:\/\/secretofsamui.com\/fr\/produit\/brillant-a-levres-calia\/\"]}]},{\"@type\":\"ImageObject\",\"inLanguage\":\"fr-FR\",\"@id\":\"https:\/\/secretofsamui.com\/fr\/produit\/brillant-a-levres-calia\/#primaryimage\",\"url\":\"https:\/\/secretofsamui.com\/wp-content\/uploads\/2024\/10\/Calia-Lip-Shine-Gloss.jpeg\",\"contentUrl\":\"https:\/\/secretofsamui.com\/wp-content\/uploads\/2024\/10\/Calia-Lip-Shine-Gloss.jpeg\",\"width\":1600,\"height\":1600,\"caption\":\"Calia Lip Shine Gloss\"},{\"@type\":\"BreadcrumbList\",\"@id\":\"https:\/\/secretofsamui.com\/fr\/produit\/brillant-a-levres-calia\/#breadcrumb\",\"itemListElement\":[{\"@type\":\"ListItem\",\"position\":1,\"name\":\"Home\",\"item\":\"https:\/\/secretofsamui.com\/fr\/accueil\/\"},{\"@type\":\"ListItem\",\"position\":2,\"name\":\"Boutique\",\"item\":\"https:\/\/secretofsamui.com\/boutique\/\"},{\"@type\":\"ListItem\",\"position\":3,\"name\":\"Brillant \u00e0 l\u00e8vres Calia\"}]},{\"@type\":\"WebSite\",\"@id\":\"https:\/\/secretofsamui.com\/fr\/#website\",\"url\":\"https:\/\/secretofsamui.com\/fr\/\",\"name\":\"Secret of Samui - Natural and Homemade cosmestic\",\"description\":\"\",\"potentialAction\":[{\"@type\":\"SearchAction\",\"target\":{\"@type\":\"EntryPoint\",\"urlTemplate\":\"https:\/\/secretofsamui.com\/fr\/?s={search_term_string}\"},\"query-input\":{\"@type\":\"PropertyValueSpecification\",\"valueRequired\":true,\"valueName\":\"search_term_string\"}}],\"inLanguage\":\"fr-FR\"}]}<\/script>\n<!-- \/ Yoast SEO plugin. -->","yoast_head_json":{"title":"Brillant \u00e0 l\u00e8vres Calia - Secret of Samui - Natural and Homemade cosmestic","description":"Faites l'exp\u00e9rience d'un soin ultime des l\u00e8vres avec le brillant \u00e0 l\u00e8vres hydratant Calia en rose radieux. Ce brillant procure une hydratation profonde.","robots":{"index":"index","follow":"follow","max-snippet":"max-snippet:-1","max-image-preview":"max-image-preview:large","max-video-preview":"max-video-preview:-1"},"canonical":"https:\/\/secretofsamui.com\/fr\/produit\/brillant-a-levres-calia\/","og_locale":"fr_FR","og_type":"article","og_title":"Brillant \u00e0 l\u00e8vres Calia - Secret of Samui - Natural and Homemade cosmestic","og_description":"Faites l'exp\u00e9rience d'un soin ultime des l\u00e8vres avec le brillant \u00e0 l\u00e8vres hydratant Calia en rose radieux. Ce brillant procure une hydratation profonde.","og_url":"https:\/\/secretofsamui.com\/fr\/produit\/brillant-a-levres-calia\/","og_site_name":"Secret of Samui - Natural and Homemade cosmestic","article_modified_time":"2025-10-10T09:11:44+00:00","og_image":[{"width":1600,"height":1600,"url":"https:\/\/secretofsamui.com\/wp-content\/uploads\/2024\/10\/Calia-Lip-Shine-Gloss.jpeg","type":"image\/jpeg"}],"twitter_card":"summary_large_image","twitter_misc":{"Dur\u00e9e de lecture estim\u00e9e":"1 minute"},"schema":{"@context":"https:\/\/schema.org","@graph":[{"@type":"WebPage","@id":"https:\/\/secretofsamui.com\/fr\/produit\/brillant-a-levres-calia\/","url":"https:\/\/secretofsamui.com\/fr\/produit\/brillant-a-levres-calia\/","name":"Brillant \u00e0 l\u00e8vres Calia - Secret of Samui - Natural and Homemade cosmestic","isPartOf":{"@id":"https:\/\/secretofsamui.com\/fr\/#website"},"primaryImageOfPage":{"@id":"https:\/\/secretofsamui.com\/fr\/produit\/brillant-a-levres-calia\/#primaryimage"},"image":{"@id":"https:\/\/secretofsamui.com\/fr\/produit\/brillant-a-levres-calia\/#primaryimage"},"thumbnailUrl":"https:\/\/secretofsamui.com\/wp-content\/uploads\/2024\/10\/Calia-Lip-Shine-Gloss.jpeg","datePublished":"2024-10-18T06:56:42+00:00","dateModified":"2025-10-10T09:11:44+00:00","description":"Faites l'exp\u00e9rience d'un soin ultime des l\u00e8vres avec le brillant \u00e0 l\u00e8vres hydratant Calia en rose radieux. Ce brillant procure une hydratation profonde.","breadcrumb":{"@id":"https:\/\/secretofsamui.com\/fr\/produit\/brillant-a-levres-calia\/#breadcrumb"},"inLanguage":"fr-FR","potentialAction":[{"@type":"ReadAction","target":["https:\/\/secretofsamui.com\/fr\/produit\/brillant-a-levres-calia\/"]}]},{"@type":"ImageObject","inLanguage":"fr-FR","@id":"https:\/\/secretofsamui.com\/fr\/produit\/brillant-a-levres-calia\/#primaryimage","url":"https:\/\/secretofsamui.com\/wp-content\/uploads\/2024\/10\/Calia-Lip-Shine-Gloss.jpeg","contentUrl":"https:\/\/secretofsamui.com\/wp-content\/uploads\/2024\/10\/Calia-Lip-Shine-Gloss.jpeg","width":1600,"height":1600,"caption":"Calia Lip Shine Gloss"},{"@type":"BreadcrumbList","@id":"https:\/\/secretofsamui.com\/fr\/produit\/brillant-a-levres-calia\/#breadcrumb","itemListElement":[{"@type":"ListItem","position":1,"name":"Home","item":"https:\/\/secretofsamui.com\/fr\/accueil\/"},{"@type":"ListItem","position":2,"name":"Boutique","item":"https:\/\/secretofsamui.com\/boutique\/"},{"@type":"ListItem","position":3,"name":"Brillant \u00e0 l\u00e8vres Calia"}]},{"@type":"WebSite","@id":"https:\/\/secretofsamui.com\/fr\/#website","url":"https:\/\/secretofsamui.com\/fr\/","name":"Secret of Samui - Natural and Homemade cosmestic","description":"","potentialAction":[{"@type":"SearchAction","target":{"@type":"EntryPoint","urlTemplate":"https:\/\/secretofsamui.com\/fr\/?s={search_term_string}"},"query-input":{"@type":"PropertyValueSpecification","valueRequired":true,"valueName":"search_term_string"}}],"inLanguage":"fr-FR"}]}},"_links":{"self":[{"href":"https:\/\/secretofsamui.com\/fr\/wp-json\/wp\/v2\/product\/102973","targetHints":{"allow":["GET"]}}],"collection":[{"href":"https:\/\/secretofsamui.com\/fr\/wp-json\/wp\/v2\/product"}],"about":[{"href":"https:\/\/secretofsamui.com\/fr\/wp-json\/wp\/v2\/types\/product"}],"wp:featuredmedia":[{"embeddable":true,"href":"https:\/\/secretofsamui.com\/fr\/wp-json\/wp\/v2\/media\/104262"}],"wp:attachment":[{"href":"https:\/\/secretofsamui.com\/fr\/wp-json\/wp\/v2\/media?parent=102973"}],"wp:term":[{"taxonomy":"product_brand","embeddable":true,"href":"https:\/\/secretofsamui.com\/fr\/wp-json\/wp\/v2\/product_brand?post=102973"},{"taxonomy":"product_cat","embeddable":true,"href":"https:\/\/secretofsamui.com\/fr\/wp-json\/wp\/v2\/product_cat?post=102973"},{"taxonomy":"product_tag","embeddable":true,"href":"https:\/\/secretofsamui.com\/fr\/wp-json\/wp\/v2\/product_tag?post=102973"}],"curies":[{"name":"wp","href":"https:\/\/api.w.org\/{rel}","templated":true}]}}