{"id":102972,"date":"2024-08-21T08:12:28","date_gmt":"2024-08-21T08:12:28","guid":{"rendered":"https:\/\/secretofsamui.com\/product\/bois-de-chauffage-pour-baton\/"},"modified":"2025-09-25T08:12:38","modified_gmt":"2025-09-25T08:12:38","slug":"bois-de-chauffage-pour-baton","status":"publish","type":"product","link":"https:\/\/secretofsamui.com\/fr\/produit\/bois-de-chauffage-pour-baton\/","title":{"rendered":"Bois de chauffage (pour b\u00e2ton)"},"content":{"rendered":"<p>Apportez chaleur et simplicit\u00e9 \u00e0 votre int\u00e9rieur avec notre <strong>br\u00fbleur en bois<\/strong>, sp\u00e9cialement con\u00e7u pour les b\u00e2tonnets d&rsquo;encens. Fabriqu\u00e9 en bois naturel, ce br\u00fbleur conf\u00e8re une esth\u00e9tique organique et apaisante \u00e0 tout espace, qu&rsquo;il s&rsquo;agisse d&rsquo;un salon confortable ou d&rsquo;un spa tranquille. <\/p>\n<p>Sa forme minimaliste garantit une utilisation s\u00fbre et un support stable pour les b\u00e2tonnets d&rsquo;encens, tout en permettant une diffusion douce et homog\u00e8ne de vos parfums pr\u00e9f\u00e9r\u00e9s. Parfait pour am\u00e9liorer vos rituels de relaxation ou cr\u00e9er une ambiance sereine pour vos invit\u00e9s. <\/p>\n<ul>\n<li>Fabriqu\u00e9 en bois naturel de haute qualit\u00e9<\/li>\n<li>Con\u00e7u pour l&rsquo;encens en b\u00e2tonnets<\/li>\n<li>Un look \u00e9pur\u00e9 et intemporel<\/li>\n<li>Facile \u00e0 utiliser et \u00e0 entretenir<\/li>\n<li>Id\u00e9al pour la maison, les centres de bien-\u00eatre et l&rsquo;h\u00f4tellerie.<\/li>\n<\/ul>\n","protected":false},"excerpt":{"rendered":"<p>Br\u00fbleur en bois naturel pour <a href=\"https:\/\/secretofsamui.com\/product\/natural-incense-stick\/\">b\u00e2tonnets d&rsquo;encens<\/a>. Design \u00e9l\u00e9gant et minimaliste pour une diffusion douce des parfums dans tous les espaces. <\/p>\n","protected":false},"featured_media":104007,"template":"","meta":{"_acf_changed":false,"_et_pb_use_builder":"","_et_pb_old_content":"","_et_gb_content_width":""},"product_brand":[],"product_cat":[440],"product_tag":[464],"class_list":{"0":"post-102972","1":"product","2":"type-product","3":"status-publish","4":"has-post-thumbnail","6":"product_cat-parfums-dinterieur","7":"product_tag-pas-de-fda","9":"first","10":"instock","11":"taxable","12":"shipping-taxable","13":"purchasable","14":"product-type-simple"},"acf":[],"yoast_head":"<!-- This site is optimized with the Yoast SEO plugin v27.2 - https:\/\/yoast.com\/product\/yoast-seo-wordpress\/ -->\n<title>Bois de chauffage (pour b\u00e2ton) - Secret of Samui - Natural and Homemade cosmestic<\/title>\n<meta name=\"description\" content=\"Apportez chaleur et simplicit\u00e9 \u00e0 votre int\u00e9rieur avec notre br\u00fbleur en bois, sp\u00e9cialement con\u00e7u pour les b\u00e2tonnets d&#039;encens. Fabriqu\u00e9 en bois naturel, ce br\u00fbleur.\" \/>\n<meta name=\"robots\" content=\"index, follow, max-snippet:-1, max-image-preview:large, max-video-preview:-1\" \/>\n<link rel=\"canonical\" href=\"https:\/\/secretofsamui.com\/fr\/produit\/bois-de-chauffage-pour-baton\/\" \/>\n<meta property=\"og:locale\" content=\"fr_FR\" \/>\n<meta property=\"og:type\" content=\"article\" \/>\n<meta property=\"og:title\" content=\"Bois de chauffage (pour b\u00e2ton) - Secret of Samui - Natural and Homemade cosmestic\" \/>\n<meta property=\"og:description\" content=\"Apportez chaleur et simplicit\u00e9 \u00e0 votre int\u00e9rieur avec notre br\u00fbleur en bois, sp\u00e9cialement con\u00e7u pour les b\u00e2tonnets d&#039;encens. Fabriqu\u00e9 en bois naturel, ce br\u00fbleur.\" \/>\n<meta property=\"og:url\" content=\"https:\/\/secretofsamui.com\/fr\/produit\/bois-de-chauffage-pour-baton\/\" \/>\n<meta property=\"og:site_name\" content=\"Secret of Samui - Natural and Homemade cosmestic\" \/>\n<meta property=\"article:modified_time\" content=\"2025-09-25T08:12:38+00:00\" \/>\n<meta property=\"og:image\" content=\"https:\/\/secretofsamui.com\/wp-content\/uploads\/2024\/08\/ChatGPT-Image-18-\u0e21\u0e34.\u0e22.-2568-14_21_06-1.png\" \/>\n\t<meta property=\"og:image:width\" content=\"800\" \/>\n\t<meta property=\"og:image:height\" content=\"1200\" \/>\n\t<meta property=\"og:image:type\" content=\"image\/png\" \/>\n<meta name=\"twitter:card\" content=\"summary_large_image\" \/>\n<meta name=\"twitter:label1\" content=\"Dur\u00e9e de lecture estim\u00e9e\" \/>\n\t<meta name=\"twitter:data1\" content=\"1 minute\" \/>\n<script type=\"application\/ld+json\" class=\"yoast-schema-graph\">{\"@context\":\"https:\/\/schema.org\",\"@graph\":[{\"@type\":\"WebPage\",\"@id\":\"https:\/\/secretofsamui.com\/fr\/produit\/bois-de-chauffage-pour-baton\/\",\"url\":\"https:\/\/secretofsamui.com\/fr\/produit\/bois-de-chauffage-pour-baton\/\",\"name\":\"Bois de chauffage (pour b\u00e2ton) - Secret of Samui - Natural and Homemade cosmestic\",\"isPartOf\":{\"@id\":\"https:\/\/secretofsamui.com\/fr\/#website\"},\"primaryImageOfPage\":{\"@id\":\"https:\/\/secretofsamui.com\/fr\/produit\/bois-de-chauffage-pour-baton\/#primaryimage\"},\"image\":{\"@id\":\"https:\/\/secretofsamui.com\/fr\/produit\/bois-de-chauffage-pour-baton\/#primaryimage\"},\"thumbnailUrl\":\"https:\/\/secretofsamui.com\/wp-content\/uploads\/2024\/08\/ChatGPT-Image-18-\u0e21\u0e34.\u0e22.-2568-14_21_06-1.png\",\"datePublished\":\"2024-08-21T08:12:28+00:00\",\"dateModified\":\"2025-09-25T08:12:38+00:00\",\"description\":\"Apportez chaleur et simplicit\u00e9 \u00e0 votre int\u00e9rieur avec notre br\u00fbleur en bois, sp\u00e9cialement con\u00e7u pour les b\u00e2tonnets d'encens. Fabriqu\u00e9 en bois naturel, ce br\u00fbleur.\",\"breadcrumb\":{\"@id\":\"https:\/\/secretofsamui.com\/fr\/produit\/bois-de-chauffage-pour-baton\/#breadcrumb\"},\"inLanguage\":\"fr-FR\",\"potentialAction\":[{\"@type\":\"ReadAction\",\"target\":[\"https:\/\/secretofsamui.com\/fr\/produit\/bois-de-chauffage-pour-baton\/\"]}]},{\"@type\":\"ImageObject\",\"inLanguage\":\"fr-FR\",\"@id\":\"https:\/\/secretofsamui.com\/fr\/produit\/bois-de-chauffage-pour-baton\/#primaryimage\",\"url\":\"https:\/\/secretofsamui.com\/wp-content\/uploads\/2024\/08\/ChatGPT-Image-18-\u0e21\u0e34.\u0e22.-2568-14_21_06-1.png\",\"contentUrl\":\"https:\/\/secretofsamui.com\/wp-content\/uploads\/2024\/08\/ChatGPT-Image-18-\u0e21\u0e34.\u0e22.-2568-14_21_06-1.png\",\"width\":800,\"height\":1200},{\"@type\":\"BreadcrumbList\",\"@id\":\"https:\/\/secretofsamui.com\/fr\/produit\/bois-de-chauffage-pour-baton\/#breadcrumb\",\"itemListElement\":[{\"@type\":\"ListItem\",\"position\":1,\"name\":\"Home\",\"item\":\"https:\/\/secretofsamui.com\/fr\/accueil\/\"},{\"@type\":\"ListItem\",\"position\":2,\"name\":\"Boutique\",\"item\":\"https:\/\/secretofsamui.com\/boutique\/\"},{\"@type\":\"ListItem\",\"position\":3,\"name\":\"Bois de chauffage (pour b\u00e2ton)\"}]},{\"@type\":\"WebSite\",\"@id\":\"https:\/\/secretofsamui.com\/fr\/#website\",\"url\":\"https:\/\/secretofsamui.com\/fr\/\",\"name\":\"Secret of Samui - Natural and Homemade cosmestic\",\"description\":\"\",\"potentialAction\":[{\"@type\":\"SearchAction\",\"target\":{\"@type\":\"EntryPoint\",\"urlTemplate\":\"https:\/\/secretofsamui.com\/fr\/?s={search_term_string}\"},\"query-input\":{\"@type\":\"PropertyValueSpecification\",\"valueRequired\":true,\"valueName\":\"search_term_string\"}}],\"inLanguage\":\"fr-FR\"}]}<\/script>\n<!-- \/ Yoast SEO plugin. -->","yoast_head_json":{"title":"Bois de chauffage (pour b\u00e2ton) - Secret of Samui - Natural and Homemade cosmestic","description":"Apportez chaleur et simplicit\u00e9 \u00e0 votre int\u00e9rieur avec notre br\u00fbleur en bois, sp\u00e9cialement con\u00e7u pour les b\u00e2tonnets d'encens. Fabriqu\u00e9 en bois naturel, ce br\u00fbleur.","robots":{"index":"index","follow":"follow","max-snippet":"max-snippet:-1","max-image-preview":"max-image-preview:large","max-video-preview":"max-video-preview:-1"},"canonical":"https:\/\/secretofsamui.com\/fr\/produit\/bois-de-chauffage-pour-baton\/","og_locale":"fr_FR","og_type":"article","og_title":"Bois de chauffage (pour b\u00e2ton) - Secret of Samui - Natural and Homemade cosmestic","og_description":"Apportez chaleur et simplicit\u00e9 \u00e0 votre int\u00e9rieur avec notre br\u00fbleur en bois, sp\u00e9cialement con\u00e7u pour les b\u00e2tonnets d'encens. Fabriqu\u00e9 en bois naturel, ce br\u00fbleur.","og_url":"https:\/\/secretofsamui.com\/fr\/produit\/bois-de-chauffage-pour-baton\/","og_site_name":"Secret of Samui - Natural and Homemade cosmestic","article_modified_time":"2025-09-25T08:12:38+00:00","og_image":[{"width":800,"height":1200,"url":"https:\/\/secretofsamui.com\/wp-content\/uploads\/2024\/08\/ChatGPT-Image-18-\u0e21\u0e34.\u0e22.-2568-14_21_06-1.png","type":"image\/png"}],"twitter_card":"summary_large_image","twitter_misc":{"Dur\u00e9e de lecture estim\u00e9e":"1 minute"},"schema":{"@context":"https:\/\/schema.org","@graph":[{"@type":"WebPage","@id":"https:\/\/secretofsamui.com\/fr\/produit\/bois-de-chauffage-pour-baton\/","url":"https:\/\/secretofsamui.com\/fr\/produit\/bois-de-chauffage-pour-baton\/","name":"Bois de chauffage (pour b\u00e2ton) - Secret of Samui - Natural and Homemade cosmestic","isPartOf":{"@id":"https:\/\/secretofsamui.com\/fr\/#website"},"primaryImageOfPage":{"@id":"https:\/\/secretofsamui.com\/fr\/produit\/bois-de-chauffage-pour-baton\/#primaryimage"},"image":{"@id":"https:\/\/secretofsamui.com\/fr\/produit\/bois-de-chauffage-pour-baton\/#primaryimage"},"thumbnailUrl":"https:\/\/secretofsamui.com\/wp-content\/uploads\/2024\/08\/ChatGPT-Image-18-\u0e21\u0e34.\u0e22.-2568-14_21_06-1.png","datePublished":"2024-08-21T08:12:28+00:00","dateModified":"2025-09-25T08:12:38+00:00","description":"Apportez chaleur et simplicit\u00e9 \u00e0 votre int\u00e9rieur avec notre br\u00fbleur en bois, sp\u00e9cialement con\u00e7u pour les b\u00e2tonnets d'encens. Fabriqu\u00e9 en bois naturel, ce br\u00fbleur.","breadcrumb":{"@id":"https:\/\/secretofsamui.com\/fr\/produit\/bois-de-chauffage-pour-baton\/#breadcrumb"},"inLanguage":"fr-FR","potentialAction":[{"@type":"ReadAction","target":["https:\/\/secretofsamui.com\/fr\/produit\/bois-de-chauffage-pour-baton\/"]}]},{"@type":"ImageObject","inLanguage":"fr-FR","@id":"https:\/\/secretofsamui.com\/fr\/produit\/bois-de-chauffage-pour-baton\/#primaryimage","url":"https:\/\/secretofsamui.com\/wp-content\/uploads\/2024\/08\/ChatGPT-Image-18-\u0e21\u0e34.\u0e22.-2568-14_21_06-1.png","contentUrl":"https:\/\/secretofsamui.com\/wp-content\/uploads\/2024\/08\/ChatGPT-Image-18-\u0e21\u0e34.\u0e22.-2568-14_21_06-1.png","width":800,"height":1200},{"@type":"BreadcrumbList","@id":"https:\/\/secretofsamui.com\/fr\/produit\/bois-de-chauffage-pour-baton\/#breadcrumb","itemListElement":[{"@type":"ListItem","position":1,"name":"Home","item":"https:\/\/secretofsamui.com\/fr\/accueil\/"},{"@type":"ListItem","position":2,"name":"Boutique","item":"https:\/\/secretofsamui.com\/boutique\/"},{"@type":"ListItem","position":3,"name":"Bois de chauffage (pour b\u00e2ton)"}]},{"@type":"WebSite","@id":"https:\/\/secretofsamui.com\/fr\/#website","url":"https:\/\/secretofsamui.com\/fr\/","name":"Secret of Samui - Natural and Homemade cosmestic","description":"","potentialAction":[{"@type":"SearchAction","target":{"@type":"EntryPoint","urlTemplate":"https:\/\/secretofsamui.com\/fr\/?s={search_term_string}"},"query-input":{"@type":"PropertyValueSpecification","valueRequired":true,"valueName":"search_term_string"}}],"inLanguage":"fr-FR"}]}},"_links":{"self":[{"href":"https:\/\/secretofsamui.com\/fr\/wp-json\/wp\/v2\/product\/102972","targetHints":{"allow":["GET"]}}],"collection":[{"href":"https:\/\/secretofsamui.com\/fr\/wp-json\/wp\/v2\/product"}],"about":[{"href":"https:\/\/secretofsamui.com\/fr\/wp-json\/wp\/v2\/types\/product"}],"wp:featuredmedia":[{"embeddable":true,"href":"https:\/\/secretofsamui.com\/fr\/wp-json\/wp\/v2\/media\/104007"}],"wp:attachment":[{"href":"https:\/\/secretofsamui.com\/fr\/wp-json\/wp\/v2\/media?parent=102972"}],"wp:term":[{"taxonomy":"product_brand","embeddable":true,"href":"https:\/\/secretofsamui.com\/fr\/wp-json\/wp\/v2\/product_brand?post=102972"},{"taxonomy":"product_cat","embeddable":true,"href":"https:\/\/secretofsamui.com\/fr\/wp-json\/wp\/v2\/product_cat?post=102972"},{"taxonomy":"product_tag","embeddable":true,"href":"https:\/\/secretofsamui.com\/fr\/wp-json\/wp\/v2\/product_tag?post=102972"}],"curies":[{"name":"wp","href":"https:\/\/api.w.org\/{rel}","templated":true}]}}