{"id":102971,"date":"2024-10-18T07:00:16","date_gmt":"2024-10-18T07:00:16","guid":{"rendered":"https:\/\/secretofsamui.com\/product\/huile-corporelle-a-la-macadamia\/"},"modified":"2025-08-26T08:38:05","modified_gmt":"2025-08-26T08:38:05","slug":"huile-corporelle-a-la-macadamia","status":"publish","type":"product","link":"https:\/\/secretofsamui.com\/fr\/produit\/huile-corporelle-a-la-macadamia\/","title":{"rendered":"Huile corporelle \u00e0 la macadamia"},"content":{"rendered":"<p>Dorlotez votre peau avec les propri\u00e9t\u00e9s profond\u00e9ment hydratantes et r\u00e9paratrices de l&rsquo;huile pour le corps Calia Macadamia. Infus\u00e9e d&rsquo;huile de noix de macadamia, connue pour sa richesse en acides gras et en antioxydants, cette huile corporelle luxueuse p\u00e9n\u00e8tre en profondeur pour nourrir et revitaliser la peau. Elle aide \u00e0 fixer l&rsquo;hydratation, laissant votre peau soyeuse et radieuse, sans aucun r\u00e9sidu gras. Id\u00e9al pour un usage quotidien, apr\u00e8s la douche ou comme huile de massage apaisante, ce produit polyvalent est parfait pour maintenir une peau saine et jeune. Profitez des bienfaits naturels du macadamia et b\u00e9n\u00e9ficiez d&rsquo;une hydratation et d&rsquo;un confort durables.    <\/p>\n","protected":false},"excerpt":{"rendered":"<p>Calia Macadamia Body Oil &#8211; Offrez \u00e0 votre peau la richesse de l&rsquo;huile de macadamia. Cette huile corporelle luxueuse hydrate en profondeur et laisse votre peau lisse et rajeunie. Elle est parfaite pour un usage quotidien ou un massage relaxant. <\/p>\n","protected":false},"featured_media":102785,"template":"","meta":{"_acf_changed":false,"_et_pb_use_builder":"","_et_pb_old_content":"","_et_gb_content_width":""},"product_brand":[],"product_cat":[432,423,422],"product_tag":[464],"class_list":{"0":"post-102971","1":"product","2":"type-product","3":"status-publish","4":"has-post-thumbnail","6":"product_cat-calia-fr","7":"product_cat-soin-du-corps","8":"product_cat-soins-de-beaute","9":"product_tag-pas-de-fda","11":"first","12":"instock","13":"taxable","14":"shipping-taxable","15":"purchasable","16":"product-type-simple"},"acf":[],"yoast_head":"<!-- This site is optimized with the Yoast SEO plugin v27.4 - https:\/\/yoast.com\/product\/yoast-seo-wordpress\/ -->\n<title>Huile corporelle \u00e0 la macadamia - Secret of Samui - Natural and Homemade cosmestic<\/title>\n<meta name=\"description\" content=\"Dorlotez votre peau avec les propri\u00e9t\u00e9s profond\u00e9ment hydratantes et r\u00e9paratrices de l&#039;huile pour le corps Calia Macadamia. Infus\u00e9e d&#039;huile de noix de macadamia.\" \/>\n<meta name=\"robots\" content=\"index, follow, max-snippet:-1, max-image-preview:large, max-video-preview:-1\" \/>\n<link rel=\"canonical\" href=\"https:\/\/secretofsamui.com\/fr\/produit\/huile-corporelle-a-la-macadamia\/\" \/>\n<meta property=\"og:locale\" content=\"fr_FR\" \/>\n<meta property=\"og:type\" content=\"article\" \/>\n<meta property=\"og:title\" content=\"Huile corporelle \u00e0 la macadamia - Secret of Samui - Natural and Homemade cosmestic\" \/>\n<meta property=\"og:description\" content=\"Dorlotez votre peau avec les propri\u00e9t\u00e9s profond\u00e9ment hydratantes et r\u00e9paratrices de l&#039;huile pour le corps Calia Macadamia. Infus\u00e9e d&#039;huile de noix de macadamia.\" \/>\n<meta property=\"og:url\" content=\"https:\/\/secretofsamui.com\/fr\/produit\/huile-corporelle-a-la-macadamia\/\" \/>\n<meta property=\"og:site_name\" content=\"Secret of Samui - Natural and Homemade cosmestic\" \/>\n<meta property=\"article:modified_time\" content=\"2025-08-26T08:38:05+00:00\" \/>\n<meta property=\"og:image\" content=\"https:\/\/secretofsamui.com\/wp-content\/uploads\/2024\/10\/Massage-Oil-Macadamia.png\" \/>\n\t<meta property=\"og:image:width\" content=\"999\" \/>\n\t<meta property=\"og:image:height\" content=\"1000\" \/>\n\t<meta property=\"og:image:type\" content=\"image\/png\" \/>\n<meta name=\"twitter:card\" content=\"summary_large_image\" \/>\n<meta name=\"twitter:label1\" content=\"Dur\u00e9e de lecture estim\u00e9e\" \/>\n\t<meta name=\"twitter:data1\" content=\"1 minute\" \/>\n<script type=\"application\/ld+json\" class=\"yoast-schema-graph\">{\"@context\":\"https:\\\/\\\/schema.org\",\"@graph\":[{\"@type\":\"WebPage\",\"@id\":\"https:\\\/\\\/secretofsamui.com\\\/fr\\\/produit\\\/huile-corporelle-a-la-macadamia\\\/\",\"url\":\"https:\\\/\\\/secretofsamui.com\\\/fr\\\/produit\\\/huile-corporelle-a-la-macadamia\\\/\",\"name\":\"Huile corporelle \u00e0 la macadamia - Secret of Samui - Natural and Homemade cosmestic\",\"isPartOf\":{\"@id\":\"https:\\\/\\\/secretofsamui.com\\\/fr\\\/#website\"},\"primaryImageOfPage\":{\"@id\":\"https:\\\/\\\/secretofsamui.com\\\/fr\\\/produit\\\/huile-corporelle-a-la-macadamia\\\/#primaryimage\"},\"image\":{\"@id\":\"https:\\\/\\\/secretofsamui.com\\\/fr\\\/produit\\\/huile-corporelle-a-la-macadamia\\\/#primaryimage\"},\"thumbnailUrl\":\"https:\\\/\\\/secretofsamui.com\\\/wp-content\\\/uploads\\\/2024\\\/10\\\/Massage-Oil-Macadamia.png\",\"datePublished\":\"2024-10-18T07:00:16+00:00\",\"dateModified\":\"2025-08-26T08:38:05+00:00\",\"description\":\"Dorlotez votre peau avec les propri\u00e9t\u00e9s profond\u00e9ment hydratantes et r\u00e9paratrices de l'huile pour le corps Calia Macadamia. Infus\u00e9e d'huile de noix de macadamia.\",\"breadcrumb\":{\"@id\":\"https:\\\/\\\/secretofsamui.com\\\/fr\\\/produit\\\/huile-corporelle-a-la-macadamia\\\/#breadcrumb\"},\"inLanguage\":\"fr-FR\",\"potentialAction\":[{\"@type\":\"ReadAction\",\"target\":[\"https:\\\/\\\/secretofsamui.com\\\/fr\\\/produit\\\/huile-corporelle-a-la-macadamia\\\/\"]}]},{\"@type\":\"ImageObject\",\"inLanguage\":\"fr-FR\",\"@id\":\"https:\\\/\\\/secretofsamui.com\\\/fr\\\/produit\\\/huile-corporelle-a-la-macadamia\\\/#primaryimage\",\"url\":\"https:\\\/\\\/secretofsamui.com\\\/wp-content\\\/uploads\\\/2024\\\/10\\\/Massage-Oil-Macadamia.png\",\"contentUrl\":\"https:\\\/\\\/secretofsamui.com\\\/wp-content\\\/uploads\\\/2024\\\/10\\\/Massage-Oil-Macadamia.png\",\"width\":999,\"height\":1000,\"caption\":\"Massage Oil Macadamia\"},{\"@type\":\"BreadcrumbList\",\"@id\":\"https:\\\/\\\/secretofsamui.com\\\/fr\\\/produit\\\/huile-corporelle-a-la-macadamia\\\/#breadcrumb\",\"itemListElement\":[{\"@type\":\"ListItem\",\"position\":1,\"name\":\"Home\",\"item\":\"https:\\\/\\\/secretofsamui.com\\\/fr\\\/accueil\\\/\"},{\"@type\":\"ListItem\",\"position\":2,\"name\":\"Boutique\",\"item\":\"https:\\\/\\\/secretofsamui.com\\\/boutique\\\/\"},{\"@type\":\"ListItem\",\"position\":3,\"name\":\"Huile corporelle \u00e0 la macadamia\"}]},{\"@type\":\"WebSite\",\"@id\":\"https:\\\/\\\/secretofsamui.com\\\/fr\\\/#website\",\"url\":\"https:\\\/\\\/secretofsamui.com\\\/fr\\\/\",\"name\":\"Secret of Samui - Natural and Homemade cosmestic\",\"description\":\"\",\"potentialAction\":[{\"@type\":\"SearchAction\",\"target\":{\"@type\":\"EntryPoint\",\"urlTemplate\":\"https:\\\/\\\/secretofsamui.com\\\/fr\\\/?s={search_term_string}\"},\"query-input\":{\"@type\":\"PropertyValueSpecification\",\"valueRequired\":true,\"valueName\":\"search_term_string\"}}],\"inLanguage\":\"fr-FR\"}]}<\/script>\n<!-- \/ Yoast SEO plugin. -->","yoast_head_json":{"title":"Huile corporelle \u00e0 la macadamia - Secret of Samui - Natural and Homemade cosmestic","description":"Dorlotez votre peau avec les propri\u00e9t\u00e9s profond\u00e9ment hydratantes et r\u00e9paratrices de l'huile pour le corps Calia Macadamia. Infus\u00e9e d'huile de noix de macadamia.","robots":{"index":"index","follow":"follow","max-snippet":"max-snippet:-1","max-image-preview":"max-image-preview:large","max-video-preview":"max-video-preview:-1"},"canonical":"https:\/\/secretofsamui.com\/fr\/produit\/huile-corporelle-a-la-macadamia\/","og_locale":"fr_FR","og_type":"article","og_title":"Huile corporelle \u00e0 la macadamia - Secret of Samui - Natural and Homemade cosmestic","og_description":"Dorlotez votre peau avec les propri\u00e9t\u00e9s profond\u00e9ment hydratantes et r\u00e9paratrices de l'huile pour le corps Calia Macadamia. Infus\u00e9e d'huile de noix de macadamia.","og_url":"https:\/\/secretofsamui.com\/fr\/produit\/huile-corporelle-a-la-macadamia\/","og_site_name":"Secret of Samui - Natural and Homemade cosmestic","article_modified_time":"2025-08-26T08:38:05+00:00","og_image":[{"width":999,"height":1000,"url":"https:\/\/secretofsamui.com\/wp-content\/uploads\/2024\/10\/Massage-Oil-Macadamia.png","type":"image\/png"}],"twitter_card":"summary_large_image","twitter_misc":{"Dur\u00e9e de lecture estim\u00e9e":"1 minute"},"schema":{"@context":"https:\/\/schema.org","@graph":[{"@type":"WebPage","@id":"https:\/\/secretofsamui.com\/fr\/produit\/huile-corporelle-a-la-macadamia\/","url":"https:\/\/secretofsamui.com\/fr\/produit\/huile-corporelle-a-la-macadamia\/","name":"Huile corporelle \u00e0 la macadamia - Secret of Samui - Natural and Homemade cosmestic","isPartOf":{"@id":"https:\/\/secretofsamui.com\/fr\/#website"},"primaryImageOfPage":{"@id":"https:\/\/secretofsamui.com\/fr\/produit\/huile-corporelle-a-la-macadamia\/#primaryimage"},"image":{"@id":"https:\/\/secretofsamui.com\/fr\/produit\/huile-corporelle-a-la-macadamia\/#primaryimage"},"thumbnailUrl":"https:\/\/secretofsamui.com\/wp-content\/uploads\/2024\/10\/Massage-Oil-Macadamia.png","datePublished":"2024-10-18T07:00:16+00:00","dateModified":"2025-08-26T08:38:05+00:00","description":"Dorlotez votre peau avec les propri\u00e9t\u00e9s profond\u00e9ment hydratantes et r\u00e9paratrices de l'huile pour le corps Calia Macadamia. Infus\u00e9e d'huile de noix de macadamia.","breadcrumb":{"@id":"https:\/\/secretofsamui.com\/fr\/produit\/huile-corporelle-a-la-macadamia\/#breadcrumb"},"inLanguage":"fr-FR","potentialAction":[{"@type":"ReadAction","target":["https:\/\/secretofsamui.com\/fr\/produit\/huile-corporelle-a-la-macadamia\/"]}]},{"@type":"ImageObject","inLanguage":"fr-FR","@id":"https:\/\/secretofsamui.com\/fr\/produit\/huile-corporelle-a-la-macadamia\/#primaryimage","url":"https:\/\/secretofsamui.com\/wp-content\/uploads\/2024\/10\/Massage-Oil-Macadamia.png","contentUrl":"https:\/\/secretofsamui.com\/wp-content\/uploads\/2024\/10\/Massage-Oil-Macadamia.png","width":999,"height":1000,"caption":"Massage Oil Macadamia"},{"@type":"BreadcrumbList","@id":"https:\/\/secretofsamui.com\/fr\/produit\/huile-corporelle-a-la-macadamia\/#breadcrumb","itemListElement":[{"@type":"ListItem","position":1,"name":"Home","item":"https:\/\/secretofsamui.com\/fr\/accueil\/"},{"@type":"ListItem","position":2,"name":"Boutique","item":"https:\/\/secretofsamui.com\/boutique\/"},{"@type":"ListItem","position":3,"name":"Huile corporelle \u00e0 la macadamia"}]},{"@type":"WebSite","@id":"https:\/\/secretofsamui.com\/fr\/#website","url":"https:\/\/secretofsamui.com\/fr\/","name":"Secret of Samui - Natural and Homemade cosmestic","description":"","potentialAction":[{"@type":"SearchAction","target":{"@type":"EntryPoint","urlTemplate":"https:\/\/secretofsamui.com\/fr\/?s={search_term_string}"},"query-input":{"@type":"PropertyValueSpecification","valueRequired":true,"valueName":"search_term_string"}}],"inLanguage":"fr-FR"}]}},"_links":{"self":[{"href":"https:\/\/secretofsamui.com\/fr\/wp-json\/wp\/v2\/product\/102971","targetHints":{"allow":["GET"]}}],"collection":[{"href":"https:\/\/secretofsamui.com\/fr\/wp-json\/wp\/v2\/product"}],"about":[{"href":"https:\/\/secretofsamui.com\/fr\/wp-json\/wp\/v2\/types\/product"}],"wp:featuredmedia":[{"embeddable":true,"href":"https:\/\/secretofsamui.com\/fr\/wp-json\/wp\/v2\/media\/102785"}],"wp:attachment":[{"href":"https:\/\/secretofsamui.com\/fr\/wp-json\/wp\/v2\/media?parent=102971"}],"wp:term":[{"taxonomy":"product_brand","embeddable":true,"href":"https:\/\/secretofsamui.com\/fr\/wp-json\/wp\/v2\/product_brand?post=102971"},{"taxonomy":"product_cat","embeddable":true,"href":"https:\/\/secretofsamui.com\/fr\/wp-json\/wp\/v2\/product_cat?post=102971"},{"taxonomy":"product_tag","embeddable":true,"href":"https:\/\/secretofsamui.com\/fr\/wp-json\/wp\/v2\/product_tag?post=102971"}],"curies":[{"name":"wp","href":"https:\/\/api.w.org\/{rel}","templated":true}]}}