{"id":102967,"date":"2024-10-17T06:21:50","date_gmt":"2024-10-17T06:21:50","guid":{"rendered":"https:\/\/secretofsamui.com\/product\/savon-charbon-de-bois-et-cafe\/"},"modified":"2026-01-26T09:44:04","modified_gmt":"2026-01-26T02:44:04","slug":"savon-charbon-de-bois-et-cafe","status":"publish","type":"product","link":"https:\/\/secretofsamui.com\/fr\/produit\/savon-charbon-de-bois-et-cafe\/","title":{"rendered":"Savon charbon de bois et caf\u00e9"},"content":{"rendered":"<p>D\u00e9couvrez le parfum profond et vivifiant de l&rsquo;huile d&rsquo;arbre \u00e0 th\u00e9, m\u00e9lang\u00e9 \u00e0 du marc de caf\u00e9 et \u00e0 du charbon de bambou finement moulu. Ce savon permet un nettoyage en profondeur et une exfoliation en douceur, \u00e9liminant les impuret\u00e9s et l&rsquo;exc\u00e8s de s\u00e9bum, laissant \u00e0 votre visage et \u00e0 votre corps une sensation de puret\u00e9 et de fra\u00eecheur. Id\u00e9al pour les peaux grasses qui veulent se sentir propres et revitalis\u00e9es toute la journ\u00e9e.<br \/>\nCaract\u00e9ristiques principales du savon au charbon de bois et au caf\u00e9<br \/>\n\ud83c\udf3f Parfum d&rsquo;huile d&rsquo;arbre \u00e0 th\u00e9 : Ar\u00f4me profond et rafra\u00eechissant qui favorise un sentiment de propret\u00e9 et de fra\u00eecheur<br \/>\n\u2615 Caf\u00e9 moulu : Exfolie en douceur, aidant \u00e0 \u00e9liminer les cellules mortes de la peau<br \/>\n\ud83d\udda4 Poudre de charbon de bambou : Absorbe l&rsquo;exc\u00e8s de s\u00e9bum et les impuret\u00e9s, laissant la peau pure et propre<br \/>\n\ud83c\udf3f Id\u00e9al pour les peaux grasses : Formule sp\u00e9ciale qui aide \u00e0 contr\u00f4ler le s\u00e9bum et \u00e0 nettoyer en profondeur Laissez notre savon au charbon de bois et au caf\u00e9 rafra\u00eechir votre peau, en la gardant propre, lisse et revitalis\u00e9e toute la journ\u00e9e gr\u00e2ce au pouvoir des ingr\u00e9dients naturels.  <\/p>\n","protected":false},"excerpt":{"rendered":"<div class=\"ql-block\" data-block-id=\"block-da0dc9fb-3f10-4cdb-b233-9ed3f0937b6b\">SAVON ARTISANAL CHARBON DE BOIS ET CAF\u00c9<\/div>\n<div class=\"ql-block\" data-block-id=\"block-3a2d39ff-07f2-4c4f-a5da-52efc7905479\">Savon charbon de bois et caf\u00e9<\/div>\n","protected":false},"featured_media":104296,"template":"","meta":{"_acf_changed":false,"_et_pb_use_builder":"","_et_pb_old_content":"","_et_gb_content_width":""},"product_brand":[],"product_cat":[429,423,422],"product_tag":[464],"class_list":{"0":"post-102967","1":"product","2":"type-product","3":"status-publish","4":"has-post-thumbnail","6":"product_cat-savon","7":"product_cat-soin-du-corps","8":"product_cat-soins-de-beaute","9":"product_tag-pas-de-fda","11":"first","12":"instock","13":"taxable","14":"shipping-taxable","15":"purchasable","16":"product-type-simple"},"acf":[],"yoast_head":"<!-- This site is optimized with the Yoast SEO plugin v27.3 - https:\/\/yoast.com\/product\/yoast-seo-wordpress\/ -->\n<title>Savon charbon de bois et caf\u00e9 - Secret of Samui - Natural and Homemade cosmestic<\/title>\n<meta name=\"description\" content=\"D\u00e9couvrez le parfum profond et vivifiant de l&#039;huile d&#039;arbre \u00e0 th\u00e9, m\u00e9lang\u00e9 au marc de caf\u00e9 et au charbon de bambou finement broy\u00e9.\" \/>\n<meta name=\"robots\" content=\"index, follow, max-snippet:-1, max-image-preview:large, max-video-preview:-1\" \/>\n<link rel=\"canonical\" href=\"https:\/\/secretofsamui.com\/fr\/produit\/savon-charbon-de-bois-et-cafe\/\" \/>\n<meta property=\"og:locale\" content=\"fr_FR\" \/>\n<meta property=\"og:type\" content=\"article\" \/>\n<meta property=\"og:title\" content=\"Savon charbon de bois et caf\u00e9 - Secret of Samui - Natural and Homemade cosmestic\" \/>\n<meta property=\"og:description\" content=\"D\u00e9couvrez le parfum profond et vivifiant de l&#039;huile d&#039;arbre \u00e0 th\u00e9, m\u00e9lang\u00e9 au marc de caf\u00e9 et au charbon de bambou finement broy\u00e9.\" \/>\n<meta property=\"og:url\" content=\"https:\/\/secretofsamui.com\/fr\/produit\/savon-charbon-de-bois-et-cafe\/\" \/>\n<meta property=\"og:site_name\" content=\"Secret of Samui - Natural and Homemade cosmestic\" \/>\n<meta property=\"article:modified_time\" content=\"2026-01-26T02:44:04+00:00\" \/>\n<meta property=\"og:image\" content=\"https:\/\/secretofsamui.com\/wp-content\/uploads\/2024\/10\/soap-charcoal-coffee.jpeg\" \/>\n\t<meta property=\"og:image:width\" content=\"1280\" \/>\n\t<meta property=\"og:image:height\" content=\"1600\" \/>\n\t<meta property=\"og:image:type\" content=\"image\/jpeg\" \/>\n<meta name=\"twitter:card\" content=\"summary_large_image\" \/>\n<meta name=\"twitter:label1\" content=\"Dur\u00e9e de lecture estim\u00e9e\" \/>\n\t<meta name=\"twitter:data1\" content=\"1 minute\" \/>\n<script type=\"application\/ld+json\" class=\"yoast-schema-graph\">{\"@context\":\"https:\\\/\\\/schema.org\",\"@graph\":[{\"@type\":\"WebPage\",\"@id\":\"https:\\\/\\\/secretofsamui.com\\\/fr\\\/produit\\\/savon-charbon-de-bois-et-cafe\\\/\",\"url\":\"https:\\\/\\\/secretofsamui.com\\\/fr\\\/produit\\\/savon-charbon-de-bois-et-cafe\\\/\",\"name\":\"Savon charbon de bois et caf\u00e9 - Secret of Samui - Natural and Homemade cosmestic\",\"isPartOf\":{\"@id\":\"https:\\\/\\\/secretofsamui.com\\\/fr\\\/#website\"},\"primaryImageOfPage\":{\"@id\":\"https:\\\/\\\/secretofsamui.com\\\/fr\\\/produit\\\/savon-charbon-de-bois-et-cafe\\\/#primaryimage\"},\"image\":{\"@id\":\"https:\\\/\\\/secretofsamui.com\\\/fr\\\/produit\\\/savon-charbon-de-bois-et-cafe\\\/#primaryimage\"},\"thumbnailUrl\":\"https:\\\/\\\/secretofsamui.com\\\/wp-content\\\/uploads\\\/2024\\\/10\\\/soap-charcoal-coffee.jpeg\",\"datePublished\":\"2024-10-17T06:21:50+00:00\",\"dateModified\":\"2026-01-26T02:44:04+00:00\",\"description\":\"D\u00e9couvrez le parfum profond et vivifiant de l'huile d'arbre \u00e0 th\u00e9, m\u00e9lang\u00e9 au marc de caf\u00e9 et au charbon de bambou finement broy\u00e9.\",\"breadcrumb\":{\"@id\":\"https:\\\/\\\/secretofsamui.com\\\/fr\\\/produit\\\/savon-charbon-de-bois-et-cafe\\\/#breadcrumb\"},\"inLanguage\":\"fr-FR\",\"potentialAction\":[{\"@type\":\"ReadAction\",\"target\":[\"https:\\\/\\\/secretofsamui.com\\\/fr\\\/produit\\\/savon-charbon-de-bois-et-cafe\\\/\"]}]},{\"@type\":\"ImageObject\",\"inLanguage\":\"fr-FR\",\"@id\":\"https:\\\/\\\/secretofsamui.com\\\/fr\\\/produit\\\/savon-charbon-de-bois-et-cafe\\\/#primaryimage\",\"url\":\"https:\\\/\\\/secretofsamui.com\\\/wp-content\\\/uploads\\\/2024\\\/10\\\/soap-charcoal-coffee.jpeg\",\"contentUrl\":\"https:\\\/\\\/secretofsamui.com\\\/wp-content\\\/uploads\\\/2024\\\/10\\\/soap-charcoal-coffee.jpeg\",\"width\":1280,\"height\":1600},{\"@type\":\"BreadcrumbList\",\"@id\":\"https:\\\/\\\/secretofsamui.com\\\/fr\\\/produit\\\/savon-charbon-de-bois-et-cafe\\\/#breadcrumb\",\"itemListElement\":[{\"@type\":\"ListItem\",\"position\":1,\"name\":\"Home\",\"item\":\"https:\\\/\\\/secretofsamui.com\\\/fr\\\/accueil\\\/\"},{\"@type\":\"ListItem\",\"position\":2,\"name\":\"Boutique\",\"item\":\"https:\\\/\\\/secretofsamui.com\\\/boutique\\\/\"},{\"@type\":\"ListItem\",\"position\":3,\"name\":\"Savon charbon de bois et caf\u00e9\"}]},{\"@type\":\"WebSite\",\"@id\":\"https:\\\/\\\/secretofsamui.com\\\/fr\\\/#website\",\"url\":\"https:\\\/\\\/secretofsamui.com\\\/fr\\\/\",\"name\":\"Secret of Samui - Natural and Homemade cosmestic\",\"description\":\"\",\"potentialAction\":[{\"@type\":\"SearchAction\",\"target\":{\"@type\":\"EntryPoint\",\"urlTemplate\":\"https:\\\/\\\/secretofsamui.com\\\/fr\\\/?s={search_term_string}\"},\"query-input\":{\"@type\":\"PropertyValueSpecification\",\"valueRequired\":true,\"valueName\":\"search_term_string\"}}],\"inLanguage\":\"fr-FR\"}]}<\/script>\n<!-- \/ Yoast SEO plugin. -->","yoast_head_json":{"title":"Savon charbon de bois et caf\u00e9 - Secret of Samui - Natural and Homemade cosmestic","description":"D\u00e9couvrez le parfum profond et vivifiant de l'huile d'arbre \u00e0 th\u00e9, m\u00e9lang\u00e9 au marc de caf\u00e9 et au charbon de bambou finement broy\u00e9.","robots":{"index":"index","follow":"follow","max-snippet":"max-snippet:-1","max-image-preview":"max-image-preview:large","max-video-preview":"max-video-preview:-1"},"canonical":"https:\/\/secretofsamui.com\/fr\/produit\/savon-charbon-de-bois-et-cafe\/","og_locale":"fr_FR","og_type":"article","og_title":"Savon charbon de bois et caf\u00e9 - Secret of Samui - Natural and Homemade cosmestic","og_description":"D\u00e9couvrez le parfum profond et vivifiant de l'huile d'arbre \u00e0 th\u00e9, m\u00e9lang\u00e9 au marc de caf\u00e9 et au charbon de bambou finement broy\u00e9.","og_url":"https:\/\/secretofsamui.com\/fr\/produit\/savon-charbon-de-bois-et-cafe\/","og_site_name":"Secret of Samui - Natural and Homemade cosmestic","article_modified_time":"2026-01-26T02:44:04+00:00","og_image":[{"width":1280,"height":1600,"url":"https:\/\/secretofsamui.com\/wp-content\/uploads\/2024\/10\/soap-charcoal-coffee.jpeg","type":"image\/jpeg"}],"twitter_card":"summary_large_image","twitter_misc":{"Dur\u00e9e de lecture estim\u00e9e":"1 minute"},"schema":{"@context":"https:\/\/schema.org","@graph":[{"@type":"WebPage","@id":"https:\/\/secretofsamui.com\/fr\/produit\/savon-charbon-de-bois-et-cafe\/","url":"https:\/\/secretofsamui.com\/fr\/produit\/savon-charbon-de-bois-et-cafe\/","name":"Savon charbon de bois et caf\u00e9 - Secret of Samui - Natural and Homemade cosmestic","isPartOf":{"@id":"https:\/\/secretofsamui.com\/fr\/#website"},"primaryImageOfPage":{"@id":"https:\/\/secretofsamui.com\/fr\/produit\/savon-charbon-de-bois-et-cafe\/#primaryimage"},"image":{"@id":"https:\/\/secretofsamui.com\/fr\/produit\/savon-charbon-de-bois-et-cafe\/#primaryimage"},"thumbnailUrl":"https:\/\/secretofsamui.com\/wp-content\/uploads\/2024\/10\/soap-charcoal-coffee.jpeg","datePublished":"2024-10-17T06:21:50+00:00","dateModified":"2026-01-26T02:44:04+00:00","description":"D\u00e9couvrez le parfum profond et vivifiant de l'huile d'arbre \u00e0 th\u00e9, m\u00e9lang\u00e9 au marc de caf\u00e9 et au charbon de bambou finement broy\u00e9.","breadcrumb":{"@id":"https:\/\/secretofsamui.com\/fr\/produit\/savon-charbon-de-bois-et-cafe\/#breadcrumb"},"inLanguage":"fr-FR","potentialAction":[{"@type":"ReadAction","target":["https:\/\/secretofsamui.com\/fr\/produit\/savon-charbon-de-bois-et-cafe\/"]}]},{"@type":"ImageObject","inLanguage":"fr-FR","@id":"https:\/\/secretofsamui.com\/fr\/produit\/savon-charbon-de-bois-et-cafe\/#primaryimage","url":"https:\/\/secretofsamui.com\/wp-content\/uploads\/2024\/10\/soap-charcoal-coffee.jpeg","contentUrl":"https:\/\/secretofsamui.com\/wp-content\/uploads\/2024\/10\/soap-charcoal-coffee.jpeg","width":1280,"height":1600},{"@type":"BreadcrumbList","@id":"https:\/\/secretofsamui.com\/fr\/produit\/savon-charbon-de-bois-et-cafe\/#breadcrumb","itemListElement":[{"@type":"ListItem","position":1,"name":"Home","item":"https:\/\/secretofsamui.com\/fr\/accueil\/"},{"@type":"ListItem","position":2,"name":"Boutique","item":"https:\/\/secretofsamui.com\/boutique\/"},{"@type":"ListItem","position":3,"name":"Savon charbon de bois et caf\u00e9"}]},{"@type":"WebSite","@id":"https:\/\/secretofsamui.com\/fr\/#website","url":"https:\/\/secretofsamui.com\/fr\/","name":"Secret of Samui - Natural and Homemade cosmestic","description":"","potentialAction":[{"@type":"SearchAction","target":{"@type":"EntryPoint","urlTemplate":"https:\/\/secretofsamui.com\/fr\/?s={search_term_string}"},"query-input":{"@type":"PropertyValueSpecification","valueRequired":true,"valueName":"search_term_string"}}],"inLanguage":"fr-FR"}]}},"_links":{"self":[{"href":"https:\/\/secretofsamui.com\/fr\/wp-json\/wp\/v2\/product\/102967","targetHints":{"allow":["GET"]}}],"collection":[{"href":"https:\/\/secretofsamui.com\/fr\/wp-json\/wp\/v2\/product"}],"about":[{"href":"https:\/\/secretofsamui.com\/fr\/wp-json\/wp\/v2\/types\/product"}],"wp:featuredmedia":[{"embeddable":true,"href":"https:\/\/secretofsamui.com\/fr\/wp-json\/wp\/v2\/media\/104296"}],"wp:attachment":[{"href":"https:\/\/secretofsamui.com\/fr\/wp-json\/wp\/v2\/media?parent=102967"}],"wp:term":[{"taxonomy":"product_brand","embeddable":true,"href":"https:\/\/secretofsamui.com\/fr\/wp-json\/wp\/v2\/product_brand?post=102967"},{"taxonomy":"product_cat","embeddable":true,"href":"https:\/\/secretofsamui.com\/fr\/wp-json\/wp\/v2\/product_cat?post=102967"},{"taxonomy":"product_tag","embeddable":true,"href":"https:\/\/secretofsamui.com\/fr\/wp-json\/wp\/v2\/product_tag?post=102967"}],"curies":[{"name":"wp","href":"https:\/\/api.w.org\/{rel}","templated":true}]}}