{"id":102961,"date":"2024-08-21T08:49:13","date_gmt":"2024-08-21T08:49:13","guid":{"rendered":"https:\/\/secretofsamui.com\/product\/bruleur-ceramique-alu\/"},"modified":"2025-09-25T08:12:39","modified_gmt":"2025-09-25T08:12:39","slug":"bruleur-ceramique-alu","status":"publish","type":"product","link":"https:\/\/secretofsamui.com\/fr\/produit\/bruleur-ceramique-alu\/","title":{"rendered":"Br\u00fbleur C\u00e9ramique &amp; Alu"},"content":{"rendered":"<p>Ajoutez une touche raffin\u00e9e et contemporaine \u00e0 votre int\u00e9rieur avec notre <strong>br\u00fbleur en c\u00e9ramique et aluminium<\/strong>. Con\u00e7u pour allier esth\u00e9tique et fonctionnalit\u00e9, ce <strong>br\u00fbleur<\/strong> est id\u00e9al pour diffuser vos huiles essentielles pr\u00e9f\u00e9r\u00e9es et transformer instantan\u00e9ment tout espace en un sanctuaire apaisant. Sa base en c\u00e9ramique offre stabilit\u00e9 et \u00e9l\u00e9gance, tandis que sa partie sup\u00e9rieure en aluminium bross\u00e9 assure une diffusion optimale de la chaleur pour une exp\u00e9rience olfactive homog\u00e8ne. Qu&rsquo;il soit utilis\u00e9 dans un salon, un spa ou un espace r\u00e9serv\u00e9 aux invit\u00e9s, c&rsquo;est l&rsquo;accessoire parfait pour favoriser la relaxation et le bien-\u00eatre.   <\/p>\n<ul>\n<li>Compatible avec les <a href=\"https:\/\/secretofsamui.com\/product\/essential-oil\/\">huiles essentielles<\/a> et les <a href=\"https:\/\/secretofsamui.com\/product\/fragrance-oil\/\">m\u00e9langes de parfums<\/a><\/li>\n<li>Design moderne et minimaliste<\/li>\n<li>Id\u00e9al pour les maisons, les spas et les espaces de d\u00e9tente<\/li>\n<li>Facile \u00e0 nettoyer et durable<\/li>\n<\/ul>\n","protected":false},"excerpt":{"rendered":"<p>Br\u00fbleur moderne en c\u00e9ramique et aluminium pour <a href=\"https:\/\/secretofsamui.com\/product\/essential-oil\/\">huiles essentielles<\/a>. \u00c9l\u00e9gant et durable, il est parfait pour cr\u00e9er une atmosph\u00e8re apaisante \u00e0 la maison ou dans les espaces professionnels. <\/p>\n","protected":false},"featured_media":104003,"template":"","meta":{"_acf_changed":false,"_et_pb_use_builder":"off","_et_pb_old_content":"Ajoutez une touche raffin\u00e9e et contemporaine \u00e0 votre int\u00e9rieur avec notre <strong>br\u00fbleur en c\u00e9ramique et aluminium<\/strong>. Con\u00e7u pour allier esth\u00e9tique et fonctionnalit\u00e9, ce <strong>br\u00fbleur<\/strong> est id\u00e9al pour diffuser vos huiles essentielles pr\u00e9f\u00e9r\u00e9es et transformer instantan\u00e9ment tout espace en un sanctuaire apaisant. \n\nSa base en c\u00e9ramique offre stabilit\u00e9 et \u00e9l\u00e9gance, tandis que la partie sup\u00e9rieure en aluminium bross\u00e9 assure une diffusion optimale de la chaleur pour une exp\u00e9rience olfactive homog\u00e8ne. Qu'il soit utilis\u00e9 dans un salon, un spa ou un espace r\u00e9serv\u00e9 aux invit\u00e9s, c'est l'accessoire parfait pour favoriser la relaxation et le bien-\u00eatre. \n<ul>\n \t<li>Compatible avec les <a href=\"\/?p=1984\">huiles essentielles<\/a> et les <a href=\"\/?p=1983\">m\u00e9langes de parfums<\/a><\/li>\n \t<li>Design moderne et minimaliste<\/li>\n \t<li>Id\u00e9al pour les maisons, les spas et les espaces de d\u00e9tente<\/li>\n \t<li>Facile \u00e0 nettoyer et durable<\/li>\n<\/ul>","_et_gb_content_width":""},"product_brand":[],"product_cat":[440],"product_tag":[464],"class_list":{"0":"post-102961","1":"product","2":"type-product","3":"status-publish","4":"has-post-thumbnail","6":"product_cat-parfums-dinterieur","7":"product_tag-pas-de-fda","9":"first","10":"instock","11":"taxable","12":"shipping-taxable","13":"purchasable","14":"product-type-variable","15":"has-default-attributes"},"acf":[],"yoast_head":"<!-- This site is optimized with the Yoast SEO plugin v27.4 - https:\/\/yoast.com\/product\/yoast-seo-wordpress\/ -->\n<title>Br\u00fbleur C\u00e9ramique &amp; Alu - Secret of Samui - Natural and Homemade cosmestic<\/title>\n<meta name=\"description\" content=\"Ajoutez une touche raffin\u00e9e et contemporaine \u00e0 votre int\u00e9rieur avec notre br\u00fbleur en c\u00e9ramique et aluminium. Con\u00e7u pour allier esth\u00e9tique et fonctionnalit\u00e9.\" \/>\n<meta name=\"robots\" content=\"index, follow, max-snippet:-1, max-image-preview:large, max-video-preview:-1\" \/>\n<link rel=\"canonical\" href=\"https:\/\/secretofsamui.com\/fr\/produit\/bruleur-ceramique-alu\/\" \/>\n<meta property=\"og:locale\" content=\"fr_FR\" \/>\n<meta property=\"og:type\" content=\"article\" \/>\n<meta property=\"og:title\" content=\"Br\u00fbleur C\u00e9ramique &amp; Alu - Secret of Samui - Natural and Homemade cosmestic\" \/>\n<meta property=\"og:description\" content=\"Ajoutez une touche raffin\u00e9e et contemporaine \u00e0 votre int\u00e9rieur avec notre br\u00fbleur en c\u00e9ramique et aluminium. Con\u00e7u pour allier esth\u00e9tique et fonctionnalit\u00e9.\" \/>\n<meta property=\"og:url\" content=\"https:\/\/secretofsamui.com\/fr\/produit\/bruleur-ceramique-alu\/\" \/>\n<meta property=\"og:site_name\" content=\"Secret of Samui - Natural and Homemade cosmestic\" \/>\n<meta property=\"article:modified_time\" content=\"2025-09-25T08:12:39+00:00\" \/>\n<meta property=\"og:image\" content=\"https:\/\/secretofsamui.com\/wp-content\/uploads\/2024\/08\/ChatGPT-Image-18-\u0e21\u0e34.\u0e22.-2568-14_08_51.png\" \/>\n\t<meta property=\"og:image:width\" content=\"1024\" \/>\n\t<meta property=\"og:image:height\" content=\"1024\" \/>\n\t<meta property=\"og:image:type\" content=\"image\/png\" \/>\n<meta name=\"twitter:card\" content=\"summary_large_image\" \/>\n<meta name=\"twitter:label1\" content=\"Dur\u00e9e de lecture estim\u00e9e\" \/>\n\t<meta name=\"twitter:data1\" content=\"1 minute\" \/>\n<script type=\"application\/ld+json\" class=\"yoast-schema-graph\">{\"@context\":\"https:\\\/\\\/schema.org\",\"@graph\":[{\"@type\":\"WebPage\",\"@id\":\"https:\\\/\\\/secretofsamui.com\\\/fr\\\/produit\\\/bruleur-ceramique-alu\\\/\",\"url\":\"https:\\\/\\\/secretofsamui.com\\\/fr\\\/produit\\\/bruleur-ceramique-alu\\\/\",\"name\":\"Br\u00fbleur C\u00e9ramique &amp; Alu - Secret of Samui - Natural and Homemade cosmestic\",\"isPartOf\":{\"@id\":\"https:\\\/\\\/secretofsamui.com\\\/fr\\\/#website\"},\"primaryImageOfPage\":{\"@id\":\"https:\\\/\\\/secretofsamui.com\\\/fr\\\/produit\\\/bruleur-ceramique-alu\\\/#primaryimage\"},\"image\":{\"@id\":\"https:\\\/\\\/secretofsamui.com\\\/fr\\\/produit\\\/bruleur-ceramique-alu\\\/#primaryimage\"},\"thumbnailUrl\":\"https:\\\/\\\/secretofsamui.com\\\/wp-content\\\/uploads\\\/2024\\\/08\\\/ChatGPT-Image-18-\u0e21\u0e34.\u0e22.-2568-14_08_51.png\",\"datePublished\":\"2024-08-21T08:49:13+00:00\",\"dateModified\":\"2025-09-25T08:12:39+00:00\",\"description\":\"Ajoutez une touche raffin\u00e9e et contemporaine \u00e0 votre int\u00e9rieur avec notre br\u00fbleur en c\u00e9ramique et aluminium. Con\u00e7u pour allier esth\u00e9tique et fonctionnalit\u00e9.\",\"breadcrumb\":{\"@id\":\"https:\\\/\\\/secretofsamui.com\\\/fr\\\/produit\\\/bruleur-ceramique-alu\\\/#breadcrumb\"},\"inLanguage\":\"fr-FR\",\"potentialAction\":[{\"@type\":\"ReadAction\",\"target\":[\"https:\\\/\\\/secretofsamui.com\\\/fr\\\/produit\\\/bruleur-ceramique-alu\\\/\"]}]},{\"@type\":\"ImageObject\",\"inLanguage\":\"fr-FR\",\"@id\":\"https:\\\/\\\/secretofsamui.com\\\/fr\\\/produit\\\/bruleur-ceramique-alu\\\/#primaryimage\",\"url\":\"https:\\\/\\\/secretofsamui.com\\\/wp-content\\\/uploads\\\/2024\\\/08\\\/ChatGPT-Image-18-\u0e21\u0e34.\u0e22.-2568-14_08_51.png\",\"contentUrl\":\"https:\\\/\\\/secretofsamui.com\\\/wp-content\\\/uploads\\\/2024\\\/08\\\/ChatGPT-Image-18-\u0e21\u0e34.\u0e22.-2568-14_08_51.png\",\"width\":1024,\"height\":1024,\"caption\":\"Burner Ceramic & Alu\"},{\"@type\":\"BreadcrumbList\",\"@id\":\"https:\\\/\\\/secretofsamui.com\\\/fr\\\/produit\\\/bruleur-ceramique-alu\\\/#breadcrumb\",\"itemListElement\":[{\"@type\":\"ListItem\",\"position\":1,\"name\":\"Home\",\"item\":\"https:\\\/\\\/secretofsamui.com\\\/fr\\\/accueil\\\/\"},{\"@type\":\"ListItem\",\"position\":2,\"name\":\"Boutique\",\"item\":\"https:\\\/\\\/secretofsamui.com\\\/boutique\\\/\"},{\"@type\":\"ListItem\",\"position\":3,\"name\":\"Br\u00fbleur C\u00e9ramique &amp; Alu\"}]},{\"@type\":\"WebSite\",\"@id\":\"https:\\\/\\\/secretofsamui.com\\\/fr\\\/#website\",\"url\":\"https:\\\/\\\/secretofsamui.com\\\/fr\\\/\",\"name\":\"Secret of Samui - Natural and Homemade cosmestic\",\"description\":\"\",\"potentialAction\":[{\"@type\":\"SearchAction\",\"target\":{\"@type\":\"EntryPoint\",\"urlTemplate\":\"https:\\\/\\\/secretofsamui.com\\\/fr\\\/?s={search_term_string}\"},\"query-input\":{\"@type\":\"PropertyValueSpecification\",\"valueRequired\":true,\"valueName\":\"search_term_string\"}}],\"inLanguage\":\"fr-FR\"}]}<\/script>\n<!-- \/ Yoast SEO plugin. -->","yoast_head_json":{"title":"Br\u00fbleur C\u00e9ramique &amp; Alu - Secret of Samui - Natural and Homemade cosmestic","description":"Ajoutez une touche raffin\u00e9e et contemporaine \u00e0 votre int\u00e9rieur avec notre br\u00fbleur en c\u00e9ramique et aluminium. Con\u00e7u pour allier esth\u00e9tique et fonctionnalit\u00e9.","robots":{"index":"index","follow":"follow","max-snippet":"max-snippet:-1","max-image-preview":"max-image-preview:large","max-video-preview":"max-video-preview:-1"},"canonical":"https:\/\/secretofsamui.com\/fr\/produit\/bruleur-ceramique-alu\/","og_locale":"fr_FR","og_type":"article","og_title":"Br\u00fbleur C\u00e9ramique &amp; Alu - Secret of Samui - Natural and Homemade cosmestic","og_description":"Ajoutez une touche raffin\u00e9e et contemporaine \u00e0 votre int\u00e9rieur avec notre br\u00fbleur en c\u00e9ramique et aluminium. Con\u00e7u pour allier esth\u00e9tique et fonctionnalit\u00e9.","og_url":"https:\/\/secretofsamui.com\/fr\/produit\/bruleur-ceramique-alu\/","og_site_name":"Secret of Samui - Natural and Homemade cosmestic","article_modified_time":"2025-09-25T08:12:39+00:00","og_image":[{"width":1024,"height":1024,"url":"https:\/\/secretofsamui.com\/wp-content\/uploads\/2024\/08\/ChatGPT-Image-18-\u0e21\u0e34.\u0e22.-2568-14_08_51.png","type":"image\/png"}],"twitter_card":"summary_large_image","twitter_misc":{"Dur\u00e9e de lecture estim\u00e9e":"1 minute"},"schema":{"@context":"https:\/\/schema.org","@graph":[{"@type":"WebPage","@id":"https:\/\/secretofsamui.com\/fr\/produit\/bruleur-ceramique-alu\/","url":"https:\/\/secretofsamui.com\/fr\/produit\/bruleur-ceramique-alu\/","name":"Br\u00fbleur C\u00e9ramique &amp; Alu - Secret of Samui - Natural and Homemade cosmestic","isPartOf":{"@id":"https:\/\/secretofsamui.com\/fr\/#website"},"primaryImageOfPage":{"@id":"https:\/\/secretofsamui.com\/fr\/produit\/bruleur-ceramique-alu\/#primaryimage"},"image":{"@id":"https:\/\/secretofsamui.com\/fr\/produit\/bruleur-ceramique-alu\/#primaryimage"},"thumbnailUrl":"https:\/\/secretofsamui.com\/wp-content\/uploads\/2024\/08\/ChatGPT-Image-18-\u0e21\u0e34.\u0e22.-2568-14_08_51.png","datePublished":"2024-08-21T08:49:13+00:00","dateModified":"2025-09-25T08:12:39+00:00","description":"Ajoutez une touche raffin\u00e9e et contemporaine \u00e0 votre int\u00e9rieur avec notre br\u00fbleur en c\u00e9ramique et aluminium. Con\u00e7u pour allier esth\u00e9tique et fonctionnalit\u00e9.","breadcrumb":{"@id":"https:\/\/secretofsamui.com\/fr\/produit\/bruleur-ceramique-alu\/#breadcrumb"},"inLanguage":"fr-FR","potentialAction":[{"@type":"ReadAction","target":["https:\/\/secretofsamui.com\/fr\/produit\/bruleur-ceramique-alu\/"]}]},{"@type":"ImageObject","inLanguage":"fr-FR","@id":"https:\/\/secretofsamui.com\/fr\/produit\/bruleur-ceramique-alu\/#primaryimage","url":"https:\/\/secretofsamui.com\/wp-content\/uploads\/2024\/08\/ChatGPT-Image-18-\u0e21\u0e34.\u0e22.-2568-14_08_51.png","contentUrl":"https:\/\/secretofsamui.com\/wp-content\/uploads\/2024\/08\/ChatGPT-Image-18-\u0e21\u0e34.\u0e22.-2568-14_08_51.png","width":1024,"height":1024,"caption":"Burner Ceramic & Alu"},{"@type":"BreadcrumbList","@id":"https:\/\/secretofsamui.com\/fr\/produit\/bruleur-ceramique-alu\/#breadcrumb","itemListElement":[{"@type":"ListItem","position":1,"name":"Home","item":"https:\/\/secretofsamui.com\/fr\/accueil\/"},{"@type":"ListItem","position":2,"name":"Boutique","item":"https:\/\/secretofsamui.com\/boutique\/"},{"@type":"ListItem","position":3,"name":"Br\u00fbleur C\u00e9ramique &amp; Alu"}]},{"@type":"WebSite","@id":"https:\/\/secretofsamui.com\/fr\/#website","url":"https:\/\/secretofsamui.com\/fr\/","name":"Secret of Samui - Natural and Homemade cosmestic","description":"","potentialAction":[{"@type":"SearchAction","target":{"@type":"EntryPoint","urlTemplate":"https:\/\/secretofsamui.com\/fr\/?s={search_term_string}"},"query-input":{"@type":"PropertyValueSpecification","valueRequired":true,"valueName":"search_term_string"}}],"inLanguage":"fr-FR"}]}},"_links":{"self":[{"href":"https:\/\/secretofsamui.com\/fr\/wp-json\/wp\/v2\/product\/102961","targetHints":{"allow":["GET"]}}],"collection":[{"href":"https:\/\/secretofsamui.com\/fr\/wp-json\/wp\/v2\/product"}],"about":[{"href":"https:\/\/secretofsamui.com\/fr\/wp-json\/wp\/v2\/types\/product"}],"wp:featuredmedia":[{"embeddable":true,"href":"https:\/\/secretofsamui.com\/fr\/wp-json\/wp\/v2\/media\/104003"}],"wp:attachment":[{"href":"https:\/\/secretofsamui.com\/fr\/wp-json\/wp\/v2\/media?parent=102961"}],"wp:term":[{"taxonomy":"product_brand","embeddable":true,"href":"https:\/\/secretofsamui.com\/fr\/wp-json\/wp\/v2\/product_brand?post=102961"},{"taxonomy":"product_cat","embeddable":true,"href":"https:\/\/secretofsamui.com\/fr\/wp-json\/wp\/v2\/product_cat?post=102961"},{"taxonomy":"product_tag","embeddable":true,"href":"https:\/\/secretofsamui.com\/fr\/wp-json\/wp\/v2\/product_tag?post=102961"}],"curies":[{"name":"wp","href":"https:\/\/api.w.org\/{rel}","templated":true}]}}