{"id":102959,"date":"2024-10-17T07:11:03","date_gmt":"2024-10-17T07:11:03","guid":{"rendered":"https:\/\/secretofsamui.com\/product\/savon-matcha-the-vert\/"},"modified":"2026-01-26T09:43:49","modified_gmt":"2026-01-26T02:43:49","slug":"savon-matcha-the-vert","status":"publish","type":"product","link":"https:\/\/secretofsamui.com\/fr\/produit\/savon-matcha-the-vert\/","title":{"rendered":"Savon Matcha et Th\u00e9 vert"},"content":{"rendered":"<p>Un savon parfaitement m\u00e9lang\u00e9, compos\u00e9 d&rsquo;ingr\u00e9dients naturels et de poudre de th\u00e9 vert matcha, \u00e9labor\u00e9 avec un soin m\u00e9ticuleux pour conserver tous les bienfaits du matcha. Il apporte un parfum rafra\u00eechissant de th\u00e9 vert qui peut \u00eatre utilis\u00e9 pour le corps et le visage, vous donnant une peau propre, lisse et vraiment rafra\u00eechie.<br \/>\nCaract\u00e9ristiques principales du savon au th\u00e9 vert Matcha<br \/>\n\ud83c\udf43 Ingr\u00e9dients naturels : Doux et s\u00fbrs, conviennent \u00e0 tous les types de peau<br \/>\n\ud83c\udf43 Avantages du th\u00e9 vert : Aide \u00e0 rajeunir et \u00e0 prot\u00e9ger la peau gr\u00e2ce aux antioxydants du matcha<br \/>\n\ud83c\udf43 Parfum rafra\u00eechissant : Profitez d&rsquo;une sensation de d\u00e9tente gr\u00e2ce \u00e0 l&rsquo;authentique parfum de th\u00e9 vert<br \/>\n\ud83c\udf43 Pour le corps et le visage : Un soin tout-en-un dans une seule barre Utilisez r\u00e9guli\u00e8rement le savon au th\u00e9 vert Matcha, et sentez votre peau devenir propre, fra\u00eeche et naturellement radieuse.<\/p>\n","protected":false},"excerpt":{"rendered":"<p>SAVON FAIT MAIN MATCHA et TH\u00c9 VERT<br \/>\nSavon Matcha et Th\u00e9 Vert<\/p>\n","protected":false},"featured_media":104278,"template":"","meta":{"_acf_changed":false,"_et_pb_use_builder":"","_et_pb_old_content":"","_et_gb_content_width":""},"product_brand":[],"product_cat":[429,423,422],"product_tag":[464],"class_list":{"0":"post-102959","1":"product","2":"type-product","3":"status-publish","4":"has-post-thumbnail","6":"product_cat-savon","7":"product_cat-soin-du-corps","8":"product_cat-soins-de-beaute","9":"product_tag-pas-de-fda","11":"first","12":"instock","13":"taxable","14":"shipping-taxable","15":"purchasable","16":"product-type-simple"},"acf":[],"yoast_head":"<!-- This site is optimized with the Yoast SEO plugin v27.2 - https:\/\/yoast.com\/product\/yoast-seo-wordpress\/ -->\n<title>Savon Matcha et Th\u00e9 vert - Secret of Samui - Natural and Homemade cosmestic<\/title>\n<meta name=\"description\" content=\"Un savon parfaitement m\u00e9lang\u00e9, compos\u00e9 d&#039;ingr\u00e9dients naturels et de poudre de th\u00e9 vert matcha, \u00e9labor\u00e9 avec un soin m\u00e9ticuleux pour conserver tous les bienfaits du matcha.\" \/>\n<meta name=\"robots\" content=\"index, follow, max-snippet:-1, max-image-preview:large, max-video-preview:-1\" \/>\n<link rel=\"canonical\" href=\"https:\/\/secretofsamui.com\/fr\/produit\/savon-matcha-the-vert\/\" \/>\n<meta property=\"og:locale\" content=\"fr_FR\" \/>\n<meta property=\"og:type\" content=\"article\" \/>\n<meta property=\"og:title\" content=\"Savon Matcha et Th\u00e9 vert - Secret of Samui - Natural and Homemade cosmestic\" \/>\n<meta property=\"og:description\" content=\"Un savon parfaitement m\u00e9lang\u00e9, compos\u00e9 d&#039;ingr\u00e9dients naturels et de poudre de th\u00e9 vert matcha, \u00e9labor\u00e9 avec un soin m\u00e9ticuleux pour conserver tous les bienfaits du matcha.\" \/>\n<meta property=\"og:url\" content=\"https:\/\/secretofsamui.com\/fr\/produit\/savon-matcha-the-vert\/\" \/>\n<meta property=\"og:site_name\" content=\"Secret of Samui - Natural and Homemade cosmestic\" \/>\n<meta property=\"article:modified_time\" content=\"2026-01-26T02:43:49+00:00\" \/>\n<meta property=\"og:image\" content=\"https:\/\/secretofsamui.com\/wp-content\/uploads\/2024\/10\/soap-matcha-green-tea.jpeg\" \/>\n\t<meta property=\"og:image:width\" content=\"1280\" \/>\n\t<meta property=\"og:image:height\" content=\"1600\" \/>\n\t<meta property=\"og:image:type\" content=\"image\/jpeg\" \/>\n<meta name=\"twitter:card\" content=\"summary_large_image\" \/>\n<meta name=\"twitter:label1\" content=\"Dur\u00e9e de lecture estim\u00e9e\" \/>\n\t<meta name=\"twitter:data1\" content=\"1 minute\" \/>\n<script type=\"application\/ld+json\" class=\"yoast-schema-graph\">{\"@context\":\"https:\/\/schema.org\",\"@graph\":[{\"@type\":\"WebPage\",\"@id\":\"https:\/\/secretofsamui.com\/fr\/produit\/savon-matcha-the-vert\/\",\"url\":\"https:\/\/secretofsamui.com\/fr\/produit\/savon-matcha-the-vert\/\",\"name\":\"Savon Matcha et Th\u00e9 vert - Secret of Samui - Natural and Homemade cosmestic\",\"isPartOf\":{\"@id\":\"https:\/\/secretofsamui.com\/fr\/#website\"},\"primaryImageOfPage\":{\"@id\":\"https:\/\/secretofsamui.com\/fr\/produit\/savon-matcha-the-vert\/#primaryimage\"},\"image\":{\"@id\":\"https:\/\/secretofsamui.com\/fr\/produit\/savon-matcha-the-vert\/#primaryimage\"},\"thumbnailUrl\":\"https:\/\/secretofsamui.com\/wp-content\/uploads\/2024\/10\/soap-matcha-green-tea.jpeg\",\"datePublished\":\"2024-10-17T07:11:03+00:00\",\"dateModified\":\"2026-01-26T02:43:49+00:00\",\"description\":\"Un savon parfaitement m\u00e9lang\u00e9, compos\u00e9 d'ingr\u00e9dients naturels et de poudre de th\u00e9 vert matcha, \u00e9labor\u00e9 avec un soin m\u00e9ticuleux pour conserver tous les bienfaits du matcha.\",\"breadcrumb\":{\"@id\":\"https:\/\/secretofsamui.com\/fr\/produit\/savon-matcha-the-vert\/#breadcrumb\"},\"inLanguage\":\"fr-FR\",\"potentialAction\":[{\"@type\":\"ReadAction\",\"target\":[\"https:\/\/secretofsamui.com\/fr\/produit\/savon-matcha-the-vert\/\"]}]},{\"@type\":\"ImageObject\",\"inLanguage\":\"fr-FR\",\"@id\":\"https:\/\/secretofsamui.com\/fr\/produit\/savon-matcha-the-vert\/#primaryimage\",\"url\":\"https:\/\/secretofsamui.com\/wp-content\/uploads\/2024\/10\/soap-matcha-green-tea.jpeg\",\"contentUrl\":\"https:\/\/secretofsamui.com\/wp-content\/uploads\/2024\/10\/soap-matcha-green-tea.jpeg\",\"width\":1280,\"height\":1600},{\"@type\":\"BreadcrumbList\",\"@id\":\"https:\/\/secretofsamui.com\/fr\/produit\/savon-matcha-the-vert\/#breadcrumb\",\"itemListElement\":[{\"@type\":\"ListItem\",\"position\":1,\"name\":\"Home\",\"item\":\"https:\/\/secretofsamui.com\/fr\/accueil\/\"},{\"@type\":\"ListItem\",\"position\":2,\"name\":\"Boutique\",\"item\":\"https:\/\/secretofsamui.com\/boutique\/\"},{\"@type\":\"ListItem\",\"position\":3,\"name\":\"Savon Matcha et Th\u00e9 vert\"}]},{\"@type\":\"WebSite\",\"@id\":\"https:\/\/secretofsamui.com\/fr\/#website\",\"url\":\"https:\/\/secretofsamui.com\/fr\/\",\"name\":\"Secret of Samui - Natural and Homemade cosmestic\",\"description\":\"\",\"potentialAction\":[{\"@type\":\"SearchAction\",\"target\":{\"@type\":\"EntryPoint\",\"urlTemplate\":\"https:\/\/secretofsamui.com\/fr\/?s={search_term_string}\"},\"query-input\":{\"@type\":\"PropertyValueSpecification\",\"valueRequired\":true,\"valueName\":\"search_term_string\"}}],\"inLanguage\":\"fr-FR\"}]}<\/script>\n<!-- \/ Yoast SEO plugin. -->","yoast_head_json":{"title":"Savon Matcha et Th\u00e9 vert - Secret of Samui - Natural and Homemade cosmestic","description":"Un savon parfaitement m\u00e9lang\u00e9, compos\u00e9 d'ingr\u00e9dients naturels et de poudre de th\u00e9 vert matcha, \u00e9labor\u00e9 avec un soin m\u00e9ticuleux pour conserver tous les bienfaits du matcha.","robots":{"index":"index","follow":"follow","max-snippet":"max-snippet:-1","max-image-preview":"max-image-preview:large","max-video-preview":"max-video-preview:-1"},"canonical":"https:\/\/secretofsamui.com\/fr\/produit\/savon-matcha-the-vert\/","og_locale":"fr_FR","og_type":"article","og_title":"Savon Matcha et Th\u00e9 vert - Secret of Samui - Natural and Homemade cosmestic","og_description":"Un savon parfaitement m\u00e9lang\u00e9, compos\u00e9 d'ingr\u00e9dients naturels et de poudre de th\u00e9 vert matcha, \u00e9labor\u00e9 avec un soin m\u00e9ticuleux pour conserver tous les bienfaits du matcha.","og_url":"https:\/\/secretofsamui.com\/fr\/produit\/savon-matcha-the-vert\/","og_site_name":"Secret of Samui - Natural and Homemade cosmestic","article_modified_time":"2026-01-26T02:43:49+00:00","og_image":[{"width":1280,"height":1600,"url":"https:\/\/secretofsamui.com\/wp-content\/uploads\/2024\/10\/soap-matcha-green-tea.jpeg","type":"image\/jpeg"}],"twitter_card":"summary_large_image","twitter_misc":{"Dur\u00e9e de lecture estim\u00e9e":"1 minute"},"schema":{"@context":"https:\/\/schema.org","@graph":[{"@type":"WebPage","@id":"https:\/\/secretofsamui.com\/fr\/produit\/savon-matcha-the-vert\/","url":"https:\/\/secretofsamui.com\/fr\/produit\/savon-matcha-the-vert\/","name":"Savon Matcha et Th\u00e9 vert - Secret of Samui - Natural and Homemade cosmestic","isPartOf":{"@id":"https:\/\/secretofsamui.com\/fr\/#website"},"primaryImageOfPage":{"@id":"https:\/\/secretofsamui.com\/fr\/produit\/savon-matcha-the-vert\/#primaryimage"},"image":{"@id":"https:\/\/secretofsamui.com\/fr\/produit\/savon-matcha-the-vert\/#primaryimage"},"thumbnailUrl":"https:\/\/secretofsamui.com\/wp-content\/uploads\/2024\/10\/soap-matcha-green-tea.jpeg","datePublished":"2024-10-17T07:11:03+00:00","dateModified":"2026-01-26T02:43:49+00:00","description":"Un savon parfaitement m\u00e9lang\u00e9, compos\u00e9 d'ingr\u00e9dients naturels et de poudre de th\u00e9 vert matcha, \u00e9labor\u00e9 avec un soin m\u00e9ticuleux pour conserver tous les bienfaits du matcha.","breadcrumb":{"@id":"https:\/\/secretofsamui.com\/fr\/produit\/savon-matcha-the-vert\/#breadcrumb"},"inLanguage":"fr-FR","potentialAction":[{"@type":"ReadAction","target":["https:\/\/secretofsamui.com\/fr\/produit\/savon-matcha-the-vert\/"]}]},{"@type":"ImageObject","inLanguage":"fr-FR","@id":"https:\/\/secretofsamui.com\/fr\/produit\/savon-matcha-the-vert\/#primaryimage","url":"https:\/\/secretofsamui.com\/wp-content\/uploads\/2024\/10\/soap-matcha-green-tea.jpeg","contentUrl":"https:\/\/secretofsamui.com\/wp-content\/uploads\/2024\/10\/soap-matcha-green-tea.jpeg","width":1280,"height":1600},{"@type":"BreadcrumbList","@id":"https:\/\/secretofsamui.com\/fr\/produit\/savon-matcha-the-vert\/#breadcrumb","itemListElement":[{"@type":"ListItem","position":1,"name":"Home","item":"https:\/\/secretofsamui.com\/fr\/accueil\/"},{"@type":"ListItem","position":2,"name":"Boutique","item":"https:\/\/secretofsamui.com\/boutique\/"},{"@type":"ListItem","position":3,"name":"Savon Matcha et Th\u00e9 vert"}]},{"@type":"WebSite","@id":"https:\/\/secretofsamui.com\/fr\/#website","url":"https:\/\/secretofsamui.com\/fr\/","name":"Secret of Samui - Natural and Homemade cosmestic","description":"","potentialAction":[{"@type":"SearchAction","target":{"@type":"EntryPoint","urlTemplate":"https:\/\/secretofsamui.com\/fr\/?s={search_term_string}"},"query-input":{"@type":"PropertyValueSpecification","valueRequired":true,"valueName":"search_term_string"}}],"inLanguage":"fr-FR"}]}},"_links":{"self":[{"href":"https:\/\/secretofsamui.com\/fr\/wp-json\/wp\/v2\/product\/102959","targetHints":{"allow":["GET"]}}],"collection":[{"href":"https:\/\/secretofsamui.com\/fr\/wp-json\/wp\/v2\/product"}],"about":[{"href":"https:\/\/secretofsamui.com\/fr\/wp-json\/wp\/v2\/types\/product"}],"wp:featuredmedia":[{"embeddable":true,"href":"https:\/\/secretofsamui.com\/fr\/wp-json\/wp\/v2\/media\/104278"}],"wp:attachment":[{"href":"https:\/\/secretofsamui.com\/fr\/wp-json\/wp\/v2\/media?parent=102959"}],"wp:term":[{"taxonomy":"product_brand","embeddable":true,"href":"https:\/\/secretofsamui.com\/fr\/wp-json\/wp\/v2\/product_brand?post=102959"},{"taxonomy":"product_cat","embeddable":true,"href":"https:\/\/secretofsamui.com\/fr\/wp-json\/wp\/v2\/product_cat?post=102959"},{"taxonomy":"product_tag","embeddable":true,"href":"https:\/\/secretofsamui.com\/fr\/wp-json\/wp\/v2\/product_tag?post=102959"}],"curies":[{"name":"wp","href":"https:\/\/api.w.org\/{rel}","templated":true}]}}